{"id":10941,"date":"2022-03-22T12:18:31","date_gmt":"2022-03-22T09:18:31","guid":{"rendered":"https:\/\/www.athena-cbh.com\/offers\/"},"modified":"2026-03-18T11:09:32","modified_gmt":"2026-03-18T08:09:32","slug":"offers","status":"publish","type":"page","link":"https:\/\/www.athena-cbh.com\/fr\/offers\/","title":{"rendered":"Offres sp\u00e9ciales"},"content":{"rendered":"","protected":false},"excerpt":{"rendered":"","protected":false},"author":2,"featured_media":10680,"parent":0,"menu_order":0,"comment_status":"closed","ping_status":"closed","template":"page-templates\/simple-list.php","meta":{"_acf_changed":false,"footnotes":""},"class_list":["post-10941","page","type-page","status-publish","has-post-thumbnail","hentry"],"acf":[],"yoast_head":"<!-- This site is optimized with the Yoast SEO plugin v27.3 - https:\/\/yoast.com\/product\/yoast-seo-wordpress\/ -->\n<title>Les meilleures offres sp\u00e9ciales pour les h\u00f4tels, Paphos || Athena Beach Hotel<\/title>\n<meta name=\"description\" content=\"N&#039;h\u00e9sitez pas \u00e0 consulter la liste des offres sp\u00e9ciales de Constantinou Bros pour les h\u00f4tels de Paphos afin de trouver celle qui vous convient le mieux pour votre prochain s\u00e9jour \u00e0 l&#039;Athena Beach Hotel.\" \/>\n<meta name=\"robots\" content=\"index, follow, max-snippet:-1, max-image-preview:large, max-video-preview:-1\" \/>\n<link rel=\"canonical\" href=\"https:\/\/www.athena-cbh.com\/fr\/offers\/\" \/>\n<meta property=\"og:locale\" content=\"fr_FR\" \/>\n<meta property=\"og:type\" content=\"article\" \/>\n<meta property=\"og:title\" content=\"Les meilleures offres sp\u00e9ciales pour les h\u00f4tels, Paphos || Athena Beach Hotel\" \/>\n<meta property=\"og:description\" content=\"N&#039;h\u00e9sitez pas \u00e0 consulter la liste des offres sp\u00e9ciales de Constantinou Bros pour les h\u00f4tels de Paphos afin de trouver celle qui vous convient le mieux pour votre prochain s\u00e9jour \u00e0 l&#039;Athena Beach Hotel.\" \/>\n<meta property=\"og:url\" content=\"https:\/\/www.athena-cbh.com\/fr\/offers\/\" \/>\n<meta property=\"og:site_name\" content=\"Athena Beach Hotel\" \/>\n<meta property=\"article:modified_time\" content=\"2026-03-18T08:09:32+00:00\" \/>\n<meta property=\"og:image\" content=\"https:\/\/www.athena-cbh.com\/app\/uploads\/sites\/20\/2020\/06\/7-ATHENA-BEACH-HOTEL-OUTDOOR-POOL-scaled.jpg\" \/>\n\t<meta property=\"og:image:width\" content=\"2560\" \/>\n\t<meta property=\"og:image:height\" content=\"1707\" \/>\n\t<meta property=\"og:image:type\" content=\"image\/jpeg\" \/>\n<meta name=\"twitter:card\" content=\"summary_large_image\" \/>\n<script type=\"application\/ld+json\" class=\"yoast-schema-graph\">{\"@context\":\"https:\\\/\\\/schema.org\",\"@graph\":[{\"@type\":\"WebPage\",\"@id\":\"https:\\\/\\\/www.athena-cbh.com\\\/fr\\\/offers\\\/\",\"url\":\"https:\\\/\\\/www.athena-cbh.com\\\/fr\\\/offers\\\/\",\"name\":\"Les meilleures offres sp\u00e9ciales pour les h\u00f4tels, Paphos || Athena Beach Hotel\",\"isPartOf\":{\"@id\":\"https:\\\/\\\/www.athena-cbh.com\\\/fr\\\/#website\"},\"primaryImageOfPage\":{\"@id\":\"https:\\\/\\\/www.athena-cbh.com\\\/fr\\\/offers\\\/#primaryimage\"},\"image\":{\"@id\":\"https:\\\/\\\/www.athena-cbh.com\\\/fr\\\/offers\\\/#primaryimage\"},\"thumbnailUrl\":\"https:\\\/\\\/www.athena-cbh.com\\\/app\\\/uploads\\\/sites\\\/20\\\/2020\\\/06\\\/7-ATHENA-BEACH-HOTEL-OUTDOOR-POOL-scaled.jpg\",\"datePublished\":\"2022-03-22T09:18:31+00:00\",\"dateModified\":\"2026-03-18T08:09:32+00:00\",\"description\":\"N'h\u00e9sitez pas \u00e0 consulter la liste des offres sp\u00e9ciales de Constantinou Bros pour les h\u00f4tels de Paphos afin de trouver celle qui vous convient le mieux pour votre prochain s\u00e9jour \u00e0 l'Athena Beach Hotel.\",\"breadcrumb\":{\"@id\":\"https:\\\/\\\/www.athena-cbh.com\\\/fr\\\/offers\\\/#breadcrumb\"},\"inLanguage\":\"fr-FR\",\"potentialAction\":[{\"@type\":\"ReadAction\",\"target\":[\"https:\\\/\\\/www.athena-cbh.com\\\/fr\\\/offers\\\/\"]}]},{\"@type\":\"ImageObject\",\"inLanguage\":\"fr-FR\",\"@id\":\"https:\\\/\\\/www.athena-cbh.com\\\/fr\\\/offers\\\/#primaryimage\",\"url\":\"https:\\\/\\\/www.athena-cbh.com\\\/app\\\/uploads\\\/sites\\\/20\\\/2020\\\/06\\\/7-ATHENA-BEACH-HOTEL-OUTDOOR-POOL-scaled.jpg\",\"contentUrl\":\"https:\\\/\\\/www.athena-cbh.com\\\/app\\\/uploads\\\/sites\\\/20\\\/2020\\\/06\\\/7-ATHENA-BEACH-HOTEL-OUTDOOR-POOL-scaled.jpg\",\"width\":2560,\"height\":1707},{\"@type\":\"BreadcrumbList\",\"@id\":\"https:\\\/\\\/www.athena-cbh.com\\\/fr\\\/offers\\\/#breadcrumb\",\"itemListElement\":[{\"@type\":\"ListItem\",\"position\":1,\"name\":\"Home\",\"item\":\"https:\\\/\\\/www.athena-cbh.com\\\/fr\\\/\"},{\"@type\":\"ListItem\",\"position\":2,\"name\":\"Offres sp\u00e9ciales\"}]},{\"@type\":\"WebSite\",\"@id\":\"https:\\\/\\\/www.athena-cbh.com\\\/fr\\\/#website\",\"url\":\"https:\\\/\\\/www.athena-cbh.com\\\/fr\\\/\",\"name\":\"Athena Beach Hotel\",\"description\":\"Constantinou Bros Athena Beach Hotel, 4 star hotel in Paphos Cyprus\",\"potentialAction\":[{\"@type\":\"SearchAction\",\"target\":{\"@type\":\"EntryPoint\",\"urlTemplate\":\"https:\\\/\\\/www.athena-cbh.com\\\/fr\\\/?s={search_term_string}\"},\"query-input\":{\"@type\":\"PropertyValueSpecification\",\"valueRequired\":true,\"valueName\":\"search_term_string\"}}],\"inLanguage\":\"fr-FR\"}]}<\/script>\n<!-- \/ Yoast SEO plugin. -->","yoast_head_json":{"title":"Les meilleures offres sp\u00e9ciales pour les h\u00f4tels, Paphos || Athena Beach Hotel","description":"N'h\u00e9sitez pas \u00e0 consulter la liste des offres sp\u00e9ciales de Constantinou Bros pour les h\u00f4tels de Paphos afin de trouver celle qui vous convient le mieux pour votre prochain s\u00e9jour \u00e0 l'Athena Beach Hotel.","robots":{"index":"index","follow":"follow","max-snippet":"max-snippet:-1","max-image-preview":"max-image-preview:large","max-video-preview":"max-video-preview:-1"},"canonical":"https:\/\/www.athena-cbh.com\/fr\/offers\/","og_locale":"fr_FR","og_type":"article","og_title":"Les meilleures offres sp\u00e9ciales pour les h\u00f4tels, Paphos || Athena Beach Hotel","og_description":"N'h\u00e9sitez pas \u00e0 consulter la liste des offres sp\u00e9ciales de Constantinou Bros pour les h\u00f4tels de Paphos afin de trouver celle qui vous convient le mieux pour votre prochain s\u00e9jour \u00e0 l'Athena Beach Hotel.","og_url":"https:\/\/www.athena-cbh.com\/fr\/offers\/","og_site_name":"Athena Beach Hotel","article_modified_time":"2026-03-18T08:09:32+00:00","og_image":[{"width":2560,"height":1707,"url":"https:\/\/www.athena-cbh.com\/app\/uploads\/sites\/20\/2020\/06\/7-ATHENA-BEACH-HOTEL-OUTDOOR-POOL-scaled.jpg","type":"image\/jpeg"}],"twitter_card":"summary_large_image","schema":{"@context":"https:\/\/schema.org","@graph":[{"@type":"WebPage","@id":"https:\/\/www.athena-cbh.com\/fr\/offers\/","url":"https:\/\/www.athena-cbh.com\/fr\/offers\/","name":"Les meilleures offres sp\u00e9ciales pour les h\u00f4tels, Paphos || Athena Beach Hotel","isPartOf":{"@id":"https:\/\/www.athena-cbh.com\/fr\/#website"},"primaryImageOfPage":{"@id":"https:\/\/www.athena-cbh.com\/fr\/offers\/#primaryimage"},"image":{"@id":"https:\/\/www.athena-cbh.com\/fr\/offers\/#primaryimage"},"thumbnailUrl":"https:\/\/www.athena-cbh.com\/app\/uploads\/sites\/20\/2020\/06\/7-ATHENA-BEACH-HOTEL-OUTDOOR-POOL-scaled.jpg","datePublished":"2022-03-22T09:18:31+00:00","dateModified":"2026-03-18T08:09:32+00:00","description":"N'h\u00e9sitez pas \u00e0 consulter la liste des offres sp\u00e9ciales de Constantinou Bros pour les h\u00f4tels de Paphos afin de trouver celle qui vous convient le mieux pour votre prochain s\u00e9jour \u00e0 l'Athena Beach Hotel.","breadcrumb":{"@id":"https:\/\/www.athena-cbh.com\/fr\/offers\/#breadcrumb"},"inLanguage":"fr-FR","potentialAction":[{"@type":"ReadAction","target":["https:\/\/www.athena-cbh.com\/fr\/offers\/"]}]},{"@type":"ImageObject","inLanguage":"fr-FR","@id":"https:\/\/www.athena-cbh.com\/fr\/offers\/#primaryimage","url":"https:\/\/www.athena-cbh.com\/app\/uploads\/sites\/20\/2020\/06\/7-ATHENA-BEACH-HOTEL-OUTDOOR-POOL-scaled.jpg","contentUrl":"https:\/\/www.athena-cbh.com\/app\/uploads\/sites\/20\/2020\/06\/7-ATHENA-BEACH-HOTEL-OUTDOOR-POOL-scaled.jpg","width":2560,"height":1707},{"@type":"BreadcrumbList","@id":"https:\/\/www.athena-cbh.com\/fr\/offers\/#breadcrumb","itemListElement":[{"@type":"ListItem","position":1,"name":"Home","item":"https:\/\/www.athena-cbh.com\/fr\/"},{"@type":"ListItem","position":2,"name":"Offres sp\u00e9ciales"}]},{"@type":"WebSite","@id":"https:\/\/www.athena-cbh.com\/fr\/#website","url":"https:\/\/www.athena-cbh.com\/fr\/","name":"Athena Beach Hotel","description":"Constantinou Bros Athena Beach Hotel, 4 star hotel in Paphos Cyprus","potentialAction":[{"@type":"SearchAction","target":{"@type":"EntryPoint","urlTemplate":"https:\/\/www.athena-cbh.com\/fr\/?s={search_term_string}"},"query-input":{"@type":"PropertyValueSpecification","valueRequired":true,"valueName":"search_term_string"}}],"inLanguage":"fr-FR"}]}},"_links":{"self":[{"href":"https:\/\/www.athena-cbh.com\/fr\/wp-json\/wp\/v2\/pages\/10941","targetHints":{"allow":["GET"]}}],"collection":[{"href":"https:\/\/www.athena-cbh.com\/fr\/wp-json\/wp\/v2\/pages"}],"about":[{"href":"https:\/\/www.athena-cbh.com\/fr\/wp-json\/wp\/v2\/types\/page"}],"author":[{"embeddable":true,"href":"https:\/\/www.athena-cbh.com\/fr\/wp-json\/wp\/v2\/users\/2"}],"replies":[{"embeddable":true,"href":"https:\/\/www.athena-cbh.com\/fr\/wp-json\/wp\/v2\/comments?post=10941"}],"version-history":[{"count":20,"href":"https:\/\/www.athena-cbh.com\/fr\/wp-json\/wp\/v2\/pages\/10941\/revisions"}],"predecessor-version":[{"id":22966,"href":"https:\/\/www.athena-cbh.com\/fr\/wp-json\/wp\/v2\/pages\/10941\/revisions\/22966"}],"wp:featuredmedia":[{"embeddable":true,"href":"https:\/\/www.athena-cbh.com\/fr\/wp-json\/wp\/v2\/media\/10680"}],"wp:attachment":[{"href":"https:\/\/www.athena-cbh.com\/fr\/wp-json\/wp\/v2\/media?parent=10941"}],"curies":[{"name":"wp","href":"https:\/\/api.w.org\/{rel}","templated":true}]}}