{"id":10934,"date":"2022-03-22T12:17:12","date_gmt":"2022-03-22T09:17:12","guid":{"rendered":"https:\/\/www.athena-cbh.com\/the-hotel\/location\/"},"modified":"2024-09-16T18:52:54","modified_gmt":"2024-09-16T15:52:54","slug":"location","status":"publish","type":"page","link":"https:\/\/www.athena-cbh.com\/fr\/the-hotel\/location\/","title":{"rendered":"Localisation"},"content":{"rendered":"<p>L&rsquo;Athena Beach Hotel b\u00e9n\u00e9ficie d&rsquo;un emplacement magnifique \u00e0 Kato Paphos, directement sur la plage et \u00e0 proximit\u00e9 du port pittoresque, des sites arch\u00e9ologiques, des magasins et de la vie nocturne. Un arr\u00eat de bus se trouve juste devant l&rsquo;h\u00f4tel et des taxis sont toujours disponibles.<\/p>\n<ul>\n<li>Situ\u00e9 \u00e0 Kato Paphos<\/li>\n<li>Directement sur la plage<\/li>\n<li>50m des bars et restaurants<\/li>\n<li>1,5 km du centre de la station<\/li>\n<li>\u00c0 2,5 km du vieux port de Paphos<\/li>\n<li>15 km de l&rsquo;a\u00e9roport international de Paphos<\/li>\n<li>140 km de l&rsquo;a\u00e9roport international de Larnaca<\/li>\n<\/ul>\n<h2><\/h2>\n<hr \/>\n<h2>Itin\u00e9raire<\/h2>\n<p><strong>Itin\u00e9raire de l&rsquo;a\u00e9roport de Paphos \u00e0 l&rsquo;h\u00f4tel Athena Beach (environ 20 minutes) :<\/strong><\/p>\n<ul>\n<li>Lorsque vous sortez de la route de l&rsquo;a\u00e9roport de Paphos pour rejoindre la route principale, vous tournez \u00e0 gauche pour Paphos.<\/li>\n<li>Environ 1 km plus loin, vous verrez un panneau indiquant la voie rapide A1, tournez \u00e0 droite.<\/li>\n<li>En approchant de la route principale, tournez \u00e0 gauche avant le pont volant pour entrer dans la route principale menant \u00e0 Paphos.<\/li>\n<li>Continuez jusqu&rsquo;\u00e0 la fin de la voie rapide. Il y a un grand rond-point. Prenez la premi\u00e8re \u00e0 gauche.<\/li>\n<li>Descendez jusqu&rsquo;\u00e0 ce que vous voyiez un autre rond-point. Vous verrez les magasins Debenhams\/Next sur votre gauche.<\/li>\n<li>Continuez tout droit sur le rond-point (2\u00e8me sortie) et plus loin jusqu&rsquo;\u00e0 ce que vous trouviez un autre petit rond-point.<\/li>\n<li>Continuez \u00e0 aller tout droit. Vous arriverez \u00e0 un croisement en T. Tournez \u00e0 gauche.<\/li>\n<li>Suivez la route tout droit et vous verrez sur la droite l&rsquo;h\u00f4tel Athena Beach.<\/li>\n<\/ul>\n<p><strong>Itin\u00e9raire de l&rsquo;a\u00e9roport de Larnaca \u00e0 l&rsquo;h\u00f4tel Athena Beach (environ 1,5 heure) :<\/strong><\/p>\n<ul>\n<li>Sortir de l&rsquo;a\u00e9roport et prendre la route \u00e0 deux voies jusqu&rsquo;\u00e0 la sortie de gauche indiquant Lemesos\/Limassol.<\/li>\n<li>Descendez cette route et vous approcherez d&rsquo;un grand rond-point, prenez la 1\u00e8re \u00e0 gauche. Vous \u00eates maintenant sur l&rsquo;autoroute vers Lemesos\/Limassol.<\/li>\n<li>En traversant Lemesos\/Limassol, continuez \u00e0 suivre les panneaux en direction de Paphos.<\/li>\n<li>Continuez jusqu&rsquo;\u00e0 la fin de la voie rapide. Il y a un grand rond-point. Prenez la premi\u00e8re \u00e0 gauche.<\/li>\n<li>Descendez jusqu&rsquo;\u00e0 ce que vous voyiez un autre rond-point. Vous verrez les magasins Debenhams\/Next sur votre gauche.<\/li>\n<li>Continuez tout droit sur le rond-point (2\u00e8me sortie) et plus loin jusqu&rsquo;\u00e0 ce que vous trouviez un autre petit rond-point.<\/li>\n<li>Continuez \u00e0 aller tout droit. Vous arriverez \u00e0 un croisement en T. Tournez \u00e0 gauche.<\/li>\n<li>Suivez la route tout droit et vous verrez sur la droite l&rsquo;h\u00f4tel Athena Beach.<\/li>\n<\/ul>\n","protected":false},"excerpt":{"rendered":"<p>L&rsquo;Athena Beach Hotel b\u00e9n\u00e9ficie d&rsquo;un emplacement magnifique \u00e0 Kato Paphos, directement sur la plage et \u00e0 proximit\u00e9 du port pittoresque, des sites arch\u00e9ologiques, des magasins et de la vie nocturne. Un arr\u00eat de bus se trouve juste devant l&rsquo;h\u00f4tel et des taxis sont toujours disponibles. Situ\u00e9 \u00e0 Kato Paphos Directement sur la plage 50m des<\/p>\n","protected":false},"author":2,"featured_media":10740,"parent":10931,"menu_order":0,"comment_status":"closed","ping_status":"closed","template":"page-templates\/location.php","meta":{"_acf_changed":false,"footnotes":""},"class_list":["post-10934","page","type-page","status-publish","has-post-thumbnail","hentry"],"acf":[],"yoast_head":"<!-- This site is optimized with the Yoast SEO plugin v27.5 - https:\/\/yoast.com\/product\/yoast-seo-wordpress\/ -->\n<title>H\u00f4tel sensationnel en bord de mer \u00e0 Paphos || Athena Beach Hotel<\/title>\n<meta name=\"description\" content=\"Notre sensationnel h\u00f4tel de bord de mer \u00e0 Paphos, Athena Beach by Constantinou Bros Hotels, est bien situ\u00e9, \u00e0 proximit\u00e9 du centre-ville et des sites d&#039;int\u00e9r\u00eat de la r\u00e9gion.\" \/>\n<meta name=\"robots\" content=\"index, follow, max-snippet:-1, max-image-preview:large, max-video-preview:-1\" \/>\n<link rel=\"canonical\" href=\"https:\/\/www.athena-cbh.com\/fr\/the-hotel\/location\/\" \/>\n<meta property=\"og:locale\" content=\"fr_FR\" \/>\n<meta property=\"og:type\" content=\"article\" \/>\n<meta property=\"og:title\" content=\"H\u00f4tel sensationnel en bord de mer \u00e0 Paphos || Athena Beach Hotel\" \/>\n<meta property=\"og:description\" content=\"Notre sensationnel h\u00f4tel de bord de mer \u00e0 Paphos, Athena Beach by Constantinou Bros Hotels, est bien situ\u00e9, \u00e0 proximit\u00e9 du centre-ville et des sites d&#039;int\u00e9r\u00eat de la r\u00e9gion.\" \/>\n<meta property=\"og:url\" content=\"https:\/\/www.athena-cbh.com\/fr\/the-hotel\/location\/\" \/>\n<meta property=\"og:site_name\" content=\"Athena Beach Hotel\" \/>\n<meta property=\"article:modified_time\" content=\"2024-09-16T15:52:54+00:00\" \/>\n<meta property=\"og:image\" content=\"https:\/\/www.athena-cbh.com\/app\/uploads\/sites\/20\/2019\/05\/3-athena-beach-hotel-pool-and-sea-view_resized.jpg\" \/>\n\t<meta property=\"og:image:width\" content=\"1920\" \/>\n\t<meta property=\"og:image:height\" content=\"784\" \/>\n\t<meta property=\"og:image:type\" content=\"image\/jpeg\" \/>\n<meta name=\"twitter:card\" content=\"summary_large_image\" \/>\n<meta name=\"twitter:label1\" content=\"Dur\u00e9e de lecture estim\u00e9e\" \/>\n\t<meta name=\"twitter:data1\" content=\"3 minutes\" \/>\n<script type=\"application\/ld+json\" class=\"yoast-schema-graph\">{\"@context\":\"https:\\\/\\\/schema.org\",\"@graph\":[{\"@type\":\"WebPage\",\"@id\":\"https:\\\/\\\/www.athena-cbh.com\\\/fr\\\/the-hotel\\\/location\\\/\",\"url\":\"https:\\\/\\\/www.athena-cbh.com\\\/fr\\\/the-hotel\\\/location\\\/\",\"name\":\"H\u00f4tel sensationnel en bord de mer \u00e0 Paphos || Athena Beach Hotel\",\"isPartOf\":{\"@id\":\"https:\\\/\\\/www.athena-cbh.com\\\/fr\\\/#website\"},\"primaryImageOfPage\":{\"@id\":\"https:\\\/\\\/www.athena-cbh.com\\\/fr\\\/the-hotel\\\/location\\\/#primaryimage\"},\"image\":{\"@id\":\"https:\\\/\\\/www.athena-cbh.com\\\/fr\\\/the-hotel\\\/location\\\/#primaryimage\"},\"thumbnailUrl\":\"https:\\\/\\\/www.athena-cbh.com\\\/app\\\/uploads\\\/sites\\\/20\\\/2019\\\/05\\\/3-athena-beach-hotel-pool-and-sea-view_resized.jpg\",\"datePublished\":\"2022-03-22T09:17:12+00:00\",\"dateModified\":\"2024-09-16T15:52:54+00:00\",\"description\":\"Notre sensationnel h\u00f4tel de bord de mer \u00e0 Paphos, Athena Beach by Constantinou Bros Hotels, est bien situ\u00e9, \u00e0 proximit\u00e9 du centre-ville et des sites d'int\u00e9r\u00eat de la r\u00e9gion.\",\"breadcrumb\":{\"@id\":\"https:\\\/\\\/www.athena-cbh.com\\\/fr\\\/the-hotel\\\/location\\\/#breadcrumb\"},\"inLanguage\":\"fr-FR\",\"potentialAction\":[{\"@type\":\"ReadAction\",\"target\":[\"https:\\\/\\\/www.athena-cbh.com\\\/fr\\\/the-hotel\\\/location\\\/\"]}]},{\"@type\":\"ImageObject\",\"inLanguage\":\"fr-FR\",\"@id\":\"https:\\\/\\\/www.athena-cbh.com\\\/fr\\\/the-hotel\\\/location\\\/#primaryimage\",\"url\":\"https:\\\/\\\/www.athena-cbh.com\\\/app\\\/uploads\\\/sites\\\/20\\\/2019\\\/05\\\/3-athena-beach-hotel-pool-and-sea-view_resized.jpg\",\"contentUrl\":\"https:\\\/\\\/www.athena-cbh.com\\\/app\\\/uploads\\\/sites\\\/20\\\/2019\\\/05\\\/3-athena-beach-hotel-pool-and-sea-view_resized.jpg\",\"width\":1920,\"height\":784},{\"@type\":\"BreadcrumbList\",\"@id\":\"https:\\\/\\\/www.athena-cbh.com\\\/fr\\\/the-hotel\\\/location\\\/#breadcrumb\",\"itemListElement\":[{\"@type\":\"ListItem\",\"position\":1,\"name\":\"Home\",\"item\":\"https:\\\/\\\/www.athena-cbh.com\\\/fr\\\/\"},{\"@type\":\"ListItem\",\"position\":2,\"name\":\"L&rsquo;h\u00f4tel\",\"item\":\"https:\\\/\\\/www.athena-cbh.com\\\/fr\\\/the-hotel\\\/\"},{\"@type\":\"ListItem\",\"position\":3,\"name\":\"Localisation\"}]},{\"@type\":\"WebSite\",\"@id\":\"https:\\\/\\\/www.athena-cbh.com\\\/fr\\\/#website\",\"url\":\"https:\\\/\\\/www.athena-cbh.com\\\/fr\\\/\",\"name\":\"Athena Beach Hotel\",\"description\":\"Constantinou Bros Athena Beach Hotel, 4 star hotel in Paphos Cyprus\",\"potentialAction\":[{\"@type\":\"SearchAction\",\"target\":{\"@type\":\"EntryPoint\",\"urlTemplate\":\"https:\\\/\\\/www.athena-cbh.com\\\/fr\\\/?s={search_term_string}\"},\"query-input\":{\"@type\":\"PropertyValueSpecification\",\"valueRequired\":true,\"valueName\":\"search_term_string\"}}],\"inLanguage\":\"fr-FR\"}]}<\/script>\n<!-- \/ Yoast SEO plugin. -->","yoast_head_json":{"title":"H\u00f4tel sensationnel en bord de mer \u00e0 Paphos || Athena Beach Hotel","description":"Notre sensationnel h\u00f4tel de bord de mer \u00e0 Paphos, Athena Beach by Constantinou Bros Hotels, est bien situ\u00e9, \u00e0 proximit\u00e9 du centre-ville et des sites d'int\u00e9r\u00eat de la r\u00e9gion.","robots":{"index":"index","follow":"follow","max-snippet":"max-snippet:-1","max-image-preview":"max-image-preview:large","max-video-preview":"max-video-preview:-1"},"canonical":"https:\/\/www.athena-cbh.com\/fr\/the-hotel\/location\/","og_locale":"fr_FR","og_type":"article","og_title":"H\u00f4tel sensationnel en bord de mer \u00e0 Paphos || Athena Beach Hotel","og_description":"Notre sensationnel h\u00f4tel de bord de mer \u00e0 Paphos, Athena Beach by Constantinou Bros Hotels, est bien situ\u00e9, \u00e0 proximit\u00e9 du centre-ville et des sites d'int\u00e9r\u00eat de la r\u00e9gion.","og_url":"https:\/\/www.athena-cbh.com\/fr\/the-hotel\/location\/","og_site_name":"Athena Beach Hotel","article_modified_time":"2024-09-16T15:52:54+00:00","og_image":[{"width":1920,"height":784,"url":"https:\/\/www.athena-cbh.com\/app\/uploads\/sites\/20\/2019\/05\/3-athena-beach-hotel-pool-and-sea-view_resized.jpg","type":"image\/jpeg"}],"twitter_card":"summary_large_image","twitter_misc":{"Dur\u00e9e de lecture estim\u00e9e":"3 minutes"},"schema":{"@context":"https:\/\/schema.org","@graph":[{"@type":"WebPage","@id":"https:\/\/www.athena-cbh.com\/fr\/the-hotel\/location\/","url":"https:\/\/www.athena-cbh.com\/fr\/the-hotel\/location\/","name":"H\u00f4tel sensationnel en bord de mer \u00e0 Paphos || Athena Beach Hotel","isPartOf":{"@id":"https:\/\/www.athena-cbh.com\/fr\/#website"},"primaryImageOfPage":{"@id":"https:\/\/www.athena-cbh.com\/fr\/the-hotel\/location\/#primaryimage"},"image":{"@id":"https:\/\/www.athena-cbh.com\/fr\/the-hotel\/location\/#primaryimage"},"thumbnailUrl":"https:\/\/www.athena-cbh.com\/app\/uploads\/sites\/20\/2019\/05\/3-athena-beach-hotel-pool-and-sea-view_resized.jpg","datePublished":"2022-03-22T09:17:12+00:00","dateModified":"2024-09-16T15:52:54+00:00","description":"Notre sensationnel h\u00f4tel de bord de mer \u00e0 Paphos, Athena Beach by Constantinou Bros Hotels, est bien situ\u00e9, \u00e0 proximit\u00e9 du centre-ville et des sites d'int\u00e9r\u00eat de la r\u00e9gion.","breadcrumb":{"@id":"https:\/\/www.athena-cbh.com\/fr\/the-hotel\/location\/#breadcrumb"},"inLanguage":"fr-FR","potentialAction":[{"@type":"ReadAction","target":["https:\/\/www.athena-cbh.com\/fr\/the-hotel\/location\/"]}]},{"@type":"ImageObject","inLanguage":"fr-FR","@id":"https:\/\/www.athena-cbh.com\/fr\/the-hotel\/location\/#primaryimage","url":"https:\/\/www.athena-cbh.com\/app\/uploads\/sites\/20\/2019\/05\/3-athena-beach-hotel-pool-and-sea-view_resized.jpg","contentUrl":"https:\/\/www.athena-cbh.com\/app\/uploads\/sites\/20\/2019\/05\/3-athena-beach-hotel-pool-and-sea-view_resized.jpg","width":1920,"height":784},{"@type":"BreadcrumbList","@id":"https:\/\/www.athena-cbh.com\/fr\/the-hotel\/location\/#breadcrumb","itemListElement":[{"@type":"ListItem","position":1,"name":"Home","item":"https:\/\/www.athena-cbh.com\/fr\/"},{"@type":"ListItem","position":2,"name":"L&rsquo;h\u00f4tel","item":"https:\/\/www.athena-cbh.com\/fr\/the-hotel\/"},{"@type":"ListItem","position":3,"name":"Localisation"}]},{"@type":"WebSite","@id":"https:\/\/www.athena-cbh.com\/fr\/#website","url":"https:\/\/www.athena-cbh.com\/fr\/","name":"Athena Beach Hotel","description":"Constantinou Bros Athena Beach Hotel, 4 star hotel in Paphos Cyprus","potentialAction":[{"@type":"SearchAction","target":{"@type":"EntryPoint","urlTemplate":"https:\/\/www.athena-cbh.com\/fr\/?s={search_term_string}"},"query-input":{"@type":"PropertyValueSpecification","valueRequired":true,"valueName":"search_term_string"}}],"inLanguage":"fr-FR"}]}},"_links":{"self":[{"href":"https:\/\/www.athena-cbh.com\/fr\/wp-json\/wp\/v2\/pages\/10934","targetHints":{"allow":["GET"]}}],"collection":[{"href":"https:\/\/www.athena-cbh.com\/fr\/wp-json\/wp\/v2\/pages"}],"about":[{"href":"https:\/\/www.athena-cbh.com\/fr\/wp-json\/wp\/v2\/types\/page"}],"author":[{"embeddable":true,"href":"https:\/\/www.athena-cbh.com\/fr\/wp-json\/wp\/v2\/users\/2"}],"replies":[{"embeddable":true,"href":"https:\/\/www.athena-cbh.com\/fr\/wp-json\/wp\/v2\/comments?post=10934"}],"version-history":[{"count":4,"href":"https:\/\/www.athena-cbh.com\/fr\/wp-json\/wp\/v2\/pages\/10934\/revisions"}],"predecessor-version":[{"id":20773,"href":"https:\/\/www.athena-cbh.com\/fr\/wp-json\/wp\/v2\/pages\/10934\/revisions\/20773"}],"up":[{"embeddable":true,"href":"https:\/\/www.athena-cbh.com\/fr\/wp-json\/wp\/v2\/pages\/10931"}],"wp:featuredmedia":[{"embeddable":true,"href":"https:\/\/www.athena-cbh.com\/fr\/wp-json\/wp\/v2\/media\/10740"}],"wp:attachment":[{"href":"https:\/\/www.athena-cbh.com\/fr\/wp-json\/wp\/v2\/media?parent=10934"}],"curies":[{"name":"wp","href":"https:\/\/api.w.org\/{rel}","templated":true}]}}