{"id":10931,"date":"2022-03-22T12:16:35","date_gmt":"2022-03-22T09:16:35","guid":{"rendered":"https:\/\/www.athena-cbh.com\/the-hotel\/"},"modified":"2026-02-10T16:42:03","modified_gmt":"2026-02-10T13:42:03","slug":"the-hotel","status":"publish","type":"page","link":"https:\/\/www.athena-cbh.com\/fr\/the-hotel\/","title":{"rendered":"L&rsquo;h\u00f4tel"},"content":{"rendered":"<p>L&rsquo;Athena Beach Hotel, qui a \u00e9t\u00e9 somptueusement r\u00e9nov\u00e9 et g\u00e9n\u00e9reusement dot\u00e9 d&rsquo;encore plus d&rsquo;\u00e9quipements, est fier d&rsquo;offrir \u00e0 ses clients un superbe niveau de service et de confort, \u00e9quivalent \u00e0 celui d&rsquo;un luxueux h\u00f4tel 5 \u00e9toiles.<\/p>\n<p>L&rsquo;h\u00f4tel est situ\u00e9 directement sur la plage de Kato Paphos, \u00e0 une distance de marche agr\u00e9able du port pittoresque, des sites arch\u00e9ologiques, des magasins et de la vie nocturne. Un arr\u00eat de bus se trouve juste \u00e0 l&rsquo;ext\u00e9rieur de l&rsquo;h\u00f4tel et des taxis sont toujours disponibles. Le stationnement dans le parking de l&rsquo;h\u00f4tel est gratuit pour les clients. Le complexe est id\u00e9alement situ\u00e9 \u00e0 proximit\u00e9 des deux a\u00e9roports internationaux de l&rsquo;\u00eele, \u00e0 seulement 15 km de Paphos et 140 km de Larnaca. En prime, pour les amateurs de golf, il y a quatre super terrains de golf facilement accessibles en voiture.<\/p>\n<p>Chacune des chambres et suites dispose d&rsquo;un balcon spacieux offrant une vue sur la mer M\u00e9diterran\u00e9e sereine ou sur nos jardins color\u00e9s ; quant aux \u00e9quipements, ils comprennent, entre autres, des lits de luxe, le Wi Fi gratuit dans toutes les chambres et les espaces publics ainsi qu&rsquo;un coffre-fort gratuit, la t\u00e9l\u00e9vision par satellite, des peignoirs et des pantoufles, un n\u00e9cessaire \u00e0 th\u00e9 et \u00e0 caf\u00e9, une machine \u00e0 expresso, de l&rsquo;eau min\u00e9rale (\u00e0 l&rsquo;arriv\u00e9e) garantissant un s\u00e9jour confortable et relaxant \u00e0 nos h\u00f4tes.<\/p>\n<p>Les chambres familiales communicantes sont une excellente option pour les familles nombreuses ou les amis qui souhaitent passer de bons moments ensemble. Ces chambres luxueuses offrent l&rsquo;avantage suppl\u00e9mentaire d&rsquo;un acc\u00e8s direct \u00e0 une piscine commune (4m x 27m) depuis votre v\u00e9randa priv\u00e9e \u00e9quip\u00e9e de chaises longues, ce qui vous permettra de vous d\u00e9tendre tout au long de la journ\u00e9e. <\/p>\n<p>L&rsquo;h\u00f4tel propose une zone exclusive r\u00e9serv\u00e9e aux adultes (plus de 16 ans), comprenant une piscine s\u00e9par\u00e9e, une aire de bronzage et un \u00ab\u00a0bar de piscine pour adultes\u00a0\u00bb. Andrew&rsquo;s Rooftop Bar (exclusivement r\u00e9serv\u00e9 aux clients de la classe Elite &#8211; adultes de plus de 16 ans), qui offre une vue imprenable sur la mer, est un endroit id\u00e9al pour se d\u00e9tendre et admirer les couleurs du coucher de soleil tout en d\u00e9gustant un verre. <\/p>\n<p>Les installations de loisirs comprennent 4 piscines ext\u00e9rieures d&rsquo;eau douce (dont une d\u00e9di\u00e9e aux adultes) et 2 pataugeoires, une piscine int\u00e9rieure (chauff\u00e9e de novembre \u00e0 avril), des jacuzzis int\u00e9rieurs et ext\u00e9rieurs. En outre, l&rsquo;Oasis Splash a \u00e9t\u00e9 cr\u00e9\u00e9 pour permettre aux enfants de tous \u00e2ges de s&rsquo;amuser de mani\u00e8re interactive et en toute s\u00e9curit\u00e9. En plus du toboggan aquatique existant de 25 m\u00e8tres de long, il offre un nouveau toboggan aquatique suppl\u00e9mentaire de 42 m\u00e8tres de long avec des piscines d&rsquo;atterrissage s\u00e9par\u00e9es et un splash pad color\u00e9 \u00e0 proximit\u00e9 avec des jouets pulv\u00e9risateurs, garantissant un amusement infini pour nos plus jeunes clients. Un court de tennis \u00e9clair\u00e9, un terrain de p\u00e9tanque int\u00e9rieur de 6 pistes et ext\u00e9rieur de 24 pistes, une aire de jeux pour enfants et un club pour enfants pendant l&rsquo;\u00e9t\u00e9 avec des activit\u00e9s organis\u00e9es compl\u00e8tent le choix vari\u00e9 d&rsquo;installations qui font de l&rsquo;h\u00f4tel un lieu id\u00e9al pour les couples et les familles. <\/p>\n<p>L&rsquo;h\u00f4tel r\u00e9pond \u00e0 tous les go\u00fbts en offrant la possibilit\u00e9 de d\u00eener dans l&rsquo;un des cinq restaurants proposant une vari\u00e9t\u00e9 de cuisines allant de la M\u00e9diterran\u00e9e \u00e0 l&rsquo;Italie, d&rsquo;un buffet magnifiquement pr\u00e9par\u00e9 \u00e0 un d\u00eener \u00e0 la carte en plein air, en passant par des soir\u00e9es \u00e0 th\u00e8me barbecue organis\u00e9es pendant les mois d&rsquo;\u00e9t\u00e9. Laissez-nous vous r\u00e9galer avec des plats et des vins d\u00e9licieux que vous pourrez d\u00e9guster en admirant la mer M\u00e9diterran\u00e9e. <\/p>\n<p>L&rsquo;Elixir Spa de l&rsquo;h\u00f4tel est l&rsquo;endroit id\u00e9al pour une escapade parfaitement relaxante. Il dispose d&rsquo;une piscine chauff\u00e9e, de 2 saunas, de 2 bains de vapeur, d&rsquo;une salle de sport enti\u00e8rement \u00e9quip\u00e9e et d&rsquo;un salon de coiffure. Laissez-vous tenter par une gamme all\u00e9chante de massages professionnels, d&rsquo;aromath\u00e9rapie et de soins du corps, d&rsquo;aromath\u00e9rapie pour vous apaiser et vous rajeunir.<\/p>\n<p>Nous cherchons constamment \u00e0 rendre votre s\u00e9jour chez nous tr\u00e8s agr\u00e9able, en aidant \u00e0 effacer la fatigue et \u00e0 promouvoir le rajeunissement du corps, de l&rsquo;esprit et de l&rsquo;\u00e2me, de sorte que lorsque vous rentrerez chez vous, repos\u00e9 et d\u00e9tendu, m\u00eame si le soleil, la mer, le r\u00e9gime m\u00e9diterran\u00e9en et le vin chypriote vous manqueront, vous serez pr\u00eat \u00e0 relever tous les d\u00e9fis !<\/p>\n","protected":false},"excerpt":{"rendered":"<p>L&rsquo;Athena Beach Hotel, qui a \u00e9t\u00e9 somptueusement r\u00e9nov\u00e9 et g\u00e9n\u00e9reusement dot\u00e9 d&rsquo;encore plus d&rsquo;\u00e9quipements, est fier d&rsquo;offrir \u00e0 ses clients un superbe niveau de service et de confort, \u00e9quivalent \u00e0 celui d&rsquo;un luxueux h\u00f4tel 5 \u00e9toiles. L&rsquo;h\u00f4tel est situ\u00e9 directement sur la plage de Kato Paphos, \u00e0 une distance de marche agr\u00e9able du port pittoresque,<\/p>\n","protected":false},"author":2,"featured_media":10932,"parent":0,"menu_order":0,"comment_status":"closed","ping_status":"closed","template":"page-templates\/simple-list.php","meta":{"_acf_changed":false,"footnotes":""},"class_list":["post-10931","page","type-page","status-publish","has-post-thumbnail","hentry"],"acf":[],"yoast_head":"<!-- This site is optimized with the Yoast SEO plugin v27.4 - https:\/\/yoast.com\/product\/yoast-seo-wordpress\/ -->\n<title>Meilleur h\u00f4tel de plage \u00e0 Paphos pour les familles || Athena Beach Hotel<\/title>\n<meta name=\"description\" content=\"L&#039;Athena Beach by Constantinou Bros Hotels est un h\u00f4tel de plage 4 \u00e9toiles \u00e0 Paphos qui accueille les familles et les couples dans un cadre fantastique, \u00e0 proximit\u00e9 de la ville.\" \/>\n<meta name=\"robots\" content=\"index, follow, max-snippet:-1, max-image-preview:large, max-video-preview:-1\" \/>\n<link rel=\"canonical\" href=\"https:\/\/www.athena-cbh.com\/fr\/the-hotel\/\" \/>\n<meta property=\"og:locale\" content=\"fr_FR\" \/>\n<meta property=\"og:type\" content=\"article\" \/>\n<meta property=\"og:title\" content=\"Meilleur h\u00f4tel de plage \u00e0 Paphos pour les familles || Athena Beach Hotel\" \/>\n<meta property=\"og:description\" content=\"L&#039;Athena Beach by Constantinou Bros Hotels est un h\u00f4tel de plage 4 \u00e9toiles \u00e0 Paphos qui accueille les familles et les couples dans un cadre fantastique, \u00e0 proximit\u00e9 de la ville.\" \/>\n<meta property=\"og:url\" content=\"https:\/\/www.athena-cbh.com\/fr\/the-hotel\/\" \/>\n<meta property=\"og:site_name\" content=\"Athena Beach Hotel\" \/>\n<meta property=\"article:modified_time\" content=\"2026-02-10T13:42:03+00:00\" \/>\n<meta property=\"og:image\" content=\"https:\/\/www.athena-cbh.com\/app\/uploads\/sites\/20\/2021\/07\/1-ATHENA-BEACH-HOTEL-1.jpg\" \/>\n\t<meta property=\"og:image:width\" content=\"1920\" \/>\n\t<meta property=\"og:image:height\" content=\"1277\" \/>\n\t<meta property=\"og:image:type\" content=\"image\/jpeg\" \/>\n<meta name=\"twitter:card\" content=\"summary_large_image\" \/>\n<meta name=\"twitter:label1\" content=\"Dur\u00e9e de lecture estim\u00e9e\" \/>\n\t<meta name=\"twitter:data1\" content=\"4 minutes\" \/>\n<script type=\"application\/ld+json\" class=\"yoast-schema-graph\">{\"@context\":\"https:\\\/\\\/schema.org\",\"@graph\":[{\"@type\":\"WebPage\",\"@id\":\"https:\\\/\\\/www.athena-cbh.com\\\/fr\\\/the-hotel\\\/\",\"url\":\"https:\\\/\\\/www.athena-cbh.com\\\/fr\\\/the-hotel\\\/\",\"name\":\"Meilleur h\u00f4tel de plage \u00e0 Paphos pour les familles || Athena Beach Hotel\",\"isPartOf\":{\"@id\":\"https:\\\/\\\/www.athena-cbh.com\\\/fr\\\/#website\"},\"primaryImageOfPage\":{\"@id\":\"https:\\\/\\\/www.athena-cbh.com\\\/fr\\\/the-hotel\\\/#primaryimage\"},\"image\":{\"@id\":\"https:\\\/\\\/www.athena-cbh.com\\\/fr\\\/the-hotel\\\/#primaryimage\"},\"thumbnailUrl\":\"https:\\\/\\\/www.athena-cbh.com\\\/app\\\/uploads\\\/sites\\\/20\\\/2021\\\/07\\\/1-ATHENA-BEACH-HOTEL-1.jpg\",\"datePublished\":\"2022-03-22T09:16:35+00:00\",\"dateModified\":\"2026-02-10T13:42:03+00:00\",\"description\":\"L'Athena Beach by Constantinou Bros Hotels est un h\u00f4tel de plage 4 \u00e9toiles \u00e0 Paphos qui accueille les familles et les couples dans un cadre fantastique, \u00e0 proximit\u00e9 de la ville.\",\"breadcrumb\":{\"@id\":\"https:\\\/\\\/www.athena-cbh.com\\\/fr\\\/the-hotel\\\/#breadcrumb\"},\"inLanguage\":\"fr-FR\",\"potentialAction\":[{\"@type\":\"ReadAction\",\"target\":[\"https:\\\/\\\/www.athena-cbh.com\\\/fr\\\/the-hotel\\\/\"]}]},{\"@type\":\"ImageObject\",\"inLanguage\":\"fr-FR\",\"@id\":\"https:\\\/\\\/www.athena-cbh.com\\\/fr\\\/the-hotel\\\/#primaryimage\",\"url\":\"https:\\\/\\\/www.athena-cbh.com\\\/app\\\/uploads\\\/sites\\\/20\\\/2021\\\/07\\\/1-ATHENA-BEACH-HOTEL-1.jpg\",\"contentUrl\":\"https:\\\/\\\/www.athena-cbh.com\\\/app\\\/uploads\\\/sites\\\/20\\\/2021\\\/07\\\/1-ATHENA-BEACH-HOTEL-1.jpg\",\"width\":1920,\"height\":1277},{\"@type\":\"BreadcrumbList\",\"@id\":\"https:\\\/\\\/www.athena-cbh.com\\\/fr\\\/the-hotel\\\/#breadcrumb\",\"itemListElement\":[{\"@type\":\"ListItem\",\"position\":1,\"name\":\"Home\",\"item\":\"https:\\\/\\\/www.athena-cbh.com\\\/fr\\\/\"},{\"@type\":\"ListItem\",\"position\":2,\"name\":\"L&rsquo;h\u00f4tel\"}]},{\"@type\":\"WebSite\",\"@id\":\"https:\\\/\\\/www.athena-cbh.com\\\/fr\\\/#website\",\"url\":\"https:\\\/\\\/www.athena-cbh.com\\\/fr\\\/\",\"name\":\"Athena Beach Hotel\",\"description\":\"Constantinou Bros Athena Beach Hotel, 4 star hotel in Paphos Cyprus\",\"potentialAction\":[{\"@type\":\"SearchAction\",\"target\":{\"@type\":\"EntryPoint\",\"urlTemplate\":\"https:\\\/\\\/www.athena-cbh.com\\\/fr\\\/?s={search_term_string}\"},\"query-input\":{\"@type\":\"PropertyValueSpecification\",\"valueRequired\":true,\"valueName\":\"search_term_string\"}}],\"inLanguage\":\"fr-FR\"}]}<\/script>\n<!-- \/ Yoast SEO plugin. -->","yoast_head_json":{"title":"Meilleur h\u00f4tel de plage \u00e0 Paphos pour les familles || Athena Beach Hotel","description":"L'Athena Beach by Constantinou Bros Hotels est un h\u00f4tel de plage 4 \u00e9toiles \u00e0 Paphos qui accueille les familles et les couples dans un cadre fantastique, \u00e0 proximit\u00e9 de la ville.","robots":{"index":"index","follow":"follow","max-snippet":"max-snippet:-1","max-image-preview":"max-image-preview:large","max-video-preview":"max-video-preview:-1"},"canonical":"https:\/\/www.athena-cbh.com\/fr\/the-hotel\/","og_locale":"fr_FR","og_type":"article","og_title":"Meilleur h\u00f4tel de plage \u00e0 Paphos pour les familles || Athena Beach Hotel","og_description":"L'Athena Beach by Constantinou Bros Hotels est un h\u00f4tel de plage 4 \u00e9toiles \u00e0 Paphos qui accueille les familles et les couples dans un cadre fantastique, \u00e0 proximit\u00e9 de la ville.","og_url":"https:\/\/www.athena-cbh.com\/fr\/the-hotel\/","og_site_name":"Athena Beach Hotel","article_modified_time":"2026-02-10T13:42:03+00:00","og_image":[{"width":1920,"height":1277,"url":"https:\/\/www.athena-cbh.com\/app\/uploads\/sites\/20\/2021\/07\/1-ATHENA-BEACH-HOTEL-1.jpg","type":"image\/jpeg"}],"twitter_card":"summary_large_image","twitter_misc":{"Dur\u00e9e de lecture estim\u00e9e":"4 minutes"},"schema":{"@context":"https:\/\/schema.org","@graph":[{"@type":"WebPage","@id":"https:\/\/www.athena-cbh.com\/fr\/the-hotel\/","url":"https:\/\/www.athena-cbh.com\/fr\/the-hotel\/","name":"Meilleur h\u00f4tel de plage \u00e0 Paphos pour les familles || Athena Beach Hotel","isPartOf":{"@id":"https:\/\/www.athena-cbh.com\/fr\/#website"},"primaryImageOfPage":{"@id":"https:\/\/www.athena-cbh.com\/fr\/the-hotel\/#primaryimage"},"image":{"@id":"https:\/\/www.athena-cbh.com\/fr\/the-hotel\/#primaryimage"},"thumbnailUrl":"https:\/\/www.athena-cbh.com\/app\/uploads\/sites\/20\/2021\/07\/1-ATHENA-BEACH-HOTEL-1.jpg","datePublished":"2022-03-22T09:16:35+00:00","dateModified":"2026-02-10T13:42:03+00:00","description":"L'Athena Beach by Constantinou Bros Hotels est un h\u00f4tel de plage 4 \u00e9toiles \u00e0 Paphos qui accueille les familles et les couples dans un cadre fantastique, \u00e0 proximit\u00e9 de la ville.","breadcrumb":{"@id":"https:\/\/www.athena-cbh.com\/fr\/the-hotel\/#breadcrumb"},"inLanguage":"fr-FR","potentialAction":[{"@type":"ReadAction","target":["https:\/\/www.athena-cbh.com\/fr\/the-hotel\/"]}]},{"@type":"ImageObject","inLanguage":"fr-FR","@id":"https:\/\/www.athena-cbh.com\/fr\/the-hotel\/#primaryimage","url":"https:\/\/www.athena-cbh.com\/app\/uploads\/sites\/20\/2021\/07\/1-ATHENA-BEACH-HOTEL-1.jpg","contentUrl":"https:\/\/www.athena-cbh.com\/app\/uploads\/sites\/20\/2021\/07\/1-ATHENA-BEACH-HOTEL-1.jpg","width":1920,"height":1277},{"@type":"BreadcrumbList","@id":"https:\/\/www.athena-cbh.com\/fr\/the-hotel\/#breadcrumb","itemListElement":[{"@type":"ListItem","position":1,"name":"Home","item":"https:\/\/www.athena-cbh.com\/fr\/"},{"@type":"ListItem","position":2,"name":"L&rsquo;h\u00f4tel"}]},{"@type":"WebSite","@id":"https:\/\/www.athena-cbh.com\/fr\/#website","url":"https:\/\/www.athena-cbh.com\/fr\/","name":"Athena Beach Hotel","description":"Constantinou Bros Athena Beach Hotel, 4 star hotel in Paphos Cyprus","potentialAction":[{"@type":"SearchAction","target":{"@type":"EntryPoint","urlTemplate":"https:\/\/www.athena-cbh.com\/fr\/?s={search_term_string}"},"query-input":{"@type":"PropertyValueSpecification","valueRequired":true,"valueName":"search_term_string"}}],"inLanguage":"fr-FR"}]}},"_links":{"self":[{"href":"https:\/\/www.athena-cbh.com\/fr\/wp-json\/wp\/v2\/pages\/10931","targetHints":{"allow":["GET"]}}],"collection":[{"href":"https:\/\/www.athena-cbh.com\/fr\/wp-json\/wp\/v2\/pages"}],"about":[{"href":"https:\/\/www.athena-cbh.com\/fr\/wp-json\/wp\/v2\/types\/page"}],"author":[{"embeddable":true,"href":"https:\/\/www.athena-cbh.com\/fr\/wp-json\/wp\/v2\/users\/2"}],"replies":[{"embeddable":true,"href":"https:\/\/www.athena-cbh.com\/fr\/wp-json\/wp\/v2\/comments?post=10931"}],"version-history":[{"count":6,"href":"https:\/\/www.athena-cbh.com\/fr\/wp-json\/wp\/v2\/pages\/10931\/revisions"}],"predecessor-version":[{"id":22813,"href":"https:\/\/www.athena-cbh.com\/fr\/wp-json\/wp\/v2\/pages\/10931\/revisions\/22813"}],"wp:featuredmedia":[{"embeddable":true,"href":"https:\/\/www.athena-cbh.com\/fr\/wp-json\/wp\/v2\/media\/10932"}],"wp:attachment":[{"href":"https:\/\/www.athena-cbh.com\/fr\/wp-json\/wp\/v2\/media?parent=10931"}],"curies":[{"name":"wp","href":"https:\/\/api.w.org\/{rel}","templated":true}]}}