{"id":10928,"date":"2022-03-22T12:15:53","date_gmt":"2022-03-22T09:15:53","guid":{"rendered":"https:\/\/www.athena-cbh.com\/elixir-spa\/"},"modified":"2024-09-16T18:54:10","modified_gmt":"2024-09-16T15:54:10","slug":"elixir-spa","status":"publish","type":"page","link":"https:\/\/www.athena-cbh.com\/fr\/elixir-spa\/","title":{"rendered":"Spa Elixir"},"content":{"rendered":"<h1 class=\"home-pages-title title-size text-center pt-5 font-regular\">Soins luxueux dans notre h\u00f4tel spa \u00e0 Paphos, Chypre<\/h1>\n<p>&nbsp;<\/p>\n<p style=\"text-align: left;\">Nos soins de spa sont in\u00e9gal\u00e9s, vous offrant le luxe d&rsquo;un espace priv\u00e9 et g\u00e9n\u00e9rant un sentiment d&rsquo;intemporalit\u00e9. Offrez-vous le plaisir d&rsquo;\u00e9veiller vos sens, de soulager votre corps de toute tension et de revigorer votre esprit.<\/p>\n<p style=\"text-align: left;\">\u00c9tendu sur une superficie totale de 800 m2, le spa Elixir modernis\u00e9 offrira une ambiance et une relaxation ultimes \u00e0 tous ses visiteurs.<\/p>\n<p style=\"text-align: left;\">Avec des salles de th\u00e9rapie et de relaxation suppl\u00e9mentaires, dont deux suites Elixir pour couples, deux saunas, deux bains de vapeur, une salle de sport spacieuse et moderne et une piscine int\u00e9rieure, pour n&rsquo;en citer que quelques-unes, le nouveau spa Elixir modernis\u00e9 sera l&rsquo;un des p\u00f4les d&rsquo;attraction de l&rsquo;h\u00f4tel.<\/p>\n<h3 style=\"text-align: left;\"><\/h3>\n<h3 style=\"text-align: left;\">Installations et commodit\u00e9s<\/h3>\n<ul style=\"text-align: left;\">\n<li>Massages relaxants et th\u00e9rapeutiques<\/li>\n<li>Traitements pour les couples<\/li>\n<li>Soins du corps<\/li>\n<li>Aromath\u00e9rapie<\/li>\n<li>Thalassoth\u00e9rapie<\/li>\n<li>Massages sportifs<\/li>\n<li>Soins Signature Elixir Spa<\/li>\n<li>Elixir Couples Suites (2)<\/li>\n<li>2 bains de vapeur (dont un pour les nudistes) (gratuit pour la classe Elite et les couples mari\u00e9s, selon disponibilit\u00e9)<\/li>\n<li>2 Saunas (dont un pour les nudistes) (gratuit pour la classe Elite et les couples mari\u00e9s selon disponibilit\u00e9)<\/li>\n<li>Espace d\u00e9tente<\/li>\n<li>Forfaits pour les couples<\/li>\n<li>Forfaits de mariage<\/li>\n<li>Forfaits lune de miel<\/li>\n<li>Forfaits Spa<\/li>\n<li>Activit\u00e9s de bien-\u00eatre<\/li>\n<li>Soins de spa<\/li>\n<li>Salon de coiffure unisexe<\/li>\n<li>Centre de gymnastique avec \u00e9quipement de cardio et de musculation<\/li>\n<\/ul>\n<p style=\"text-align: left;\">\n","protected":false},"excerpt":{"rendered":"<p>Soins luxueux dans notre h\u00f4tel spa \u00e0 Paphos, Chypre &nbsp; Nos soins de spa sont in\u00e9gal\u00e9s, vous offrant le luxe d&rsquo;un espace priv\u00e9 et g\u00e9n\u00e9rant un sentiment d&rsquo;intemporalit\u00e9. Offrez-vous le plaisir d&rsquo;\u00e9veiller vos sens, de soulager votre corps de toute tension et de revigorer votre esprit. \u00c9tendu sur une superficie totale de 800 m2, le<\/p>\n","protected":false},"author":2,"featured_media":12848,"parent":0,"menu_order":0,"comment_status":"closed","ping_status":"closed","template":"","meta":{"_acf_changed":false,"footnotes":""},"class_list":["post-10928","page","type-page","status-publish","has-post-thumbnail","hentry"],"acf":[],"yoast_head":"<!-- This site is optimized with the Yoast SEO plugin v27.4 - https:\/\/yoast.com\/product\/yoast-seo-wordpress\/ -->\n<title>H\u00f4tel spa am\u00e9lior\u00e9 \u00e0 Paphos, Chypre || Athena Beach Hotel<\/title>\n<meta name=\"description\" content=\"L&#039;Elixir Spa a \u00e9t\u00e9 am\u00e9lior\u00e9 au sein de l&#039;Athena Beach Hotel par Constantinou Bros, vous apportant un monde de bien-\u00eatre dans notre h\u00f4tel spa \u00e0 Paphos, Chypre.\" \/>\n<meta name=\"robots\" content=\"index, follow, max-snippet:-1, max-image-preview:large, max-video-preview:-1\" \/>\n<link rel=\"canonical\" href=\"https:\/\/www.athena-cbh.com\/fr\/elixir-spa\/\" \/>\n<meta property=\"og:locale\" content=\"fr_FR\" \/>\n<meta property=\"og:type\" content=\"article\" \/>\n<meta property=\"og:title\" content=\"H\u00f4tel spa am\u00e9lior\u00e9 \u00e0 Paphos, Chypre || Athena Beach Hotel\" \/>\n<meta property=\"og:description\" content=\"L&#039;Elixir Spa a \u00e9t\u00e9 am\u00e9lior\u00e9 au sein de l&#039;Athena Beach Hotel par Constantinou Bros, vous apportant un monde de bien-\u00eatre dans notre h\u00f4tel spa \u00e0 Paphos, Chypre.\" \/>\n<meta property=\"og:url\" content=\"https:\/\/www.athena-cbh.com\/fr\/elixir-spa\/\" \/>\n<meta property=\"og:site_name\" content=\"Athena Beach Hotel\" \/>\n<meta property=\"article:modified_time\" content=\"2024-09-16T15:54:10+00:00\" \/>\n<meta property=\"og:image\" content=\"https:\/\/www.athena-cbh.com\/app\/uploads\/sites\/20\/2020\/09\/40-ATHENA-BEACH-HOTEL-ELIXIR-SPA-4.jpg\" \/>\n\t<meta property=\"og:image:width\" content=\"1200\" \/>\n\t<meta property=\"og:image:height\" content=\"798\" \/>\n\t<meta property=\"og:image:type\" content=\"image\/jpeg\" \/>\n<meta name=\"twitter:card\" content=\"summary_large_image\" \/>\n<meta name=\"twitter:label1\" content=\"Dur\u00e9e de lecture estim\u00e9e\" \/>\n\t<meta name=\"twitter:data1\" content=\"2 minutes\" \/>\n<script type=\"application\/ld+json\" class=\"yoast-schema-graph\">{\"@context\":\"https:\\\/\\\/schema.org\",\"@graph\":[{\"@type\":\"WebPage\",\"@id\":\"https:\\\/\\\/www.athena-cbh.com\\\/fr\\\/elixir-spa\\\/\",\"url\":\"https:\\\/\\\/www.athena-cbh.com\\\/fr\\\/elixir-spa\\\/\",\"name\":\"H\u00f4tel spa am\u00e9lior\u00e9 \u00e0 Paphos, Chypre || Athena Beach Hotel\",\"isPartOf\":{\"@id\":\"https:\\\/\\\/www.athena-cbh.com\\\/fr\\\/#website\"},\"primaryImageOfPage\":{\"@id\":\"https:\\\/\\\/www.athena-cbh.com\\\/fr\\\/elixir-spa\\\/#primaryimage\"},\"image\":{\"@id\":\"https:\\\/\\\/www.athena-cbh.com\\\/fr\\\/elixir-spa\\\/#primaryimage\"},\"thumbnailUrl\":\"https:\\\/\\\/www.athena-cbh.com\\\/app\\\/uploads\\\/sites\\\/20\\\/2022\\\/07\\\/65-ATHENA-BEACH-HOTEL-INDOOR-HEATED-POOL-scaled.jpg\",\"datePublished\":\"2022-03-22T09:15:53+00:00\",\"dateModified\":\"2024-09-16T15:54:10+00:00\",\"description\":\"L'Elixir Spa a \u00e9t\u00e9 am\u00e9lior\u00e9 au sein de l'Athena Beach Hotel par Constantinou Bros, vous apportant un monde de bien-\u00eatre dans notre h\u00f4tel spa \u00e0 Paphos, Chypre.\",\"breadcrumb\":{\"@id\":\"https:\\\/\\\/www.athena-cbh.com\\\/fr\\\/elixir-spa\\\/#breadcrumb\"},\"inLanguage\":\"fr-FR\",\"potentialAction\":[{\"@type\":\"ReadAction\",\"target\":[\"https:\\\/\\\/www.athena-cbh.com\\\/fr\\\/elixir-spa\\\/\"]}]},{\"@type\":\"ImageObject\",\"inLanguage\":\"fr-FR\",\"@id\":\"https:\\\/\\\/www.athena-cbh.com\\\/fr\\\/elixir-spa\\\/#primaryimage\",\"url\":\"https:\\\/\\\/www.athena-cbh.com\\\/app\\\/uploads\\\/sites\\\/20\\\/2022\\\/07\\\/65-ATHENA-BEACH-HOTEL-INDOOR-HEATED-POOL-scaled.jpg\",\"contentUrl\":\"https:\\\/\\\/www.athena-cbh.com\\\/app\\\/uploads\\\/sites\\\/20\\\/2022\\\/07\\\/65-ATHENA-BEACH-HOTEL-INDOOR-HEATED-POOL-scaled.jpg\",\"width\":2560,\"height\":1707},{\"@type\":\"BreadcrumbList\",\"@id\":\"https:\\\/\\\/www.athena-cbh.com\\\/fr\\\/elixir-spa\\\/#breadcrumb\",\"itemListElement\":[{\"@type\":\"ListItem\",\"position\":1,\"name\":\"Home\",\"item\":\"https:\\\/\\\/www.athena-cbh.com\\\/fr\\\/\"},{\"@type\":\"ListItem\",\"position\":2,\"name\":\"Spa Elixir\"}]},{\"@type\":\"WebSite\",\"@id\":\"https:\\\/\\\/www.athena-cbh.com\\\/fr\\\/#website\",\"url\":\"https:\\\/\\\/www.athena-cbh.com\\\/fr\\\/\",\"name\":\"Athena Beach Hotel\",\"description\":\"Constantinou Bros Athena Beach Hotel, 4 star hotel in Paphos Cyprus\",\"potentialAction\":[{\"@type\":\"SearchAction\",\"target\":{\"@type\":\"EntryPoint\",\"urlTemplate\":\"https:\\\/\\\/www.athena-cbh.com\\\/fr\\\/?s={search_term_string}\"},\"query-input\":{\"@type\":\"PropertyValueSpecification\",\"valueRequired\":true,\"valueName\":\"search_term_string\"}}],\"inLanguage\":\"fr-FR\"}]}<\/script>\n<!-- \/ Yoast SEO plugin. -->","yoast_head_json":{"title":"H\u00f4tel spa am\u00e9lior\u00e9 \u00e0 Paphos, Chypre || Athena Beach Hotel","description":"L'Elixir Spa a \u00e9t\u00e9 am\u00e9lior\u00e9 au sein de l'Athena Beach Hotel par Constantinou Bros, vous apportant un monde de bien-\u00eatre dans notre h\u00f4tel spa \u00e0 Paphos, Chypre.","robots":{"index":"index","follow":"follow","max-snippet":"max-snippet:-1","max-image-preview":"max-image-preview:large","max-video-preview":"max-video-preview:-1"},"canonical":"https:\/\/www.athena-cbh.com\/fr\/elixir-spa\/","og_locale":"fr_FR","og_type":"article","og_title":"H\u00f4tel spa am\u00e9lior\u00e9 \u00e0 Paphos, Chypre || Athena Beach Hotel","og_description":"L'Elixir Spa a \u00e9t\u00e9 am\u00e9lior\u00e9 au sein de l'Athena Beach Hotel par Constantinou Bros, vous apportant un monde de bien-\u00eatre dans notre h\u00f4tel spa \u00e0 Paphos, Chypre.","og_url":"https:\/\/www.athena-cbh.com\/fr\/elixir-spa\/","og_site_name":"Athena Beach Hotel","article_modified_time":"2024-09-16T15:54:10+00:00","og_image":[{"width":1200,"height":798,"url":"https:\/\/www.athena-cbh.com\/app\/uploads\/sites\/20\/2020\/09\/40-ATHENA-BEACH-HOTEL-ELIXIR-SPA-4.jpg","type":"image\/jpeg"}],"twitter_card":"summary_large_image","twitter_misc":{"Dur\u00e9e de lecture estim\u00e9e":"2 minutes"},"schema":{"@context":"https:\/\/schema.org","@graph":[{"@type":"WebPage","@id":"https:\/\/www.athena-cbh.com\/fr\/elixir-spa\/","url":"https:\/\/www.athena-cbh.com\/fr\/elixir-spa\/","name":"H\u00f4tel spa am\u00e9lior\u00e9 \u00e0 Paphos, Chypre || Athena Beach Hotel","isPartOf":{"@id":"https:\/\/www.athena-cbh.com\/fr\/#website"},"primaryImageOfPage":{"@id":"https:\/\/www.athena-cbh.com\/fr\/elixir-spa\/#primaryimage"},"image":{"@id":"https:\/\/www.athena-cbh.com\/fr\/elixir-spa\/#primaryimage"},"thumbnailUrl":"https:\/\/www.athena-cbh.com\/app\/uploads\/sites\/20\/2022\/07\/65-ATHENA-BEACH-HOTEL-INDOOR-HEATED-POOL-scaled.jpg","datePublished":"2022-03-22T09:15:53+00:00","dateModified":"2024-09-16T15:54:10+00:00","description":"L'Elixir Spa a \u00e9t\u00e9 am\u00e9lior\u00e9 au sein de l'Athena Beach Hotel par Constantinou Bros, vous apportant un monde de bien-\u00eatre dans notre h\u00f4tel spa \u00e0 Paphos, Chypre.","breadcrumb":{"@id":"https:\/\/www.athena-cbh.com\/fr\/elixir-spa\/#breadcrumb"},"inLanguage":"fr-FR","potentialAction":[{"@type":"ReadAction","target":["https:\/\/www.athena-cbh.com\/fr\/elixir-spa\/"]}]},{"@type":"ImageObject","inLanguage":"fr-FR","@id":"https:\/\/www.athena-cbh.com\/fr\/elixir-spa\/#primaryimage","url":"https:\/\/www.athena-cbh.com\/app\/uploads\/sites\/20\/2022\/07\/65-ATHENA-BEACH-HOTEL-INDOOR-HEATED-POOL-scaled.jpg","contentUrl":"https:\/\/www.athena-cbh.com\/app\/uploads\/sites\/20\/2022\/07\/65-ATHENA-BEACH-HOTEL-INDOOR-HEATED-POOL-scaled.jpg","width":2560,"height":1707},{"@type":"BreadcrumbList","@id":"https:\/\/www.athena-cbh.com\/fr\/elixir-spa\/#breadcrumb","itemListElement":[{"@type":"ListItem","position":1,"name":"Home","item":"https:\/\/www.athena-cbh.com\/fr\/"},{"@type":"ListItem","position":2,"name":"Spa Elixir"}]},{"@type":"WebSite","@id":"https:\/\/www.athena-cbh.com\/fr\/#website","url":"https:\/\/www.athena-cbh.com\/fr\/","name":"Athena Beach Hotel","description":"Constantinou Bros Athena Beach Hotel, 4 star hotel in Paphos Cyprus","potentialAction":[{"@type":"SearchAction","target":{"@type":"EntryPoint","urlTemplate":"https:\/\/www.athena-cbh.com\/fr\/?s={search_term_string}"},"query-input":{"@type":"PropertyValueSpecification","valueRequired":true,"valueName":"search_term_string"}}],"inLanguage":"fr-FR"}]}},"_links":{"self":[{"href":"https:\/\/www.athena-cbh.com\/fr\/wp-json\/wp\/v2\/pages\/10928","targetHints":{"allow":["GET"]}}],"collection":[{"href":"https:\/\/www.athena-cbh.com\/fr\/wp-json\/wp\/v2\/pages"}],"about":[{"href":"https:\/\/www.athena-cbh.com\/fr\/wp-json\/wp\/v2\/types\/page"}],"author":[{"embeddable":true,"href":"https:\/\/www.athena-cbh.com\/fr\/wp-json\/wp\/v2\/users\/2"}],"replies":[{"embeddable":true,"href":"https:\/\/www.athena-cbh.com\/fr\/wp-json\/wp\/v2\/comments?post=10928"}],"version-history":[{"count":4,"href":"https:\/\/www.athena-cbh.com\/fr\/wp-json\/wp\/v2\/pages\/10928\/revisions"}],"predecessor-version":[{"id":19014,"href":"https:\/\/www.athena-cbh.com\/fr\/wp-json\/wp\/v2\/pages\/10928\/revisions\/19014"}],"wp:featuredmedia":[{"embeddable":true,"href":"https:\/\/www.athena-cbh.com\/fr\/wp-json\/wp\/v2\/media\/12848"}],"wp:attachment":[{"href":"https:\/\/www.athena-cbh.com\/fr\/wp-json\/wp\/v2\/media?parent=10928"}],"curies":[{"name":"wp","href":"https:\/\/api.w.org\/{rel}","templated":true}]}}