{"id":10918,"date":"2022-03-22T12:12:28","date_gmt":"2022-03-22T09:12:28","guid":{"rendered":"https:\/\/www.athena-cbh.com\/wedding-package\/"},"modified":"2025-07-14T15:34:19","modified_gmt":"2025-07-14T12:34:19","slug":"wedding-package","status":"publish","type":"page","link":"https:\/\/www.athena-cbh.com\/fr\/weddings\/wedding-package\/","title":{"rendered":"Paquet de mariage"},"content":{"rendered":"<h1 class=\"home-pages-title title-size text-center pt-5 font-regular\">Profitez des avantages de nos forfaits mariage en bord de mer \u00e0 Paphos<\/h1>\n<p>&nbsp;<\/p>\n<p>Notre \u00e9quipe vous aidera \u00e0 organiser votre journ\u00e9e sp\u00e9ciale. Si vous optez pour cette derni\u00e8re option mais que vous n&rsquo;avez pas envie de la mairie traditionnelle, vous pouvez choisir entre notre lieu en bord de mer ou notre gazebo situ\u00e9 dans les jardins luxuriants de notre h\u00f4tel.<\/p>\n<p>Le forfait mariage gratuit du Constantinou Bros Athena Beach Hotel comprend les \u00e9l\u00e9ments suivants :<\/p>\n<ul>\n<li>Si l&rsquo;ensemble du groupe de mariage (minimum de 10 chambres pour les mariages plus importants) s\u00e9journe au sein du groupe Constantinou Bros Hotels, la c\u00e9r\u00e9monie de mariage sous le gazebo Adonis sera offerte gratuitement, ce qui repr\u00e9sente une \u00e9conomie de 290,00 euros. Avec une capacit\u00e9 de 20 personnes (les personnes suppl\u00e9mentaires feront l&rsquo;objet d&rsquo;un suppl\u00e9ment).<\/li>\n<li>Surclassement gratuit de la chambre pour le couple de mari\u00e9s (sous r\u00e9serve de disponibilit\u00e9 dans la cat\u00e9gorie de chambre suivante, jusqu&rsquo;\u00e0 la chambre sup\u00e9rieure avec vue sur la mer).<\/li>\n<li>Petit-d\u00e9jeuner gratuit au lit avec un verre de bulles pour les mari\u00e9s le lendemain du mariage.<\/li>\n<li>Un d\u00eener aux chandelles pour le couple de mari\u00e9s (d\u00eener fixe servi dans un restaurant \u00e0 la carte).<\/li>\n<li>Vin et fruits \u00e0 l&rsquo;arriv\u00e9e.<\/li>\n<li>Sauna et bain de vapeur gratuits.<\/li>\n<li>Visite d&rsquo;inspection avant le mariage : deux jours d&rsquo;h\u00e9bergement gratuit \u00e0 l&rsquo;Athena Beach Hotel pour les mari\u00e9s. Le mariage doit d\u00e9j\u00e0 \u00eatre r\u00e9serv\u00e9 aupr\u00e8s de l&rsquo;h\u00f4tel et les deux jours ne peuvent pas \u00eatre ajout\u00e9s \u00e0 votre s\u00e9jour de mariage. Conditions de s\u00e9jour : chambre standard avec vue sur la terre, avec petit-d\u00e9jeuner. <\/li>\n<\/ul>\n<p>&nbsp;<\/p>\n","protected":false},"excerpt":{"rendered":"<p>Profitez des avantages de nos forfaits mariage en bord de mer \u00e0 Paphos &nbsp; Notre \u00e9quipe vous aidera \u00e0 organiser votre journ\u00e9e sp\u00e9ciale. Si vous optez pour cette derni\u00e8re option mais que vous n&rsquo;avez pas envie de la mairie traditionnelle, vous pouvez choisir entre notre lieu en bord de mer ou notre gazebo situ\u00e9 dans<\/p>\n","protected":false},"author":9,"featured_media":22077,"parent":10920,"menu_order":0,"comment_status":"closed","ping_status":"closed","template":"","meta":{"_acf_changed":false,"footnotes":""},"class_list":["post-10918","page","type-page","status-publish","has-post-thumbnail","hentry"],"acf":[],"yoast_head":"<!-- This site is optimized with the Yoast SEO plugin v27.5 - https:\/\/yoast.com\/product\/yoast-seo-wordpress\/ -->\n<title>Mariage en bord de mer \u00e0 Paphos || Athena Beach Hotel<\/title>\n<meta name=\"description\" content=\"Profitez des nombreux avantages de nos forfaits mariage \u00e0 Paphos \u00e0 l&#039;Athena Beach Hotel, qui offre un cadre idyllique en bord de mer et des \u00e9conomies lorsque les invit\u00e9s s\u00e9journent chez nous.\" \/>\n<meta name=\"robots\" content=\"index, follow, max-snippet:-1, max-image-preview:large, max-video-preview:-1\" \/>\n<link rel=\"canonical\" href=\"https:\/\/www.athena-cbh.com\/fr\/weddings\/wedding-package\/\" \/>\n<meta property=\"og:locale\" content=\"fr_FR\" \/>\n<meta property=\"og:type\" content=\"article\" \/>\n<meta property=\"og:title\" content=\"Mariage en bord de mer \u00e0 Paphos || Athena Beach Hotel\" \/>\n<meta property=\"og:description\" content=\"Profitez des nombreux avantages de nos forfaits mariage \u00e0 Paphos \u00e0 l&#039;Athena Beach Hotel, qui offre un cadre idyllique en bord de mer et des \u00e9conomies lorsque les invit\u00e9s s\u00e9journent chez nous.\" \/>\n<meta property=\"og:url\" content=\"https:\/\/www.athena-cbh.com\/fr\/weddings\/wedding-package\/\" \/>\n<meta property=\"og:site_name\" content=\"Athena Beach Hotel\" \/>\n<meta property=\"article:modified_time\" content=\"2025-07-14T12:34:19+00:00\" \/>\n<meta property=\"og:image\" content=\"https:\/\/www.athena-cbh.com\/app\/uploads\/sites\/20\/2025\/05\/398-e1747894948120.png\" \/>\n\t<meta property=\"og:image:width\" content=\"800\" \/>\n\t<meta property=\"og:image:height\" content=\"533\" \/>\n\t<meta property=\"og:image:type\" content=\"image\/png\" \/>\n<meta name=\"twitter:card\" content=\"summary_large_image\" \/>\n<meta name=\"twitter:label1\" content=\"Dur\u00e9e de lecture estim\u00e9e\" \/>\n\t<meta name=\"twitter:data1\" content=\"2 minutes\" \/>\n<script type=\"application\/ld+json\" class=\"yoast-schema-graph\">{\"@context\":\"https:\\\/\\\/schema.org\",\"@graph\":[{\"@type\":\"WebPage\",\"@id\":\"https:\\\/\\\/www.athena-cbh.com\\\/fr\\\/weddings\\\/wedding-package\\\/\",\"url\":\"https:\\\/\\\/www.athena-cbh.com\\\/fr\\\/weddings\\\/wedding-package\\\/\",\"name\":\"Mariage en bord de mer \u00e0 Paphos || Athena Beach Hotel\",\"isPartOf\":{\"@id\":\"https:\\\/\\\/www.athena-cbh.com\\\/fr\\\/#website\"},\"primaryImageOfPage\":{\"@id\":\"https:\\\/\\\/www.athena-cbh.com\\\/fr\\\/weddings\\\/wedding-package\\\/#primaryimage\"},\"image\":{\"@id\":\"https:\\\/\\\/www.athena-cbh.com\\\/fr\\\/weddings\\\/wedding-package\\\/#primaryimage\"},\"thumbnailUrl\":\"https:\\\/\\\/www.athena-cbh.com\\\/app\\\/uploads\\\/sites\\\/20\\\/2025\\\/05\\\/398-e1747894948120.png\",\"datePublished\":\"2022-03-22T09:12:28+00:00\",\"dateModified\":\"2025-07-14T12:34:19+00:00\",\"description\":\"Profitez des nombreux avantages de nos forfaits mariage \u00e0 Paphos \u00e0 l'Athena Beach Hotel, qui offre un cadre idyllique en bord de mer et des \u00e9conomies lorsque les invit\u00e9s s\u00e9journent chez nous.\",\"breadcrumb\":{\"@id\":\"https:\\\/\\\/www.athena-cbh.com\\\/fr\\\/weddings\\\/wedding-package\\\/#breadcrumb\"},\"inLanguage\":\"fr-FR\",\"potentialAction\":[{\"@type\":\"ReadAction\",\"target\":[\"https:\\\/\\\/www.athena-cbh.com\\\/fr\\\/weddings\\\/wedding-package\\\/\"]}]},{\"@type\":\"ImageObject\",\"inLanguage\":\"fr-FR\",\"@id\":\"https:\\\/\\\/www.athena-cbh.com\\\/fr\\\/weddings\\\/wedding-package\\\/#primaryimage\",\"url\":\"https:\\\/\\\/www.athena-cbh.com\\\/app\\\/uploads\\\/sites\\\/20\\\/2025\\\/05\\\/398-e1747894948120.png\",\"contentUrl\":\"https:\\\/\\\/www.athena-cbh.com\\\/app\\\/uploads\\\/sites\\\/20\\\/2025\\\/05\\\/398-e1747894948120.png\",\"width\":800,\"height\":533},{\"@type\":\"BreadcrumbList\",\"@id\":\"https:\\\/\\\/www.athena-cbh.com\\\/fr\\\/weddings\\\/wedding-package\\\/#breadcrumb\",\"itemListElement\":[{\"@type\":\"ListItem\",\"position\":1,\"name\":\"Home\",\"item\":\"https:\\\/\\\/www.athena-cbh.com\\\/fr\\\/\"},{\"@type\":\"ListItem\",\"position\":2,\"name\":\"Mariages\",\"item\":\"https:\\\/\\\/www.athena-cbh.com\\\/fr\\\/weddings\\\/\"},{\"@type\":\"ListItem\",\"position\":3,\"name\":\"Paquet de mariage\"}]},{\"@type\":\"WebSite\",\"@id\":\"https:\\\/\\\/www.athena-cbh.com\\\/fr\\\/#website\",\"url\":\"https:\\\/\\\/www.athena-cbh.com\\\/fr\\\/\",\"name\":\"Athena Beach Hotel\",\"description\":\"Constantinou Bros Athena Beach Hotel, 4 star hotel in Paphos Cyprus\",\"potentialAction\":[{\"@type\":\"SearchAction\",\"target\":{\"@type\":\"EntryPoint\",\"urlTemplate\":\"https:\\\/\\\/www.athena-cbh.com\\\/fr\\\/?s={search_term_string}\"},\"query-input\":{\"@type\":\"PropertyValueSpecification\",\"valueRequired\":true,\"valueName\":\"search_term_string\"}}],\"inLanguage\":\"fr-FR\"}]}<\/script>\n<!-- \/ Yoast SEO plugin. -->","yoast_head_json":{"title":"Mariage en bord de mer \u00e0 Paphos || Athena Beach Hotel","description":"Profitez des nombreux avantages de nos forfaits mariage \u00e0 Paphos \u00e0 l'Athena Beach Hotel, qui offre un cadre idyllique en bord de mer et des \u00e9conomies lorsque les invit\u00e9s s\u00e9journent chez nous.","robots":{"index":"index","follow":"follow","max-snippet":"max-snippet:-1","max-image-preview":"max-image-preview:large","max-video-preview":"max-video-preview:-1"},"canonical":"https:\/\/www.athena-cbh.com\/fr\/weddings\/wedding-package\/","og_locale":"fr_FR","og_type":"article","og_title":"Mariage en bord de mer \u00e0 Paphos || Athena Beach Hotel","og_description":"Profitez des nombreux avantages de nos forfaits mariage \u00e0 Paphos \u00e0 l'Athena Beach Hotel, qui offre un cadre idyllique en bord de mer et des \u00e9conomies lorsque les invit\u00e9s s\u00e9journent chez nous.","og_url":"https:\/\/www.athena-cbh.com\/fr\/weddings\/wedding-package\/","og_site_name":"Athena Beach Hotel","article_modified_time":"2025-07-14T12:34:19+00:00","og_image":[{"width":800,"height":533,"url":"https:\/\/www.athena-cbh.com\/app\/uploads\/sites\/20\/2025\/05\/398-e1747894948120.png","type":"image\/png"}],"twitter_card":"summary_large_image","twitter_misc":{"Dur\u00e9e de lecture estim\u00e9e":"2 minutes"},"schema":{"@context":"https:\/\/schema.org","@graph":[{"@type":"WebPage","@id":"https:\/\/www.athena-cbh.com\/fr\/weddings\/wedding-package\/","url":"https:\/\/www.athena-cbh.com\/fr\/weddings\/wedding-package\/","name":"Mariage en bord de mer \u00e0 Paphos || Athena Beach Hotel","isPartOf":{"@id":"https:\/\/www.athena-cbh.com\/fr\/#website"},"primaryImageOfPage":{"@id":"https:\/\/www.athena-cbh.com\/fr\/weddings\/wedding-package\/#primaryimage"},"image":{"@id":"https:\/\/www.athena-cbh.com\/fr\/weddings\/wedding-package\/#primaryimage"},"thumbnailUrl":"https:\/\/www.athena-cbh.com\/app\/uploads\/sites\/20\/2025\/05\/398-e1747894948120.png","datePublished":"2022-03-22T09:12:28+00:00","dateModified":"2025-07-14T12:34:19+00:00","description":"Profitez des nombreux avantages de nos forfaits mariage \u00e0 Paphos \u00e0 l'Athena Beach Hotel, qui offre un cadre idyllique en bord de mer et des \u00e9conomies lorsque les invit\u00e9s s\u00e9journent chez nous.","breadcrumb":{"@id":"https:\/\/www.athena-cbh.com\/fr\/weddings\/wedding-package\/#breadcrumb"},"inLanguage":"fr-FR","potentialAction":[{"@type":"ReadAction","target":["https:\/\/www.athena-cbh.com\/fr\/weddings\/wedding-package\/"]}]},{"@type":"ImageObject","inLanguage":"fr-FR","@id":"https:\/\/www.athena-cbh.com\/fr\/weddings\/wedding-package\/#primaryimage","url":"https:\/\/www.athena-cbh.com\/app\/uploads\/sites\/20\/2025\/05\/398-e1747894948120.png","contentUrl":"https:\/\/www.athena-cbh.com\/app\/uploads\/sites\/20\/2025\/05\/398-e1747894948120.png","width":800,"height":533},{"@type":"BreadcrumbList","@id":"https:\/\/www.athena-cbh.com\/fr\/weddings\/wedding-package\/#breadcrumb","itemListElement":[{"@type":"ListItem","position":1,"name":"Home","item":"https:\/\/www.athena-cbh.com\/fr\/"},{"@type":"ListItem","position":2,"name":"Mariages","item":"https:\/\/www.athena-cbh.com\/fr\/weddings\/"},{"@type":"ListItem","position":3,"name":"Paquet de mariage"}]},{"@type":"WebSite","@id":"https:\/\/www.athena-cbh.com\/fr\/#website","url":"https:\/\/www.athena-cbh.com\/fr\/","name":"Athena Beach Hotel","description":"Constantinou Bros Athena Beach Hotel, 4 star hotel in Paphos Cyprus","potentialAction":[{"@type":"SearchAction","target":{"@type":"EntryPoint","urlTemplate":"https:\/\/www.athena-cbh.com\/fr\/?s={search_term_string}"},"query-input":{"@type":"PropertyValueSpecification","valueRequired":true,"valueName":"search_term_string"}}],"inLanguage":"fr-FR"}]}},"_links":{"self":[{"href":"https:\/\/www.athena-cbh.com\/fr\/wp-json\/wp\/v2\/pages\/10918","targetHints":{"allow":["GET"]}}],"collection":[{"href":"https:\/\/www.athena-cbh.com\/fr\/wp-json\/wp\/v2\/pages"}],"about":[{"href":"https:\/\/www.athena-cbh.com\/fr\/wp-json\/wp\/v2\/types\/page"}],"author":[{"embeddable":true,"href":"https:\/\/www.athena-cbh.com\/fr\/wp-json\/wp\/v2\/users\/9"}],"replies":[{"embeddable":true,"href":"https:\/\/www.athena-cbh.com\/fr\/wp-json\/wp\/v2\/comments?post=10918"}],"version-history":[{"count":7,"href":"https:\/\/www.athena-cbh.com\/fr\/wp-json\/wp\/v2\/pages\/10918\/revisions"}],"predecessor-version":[{"id":22279,"href":"https:\/\/www.athena-cbh.com\/fr\/wp-json\/wp\/v2\/pages\/10918\/revisions\/22279"}],"up":[{"embeddable":true,"href":"https:\/\/www.athena-cbh.com\/fr\/wp-json\/wp\/v2\/pages\/10920"}],"wp:featuredmedia":[{"embeddable":true,"href":"https:\/\/www.athena-cbh.com\/fr\/wp-json\/wp\/v2\/media\/22077"}],"wp:attachment":[{"href":"https:\/\/www.athena-cbh.com\/fr\/wp-json\/wp\/v2\/media?parent=10918"}],"curies":[{"name":"wp","href":"https:\/\/api.w.org\/{rel}","templated":true}]}}