{"id":10914,"date":"2022-03-22T12:08:27","date_gmt":"2022-03-22T09:08:27","guid":{"rendered":"https:\/\/www.athena-cbh.com\/restaurants\/"},"modified":"2024-09-16T18:54:06","modified_gmt":"2024-09-16T15:54:06","slug":"restaurants","status":"publish","type":"page","link":"https:\/\/www.athena-cbh.com\/fr\/dining\/restaurants\/","title":{"rendered":"Restaurants"},"content":{"rendered":"<h1 class=\"home-pages-title title-size text-center pt-5 font-regular\">D\u00e9couvrez les restaurants de l&rsquo;h\u00f4tel Athena Beach \u00e0 Paphos<\/h1>\n<p>\u00c0 l&rsquo;Athena Beach Hotel, vous pouvez profiter d&rsquo;une exp\u00e9rience gastronomique unique dans une atmosph\u00e8re charmante et relaxante. Nos chefs sont pr\u00eats \u00e0 ravir vos papilles avec leurs cr\u00e9ations culinaires !<\/p>\n<h4><strong>Restaurant Atrium<\/strong><\/h4>\n<p>Ouvert pour : Petit-d\u00e9jeuner, d\u00e9jeuner et d\u00eener.<br \/>\nPour un petit d\u00e9jeuner buffet copieux, un d\u00e9jeuner et de d\u00e9licieux d\u00eeners buffets : cuisine italienne authentique, saveurs robustes de la M\u00e9diterran\u00e9e, d\u00e9lices \u00e9pic\u00e9s de l&rsquo;Extr\u00eame-Orient et, bien s\u00fbr, saveurs de Chypre qui raviront votre palais.<\/p>\n<h4><strong>Restaurant Zephyr (r\u00e9serv\u00e9 aux adultes) <\/strong><\/h4>\n<p>Ouvert pour : Petit-d\u00e9jeuner buffet m\u00e9diterran\u00e9en et d\u00eener \u00e0 la carte \/ Table d&rsquo;h\u00f4tel. Le restaurant Zephyr est r\u00e9serv\u00e9 aux clients de plus de 16 ans et propose un riche buffet m\u00e9diterran\u00e9en pour le petit-d\u00e9jeuner et une cuisine aux somptueuses saveurs internationales pour le d\u00eener \u00e0 la carte\/Table d&rsquo;h\u00f4tel (sur r\u00e9servation).<br \/>\nLes clients en demi-pension peuvent \u00e9galement y d\u00e9guster un menu fixe de quatre plats sans payer de suppl\u00e9ment.<\/p>\n<h4><strong>Adonis Restaurant &#8211; M\u00e9diterran\u00e9e<\/strong><\/h4>\n<p>Ouvert pour : D\u00e9jeuner, go\u00fbter et d\u00eener (\u00e9t\u00e9). Au bord de la piscine, on sert des boissons, des grillades tendres, des snacks et des desserts.<\/p>\n<h4><strong>Leda Italian Restaurant<\/strong><\/h4>\n<p>Ouvert pour : Petit-d\u00e9jeuner pour la classe Elite, d\u00e9jeuner, go\u00fbter et d\u00eener. Le restaurant Leda, situ\u00e9 au bord de la piscine, propose un petit d\u00e9jeuner buffet m\u00e9diterran\u00e9en aux clients de la chambre Elite. Il est \u00e9galement ouvert pour des repas l\u00e9gers ou des salades rafra\u00eechissantes pour le d\u00e9jeuner, une douceur irr\u00e9sistible ou une boisson d\u00e9salt\u00e9rante et un d\u00eener italien \u00e0 la carte.<\/p>\n<h4><strong>Restaurant Palm Tree<\/strong><\/h4>\n<p>D\u00eener : Al Fresco, d\u00eener \u00e0 la carte (\u00e9t\u00e9 \/ sur demande). Situ\u00e9 au milieu des palmiers, dans une ambiance agr\u00e9able, le Palm Tree Restaurant propose de somptueux plats \u00e0 la carte pour le d\u00eener, \u00e0 d\u00e9guster en plein air.<\/p>\n<h4><strong>Bar de la plage Helios<\/strong><\/h4>\n<p>Ouvert pour : D\u00e9jeuner et go\u00fbter. Pendant la journ\u00e9e, c&rsquo;est l&rsquo;endroit id\u00e9al pour se d\u00e9tendre au bord de la mer et profiter d&rsquo;une vari\u00e9t\u00e9 de repas l\u00e9gers pour le d\u00e9jeuner ou de divers snacks dans l&rsquo;apr\u00e8s-midi avec une boisson rafra\u00eechissante.<\/p>\n<h4><strong>*Code vestimentaire<\/strong><\/h4>\n<ul>\n<li>Les clients sont pri\u00e9s de s&rsquo;habiller de mani\u00e8re appropri\u00e9e dans tous les restaurants et bars en soir\u00e9e (les shorts, les t-shirts sans manches, les maillots de bain et les tongs ne sont pas autoris\u00e9s).<\/li>\n<li>Les messieurs sont pri\u00e9s de porter des pantalons longs dans le restaurant \u00e0 la carte Zephyr le soir.<\/li>\n<li>Les v\u00eatements d\u00e9contract\u00e9s sont accept\u00e9s dans toutes les zones publiques. N\u00e9anmoins, les seins nus, les v\u00eatements mouill\u00e9s ou les maillots de bain ne sont pas autoris\u00e9s dans les espaces publics int\u00e9rieurs, notamment le hall, les bars et les restaurants.<\/li>\n<\/ul>\n","protected":false},"excerpt":{"rendered":"<p>D\u00e9couvrez les restaurants de l&rsquo;h\u00f4tel Athena Beach \u00e0 Paphos \u00c0 l&rsquo;Athena Beach Hotel, vous pouvez profiter d&rsquo;une exp\u00e9rience gastronomique unique dans une atmosph\u00e8re charmante et relaxante. Nos chefs sont pr\u00eats \u00e0 ravir vos papilles avec leurs cr\u00e9ations culinaires ! Restaurant Atrium Ouvert pour : Petit-d\u00e9jeuner, d\u00e9jeuner et d\u00eener. Pour un petit d\u00e9jeuner buffet copieux, un<\/p>\n","protected":false},"author":2,"featured_media":10748,"parent":10936,"menu_order":0,"comment_status":"closed","ping_status":"closed","template":"","meta":{"_acf_changed":false,"footnotes":""},"class_list":["post-10914","page","type-page","status-publish","has-post-thumbnail","hentry"],"acf":[],"yoast_head":"<!-- This site is optimized with the Yoast SEO plugin v27.5 - https:\/\/yoast.com\/product\/yoast-seo-wordpress\/ -->\n<title>D\u00eener dans les restaurants de l&#039;h\u00f4tel Athena Beach \u00e0 Paphos || Athena Beach<\/title>\n<meta name=\"description\" content=\"R\u00e9galez vos papilles avec les cr\u00e9ations culinaires servies dans les restaurants de l&#039;Athena beach hotel Paphos, qui proposent une cuisine m\u00e9diterran\u00e9enne et italienne, et bien plus encore !\" \/>\n<meta name=\"robots\" content=\"index, follow, max-snippet:-1, max-image-preview:large, max-video-preview:-1\" \/>\n<link rel=\"canonical\" href=\"https:\/\/www.athena-cbh.com\/fr\/dining\/restaurants\/\" \/>\n<meta property=\"og:locale\" content=\"fr_FR\" \/>\n<meta property=\"og:type\" content=\"article\" \/>\n<meta property=\"og:title\" content=\"D\u00eener dans les restaurants de l&#039;h\u00f4tel Athena Beach \u00e0 Paphos || Athena Beach\" \/>\n<meta property=\"og:description\" content=\"R\u00e9galez vos papilles avec les cr\u00e9ations culinaires servies dans les restaurants de l&#039;Athena beach hotel Paphos, qui proposent une cuisine m\u00e9diterran\u00e9enne et italienne, et bien plus encore !\" \/>\n<meta property=\"og:url\" content=\"https:\/\/www.athena-cbh.com\/fr\/dining\/restaurants\/\" \/>\n<meta property=\"og:site_name\" content=\"Athena Beach Hotel\" \/>\n<meta property=\"article:modified_time\" content=\"2024-09-16T15:54:06+00:00\" \/>\n<meta property=\"og:image\" content=\"https:\/\/www.athena-cbh.com\/app\/uploads\/sites\/20\/2019\/05\/17-athena-beach-hotel-adonis-restaurant_resized.jpg\" \/>\n\t<meta property=\"og:image:width\" content=\"1920\" \/>\n\t<meta property=\"og:image:height\" content=\"1280\" \/>\n\t<meta property=\"og:image:type\" content=\"image\/jpeg\" \/>\n<meta name=\"twitter:card\" content=\"summary_large_image\" \/>\n<meta name=\"twitter:label1\" content=\"Dur\u00e9e de lecture estim\u00e9e\" \/>\n\t<meta name=\"twitter:data1\" content=\"3 minutes\" \/>\n<script type=\"application\/ld+json\" class=\"yoast-schema-graph\">{\"@context\":\"https:\\\/\\\/schema.org\",\"@graph\":[{\"@type\":\"WebPage\",\"@id\":\"https:\\\/\\\/www.athena-cbh.com\\\/fr\\\/dining\\\/restaurants\\\/\",\"url\":\"https:\\\/\\\/www.athena-cbh.com\\\/fr\\\/dining\\\/restaurants\\\/\",\"name\":\"D\u00eener dans les restaurants de l'h\u00f4tel Athena Beach \u00e0 Paphos || Athena Beach\",\"isPartOf\":{\"@id\":\"https:\\\/\\\/www.athena-cbh.com\\\/fr\\\/#website\"},\"primaryImageOfPage\":{\"@id\":\"https:\\\/\\\/www.athena-cbh.com\\\/fr\\\/dining\\\/restaurants\\\/#primaryimage\"},\"image\":{\"@id\":\"https:\\\/\\\/www.athena-cbh.com\\\/fr\\\/dining\\\/restaurants\\\/#primaryimage\"},\"thumbnailUrl\":\"https:\\\/\\\/www.athena-cbh.com\\\/app\\\/uploads\\\/sites\\\/20\\\/2019\\\/05\\\/17-athena-beach-hotel-adonis-restaurant_resized.jpg\",\"datePublished\":\"2022-03-22T09:08:27+00:00\",\"dateModified\":\"2024-09-16T15:54:06+00:00\",\"description\":\"R\u00e9galez vos papilles avec les cr\u00e9ations culinaires servies dans les restaurants de l'Athena beach hotel Paphos, qui proposent une cuisine m\u00e9diterran\u00e9enne et italienne, et bien plus encore !\",\"breadcrumb\":{\"@id\":\"https:\\\/\\\/www.athena-cbh.com\\\/fr\\\/dining\\\/restaurants\\\/#breadcrumb\"},\"inLanguage\":\"fr-FR\",\"potentialAction\":[{\"@type\":\"ReadAction\",\"target\":[\"https:\\\/\\\/www.athena-cbh.com\\\/fr\\\/dining\\\/restaurants\\\/\"]}]},{\"@type\":\"ImageObject\",\"inLanguage\":\"fr-FR\",\"@id\":\"https:\\\/\\\/www.athena-cbh.com\\\/fr\\\/dining\\\/restaurants\\\/#primaryimage\",\"url\":\"https:\\\/\\\/www.athena-cbh.com\\\/app\\\/uploads\\\/sites\\\/20\\\/2019\\\/05\\\/17-athena-beach-hotel-adonis-restaurant_resized.jpg\",\"contentUrl\":\"https:\\\/\\\/www.athena-cbh.com\\\/app\\\/uploads\\\/sites\\\/20\\\/2019\\\/05\\\/17-athena-beach-hotel-adonis-restaurant_resized.jpg\",\"width\":1920,\"height\":1280,\"caption\":\"D\u00eenez avec style\"},{\"@type\":\"BreadcrumbList\",\"@id\":\"https:\\\/\\\/www.athena-cbh.com\\\/fr\\\/dining\\\/restaurants\\\/#breadcrumb\",\"itemListElement\":[{\"@type\":\"ListItem\",\"position\":1,\"name\":\"Home\",\"item\":\"https:\\\/\\\/www.athena-cbh.com\\\/fr\\\/\"},{\"@type\":\"ListItem\",\"position\":2,\"name\":\"Salle \u00e0 manger\",\"item\":\"https:\\\/\\\/www.athena-cbh.com\\\/fr\\\/dining\\\/\"},{\"@type\":\"ListItem\",\"position\":3,\"name\":\"Restaurants\"}]},{\"@type\":\"WebSite\",\"@id\":\"https:\\\/\\\/www.athena-cbh.com\\\/fr\\\/#website\",\"url\":\"https:\\\/\\\/www.athena-cbh.com\\\/fr\\\/\",\"name\":\"Athena Beach Hotel\",\"description\":\"Constantinou Bros Athena Beach Hotel, 4 star hotel in Paphos Cyprus\",\"potentialAction\":[{\"@type\":\"SearchAction\",\"target\":{\"@type\":\"EntryPoint\",\"urlTemplate\":\"https:\\\/\\\/www.athena-cbh.com\\\/fr\\\/?s={search_term_string}\"},\"query-input\":{\"@type\":\"PropertyValueSpecification\",\"valueRequired\":true,\"valueName\":\"search_term_string\"}}],\"inLanguage\":\"fr-FR\"}]}<\/script>\n<!-- \/ Yoast SEO plugin. -->","yoast_head_json":{"title":"D\u00eener dans les restaurants de l'h\u00f4tel Athena Beach \u00e0 Paphos || Athena Beach","description":"R\u00e9galez vos papilles avec les cr\u00e9ations culinaires servies dans les restaurants de l'Athena beach hotel Paphos, qui proposent une cuisine m\u00e9diterran\u00e9enne et italienne, et bien plus encore !","robots":{"index":"index","follow":"follow","max-snippet":"max-snippet:-1","max-image-preview":"max-image-preview:large","max-video-preview":"max-video-preview:-1"},"canonical":"https:\/\/www.athena-cbh.com\/fr\/dining\/restaurants\/","og_locale":"fr_FR","og_type":"article","og_title":"D\u00eener dans les restaurants de l'h\u00f4tel Athena Beach \u00e0 Paphos || Athena Beach","og_description":"R\u00e9galez vos papilles avec les cr\u00e9ations culinaires servies dans les restaurants de l'Athena beach hotel Paphos, qui proposent une cuisine m\u00e9diterran\u00e9enne et italienne, et bien plus encore !","og_url":"https:\/\/www.athena-cbh.com\/fr\/dining\/restaurants\/","og_site_name":"Athena Beach Hotel","article_modified_time":"2024-09-16T15:54:06+00:00","og_image":[{"width":1920,"height":1280,"url":"https:\/\/www.athena-cbh.com\/app\/uploads\/sites\/20\/2019\/05\/17-athena-beach-hotel-adonis-restaurant_resized.jpg","type":"image\/jpeg"}],"twitter_card":"summary_large_image","twitter_misc":{"Dur\u00e9e de lecture estim\u00e9e":"3 minutes"},"schema":{"@context":"https:\/\/schema.org","@graph":[{"@type":"WebPage","@id":"https:\/\/www.athena-cbh.com\/fr\/dining\/restaurants\/","url":"https:\/\/www.athena-cbh.com\/fr\/dining\/restaurants\/","name":"D\u00eener dans les restaurants de l'h\u00f4tel Athena Beach \u00e0 Paphos || Athena Beach","isPartOf":{"@id":"https:\/\/www.athena-cbh.com\/fr\/#website"},"primaryImageOfPage":{"@id":"https:\/\/www.athena-cbh.com\/fr\/dining\/restaurants\/#primaryimage"},"image":{"@id":"https:\/\/www.athena-cbh.com\/fr\/dining\/restaurants\/#primaryimage"},"thumbnailUrl":"https:\/\/www.athena-cbh.com\/app\/uploads\/sites\/20\/2019\/05\/17-athena-beach-hotel-adonis-restaurant_resized.jpg","datePublished":"2022-03-22T09:08:27+00:00","dateModified":"2024-09-16T15:54:06+00:00","description":"R\u00e9galez vos papilles avec les cr\u00e9ations culinaires servies dans les restaurants de l'Athena beach hotel Paphos, qui proposent une cuisine m\u00e9diterran\u00e9enne et italienne, et bien plus encore !","breadcrumb":{"@id":"https:\/\/www.athena-cbh.com\/fr\/dining\/restaurants\/#breadcrumb"},"inLanguage":"fr-FR","potentialAction":[{"@type":"ReadAction","target":["https:\/\/www.athena-cbh.com\/fr\/dining\/restaurants\/"]}]},{"@type":"ImageObject","inLanguage":"fr-FR","@id":"https:\/\/www.athena-cbh.com\/fr\/dining\/restaurants\/#primaryimage","url":"https:\/\/www.athena-cbh.com\/app\/uploads\/sites\/20\/2019\/05\/17-athena-beach-hotel-adonis-restaurant_resized.jpg","contentUrl":"https:\/\/www.athena-cbh.com\/app\/uploads\/sites\/20\/2019\/05\/17-athena-beach-hotel-adonis-restaurant_resized.jpg","width":1920,"height":1280,"caption":"D\u00eenez avec style"},{"@type":"BreadcrumbList","@id":"https:\/\/www.athena-cbh.com\/fr\/dining\/restaurants\/#breadcrumb","itemListElement":[{"@type":"ListItem","position":1,"name":"Home","item":"https:\/\/www.athena-cbh.com\/fr\/"},{"@type":"ListItem","position":2,"name":"Salle \u00e0 manger","item":"https:\/\/www.athena-cbh.com\/fr\/dining\/"},{"@type":"ListItem","position":3,"name":"Restaurants"}]},{"@type":"WebSite","@id":"https:\/\/www.athena-cbh.com\/fr\/#website","url":"https:\/\/www.athena-cbh.com\/fr\/","name":"Athena Beach Hotel","description":"Constantinou Bros Athena Beach Hotel, 4 star hotel in Paphos Cyprus","potentialAction":[{"@type":"SearchAction","target":{"@type":"EntryPoint","urlTemplate":"https:\/\/www.athena-cbh.com\/fr\/?s={search_term_string}"},"query-input":{"@type":"PropertyValueSpecification","valueRequired":true,"valueName":"search_term_string"}}],"inLanguage":"fr-FR"}]}},"_links":{"self":[{"href":"https:\/\/www.athena-cbh.com\/fr\/wp-json\/wp\/v2\/pages\/10914","targetHints":{"allow":["GET"]}}],"collection":[{"href":"https:\/\/www.athena-cbh.com\/fr\/wp-json\/wp\/v2\/pages"}],"about":[{"href":"https:\/\/www.athena-cbh.com\/fr\/wp-json\/wp\/v2\/types\/page"}],"author":[{"embeddable":true,"href":"https:\/\/www.athena-cbh.com\/fr\/wp-json\/wp\/v2\/users\/2"}],"replies":[{"embeddable":true,"href":"https:\/\/www.athena-cbh.com\/fr\/wp-json\/wp\/v2\/comments?post=10914"}],"version-history":[{"count":3,"href":"https:\/\/www.athena-cbh.com\/fr\/wp-json\/wp\/v2\/pages\/10914\/revisions"}],"predecessor-version":[{"id":20592,"href":"https:\/\/www.athena-cbh.com\/fr\/wp-json\/wp\/v2\/pages\/10914\/revisions\/20592"}],"up":[{"embeddable":true,"href":"https:\/\/www.athena-cbh.com\/fr\/wp-json\/wp\/v2\/pages\/10936"}],"wp:featuredmedia":[{"embeddable":true,"href":"https:\/\/www.athena-cbh.com\/fr\/wp-json\/wp\/v2\/media\/10748"}],"wp:attachment":[{"href":"https:\/\/www.athena-cbh.com\/fr\/wp-json\/wp\/v2\/media?parent=10914"}],"curies":[{"name":"wp","href":"https:\/\/api.w.org\/{rel}","templated":true}]}}