{"id":10910,"date":"2022-03-22T12:07:58","date_gmt":"2022-03-22T09:07:58","guid":{"rendered":"https:\/\/www.athena-cbh.com\/wedding-venues\/"},"modified":"2025-07-14T15:34:15","modified_gmt":"2025-07-14T12:34:15","slug":"wedding-venues","status":"publish","type":"page","link":"https:\/\/www.athena-cbh.com\/fr\/weddings\/wedding-venues\/","title":{"rendered":"Lieux de mariage"},"content":{"rendered":"<p>Les h\u00f4tels Constantinou Bros promettent un mariage parfait dans un d\u00e9cor plein de couleurs magiques et d&rsquo;\u00e9motions fortes au bord de la mer. Offrant les meilleurs services de mariage et les plus complets, nous cr\u00e9ons des \u00e9v\u00e9nements uniques et personnels.<\/p>\n<p>Accueillez vos invit\u00e9s dans les jardins relaxants de l&rsquo;Athena Beach Hotel et profitez de la r\u00e9ception que nous pr\u00e9parerons avec vos choix dans nos d\u00e9licieux menus. Pourquoi ne pas offrir \u00e0 votre famille et \u00e0 vos amis une part du succulent g\u00e2teau de mariage accompagn\u00e9 d&rsquo;une coupe de champagne bien fra\u00eeche pour porter un toast \u00e0 votre nouvelle aventure.  Commencez votre nouvelle vie en beaut\u00e9 dans l&rsquo;une de nos luxueuses chambres ou suites, apr\u00e8s avoir r\u00e9alis\u00e9 un mariage de r\u00eave.<\/p>\n<p>&nbsp;<\/p>\n<p><strong>Mariage sous le gazebo Adonis (capacit\u00e9 40 pax)<\/strong><\/p>\n<ul>\n<li>Situ\u00e9 sur un emplacement romantique en bord de mer, il comprend :<\/li>\n<li>Gazebo pour le couple de mari\u00e9s uniquement<\/li>\n<li>2 porte-bougies<\/li>\n<li>Table de service<\/li>\n<li>Chaises avec housses de si\u00e8ge blanches et n\u0153uds blancs<\/li>\n<li>Tapis<\/li>\n<li>1 composition florale pour la table<\/li>\n<\/ul>\n<p>Tarif minimum de 290 \u20ac (jusqu&rsquo;\u00e0 20 pax). Pour plus de 20 pax, co\u00fbt suppl\u00e9mentaire de 6,00 \u20ac par personne.<\/p>\n<p>Si l&rsquo;ensemble du groupe de mariage (minimum de 10 chambres pour les mariages plus importants) s\u00e9journe dans le groupe d&rsquo;h\u00f4tels Constantinou Bros, la c\u00e9r\u00e9monie de mariage sous le gazebo Adonis sera offerte gratuitement, ce qui repr\u00e9sente une \u00e9conomie de 290,00 euros.<\/p>\n<p>&nbsp;<\/p>\n<p><strong>Persefoni Deluxe Gazebo Wedding (capacit\u00e9 60 pax)<\/strong><\/p>\n<ul>\n<li>Cadre romantique dans les jardins \u00e0 c\u00f4t\u00e9 de la mer et comprend :<\/li>\n<li>Gazebo de mariage d\u00e9cor\u00e9 de luxe (Gazebo pour les mari\u00e9s et tous les invit\u00e9s)<\/li>\n<li>2 porte-bougies<\/li>\n<li>Table de service<\/li>\n<li>D\u00e9corations en voile<\/li>\n<li>2 stands de fleurs, y compris les fleurs, et 1 arrangement de table<\/li>\n<li>Chaises avec housses de si\u00e8ge blanches et n\u0153uds blancs<\/li>\n<li>Tapis<\/li>\n<\/ul>\n<p>Tarif minimum de 650 \u20ac (jusqu&rsquo;\u00e0 20 personnes). Pour plus de 20 pax, co\u00fbt suppl\u00e9mentaire de 6 \u20ac par personne.<\/p>\n","protected":false},"excerpt":{"rendered":"<p>Les h\u00f4tels Constantinou Bros promettent un mariage parfait dans un d\u00e9cor plein de couleurs magiques et d&rsquo;\u00e9motions fortes au bord de la mer. Offrant les meilleurs services de mariage et les plus complets, nous cr\u00e9ons des \u00e9v\u00e9nements uniques et personnels. Accueillez vos invit\u00e9s dans les jardins relaxants de l&rsquo;Athena Beach Hotel et profitez de la<\/p>\n","protected":false},"author":9,"featured_media":17341,"parent":10920,"menu_order":0,"comment_status":"closed","ping_status":"closed","template":"","meta":{"_acf_changed":false,"footnotes":""},"class_list":["post-10910","page","type-page","status-publish","has-post-thumbnail","hentry"],"acf":[],"yoast_head":"<!-- This site is optimized with the Yoast SEO plugin v27.5 - https:\/\/yoast.com\/product\/yoast-seo-wordpress\/ -->\n<title>Les meilleurs lieux de mariage de Chypre \u00e0 Paphos || Athena Beach Hotel<\/title>\n<meta name=\"description\" content=\"\u00c0 l&#039;Athena Beach Hotel, nous disposons de l&#039;un des meilleurs lieux de r\u00e9ception pour les mariages \u00e0 Paphos. Choisissez parmi nos \u00e9l\u00e9gants pavillons pour la c\u00e9r\u00e9monie de vos r\u00eaves.\" \/>\n<meta name=\"robots\" content=\"index, follow, max-snippet:-1, max-image-preview:large, max-video-preview:-1\" \/>\n<link rel=\"canonical\" href=\"https:\/\/www.athena-cbh.com\/fr\/weddings\/wedding-venues\/\" \/>\n<meta property=\"og:locale\" content=\"fr_FR\" \/>\n<meta property=\"og:type\" content=\"article\" \/>\n<meta property=\"og:title\" content=\"Les meilleurs lieux de mariage de Chypre \u00e0 Paphos || Athena Beach Hotel\" \/>\n<meta property=\"og:description\" content=\"\u00c0 l&#039;Athena Beach Hotel, nous disposons de l&#039;un des meilleurs lieux de r\u00e9ception pour les mariages \u00e0 Paphos. Choisissez parmi nos \u00e9l\u00e9gants pavillons pour la c\u00e9r\u00e9monie de vos r\u00eaves.\" \/>\n<meta property=\"og:url\" content=\"https:\/\/www.athena-cbh.com\/fr\/weddings\/wedding-venues\/\" \/>\n<meta property=\"og:site_name\" content=\"Athena Beach Hotel\" \/>\n<meta property=\"article:modified_time\" content=\"2025-07-14T12:34:15+00:00\" \/>\n<meta property=\"og:image\" content=\"https:\/\/www.athena-cbh.com\/app\/uploads\/sites\/20\/2024\/01\/91-ATHENA-BEACH-HOTL-ADONIS-WEDDING-GAZEBO-scaled.jpg\" \/>\n\t<meta property=\"og:image:width\" content=\"2560\" \/>\n\t<meta property=\"og:image:height\" content=\"1703\" \/>\n\t<meta property=\"og:image:type\" content=\"image\/jpeg\" \/>\n<meta name=\"twitter:card\" content=\"summary_large_image\" \/>\n<meta name=\"twitter:label1\" content=\"Dur\u00e9e de lecture estim\u00e9e\" \/>\n\t<meta name=\"twitter:data1\" content=\"2 minutes\" \/>\n<script type=\"application\/ld+json\" class=\"yoast-schema-graph\">{\"@context\":\"https:\\\/\\\/schema.org\",\"@graph\":[{\"@type\":\"WebPage\",\"@id\":\"https:\\\/\\\/www.athena-cbh.com\\\/fr\\\/weddings\\\/wedding-venues\\\/\",\"url\":\"https:\\\/\\\/www.athena-cbh.com\\\/fr\\\/weddings\\\/wedding-venues\\\/\",\"name\":\"Les meilleurs lieux de mariage de Chypre \u00e0 Paphos || Athena Beach Hotel\",\"isPartOf\":{\"@id\":\"https:\\\/\\\/www.athena-cbh.com\\\/fr\\\/#website\"},\"primaryImageOfPage\":{\"@id\":\"https:\\\/\\\/www.athena-cbh.com\\\/fr\\\/weddings\\\/wedding-venues\\\/#primaryimage\"},\"image\":{\"@id\":\"https:\\\/\\\/www.athena-cbh.com\\\/fr\\\/weddings\\\/wedding-venues\\\/#primaryimage\"},\"thumbnailUrl\":\"https:\\\/\\\/www.athena-cbh.com\\\/app\\\/uploads\\\/sites\\\/20\\\/2024\\\/01\\\/91-ATHENA-BEACH-HOTL-ADONIS-WEDDING-GAZEBO-scaled.jpg\",\"datePublished\":\"2022-03-22T09:07:58+00:00\",\"dateModified\":\"2025-07-14T12:34:15+00:00\",\"description\":\"\u00c0 l'Athena Beach Hotel, nous disposons de l'un des meilleurs lieux de r\u00e9ception pour les mariages \u00e0 Paphos. Choisissez parmi nos \u00e9l\u00e9gants pavillons pour la c\u00e9r\u00e9monie de vos r\u00eaves.\",\"breadcrumb\":{\"@id\":\"https:\\\/\\\/www.athena-cbh.com\\\/fr\\\/weddings\\\/wedding-venues\\\/#breadcrumb\"},\"inLanguage\":\"fr-FR\",\"potentialAction\":[{\"@type\":\"ReadAction\",\"target\":[\"https:\\\/\\\/www.athena-cbh.com\\\/fr\\\/weddings\\\/wedding-venues\\\/\"]}]},{\"@type\":\"ImageObject\",\"inLanguage\":\"fr-FR\",\"@id\":\"https:\\\/\\\/www.athena-cbh.com\\\/fr\\\/weddings\\\/wedding-venues\\\/#primaryimage\",\"url\":\"https:\\\/\\\/www.athena-cbh.com\\\/app\\\/uploads\\\/sites\\\/20\\\/2024\\\/01\\\/91-ATHENA-BEACH-HOTL-ADONIS-WEDDING-GAZEBO-scaled.jpg\",\"contentUrl\":\"https:\\\/\\\/www.athena-cbh.com\\\/app\\\/uploads\\\/sites\\\/20\\\/2024\\\/01\\\/91-ATHENA-BEACH-HOTL-ADONIS-WEDDING-GAZEBO-scaled.jpg\",\"width\":2560,\"height\":1703},{\"@type\":\"BreadcrumbList\",\"@id\":\"https:\\\/\\\/www.athena-cbh.com\\\/fr\\\/weddings\\\/wedding-venues\\\/#breadcrumb\",\"itemListElement\":[{\"@type\":\"ListItem\",\"position\":1,\"name\":\"Home\",\"item\":\"https:\\\/\\\/www.athena-cbh.com\\\/fr\\\/\"},{\"@type\":\"ListItem\",\"position\":2,\"name\":\"Mariages\",\"item\":\"https:\\\/\\\/www.athena-cbh.com\\\/fr\\\/weddings\\\/\"},{\"@type\":\"ListItem\",\"position\":3,\"name\":\"Lieux de mariage\"}]},{\"@type\":\"WebSite\",\"@id\":\"https:\\\/\\\/www.athena-cbh.com\\\/fr\\\/#website\",\"url\":\"https:\\\/\\\/www.athena-cbh.com\\\/fr\\\/\",\"name\":\"Athena Beach Hotel\",\"description\":\"Constantinou Bros Athena Beach Hotel, 4 star hotel in Paphos Cyprus\",\"potentialAction\":[{\"@type\":\"SearchAction\",\"target\":{\"@type\":\"EntryPoint\",\"urlTemplate\":\"https:\\\/\\\/www.athena-cbh.com\\\/fr\\\/?s={search_term_string}\"},\"query-input\":{\"@type\":\"PropertyValueSpecification\",\"valueRequired\":true,\"valueName\":\"search_term_string\"}}],\"inLanguage\":\"fr-FR\"}]}<\/script>\n<!-- \/ Yoast SEO plugin. -->","yoast_head_json":{"title":"Les meilleurs lieux de mariage de Chypre \u00e0 Paphos || Athena Beach Hotel","description":"\u00c0 l'Athena Beach Hotel, nous disposons de l'un des meilleurs lieux de r\u00e9ception pour les mariages \u00e0 Paphos. Choisissez parmi nos \u00e9l\u00e9gants pavillons pour la c\u00e9r\u00e9monie de vos r\u00eaves.","robots":{"index":"index","follow":"follow","max-snippet":"max-snippet:-1","max-image-preview":"max-image-preview:large","max-video-preview":"max-video-preview:-1"},"canonical":"https:\/\/www.athena-cbh.com\/fr\/weddings\/wedding-venues\/","og_locale":"fr_FR","og_type":"article","og_title":"Les meilleurs lieux de mariage de Chypre \u00e0 Paphos || Athena Beach Hotel","og_description":"\u00c0 l'Athena Beach Hotel, nous disposons de l'un des meilleurs lieux de r\u00e9ception pour les mariages \u00e0 Paphos. Choisissez parmi nos \u00e9l\u00e9gants pavillons pour la c\u00e9r\u00e9monie de vos r\u00eaves.","og_url":"https:\/\/www.athena-cbh.com\/fr\/weddings\/wedding-venues\/","og_site_name":"Athena Beach Hotel","article_modified_time":"2025-07-14T12:34:15+00:00","og_image":[{"width":2560,"height":1703,"url":"https:\/\/www.athena-cbh.com\/app\/uploads\/sites\/20\/2024\/01\/91-ATHENA-BEACH-HOTL-ADONIS-WEDDING-GAZEBO-scaled.jpg","type":"image\/jpeg"}],"twitter_card":"summary_large_image","twitter_misc":{"Dur\u00e9e de lecture estim\u00e9e":"2 minutes"},"schema":{"@context":"https:\/\/schema.org","@graph":[{"@type":"WebPage","@id":"https:\/\/www.athena-cbh.com\/fr\/weddings\/wedding-venues\/","url":"https:\/\/www.athena-cbh.com\/fr\/weddings\/wedding-venues\/","name":"Les meilleurs lieux de mariage de Chypre \u00e0 Paphos || Athena Beach Hotel","isPartOf":{"@id":"https:\/\/www.athena-cbh.com\/fr\/#website"},"primaryImageOfPage":{"@id":"https:\/\/www.athena-cbh.com\/fr\/weddings\/wedding-venues\/#primaryimage"},"image":{"@id":"https:\/\/www.athena-cbh.com\/fr\/weddings\/wedding-venues\/#primaryimage"},"thumbnailUrl":"https:\/\/www.athena-cbh.com\/app\/uploads\/sites\/20\/2024\/01\/91-ATHENA-BEACH-HOTL-ADONIS-WEDDING-GAZEBO-scaled.jpg","datePublished":"2022-03-22T09:07:58+00:00","dateModified":"2025-07-14T12:34:15+00:00","description":"\u00c0 l'Athena Beach Hotel, nous disposons de l'un des meilleurs lieux de r\u00e9ception pour les mariages \u00e0 Paphos. Choisissez parmi nos \u00e9l\u00e9gants pavillons pour la c\u00e9r\u00e9monie de vos r\u00eaves.","breadcrumb":{"@id":"https:\/\/www.athena-cbh.com\/fr\/weddings\/wedding-venues\/#breadcrumb"},"inLanguage":"fr-FR","potentialAction":[{"@type":"ReadAction","target":["https:\/\/www.athena-cbh.com\/fr\/weddings\/wedding-venues\/"]}]},{"@type":"ImageObject","inLanguage":"fr-FR","@id":"https:\/\/www.athena-cbh.com\/fr\/weddings\/wedding-venues\/#primaryimage","url":"https:\/\/www.athena-cbh.com\/app\/uploads\/sites\/20\/2024\/01\/91-ATHENA-BEACH-HOTL-ADONIS-WEDDING-GAZEBO-scaled.jpg","contentUrl":"https:\/\/www.athena-cbh.com\/app\/uploads\/sites\/20\/2024\/01\/91-ATHENA-BEACH-HOTL-ADONIS-WEDDING-GAZEBO-scaled.jpg","width":2560,"height":1703},{"@type":"BreadcrumbList","@id":"https:\/\/www.athena-cbh.com\/fr\/weddings\/wedding-venues\/#breadcrumb","itemListElement":[{"@type":"ListItem","position":1,"name":"Home","item":"https:\/\/www.athena-cbh.com\/fr\/"},{"@type":"ListItem","position":2,"name":"Mariages","item":"https:\/\/www.athena-cbh.com\/fr\/weddings\/"},{"@type":"ListItem","position":3,"name":"Lieux de mariage"}]},{"@type":"WebSite","@id":"https:\/\/www.athena-cbh.com\/fr\/#website","url":"https:\/\/www.athena-cbh.com\/fr\/","name":"Athena Beach Hotel","description":"Constantinou Bros Athena Beach Hotel, 4 star hotel in Paphos Cyprus","potentialAction":[{"@type":"SearchAction","target":{"@type":"EntryPoint","urlTemplate":"https:\/\/www.athena-cbh.com\/fr\/?s={search_term_string}"},"query-input":{"@type":"PropertyValueSpecification","valueRequired":true,"valueName":"search_term_string"}}],"inLanguage":"fr-FR"}]}},"_links":{"self":[{"href":"https:\/\/www.athena-cbh.com\/fr\/wp-json\/wp\/v2\/pages\/10910","targetHints":{"allow":["GET"]}}],"collection":[{"href":"https:\/\/www.athena-cbh.com\/fr\/wp-json\/wp\/v2\/pages"}],"about":[{"href":"https:\/\/www.athena-cbh.com\/fr\/wp-json\/wp\/v2\/types\/page"}],"author":[{"embeddable":true,"href":"https:\/\/www.athena-cbh.com\/fr\/wp-json\/wp\/v2\/users\/9"}],"replies":[{"embeddable":true,"href":"https:\/\/www.athena-cbh.com\/fr\/wp-json\/wp\/v2\/comments?post=10910"}],"version-history":[{"count":7,"href":"https:\/\/www.athena-cbh.com\/fr\/wp-json\/wp\/v2\/pages\/10910\/revisions"}],"predecessor-version":[{"id":22276,"href":"https:\/\/www.athena-cbh.com\/fr\/wp-json\/wp\/v2\/pages\/10910\/revisions\/22276"}],"up":[{"embeddable":true,"href":"https:\/\/www.athena-cbh.com\/fr\/wp-json\/wp\/v2\/pages\/10920"}],"wp:featuredmedia":[{"embeddable":true,"href":"https:\/\/www.athena-cbh.com\/fr\/wp-json\/wp\/v2\/media\/17341"}],"wp:attachment":[{"href":"https:\/\/www.athena-cbh.com\/fr\/wp-json\/wp\/v2\/media?parent=10910"}],"curies":[{"name":"wp","href":"https:\/\/api.w.org\/{rel}","templated":true}]}}