{"id":10908,"date":"2022-03-22T12:07:26","date_gmt":"2022-03-22T09:07:26","guid":{"rendered":"https:\/\/www.athena-cbh.com\/wedding-reception\/"},"modified":"2025-07-14T15:34:10","modified_gmt":"2025-07-14T12:34:10","slug":"wedding-reception","status":"publish","type":"page","link":"https:\/\/www.athena-cbh.com\/fr\/weddings\/wedding-reception\/","title":{"rendered":"R\u00e9ception de mariage"},"content":{"rendered":"<h1 class=\"home-pages-title title-size text-center pt-5 font-regular\">Lieux de r\u00e9ception de mariage idylliques sur la plage de Paphos<\/h1>\n<p>&nbsp;<\/p>\n<p><strong>R\u00e9ceptions et d\u00eeners de mariage  <\/strong><\/p>\n<p>D\u00e8s votre demande initiale, nous sommes l\u00e0 pour vous aider \u00e0 choisir le cadre parfait, le th\u00e8me de votre mariage, les fleurs, la photographie, des conseils sur la disposition des places, le d\u00eener de mariage parfait et, bien s\u00fbr, les divertissements de la soir\u00e9e pour vous et vos invit\u00e9s.<\/p>\n<p>Pourquoi ne pas organiser votre d\u00eener de mariage \u00e0 l&rsquo;ext\u00e9rieur en regardant le coucher de soleil ? Pour les petites f\u00eates, pourquoi ne pas r\u00e9server notre restaurant \u00e0 la carte et profiter d&rsquo;une cuisine raffin\u00e9e.<\/p>\n<p>Pour rendre le jour de votre mariage encore plus m\u00e9morable, nos chefs ex\u00e9cutifs ont pr\u00e9par\u00e9 un superbe choix de d\u00eeners de gala pour votre mariage, tous compos\u00e9s de 4 plats. Nous avons \u00e9galement une s\u00e9lection de d\u00eeners au barbecue parmi lesquels vous pouvez choisir avec notre propre chef sur le grill qui cuisine devant vous pendant que vous profitez du coucher de soleil.<\/p>\n<p>Nous avons \u00e9galement un excellent choix de faveurs, de d\u00e9corations de table et de fleurs fra\u00eeches pour compl\u00e9ter votre palette de couleurs. Pourquoi ne pas \u00e9pater vos invit\u00e9s avec nos lettres d&rsquo;amour de 4 pieds ou nos c\u0153urs de 8 pieds qui constituent une merveilleuse opportunit\u00e9 de photo pour vous et tous vos invit\u00e9s.<\/p>\n<p>Tous les prix sont disponibles sur demande.<\/p>\n<p>&nbsp;<\/p>\n<p><strong>R\u00e9ceptions avec boissons<\/strong><\/p>\n<p>Nos responsables des boissons ont pr\u00e9par\u00e9 un choix de boissons que vous pourrez offrir \u00e0 vos invit\u00e9s apr\u00e8s votre c\u00e9r\u00e9monie. Pourquoi ne pas siroter une coupe de champagne bien fra\u00eeche tout en discutant avec vos invit\u00e9s avec vue sur nos magnifiques jardins paysagers, ou offrir \u00e0 vos invit\u00e9s leur choix derri\u00e8re le bar avec une s\u00e9lection d&rsquo;auvents.<\/p>\n<p>Prix disponibles sur demande.<\/p>\n<p>Aucun autre jour ne peut rivaliser avec le jour de votre mariage, le jour le plus romantique et le plus sp\u00e9cial de toute votre vie !<\/p>\n<p>Avec l&rsquo;aide des h\u00f4tels Constantinou Bros, votre mariage peut d\u00e9passer vos r\u00eaves les plus fous ! Pouvez-vous imaginer quelque chose de plus idyllique qu&rsquo;une c\u00e9r\u00e9monie dans nos magnifiques jardins surplombant les eaux chatoyantes de la M\u00e9diterran\u00e9e ? Ou bien \u00e9changer vos v\u0153ux dans l&rsquo;h\u00f4tel de ville traditionnel de Pafos ? Et quel meilleur endroit pour c\u00e9l\u00e9brer vos noces avec votre famille et vos amis que le superbe h\u00f4tel quatre \u00e9toiles Athena Beach.<\/p>\n","protected":false},"excerpt":{"rendered":"<p>Lieux de r\u00e9ception de mariage idylliques sur la plage de Paphos &nbsp; R\u00e9ceptions et d\u00eeners de mariage D\u00e8s votre demande initiale, nous sommes l\u00e0 pour vous aider \u00e0 choisir le cadre parfait, le th\u00e8me de votre mariage, les fleurs, la photographie, des conseils sur la disposition des places, le d\u00eener de mariage parfait et, bien<\/p>\n","protected":false},"author":9,"featured_media":22147,"parent":10920,"menu_order":0,"comment_status":"closed","ping_status":"closed","template":"","meta":{"_acf_changed":false,"footnotes":""},"class_list":["post-10908","page","type-page","status-publish","has-post-thumbnail","hentry"],"acf":[],"yoast_head":"<!-- This site is optimized with the Yoast SEO plugin v27.5 - https:\/\/yoast.com\/product\/yoast-seo-wordpress\/ -->\n<title>Meilleures salles de r\u00e9ception de mariage \u00e0 Paphos || Athena Beach Hotel<\/title>\n<meta name=\"description\" content=\"\u00c0 l&#039;Athena Beach Hotel, nous disposons de l&#039;un des meilleurs lieux de r\u00e9ception de mariage de Paphos, avec des options permettant de cr\u00e9er l&#039;installation sc\u00e9nique de r\u00e9ception que vous avez toujours imagin\u00e9e.\" \/>\n<meta name=\"robots\" content=\"index, follow, max-snippet:-1, max-image-preview:large, max-video-preview:-1\" \/>\n<link rel=\"canonical\" href=\"https:\/\/www.athena-cbh.com\/fr\/weddings\/wedding-reception\/\" \/>\n<meta property=\"og:locale\" content=\"fr_FR\" \/>\n<meta property=\"og:type\" content=\"article\" \/>\n<meta property=\"og:title\" content=\"Meilleures salles de r\u00e9ception de mariage \u00e0 Paphos || Athena Beach Hotel\" \/>\n<meta property=\"og:description\" content=\"\u00c0 l&#039;Athena Beach Hotel, nous disposons de l&#039;un des meilleurs lieux de r\u00e9ception de mariage de Paphos, avec des options permettant de cr\u00e9er l&#039;installation sc\u00e9nique de r\u00e9ception que vous avez toujours imagin\u00e9e.\" \/>\n<meta property=\"og:url\" content=\"https:\/\/www.athena-cbh.com\/fr\/weddings\/wedding-reception\/\" \/>\n<meta property=\"og:site_name\" content=\"Athena Beach Hotel\" \/>\n<meta property=\"article:modified_time\" content=\"2025-07-14T12:34:10+00:00\" \/>\n<meta property=\"og:image\" content=\"https:\/\/www.athena-cbh.com\/app\/uploads\/sites\/20\/2025\/05\/1082-1-scaled-e1747987737630.jpg\" \/>\n\t<meta property=\"og:image:width\" content=\"2560\" \/>\n\t<meta property=\"og:image:height\" content=\"1707\" \/>\n\t<meta property=\"og:image:type\" content=\"image\/jpeg\" \/>\n<meta name=\"twitter:card\" content=\"summary_large_image\" \/>\n<meta name=\"twitter:label1\" content=\"Dur\u00e9e de lecture estim\u00e9e\" \/>\n\t<meta name=\"twitter:data1\" content=\"2 minutes\" \/>\n<script type=\"application\/ld+json\" class=\"yoast-schema-graph\">{\"@context\":\"https:\\\/\\\/schema.org\",\"@graph\":[{\"@type\":\"WebPage\",\"@id\":\"https:\\\/\\\/www.athena-cbh.com\\\/fr\\\/weddings\\\/wedding-reception\\\/\",\"url\":\"https:\\\/\\\/www.athena-cbh.com\\\/fr\\\/weddings\\\/wedding-reception\\\/\",\"name\":\"Meilleures salles de r\u00e9ception de mariage \u00e0 Paphos || Athena Beach Hotel\",\"isPartOf\":{\"@id\":\"https:\\\/\\\/www.athena-cbh.com\\\/fr\\\/#website\"},\"primaryImageOfPage\":{\"@id\":\"https:\\\/\\\/www.athena-cbh.com\\\/fr\\\/weddings\\\/wedding-reception\\\/#primaryimage\"},\"image\":{\"@id\":\"https:\\\/\\\/www.athena-cbh.com\\\/fr\\\/weddings\\\/wedding-reception\\\/#primaryimage\"},\"thumbnailUrl\":\"https:\\\/\\\/www.athena-cbh.com\\\/app\\\/uploads\\\/sites\\\/20\\\/2025\\\/05\\\/1082-1-scaled-e1747987737630.jpg\",\"datePublished\":\"2022-03-22T09:07:26+00:00\",\"dateModified\":\"2025-07-14T12:34:10+00:00\",\"description\":\"\u00c0 l'Athena Beach Hotel, nous disposons de l'un des meilleurs lieux de r\u00e9ception de mariage de Paphos, avec des options permettant de cr\u00e9er l'installation sc\u00e9nique de r\u00e9ception que vous avez toujours imagin\u00e9e.\",\"breadcrumb\":{\"@id\":\"https:\\\/\\\/www.athena-cbh.com\\\/fr\\\/weddings\\\/wedding-reception\\\/#breadcrumb\"},\"inLanguage\":\"fr-FR\",\"potentialAction\":[{\"@type\":\"ReadAction\",\"target\":[\"https:\\\/\\\/www.athena-cbh.com\\\/fr\\\/weddings\\\/wedding-reception\\\/\"]}]},{\"@type\":\"ImageObject\",\"inLanguage\":\"fr-FR\",\"@id\":\"https:\\\/\\\/www.athena-cbh.com\\\/fr\\\/weddings\\\/wedding-reception\\\/#primaryimage\",\"url\":\"https:\\\/\\\/www.athena-cbh.com\\\/app\\\/uploads\\\/sites\\\/20\\\/2025\\\/05\\\/1082-1-scaled-e1747987737630.jpg\",\"contentUrl\":\"https:\\\/\\\/www.athena-cbh.com\\\/app\\\/uploads\\\/sites\\\/20\\\/2025\\\/05\\\/1082-1-scaled-e1747987737630.jpg\",\"width\":2560,\"height\":1707},{\"@type\":\"BreadcrumbList\",\"@id\":\"https:\\\/\\\/www.athena-cbh.com\\\/fr\\\/weddings\\\/wedding-reception\\\/#breadcrumb\",\"itemListElement\":[{\"@type\":\"ListItem\",\"position\":1,\"name\":\"Home\",\"item\":\"https:\\\/\\\/www.athena-cbh.com\\\/fr\\\/\"},{\"@type\":\"ListItem\",\"position\":2,\"name\":\"Mariages\",\"item\":\"https:\\\/\\\/www.athena-cbh.com\\\/fr\\\/weddings\\\/\"},{\"@type\":\"ListItem\",\"position\":3,\"name\":\"R\u00e9ception de mariage\"}]},{\"@type\":\"WebSite\",\"@id\":\"https:\\\/\\\/www.athena-cbh.com\\\/fr\\\/#website\",\"url\":\"https:\\\/\\\/www.athena-cbh.com\\\/fr\\\/\",\"name\":\"Athena Beach Hotel\",\"description\":\"Constantinou Bros Athena Beach Hotel, 4 star hotel in Paphos Cyprus\",\"potentialAction\":[{\"@type\":\"SearchAction\",\"target\":{\"@type\":\"EntryPoint\",\"urlTemplate\":\"https:\\\/\\\/www.athena-cbh.com\\\/fr\\\/?s={search_term_string}\"},\"query-input\":{\"@type\":\"PropertyValueSpecification\",\"valueRequired\":true,\"valueName\":\"search_term_string\"}}],\"inLanguage\":\"fr-FR\"}]}<\/script>\n<!-- \/ Yoast SEO plugin. -->","yoast_head_json":{"title":"Meilleures salles de r\u00e9ception de mariage \u00e0 Paphos || Athena Beach Hotel","description":"\u00c0 l'Athena Beach Hotel, nous disposons de l'un des meilleurs lieux de r\u00e9ception de mariage de Paphos, avec des options permettant de cr\u00e9er l'installation sc\u00e9nique de r\u00e9ception que vous avez toujours imagin\u00e9e.","robots":{"index":"index","follow":"follow","max-snippet":"max-snippet:-1","max-image-preview":"max-image-preview:large","max-video-preview":"max-video-preview:-1"},"canonical":"https:\/\/www.athena-cbh.com\/fr\/weddings\/wedding-reception\/","og_locale":"fr_FR","og_type":"article","og_title":"Meilleures salles de r\u00e9ception de mariage \u00e0 Paphos || Athena Beach Hotel","og_description":"\u00c0 l'Athena Beach Hotel, nous disposons de l'un des meilleurs lieux de r\u00e9ception de mariage de Paphos, avec des options permettant de cr\u00e9er l'installation sc\u00e9nique de r\u00e9ception que vous avez toujours imagin\u00e9e.","og_url":"https:\/\/www.athena-cbh.com\/fr\/weddings\/wedding-reception\/","og_site_name":"Athena Beach Hotel","article_modified_time":"2025-07-14T12:34:10+00:00","og_image":[{"width":2560,"height":1707,"url":"https:\/\/www.athena-cbh.com\/app\/uploads\/sites\/20\/2025\/05\/1082-1-scaled-e1747987737630.jpg","type":"image\/jpeg"}],"twitter_card":"summary_large_image","twitter_misc":{"Dur\u00e9e de lecture estim\u00e9e":"2 minutes"},"schema":{"@context":"https:\/\/schema.org","@graph":[{"@type":"WebPage","@id":"https:\/\/www.athena-cbh.com\/fr\/weddings\/wedding-reception\/","url":"https:\/\/www.athena-cbh.com\/fr\/weddings\/wedding-reception\/","name":"Meilleures salles de r\u00e9ception de mariage \u00e0 Paphos || Athena Beach Hotel","isPartOf":{"@id":"https:\/\/www.athena-cbh.com\/fr\/#website"},"primaryImageOfPage":{"@id":"https:\/\/www.athena-cbh.com\/fr\/weddings\/wedding-reception\/#primaryimage"},"image":{"@id":"https:\/\/www.athena-cbh.com\/fr\/weddings\/wedding-reception\/#primaryimage"},"thumbnailUrl":"https:\/\/www.athena-cbh.com\/app\/uploads\/sites\/20\/2025\/05\/1082-1-scaled-e1747987737630.jpg","datePublished":"2022-03-22T09:07:26+00:00","dateModified":"2025-07-14T12:34:10+00:00","description":"\u00c0 l'Athena Beach Hotel, nous disposons de l'un des meilleurs lieux de r\u00e9ception de mariage de Paphos, avec des options permettant de cr\u00e9er l'installation sc\u00e9nique de r\u00e9ception que vous avez toujours imagin\u00e9e.","breadcrumb":{"@id":"https:\/\/www.athena-cbh.com\/fr\/weddings\/wedding-reception\/#breadcrumb"},"inLanguage":"fr-FR","potentialAction":[{"@type":"ReadAction","target":["https:\/\/www.athena-cbh.com\/fr\/weddings\/wedding-reception\/"]}]},{"@type":"ImageObject","inLanguage":"fr-FR","@id":"https:\/\/www.athena-cbh.com\/fr\/weddings\/wedding-reception\/#primaryimage","url":"https:\/\/www.athena-cbh.com\/app\/uploads\/sites\/20\/2025\/05\/1082-1-scaled-e1747987737630.jpg","contentUrl":"https:\/\/www.athena-cbh.com\/app\/uploads\/sites\/20\/2025\/05\/1082-1-scaled-e1747987737630.jpg","width":2560,"height":1707},{"@type":"BreadcrumbList","@id":"https:\/\/www.athena-cbh.com\/fr\/weddings\/wedding-reception\/#breadcrumb","itemListElement":[{"@type":"ListItem","position":1,"name":"Home","item":"https:\/\/www.athena-cbh.com\/fr\/"},{"@type":"ListItem","position":2,"name":"Mariages","item":"https:\/\/www.athena-cbh.com\/fr\/weddings\/"},{"@type":"ListItem","position":3,"name":"R\u00e9ception de mariage"}]},{"@type":"WebSite","@id":"https:\/\/www.athena-cbh.com\/fr\/#website","url":"https:\/\/www.athena-cbh.com\/fr\/","name":"Athena Beach Hotel","description":"Constantinou Bros Athena Beach Hotel, 4 star hotel in Paphos Cyprus","potentialAction":[{"@type":"SearchAction","target":{"@type":"EntryPoint","urlTemplate":"https:\/\/www.athena-cbh.com\/fr\/?s={search_term_string}"},"query-input":{"@type":"PropertyValueSpecification","valueRequired":true,"valueName":"search_term_string"}}],"inLanguage":"fr-FR"}]}},"_links":{"self":[{"href":"https:\/\/www.athena-cbh.com\/fr\/wp-json\/wp\/v2\/pages\/10908","targetHints":{"allow":["GET"]}}],"collection":[{"href":"https:\/\/www.athena-cbh.com\/fr\/wp-json\/wp\/v2\/pages"}],"about":[{"href":"https:\/\/www.athena-cbh.com\/fr\/wp-json\/wp\/v2\/types\/page"}],"author":[{"embeddable":true,"href":"https:\/\/www.athena-cbh.com\/fr\/wp-json\/wp\/v2\/users\/9"}],"replies":[{"embeddable":true,"href":"https:\/\/www.athena-cbh.com\/fr\/wp-json\/wp\/v2\/comments?post=10908"}],"version-history":[{"count":6,"href":"https:\/\/www.athena-cbh.com\/fr\/wp-json\/wp\/v2\/pages\/10908\/revisions"}],"predecessor-version":[{"id":22272,"href":"https:\/\/www.athena-cbh.com\/fr\/wp-json\/wp\/v2\/pages\/10908\/revisions\/22272"}],"up":[{"embeddable":true,"href":"https:\/\/www.athena-cbh.com\/fr\/wp-json\/wp\/v2\/pages\/10920"}],"wp:featuredmedia":[{"embeddable":true,"href":"https:\/\/www.athena-cbh.com\/fr\/wp-json\/wp\/v2\/media\/22147"}],"wp:attachment":[{"href":"https:\/\/www.athena-cbh.com\/fr\/wp-json\/wp\/v2\/media?parent=10908"}],"curies":[{"name":"wp","href":"https:\/\/api.w.org\/{rel}","templated":true}]}}