{"id":10905,"date":"2022-03-22T12:06:44","date_gmt":"2022-03-22T09:06:44","guid":{"rendered":"https:\/\/www.athena-cbh.com\/bars\/"},"modified":"2024-09-20T14:44:47","modified_gmt":"2024-09-20T11:44:47","slug":"bars","status":"publish","type":"page","link":"https:\/\/www.athena-cbh.com\/fr\/dining\/bars\/","title":{"rendered":"Bars"},"content":{"rendered":"<h1 class=\"home-pages-title title-size text-center pt-5 font-regular\">D\u00e9couvrez les bars de l&rsquo;Athena Beach Hotel Paphos<\/h1>\n<p>Profitez d&rsquo;un grand choix de boissons dans l&rsquo;un des bars de l&rsquo;h\u00f4tel.<\/p>\n<p><strong>Nectar Cocktail Bar<\/strong> Servir des boissons pr\u00e9par\u00e9es comme vous les aimez.<br \/>\nVous pourrez y danser toute la nuit lors de la soir\u00e9e \u00e0 th\u00e8me ou profiter des \u00e9v\u00e9nements sp\u00e9ciaux et des spectacles saisonniers.<\/p>\n<p><strong>Athos<\/strong> <strong>Lounge Bar (ouvert \u00e0 la discr\u00e9tion de la direction) <\/strong> Le bar Athos pr\u00e9sente un design \u00e9l\u00e9gant et contemporain, et une terrasse qui donne sur la mer M\u00e9diterran\u00e9e &#8211; l&rsquo;endroit id\u00e9al pour regarder le coucher du soleil tout en d\u00e9gustant une boisson rafra\u00eechissante.<\/p>\n<p><strong>Bar de la piscine (\u00e9t\u00e9)<\/strong> Servant des boissons rafra\u00eechissantes au bord de la piscine. Bar de la piscine pour <strong>adultes (\u00e9t\u00e9)<\/strong> Le bar de la piscine pour adultes est situ\u00e9 dans la zone r\u00e9serv\u00e9e aux adultes et accueille les clients \u00e2g\u00e9s de 16 ans et plus.<br \/>\nD\u00e9tendez-vous au bord de la piscine et admirez la vue tout en \u00e9tanchant votre soif avec vos boissons alcoolis\u00e9es ou non alcoolis\u00e9es pr\u00e9f\u00e9r\u00e9es, des cocktails de marque ou des jus de fruits rafra\u00eechissants pr\u00e9par\u00e9s par nos barmen au bar de la piscine.<\/p>\n<p><strong>Andrew&rsquo;s<\/strong> <strong>Rooftop Bar (Elite class &#8211; Adults Only) (Summer)<\/strong> Le St. Andrew&rsquo;s Rooftop Bar (Elite Class &#8211; Adults only over 16 years) est une nouveaut\u00e9 de l&rsquo;h\u00f4tel.<br \/>\nCe paradis sur\u00e9lev\u00e9, qui offre une vue imprenable sur la mer, est l&rsquo;endroit id\u00e9al pour se d\u00e9tendre, admirer les couleurs du coucher de soleil tout en savourant vos cocktails et vos boissons au son d&rsquo;une musique lounge relaxante.<\/p>\n<p><strong>Helios Beach Bar (\u00e9t\u00e9)<\/strong> Servir des boissons rafra\u00eechissantes au bord de la mer.<\/p>\n<p>&nbsp;<\/p>\n","protected":false},"excerpt":{"rendered":"<p>D\u00e9couvrez les bars de l&rsquo;Athena Beach Hotel Paphos Profitez d&rsquo;un grand choix de boissons dans l&rsquo;un des bars de l&rsquo;h\u00f4tel. Nectar Cocktail Bar Servir des boissons pr\u00e9par\u00e9es comme vous les aimez. Vous pourrez y danser toute la nuit lors de la soir\u00e9e \u00e0 th\u00e8me ou profiter des \u00e9v\u00e9nements sp\u00e9ciaux et des spectacles saisonniers. Athos Lounge<\/p>\n","protected":false},"author":12,"featured_media":12687,"parent":10936,"menu_order":0,"comment_status":"closed","ping_status":"closed","template":"","meta":{"_acf_changed":false,"footnotes":""},"class_list":["post-10905","page","type-page","status-publish","has-post-thumbnail","hentry"],"acf":[],"yoast_head":"<!-- This site is optimized with the Yoast SEO plugin v27.5 - https:\/\/yoast.com\/product\/yoast-seo-wordpress\/ -->\n<title>Les bars de l&#039;h\u00f4tel Athena Beach \u00e0 Paphos || Athena Beach<\/title>\n<meta name=\"description\" content=\"Profitez des soir\u00e9es au bord de la piscine, sous les \u00e9toiles ou surplombant la mer, votre boisson pr\u00e9f\u00e9r\u00e9e \u00e0 la main, en d\u00e9couvrant les cinq bars de l&#039;Athena Beach Hotel Paphos.\" \/>\n<meta name=\"robots\" content=\"index, follow, max-snippet:-1, max-image-preview:large, max-video-preview:-1\" \/>\n<link rel=\"canonical\" href=\"https:\/\/www.athena-cbh.com\/fr\/dining\/bars\/\" \/>\n<meta property=\"og:locale\" content=\"fr_FR\" \/>\n<meta property=\"og:type\" content=\"article\" \/>\n<meta property=\"og:title\" content=\"Les bars de l&#039;h\u00f4tel Athena Beach \u00e0 Paphos || Athena Beach\" \/>\n<meta property=\"og:description\" content=\"Profitez des soir\u00e9es au bord de la piscine, sous les \u00e9toiles ou surplombant la mer, votre boisson pr\u00e9f\u00e9r\u00e9e \u00e0 la main, en d\u00e9couvrant les cinq bars de l&#039;Athena Beach Hotel Paphos.\" \/>\n<meta property=\"og:url\" content=\"https:\/\/www.athena-cbh.com\/fr\/dining\/bars\/\" \/>\n<meta property=\"og:site_name\" content=\"Athena Beach Hotel\" \/>\n<meta property=\"article:modified_time\" content=\"2024-09-20T11:44:47+00:00\" \/>\n<meta property=\"og:image\" content=\"https:\/\/www.athena-cbh.com\/app\/uploads\/sites\/20\/2022\/07\/32-ATHENA-BEACH-HOTEL-ADULT-POOL-BAR-AREA-scaled.jpg\" \/>\n\t<meta property=\"og:image:width\" content=\"2560\" \/>\n\t<meta property=\"og:image:height\" content=\"1706\" \/>\n\t<meta property=\"og:image:type\" content=\"image\/jpeg\" \/>\n<meta name=\"twitter:card\" content=\"summary_large_image\" \/>\n<meta name=\"twitter:label1\" content=\"Dur\u00e9e de lecture estim\u00e9e\" \/>\n\t<meta name=\"twitter:data1\" content=\"2 minutes\" \/>\n<script type=\"application\/ld+json\" class=\"yoast-schema-graph\">{\"@context\":\"https:\\\/\\\/schema.org\",\"@graph\":[{\"@type\":\"WebPage\",\"@id\":\"https:\\\/\\\/www.athena-cbh.com\\\/fr\\\/dining\\\/bars\\\/\",\"url\":\"https:\\\/\\\/www.athena-cbh.com\\\/fr\\\/dining\\\/bars\\\/\",\"name\":\"Les bars de l'h\u00f4tel Athena Beach \u00e0 Paphos || Athena Beach\",\"isPartOf\":{\"@id\":\"https:\\\/\\\/www.athena-cbh.com\\\/fr\\\/#website\"},\"primaryImageOfPage\":{\"@id\":\"https:\\\/\\\/www.athena-cbh.com\\\/fr\\\/dining\\\/bars\\\/#primaryimage\"},\"image\":{\"@id\":\"https:\\\/\\\/www.athena-cbh.com\\\/fr\\\/dining\\\/bars\\\/#primaryimage\"},\"thumbnailUrl\":\"https:\\\/\\\/www.athena-cbh.com\\\/app\\\/uploads\\\/sites\\\/20\\\/2022\\\/07\\\/32-ATHENA-BEACH-HOTEL-ADULT-POOL-BAR-AREA-scaled.jpg\",\"datePublished\":\"2022-03-22T09:06:44+00:00\",\"dateModified\":\"2024-09-20T11:44:47+00:00\",\"description\":\"Profitez des soir\u00e9es au bord de la piscine, sous les \u00e9toiles ou surplombant la mer, votre boisson pr\u00e9f\u00e9r\u00e9e \u00e0 la main, en d\u00e9couvrant les cinq bars de l'Athena Beach Hotel Paphos.\",\"breadcrumb\":{\"@id\":\"https:\\\/\\\/www.athena-cbh.com\\\/fr\\\/dining\\\/bars\\\/#breadcrumb\"},\"inLanguage\":\"fr-FR\",\"potentialAction\":[{\"@type\":\"ReadAction\",\"target\":[\"https:\\\/\\\/www.athena-cbh.com\\\/fr\\\/dining\\\/bars\\\/\"]}]},{\"@type\":\"ImageObject\",\"inLanguage\":\"fr-FR\",\"@id\":\"https:\\\/\\\/www.athena-cbh.com\\\/fr\\\/dining\\\/bars\\\/#primaryimage\",\"url\":\"https:\\\/\\\/www.athena-cbh.com\\\/app\\\/uploads\\\/sites\\\/20\\\/2022\\\/07\\\/32-ATHENA-BEACH-HOTEL-ADULT-POOL-BAR-AREA-scaled.jpg\",\"contentUrl\":\"https:\\\/\\\/www.athena-cbh.com\\\/app\\\/uploads\\\/sites\\\/20\\\/2022\\\/07\\\/32-ATHENA-BEACH-HOTEL-ADULT-POOL-BAR-AREA-scaled.jpg\",\"width\":2560,\"height\":1706},{\"@type\":\"BreadcrumbList\",\"@id\":\"https:\\\/\\\/www.athena-cbh.com\\\/fr\\\/dining\\\/bars\\\/#breadcrumb\",\"itemListElement\":[{\"@type\":\"ListItem\",\"position\":1,\"name\":\"Home\",\"item\":\"https:\\\/\\\/www.athena-cbh.com\\\/fr\\\/\"},{\"@type\":\"ListItem\",\"position\":2,\"name\":\"Salle \u00e0 manger\",\"item\":\"https:\\\/\\\/www.athena-cbh.com\\\/fr\\\/dining\\\/\"},{\"@type\":\"ListItem\",\"position\":3,\"name\":\"Bars\"}]},{\"@type\":\"WebSite\",\"@id\":\"https:\\\/\\\/www.athena-cbh.com\\\/fr\\\/#website\",\"url\":\"https:\\\/\\\/www.athena-cbh.com\\\/fr\\\/\",\"name\":\"Athena Beach Hotel\",\"description\":\"Constantinou Bros Athena Beach Hotel, 4 star hotel in Paphos Cyprus\",\"potentialAction\":[{\"@type\":\"SearchAction\",\"target\":{\"@type\":\"EntryPoint\",\"urlTemplate\":\"https:\\\/\\\/www.athena-cbh.com\\\/fr\\\/?s={search_term_string}\"},\"query-input\":{\"@type\":\"PropertyValueSpecification\",\"valueRequired\":true,\"valueName\":\"search_term_string\"}}],\"inLanguage\":\"fr-FR\"}]}<\/script>\n<!-- \/ Yoast SEO plugin. -->","yoast_head_json":{"title":"Les bars de l'h\u00f4tel Athena Beach \u00e0 Paphos || Athena Beach","description":"Profitez des soir\u00e9es au bord de la piscine, sous les \u00e9toiles ou surplombant la mer, votre boisson pr\u00e9f\u00e9r\u00e9e \u00e0 la main, en d\u00e9couvrant les cinq bars de l'Athena Beach Hotel Paphos.","robots":{"index":"index","follow":"follow","max-snippet":"max-snippet:-1","max-image-preview":"max-image-preview:large","max-video-preview":"max-video-preview:-1"},"canonical":"https:\/\/www.athena-cbh.com\/fr\/dining\/bars\/","og_locale":"fr_FR","og_type":"article","og_title":"Les bars de l'h\u00f4tel Athena Beach \u00e0 Paphos || Athena Beach","og_description":"Profitez des soir\u00e9es au bord de la piscine, sous les \u00e9toiles ou surplombant la mer, votre boisson pr\u00e9f\u00e9r\u00e9e \u00e0 la main, en d\u00e9couvrant les cinq bars de l'Athena Beach Hotel Paphos.","og_url":"https:\/\/www.athena-cbh.com\/fr\/dining\/bars\/","og_site_name":"Athena Beach Hotel","article_modified_time":"2024-09-20T11:44:47+00:00","og_image":[{"width":2560,"height":1706,"url":"https:\/\/www.athena-cbh.com\/app\/uploads\/sites\/20\/2022\/07\/32-ATHENA-BEACH-HOTEL-ADULT-POOL-BAR-AREA-scaled.jpg","type":"image\/jpeg"}],"twitter_card":"summary_large_image","twitter_misc":{"Dur\u00e9e de lecture estim\u00e9e":"2 minutes"},"schema":{"@context":"https:\/\/schema.org","@graph":[{"@type":"WebPage","@id":"https:\/\/www.athena-cbh.com\/fr\/dining\/bars\/","url":"https:\/\/www.athena-cbh.com\/fr\/dining\/bars\/","name":"Les bars de l'h\u00f4tel Athena Beach \u00e0 Paphos || Athena Beach","isPartOf":{"@id":"https:\/\/www.athena-cbh.com\/fr\/#website"},"primaryImageOfPage":{"@id":"https:\/\/www.athena-cbh.com\/fr\/dining\/bars\/#primaryimage"},"image":{"@id":"https:\/\/www.athena-cbh.com\/fr\/dining\/bars\/#primaryimage"},"thumbnailUrl":"https:\/\/www.athena-cbh.com\/app\/uploads\/sites\/20\/2022\/07\/32-ATHENA-BEACH-HOTEL-ADULT-POOL-BAR-AREA-scaled.jpg","datePublished":"2022-03-22T09:06:44+00:00","dateModified":"2024-09-20T11:44:47+00:00","description":"Profitez des soir\u00e9es au bord de la piscine, sous les \u00e9toiles ou surplombant la mer, votre boisson pr\u00e9f\u00e9r\u00e9e \u00e0 la main, en d\u00e9couvrant les cinq bars de l'Athena Beach Hotel Paphos.","breadcrumb":{"@id":"https:\/\/www.athena-cbh.com\/fr\/dining\/bars\/#breadcrumb"},"inLanguage":"fr-FR","potentialAction":[{"@type":"ReadAction","target":["https:\/\/www.athena-cbh.com\/fr\/dining\/bars\/"]}]},{"@type":"ImageObject","inLanguage":"fr-FR","@id":"https:\/\/www.athena-cbh.com\/fr\/dining\/bars\/#primaryimage","url":"https:\/\/www.athena-cbh.com\/app\/uploads\/sites\/20\/2022\/07\/32-ATHENA-BEACH-HOTEL-ADULT-POOL-BAR-AREA-scaled.jpg","contentUrl":"https:\/\/www.athena-cbh.com\/app\/uploads\/sites\/20\/2022\/07\/32-ATHENA-BEACH-HOTEL-ADULT-POOL-BAR-AREA-scaled.jpg","width":2560,"height":1706},{"@type":"BreadcrumbList","@id":"https:\/\/www.athena-cbh.com\/fr\/dining\/bars\/#breadcrumb","itemListElement":[{"@type":"ListItem","position":1,"name":"Home","item":"https:\/\/www.athena-cbh.com\/fr\/"},{"@type":"ListItem","position":2,"name":"Salle \u00e0 manger","item":"https:\/\/www.athena-cbh.com\/fr\/dining\/"},{"@type":"ListItem","position":3,"name":"Bars"}]},{"@type":"WebSite","@id":"https:\/\/www.athena-cbh.com\/fr\/#website","url":"https:\/\/www.athena-cbh.com\/fr\/","name":"Athena Beach Hotel","description":"Constantinou Bros Athena Beach Hotel, 4 star hotel in Paphos Cyprus","potentialAction":[{"@type":"SearchAction","target":{"@type":"EntryPoint","urlTemplate":"https:\/\/www.athena-cbh.com\/fr\/?s={search_term_string}"},"query-input":{"@type":"PropertyValueSpecification","valueRequired":true,"valueName":"search_term_string"}}],"inLanguage":"fr-FR"}]}},"_links":{"self":[{"href":"https:\/\/www.athena-cbh.com\/fr\/wp-json\/wp\/v2\/pages\/10905","targetHints":{"allow":["GET"]}}],"collection":[{"href":"https:\/\/www.athena-cbh.com\/fr\/wp-json\/wp\/v2\/pages"}],"about":[{"href":"https:\/\/www.athena-cbh.com\/fr\/wp-json\/wp\/v2\/types\/page"}],"author":[{"embeddable":true,"href":"https:\/\/www.athena-cbh.com\/fr\/wp-json\/wp\/v2\/users\/12"}],"replies":[{"embeddable":true,"href":"https:\/\/www.athena-cbh.com\/fr\/wp-json\/wp\/v2\/comments?post=10905"}],"version-history":[{"count":4,"href":"https:\/\/www.athena-cbh.com\/fr\/wp-json\/wp\/v2\/pages\/10905\/revisions"}],"predecessor-version":[{"id":20889,"href":"https:\/\/www.athena-cbh.com\/fr\/wp-json\/wp\/v2\/pages\/10905\/revisions\/20889"}],"up":[{"embeddable":true,"href":"https:\/\/www.athena-cbh.com\/fr\/wp-json\/wp\/v2\/pages\/10936"}],"wp:featuredmedia":[{"embeddable":true,"href":"https:\/\/www.athena-cbh.com\/fr\/wp-json\/wp\/v2\/media\/12687"}],"wp:attachment":[{"href":"https:\/\/www.athena-cbh.com\/fr\/wp-json\/wp\/v2\/media?parent=10905"}],"curies":[{"name":"wp","href":"https:\/\/api.w.org\/{rel}","templated":true}]}}