{"id":10901,"date":"2022-03-22T12:05:26","date_gmt":"2022-03-22T09:05:26","guid":{"rendered":"https:\/\/www.athena-cbh.com\/wedding-extras\/"},"modified":"2025-07-14T15:34:02","modified_gmt":"2025-07-14T12:34:02","slug":"wedding-extras","status":"publish","type":"page","link":"https:\/\/www.athena-cbh.com\/fr\/weddings\/wedding-extras\/","title":{"rendered":"Extras de mariage"},"content":{"rendered":"<p>Nous pouvons organiser tous les extras de votre mariage, des fleurs de mari\u00e9e au g\u00e2teau de mariage, en passant par la coiffure et le maquillage et, bien s\u00fbr, la photographie. Avec notre \u00e9quipe de fournisseurs exp\u00e9riment\u00e9s, nous sommes \u00e0 l&rsquo;\u00e9coute de vos id\u00e9es et nous concevons vos extras de mariage sur mesure en pensant \u00e0 vous. Les prix sont disponibles sur demande.<\/p>\n<p><strong>Divertissements pour les mariages \/ Divertissements extras<\/strong><\/p>\n<p>Pourquoi ne pas terminer la soir\u00e9e en dansant jusqu&rsquo;au bout de la nuit dans notre salle des f\u00eates avec votre propre DJ. Nous pouvons \u00e9galement vous proposer d&rsquo;autres divertissements tels qu&rsquo;un orchestre, des chanteurs, des danseurs grecs et m\u00eame un karaok\u00e9.<\/p>\n<p>Nous pouvons \u00e9galement vous proposer les services d&rsquo;un harpiste, d&rsquo;un violoncelliste ou d&rsquo;un violoniste pendant que vous descendez l&rsquo;all\u00e9e pour prononcer vos v\u0153ux sous le soleil de Chypre.<\/p>\n","protected":false},"excerpt":{"rendered":"<p>Nous pouvons organiser tous les extras de votre mariage, des fleurs de mari\u00e9e au g\u00e2teau de mariage, en passant par la coiffure et le maquillage et, bien s\u00fbr, la photographie. Avec notre \u00e9quipe de fournisseurs exp\u00e9riment\u00e9s, nous sommes \u00e0 l&rsquo;\u00e9coute de vos id\u00e9es et nous concevons vos extras de mariage sur mesure en pensant \u00e0<\/p>\n","protected":false},"author":12,"featured_media":17432,"parent":10920,"menu_order":0,"comment_status":"closed","ping_status":"closed","template":"","meta":{"_acf_changed":false,"footnotes":""},"class_list":["post-10901","page","type-page","status-publish","has-post-thumbnail","hentry"],"acf":[],"yoast_head":"<!-- This site is optimized with the Yoast SEO plugin v27.5 - https:\/\/yoast.com\/product\/yoast-seo-wordpress\/ -->\n<title>Extras de mariage - Athena Beach Hotel<\/title>\n<meta name=\"description\" content=\"L&#039;h\u00f4tel Athena Beach de Constantinou Bros offre aux couples heureux tous les extras n\u00e9cessaires pour les mariages les plus f\u00e9eriques \u00e0 Paphos, \u00e0 Chypre.\" \/>\n<meta name=\"robots\" content=\"index, follow, max-snippet:-1, max-image-preview:large, max-video-preview:-1\" \/>\n<link rel=\"canonical\" href=\"https:\/\/www.athena-cbh.com\/fr\/weddings\/wedding-extras\/\" \/>\n<meta property=\"og:locale\" content=\"fr_FR\" \/>\n<meta property=\"og:type\" content=\"article\" \/>\n<meta property=\"og:title\" content=\"Extras de mariage - Athena Beach Hotel\" \/>\n<meta property=\"og:description\" content=\"L&#039;h\u00f4tel Athena Beach de Constantinou Bros offre aux couples heureux tous les extras n\u00e9cessaires pour les mariages les plus f\u00e9eriques \u00e0 Paphos, \u00e0 Chypre.\" \/>\n<meta property=\"og:url\" content=\"https:\/\/www.athena-cbh.com\/fr\/weddings\/wedding-extras\/\" \/>\n<meta property=\"og:site_name\" content=\"Athena Beach Hotel\" \/>\n<meta property=\"article:modified_time\" content=\"2025-07-14T12:34:02+00:00\" \/>\n<meta property=\"og:image\" content=\"https:\/\/www.athena-cbh.com\/app\/uploads\/sites\/20\/2024\/01\/792-scaled.jpg\" \/>\n\t<meta property=\"og:image:width\" content=\"2560\" \/>\n\t<meta property=\"og:image:height\" content=\"1706\" \/>\n\t<meta property=\"og:image:type\" content=\"image\/jpeg\" \/>\n<meta name=\"twitter:card\" content=\"summary_large_image\" \/>\n<meta name=\"twitter:label1\" content=\"Dur\u00e9e de lecture estim\u00e9e\" \/>\n\t<meta name=\"twitter:data1\" content=\"1 minute\" \/>\n<script type=\"application\/ld+json\" class=\"yoast-schema-graph\">{\"@context\":\"https:\\\/\\\/schema.org\",\"@graph\":[{\"@type\":\"WebPage\",\"@id\":\"https:\\\/\\\/www.athena-cbh.com\\\/fr\\\/weddings\\\/wedding-extras\\\/\",\"url\":\"https:\\\/\\\/www.athena-cbh.com\\\/fr\\\/weddings\\\/wedding-extras\\\/\",\"name\":\"Extras de mariage - Athena Beach Hotel\",\"isPartOf\":{\"@id\":\"https:\\\/\\\/www.athena-cbh.com\\\/fr\\\/#website\"},\"primaryImageOfPage\":{\"@id\":\"https:\\\/\\\/www.athena-cbh.com\\\/fr\\\/weddings\\\/wedding-extras\\\/#primaryimage\"},\"image\":{\"@id\":\"https:\\\/\\\/www.athena-cbh.com\\\/fr\\\/weddings\\\/wedding-extras\\\/#primaryimage\"},\"thumbnailUrl\":\"https:\\\/\\\/www.athena-cbh.com\\\/app\\\/uploads\\\/sites\\\/20\\\/2024\\\/01\\\/792-scaled.jpg\",\"datePublished\":\"2022-03-22T09:05:26+00:00\",\"dateModified\":\"2025-07-14T12:34:02+00:00\",\"description\":\"L'h\u00f4tel Athena Beach de Constantinou Bros offre aux couples heureux tous les extras n\u00e9cessaires pour les mariages les plus f\u00e9eriques \u00e0 Paphos, \u00e0 Chypre.\",\"breadcrumb\":{\"@id\":\"https:\\\/\\\/www.athena-cbh.com\\\/fr\\\/weddings\\\/wedding-extras\\\/#breadcrumb\"},\"inLanguage\":\"fr-FR\",\"potentialAction\":[{\"@type\":\"ReadAction\",\"target\":[\"https:\\\/\\\/www.athena-cbh.com\\\/fr\\\/weddings\\\/wedding-extras\\\/\"]}]},{\"@type\":\"ImageObject\",\"inLanguage\":\"fr-FR\",\"@id\":\"https:\\\/\\\/www.athena-cbh.com\\\/fr\\\/weddings\\\/wedding-extras\\\/#primaryimage\",\"url\":\"https:\\\/\\\/www.athena-cbh.com\\\/app\\\/uploads\\\/sites\\\/20\\\/2024\\\/01\\\/792-scaled.jpg\",\"contentUrl\":\"https:\\\/\\\/www.athena-cbh.com\\\/app\\\/uploads\\\/sites\\\/20\\\/2024\\\/01\\\/792-scaled.jpg\",\"width\":2560,\"height\":1706},{\"@type\":\"BreadcrumbList\",\"@id\":\"https:\\\/\\\/www.athena-cbh.com\\\/fr\\\/weddings\\\/wedding-extras\\\/#breadcrumb\",\"itemListElement\":[{\"@type\":\"ListItem\",\"position\":1,\"name\":\"Home\",\"item\":\"https:\\\/\\\/www.athena-cbh.com\\\/fr\\\/\"},{\"@type\":\"ListItem\",\"position\":2,\"name\":\"Mariages\",\"item\":\"https:\\\/\\\/www.athena-cbh.com\\\/fr\\\/weddings\\\/\"},{\"@type\":\"ListItem\",\"position\":3,\"name\":\"Extras de mariage\"}]},{\"@type\":\"WebSite\",\"@id\":\"https:\\\/\\\/www.athena-cbh.com\\\/fr\\\/#website\",\"url\":\"https:\\\/\\\/www.athena-cbh.com\\\/fr\\\/\",\"name\":\"Athena Beach Hotel\",\"description\":\"Constantinou Bros Athena Beach Hotel, 4 star hotel in Paphos Cyprus\",\"potentialAction\":[{\"@type\":\"SearchAction\",\"target\":{\"@type\":\"EntryPoint\",\"urlTemplate\":\"https:\\\/\\\/www.athena-cbh.com\\\/fr\\\/?s={search_term_string}\"},\"query-input\":{\"@type\":\"PropertyValueSpecification\",\"valueRequired\":true,\"valueName\":\"search_term_string\"}}],\"inLanguage\":\"fr-FR\"}]}<\/script>\n<!-- \/ Yoast SEO plugin. -->","yoast_head_json":{"title":"Extras de mariage - Athena Beach Hotel","description":"L'h\u00f4tel Athena Beach de Constantinou Bros offre aux couples heureux tous les extras n\u00e9cessaires pour les mariages les plus f\u00e9eriques \u00e0 Paphos, \u00e0 Chypre.","robots":{"index":"index","follow":"follow","max-snippet":"max-snippet:-1","max-image-preview":"max-image-preview:large","max-video-preview":"max-video-preview:-1"},"canonical":"https:\/\/www.athena-cbh.com\/fr\/weddings\/wedding-extras\/","og_locale":"fr_FR","og_type":"article","og_title":"Extras de mariage - Athena Beach Hotel","og_description":"L'h\u00f4tel Athena Beach de Constantinou Bros offre aux couples heureux tous les extras n\u00e9cessaires pour les mariages les plus f\u00e9eriques \u00e0 Paphos, \u00e0 Chypre.","og_url":"https:\/\/www.athena-cbh.com\/fr\/weddings\/wedding-extras\/","og_site_name":"Athena Beach Hotel","article_modified_time":"2025-07-14T12:34:02+00:00","og_image":[{"width":2560,"height":1706,"url":"https:\/\/www.athena-cbh.com\/app\/uploads\/sites\/20\/2024\/01\/792-scaled.jpg","type":"image\/jpeg"}],"twitter_card":"summary_large_image","twitter_misc":{"Dur\u00e9e de lecture estim\u00e9e":"1 minute"},"schema":{"@context":"https:\/\/schema.org","@graph":[{"@type":"WebPage","@id":"https:\/\/www.athena-cbh.com\/fr\/weddings\/wedding-extras\/","url":"https:\/\/www.athena-cbh.com\/fr\/weddings\/wedding-extras\/","name":"Extras de mariage - Athena Beach Hotel","isPartOf":{"@id":"https:\/\/www.athena-cbh.com\/fr\/#website"},"primaryImageOfPage":{"@id":"https:\/\/www.athena-cbh.com\/fr\/weddings\/wedding-extras\/#primaryimage"},"image":{"@id":"https:\/\/www.athena-cbh.com\/fr\/weddings\/wedding-extras\/#primaryimage"},"thumbnailUrl":"https:\/\/www.athena-cbh.com\/app\/uploads\/sites\/20\/2024\/01\/792-scaled.jpg","datePublished":"2022-03-22T09:05:26+00:00","dateModified":"2025-07-14T12:34:02+00:00","description":"L'h\u00f4tel Athena Beach de Constantinou Bros offre aux couples heureux tous les extras n\u00e9cessaires pour les mariages les plus f\u00e9eriques \u00e0 Paphos, \u00e0 Chypre.","breadcrumb":{"@id":"https:\/\/www.athena-cbh.com\/fr\/weddings\/wedding-extras\/#breadcrumb"},"inLanguage":"fr-FR","potentialAction":[{"@type":"ReadAction","target":["https:\/\/www.athena-cbh.com\/fr\/weddings\/wedding-extras\/"]}]},{"@type":"ImageObject","inLanguage":"fr-FR","@id":"https:\/\/www.athena-cbh.com\/fr\/weddings\/wedding-extras\/#primaryimage","url":"https:\/\/www.athena-cbh.com\/app\/uploads\/sites\/20\/2024\/01\/792-scaled.jpg","contentUrl":"https:\/\/www.athena-cbh.com\/app\/uploads\/sites\/20\/2024\/01\/792-scaled.jpg","width":2560,"height":1706},{"@type":"BreadcrumbList","@id":"https:\/\/www.athena-cbh.com\/fr\/weddings\/wedding-extras\/#breadcrumb","itemListElement":[{"@type":"ListItem","position":1,"name":"Home","item":"https:\/\/www.athena-cbh.com\/fr\/"},{"@type":"ListItem","position":2,"name":"Mariages","item":"https:\/\/www.athena-cbh.com\/fr\/weddings\/"},{"@type":"ListItem","position":3,"name":"Extras de mariage"}]},{"@type":"WebSite","@id":"https:\/\/www.athena-cbh.com\/fr\/#website","url":"https:\/\/www.athena-cbh.com\/fr\/","name":"Athena Beach Hotel","description":"Constantinou Bros Athena Beach Hotel, 4 star hotel in Paphos Cyprus","potentialAction":[{"@type":"SearchAction","target":{"@type":"EntryPoint","urlTemplate":"https:\/\/www.athena-cbh.com\/fr\/?s={search_term_string}"},"query-input":{"@type":"PropertyValueSpecification","valueRequired":true,"valueName":"search_term_string"}}],"inLanguage":"fr-FR"}]}},"_links":{"self":[{"href":"https:\/\/www.athena-cbh.com\/fr\/wp-json\/wp\/v2\/pages\/10901","targetHints":{"allow":["GET"]}}],"collection":[{"href":"https:\/\/www.athena-cbh.com\/fr\/wp-json\/wp\/v2\/pages"}],"about":[{"href":"https:\/\/www.athena-cbh.com\/fr\/wp-json\/wp\/v2\/types\/page"}],"author":[{"embeddable":true,"href":"https:\/\/www.athena-cbh.com\/fr\/wp-json\/wp\/v2\/users\/12"}],"replies":[{"embeddable":true,"href":"https:\/\/www.athena-cbh.com\/fr\/wp-json\/wp\/v2\/comments?post=10901"}],"version-history":[{"count":6,"href":"https:\/\/www.athena-cbh.com\/fr\/wp-json\/wp\/v2\/pages\/10901\/revisions"}],"predecessor-version":[{"id":22262,"href":"https:\/\/www.athena-cbh.com\/fr\/wp-json\/wp\/v2\/pages\/10901\/revisions\/22262"}],"up":[{"embeddable":true,"href":"https:\/\/www.athena-cbh.com\/fr\/wp-json\/wp\/v2\/pages\/10920"}],"wp:featuredmedia":[{"embeddable":true,"href":"https:\/\/www.athena-cbh.com\/fr\/wp-json\/wp\/v2\/media\/17432"}],"wp:attachment":[{"href":"https:\/\/www.athena-cbh.com\/fr\/wp-json\/wp\/v2\/media?parent=10901"}],"curies":[{"name":"wp","href":"https:\/\/api.w.org\/{rel}","templated":true}]}}