{"id":10897,"date":"2022-03-22T12:04:13","date_gmt":"2022-03-22T09:04:13","guid":{"rendered":"https:\/\/www.athena-cbh.com\/leisure-facilities\/"},"modified":"2024-09-16T18:52:49","modified_gmt":"2024-09-16T15:52:49","slug":"leisure-facilities","status":"publish","type":"page","link":"https:\/\/www.athena-cbh.com\/fr\/the-hotel\/leisure-facilities\/","title":{"rendered":"Installations de l&rsquo;h\u00f4tel"},"content":{"rendered":"<p>L&rsquo;h\u00f4tel propose un large \u00e9ventail d&rsquo;activit\u00e9s pour le plaisir de tous. L&rsquo;\u00e9quipe d&rsquo;animation de l&rsquo;h\u00f4tel propose une vari\u00e9t\u00e9 d&rsquo;activit\u00e9s \u00e0 certains moments de l&rsquo;ann\u00e9e : gymnastique matinale, aquagym, cours de danse, spectacles en soir\u00e9e et soir\u00e9es musicales issues de la riche tradition de l&rsquo;\u00eele.<\/p>\n<h3>Installations sportives et de loisirs<\/h3>\n<ul>\n<li>3 Piscines d&rsquo;eau douce de forme libre<\/li>\n<li>1 Piscine d&rsquo;eau douce de forme libre R\u00e9serv\u00e9 aux adultes (16+)<\/li>\n<li>1 piscine int\u00e9rieure (chauff\u00e9e entre novembre et avril)<\/li>\n<li>2 pataugeoires ext\u00e9rieures pour enfants<\/li>\n<li>1 piscine int\u00e9rieure et 3 piscines ext\u00e9rieures avec bain \u00e0 remous<\/li>\n<li>Serviettes de plage, chaises longues et parasols gratuits.<\/li>\n<li>Zone r\u00e9serv\u00e9e aux adultes avec chaises longues et parasols gratuits.<\/li>\n<li>Installations de la plage et de la piscine<\/li>\n<li>2 toboggans aquatiques<\/li>\n<li><strong>Oasis Splash <\/strong>(ouvert d&rsquo;avril \u00e0 octobre) (ouvert de novembre \u00e0 mars \u00e0 la discr\u00e9tion de la direction)<strong>:<\/strong> &#8211; 2 x toboggans aquatiques \u00ab\u00a0Easy- ride\u00a0\u00bb (67m2 au total) chacun avec une piscine de r\u00e9ception s\u00e9par\u00e9e &#8211; Une aire de jeux color\u00e9e avec Spray action, des activit\u00e9s de jeux d&rsquo;eau, des jouets et des jeux de pulv\u00e9risation, ainsi qu&rsquo;une pataugeoire pour les enfants.<\/li>\n<li>1 court de tennis \u00e9clair\u00e9<\/li>\n<li>Tennis de table<\/li>\n<li>Boccia<\/li>\n<li>Jeu de palets<\/li>\n<li>P\u00e9tanque \u00e0 tapis court int\u00e9rieure ou ext\u00e9rieure 8 patinoires sur demande<\/li>\n<li>Bols de verdure ext\u00e9rieurs Crown 3 greens<\/li>\n<li>Terrain de p\u00e9tanque plat ext\u00e9rieur 18 patinoires<\/li>\n<li>Terrain de boules couvert 6 patinoires<\/li>\n<li>Aire de jeux \u00e9quip\u00e9e pour les enfants<\/li>\n<li>Club enfants (en \u00e9t\u00e9 uniquement)<\/li>\n<li>Salle de jeux<\/li>\n<li>Salle de lecture<\/li>\n<li>Salle de rangement pour les clubs de golf<\/li>\n<li>Wi-Fi haut d\u00e9bit dans toutes les chambres et les espaces publics (GRATUIT)<\/li>\n<li>Connexion au coin Internet (GRATUIT)<\/li>\n<li>Constantinou Bros Hotels &#8211; Coordinateur r\u00e9sident du jeu de boules (octobre-avril)<\/li>\n<li>Les chefs de danse r\u00e9sidents des h\u00f4tels Constantinou Bros (novembre-avril)<\/li>\n<li>Centre de gymnastique<\/li>\n<li>Spa Elixir<\/li>\n<li>Musique en direct<\/li>\n<li>Spectacles et divertissements nocturnes<\/li>\n<li>Activit\u00e9s de jour pour les adultes et les enfants<\/li>\n<li>Activit\u00e9s de bien-\u00eatre<\/li>\n<li>Entrep\u00f4t pour v\u00e9los\/salle de v\u00e9los (capacit\u00e9 de 140 v\u00e9los)<\/li>\n<\/ul>\n","protected":false},"excerpt":{"rendered":"<p>L&rsquo;h\u00f4tel propose un large \u00e9ventail d&rsquo;activit\u00e9s pour le plaisir de tous. L&rsquo;\u00e9quipe d&rsquo;animation de l&rsquo;h\u00f4tel propose une vari\u00e9t\u00e9 d&rsquo;activit\u00e9s \u00e0 certains moments de l&rsquo;ann\u00e9e : gymnastique matinale, aquagym, cours de danse, spectacles en soir\u00e9e et soir\u00e9es musicales issues de la riche tradition de l&rsquo;\u00eele. Installations sportives et de loisirs 3 Piscines d&rsquo;eau douce de forme<\/p>\n","protected":false},"author":12,"featured_media":12848,"parent":10931,"menu_order":0,"comment_status":"closed","ping_status":"closed","template":"","meta":{"_acf_changed":false,"footnotes":""},"class_list":["post-10897","page","type-page","status-publish","has-post-thumbnail","hentry"],"acf":[],"yoast_head":"<!-- This site is optimized with the Yoast SEO plugin v27.5 - https:\/\/yoast.com\/product\/yoast-seo-wordpress\/ -->\n<title>Installations de l&#039;h\u00f4tel - Athena Beach Hotel<\/title>\n<meta name=\"description\" content=\"L&#039;h\u00f4tel Athena Beach, situ\u00e9 \u00e0 Paphos et g\u00e9r\u00e9 par Constantinou Bros, propose aux clients de tous \u00e2ges une pl\u00e9thore d&#039;activit\u00e9s li\u00e9es aux loisirs, aux divertissements, aux sports et au bien-\u00eatre.\" \/>\n<meta name=\"robots\" content=\"index, follow, max-snippet:-1, max-image-preview:large, max-video-preview:-1\" \/>\n<link rel=\"canonical\" href=\"https:\/\/www.athena-cbh.com\/fr\/the-hotel\/leisure-facilities\/\" \/>\n<meta property=\"og:locale\" content=\"fr_FR\" \/>\n<meta property=\"og:type\" content=\"article\" \/>\n<meta property=\"og:title\" content=\"Installations de l&#039;h\u00f4tel - Athena Beach Hotel\" \/>\n<meta property=\"og:description\" content=\"L&#039;h\u00f4tel Athena Beach, situ\u00e9 \u00e0 Paphos et g\u00e9r\u00e9 par Constantinou Bros, propose aux clients de tous \u00e2ges une pl\u00e9thore d&#039;activit\u00e9s li\u00e9es aux loisirs, aux divertissements, aux sports et au bien-\u00eatre.\" \/>\n<meta property=\"og:url\" content=\"https:\/\/www.athena-cbh.com\/fr\/the-hotel\/leisure-facilities\/\" \/>\n<meta property=\"og:site_name\" content=\"Athena Beach Hotel\" \/>\n<meta property=\"article:modified_time\" content=\"2024-09-16T15:52:49+00:00\" \/>\n<meta property=\"og:image\" content=\"https:\/\/www.athena-cbh.com\/app\/uploads\/sites\/20\/2022\/07\/65-ATHENA-BEACH-HOTEL-INDOOR-HEATED-POOL-scaled.jpg\" \/>\n\t<meta property=\"og:image:width\" content=\"2560\" \/>\n\t<meta property=\"og:image:height\" content=\"1707\" \/>\n\t<meta property=\"og:image:type\" content=\"image\/jpeg\" \/>\n<meta name=\"twitter:card\" content=\"summary_large_image\" \/>\n<meta name=\"twitter:label1\" content=\"Dur\u00e9e de lecture estim\u00e9e\" \/>\n\t<meta name=\"twitter:data1\" content=\"2 minutes\" \/>\n<script type=\"application\/ld+json\" class=\"yoast-schema-graph\">{\"@context\":\"https:\\\/\\\/schema.org\",\"@graph\":[{\"@type\":\"WebPage\",\"@id\":\"https:\\\/\\\/www.athena-cbh.com\\\/fr\\\/the-hotel\\\/leisure-facilities\\\/\",\"url\":\"https:\\\/\\\/www.athena-cbh.com\\\/fr\\\/the-hotel\\\/leisure-facilities\\\/\",\"name\":\"Installations de l'h\u00f4tel - Athena Beach Hotel\",\"isPartOf\":{\"@id\":\"https:\\\/\\\/www.athena-cbh.com\\\/fr\\\/#website\"},\"primaryImageOfPage\":{\"@id\":\"https:\\\/\\\/www.athena-cbh.com\\\/fr\\\/the-hotel\\\/leisure-facilities\\\/#primaryimage\"},\"image\":{\"@id\":\"https:\\\/\\\/www.athena-cbh.com\\\/fr\\\/the-hotel\\\/leisure-facilities\\\/#primaryimage\"},\"thumbnailUrl\":\"https:\\\/\\\/www.athena-cbh.com\\\/app\\\/uploads\\\/sites\\\/20\\\/2022\\\/07\\\/65-ATHENA-BEACH-HOTEL-INDOOR-HEATED-POOL-scaled.jpg\",\"datePublished\":\"2022-03-22T09:04:13+00:00\",\"dateModified\":\"2024-09-16T15:52:49+00:00\",\"description\":\"L'h\u00f4tel Athena Beach, situ\u00e9 \u00e0 Paphos et g\u00e9r\u00e9 par Constantinou Bros, propose aux clients de tous \u00e2ges une pl\u00e9thore d'activit\u00e9s li\u00e9es aux loisirs, aux divertissements, aux sports et au bien-\u00eatre.\",\"breadcrumb\":{\"@id\":\"https:\\\/\\\/www.athena-cbh.com\\\/fr\\\/the-hotel\\\/leisure-facilities\\\/#breadcrumb\"},\"inLanguage\":\"fr-FR\",\"potentialAction\":[{\"@type\":\"ReadAction\",\"target\":[\"https:\\\/\\\/www.athena-cbh.com\\\/fr\\\/the-hotel\\\/leisure-facilities\\\/\"]}]},{\"@type\":\"ImageObject\",\"inLanguage\":\"fr-FR\",\"@id\":\"https:\\\/\\\/www.athena-cbh.com\\\/fr\\\/the-hotel\\\/leisure-facilities\\\/#primaryimage\",\"url\":\"https:\\\/\\\/www.athena-cbh.com\\\/app\\\/uploads\\\/sites\\\/20\\\/2022\\\/07\\\/65-ATHENA-BEACH-HOTEL-INDOOR-HEATED-POOL-scaled.jpg\",\"contentUrl\":\"https:\\\/\\\/www.athena-cbh.com\\\/app\\\/uploads\\\/sites\\\/20\\\/2022\\\/07\\\/65-ATHENA-BEACH-HOTEL-INDOOR-HEATED-POOL-scaled.jpg\",\"width\":2560,\"height\":1707},{\"@type\":\"BreadcrumbList\",\"@id\":\"https:\\\/\\\/www.athena-cbh.com\\\/fr\\\/the-hotel\\\/leisure-facilities\\\/#breadcrumb\",\"itemListElement\":[{\"@type\":\"ListItem\",\"position\":1,\"name\":\"Home\",\"item\":\"https:\\\/\\\/www.athena-cbh.com\\\/fr\\\/\"},{\"@type\":\"ListItem\",\"position\":2,\"name\":\"L&rsquo;h\u00f4tel\",\"item\":\"https:\\\/\\\/www.athena-cbh.com\\\/fr\\\/the-hotel\\\/\"},{\"@type\":\"ListItem\",\"position\":3,\"name\":\"Installations de l&rsquo;h\u00f4tel\"}]},{\"@type\":\"WebSite\",\"@id\":\"https:\\\/\\\/www.athena-cbh.com\\\/fr\\\/#website\",\"url\":\"https:\\\/\\\/www.athena-cbh.com\\\/fr\\\/\",\"name\":\"Athena Beach Hotel\",\"description\":\"Constantinou Bros Athena Beach Hotel, 4 star hotel in Paphos Cyprus\",\"potentialAction\":[{\"@type\":\"SearchAction\",\"target\":{\"@type\":\"EntryPoint\",\"urlTemplate\":\"https:\\\/\\\/www.athena-cbh.com\\\/fr\\\/?s={search_term_string}\"},\"query-input\":{\"@type\":\"PropertyValueSpecification\",\"valueRequired\":true,\"valueName\":\"search_term_string\"}}],\"inLanguage\":\"fr-FR\"}]}<\/script>\n<!-- \/ Yoast SEO plugin. -->","yoast_head_json":{"title":"Installations de l'h\u00f4tel - Athena Beach Hotel","description":"L'h\u00f4tel Athena Beach, situ\u00e9 \u00e0 Paphos et g\u00e9r\u00e9 par Constantinou Bros, propose aux clients de tous \u00e2ges une pl\u00e9thore d'activit\u00e9s li\u00e9es aux loisirs, aux divertissements, aux sports et au bien-\u00eatre.","robots":{"index":"index","follow":"follow","max-snippet":"max-snippet:-1","max-image-preview":"max-image-preview:large","max-video-preview":"max-video-preview:-1"},"canonical":"https:\/\/www.athena-cbh.com\/fr\/the-hotel\/leisure-facilities\/","og_locale":"fr_FR","og_type":"article","og_title":"Installations de l'h\u00f4tel - Athena Beach Hotel","og_description":"L'h\u00f4tel Athena Beach, situ\u00e9 \u00e0 Paphos et g\u00e9r\u00e9 par Constantinou Bros, propose aux clients de tous \u00e2ges une pl\u00e9thore d'activit\u00e9s li\u00e9es aux loisirs, aux divertissements, aux sports et au bien-\u00eatre.","og_url":"https:\/\/www.athena-cbh.com\/fr\/the-hotel\/leisure-facilities\/","og_site_name":"Athena Beach Hotel","article_modified_time":"2024-09-16T15:52:49+00:00","og_image":[{"width":2560,"height":1707,"url":"https:\/\/www.athena-cbh.com\/app\/uploads\/sites\/20\/2022\/07\/65-ATHENA-BEACH-HOTEL-INDOOR-HEATED-POOL-scaled.jpg","type":"image\/jpeg"}],"twitter_card":"summary_large_image","twitter_misc":{"Dur\u00e9e de lecture estim\u00e9e":"2 minutes"},"schema":{"@context":"https:\/\/schema.org","@graph":[{"@type":"WebPage","@id":"https:\/\/www.athena-cbh.com\/fr\/the-hotel\/leisure-facilities\/","url":"https:\/\/www.athena-cbh.com\/fr\/the-hotel\/leisure-facilities\/","name":"Installations de l'h\u00f4tel - Athena Beach Hotel","isPartOf":{"@id":"https:\/\/www.athena-cbh.com\/fr\/#website"},"primaryImageOfPage":{"@id":"https:\/\/www.athena-cbh.com\/fr\/the-hotel\/leisure-facilities\/#primaryimage"},"image":{"@id":"https:\/\/www.athena-cbh.com\/fr\/the-hotel\/leisure-facilities\/#primaryimage"},"thumbnailUrl":"https:\/\/www.athena-cbh.com\/app\/uploads\/sites\/20\/2022\/07\/65-ATHENA-BEACH-HOTEL-INDOOR-HEATED-POOL-scaled.jpg","datePublished":"2022-03-22T09:04:13+00:00","dateModified":"2024-09-16T15:52:49+00:00","description":"L'h\u00f4tel Athena Beach, situ\u00e9 \u00e0 Paphos et g\u00e9r\u00e9 par Constantinou Bros, propose aux clients de tous \u00e2ges une pl\u00e9thore d'activit\u00e9s li\u00e9es aux loisirs, aux divertissements, aux sports et au bien-\u00eatre.","breadcrumb":{"@id":"https:\/\/www.athena-cbh.com\/fr\/the-hotel\/leisure-facilities\/#breadcrumb"},"inLanguage":"fr-FR","potentialAction":[{"@type":"ReadAction","target":["https:\/\/www.athena-cbh.com\/fr\/the-hotel\/leisure-facilities\/"]}]},{"@type":"ImageObject","inLanguage":"fr-FR","@id":"https:\/\/www.athena-cbh.com\/fr\/the-hotel\/leisure-facilities\/#primaryimage","url":"https:\/\/www.athena-cbh.com\/app\/uploads\/sites\/20\/2022\/07\/65-ATHENA-BEACH-HOTEL-INDOOR-HEATED-POOL-scaled.jpg","contentUrl":"https:\/\/www.athena-cbh.com\/app\/uploads\/sites\/20\/2022\/07\/65-ATHENA-BEACH-HOTEL-INDOOR-HEATED-POOL-scaled.jpg","width":2560,"height":1707},{"@type":"BreadcrumbList","@id":"https:\/\/www.athena-cbh.com\/fr\/the-hotel\/leisure-facilities\/#breadcrumb","itemListElement":[{"@type":"ListItem","position":1,"name":"Home","item":"https:\/\/www.athena-cbh.com\/fr\/"},{"@type":"ListItem","position":2,"name":"L&rsquo;h\u00f4tel","item":"https:\/\/www.athena-cbh.com\/fr\/the-hotel\/"},{"@type":"ListItem","position":3,"name":"Installations de l&rsquo;h\u00f4tel"}]},{"@type":"WebSite","@id":"https:\/\/www.athena-cbh.com\/fr\/#website","url":"https:\/\/www.athena-cbh.com\/fr\/","name":"Athena Beach Hotel","description":"Constantinou Bros Athena Beach Hotel, 4 star hotel in Paphos Cyprus","potentialAction":[{"@type":"SearchAction","target":{"@type":"EntryPoint","urlTemplate":"https:\/\/www.athena-cbh.com\/fr\/?s={search_term_string}"},"query-input":{"@type":"PropertyValueSpecification","valueRequired":true,"valueName":"search_term_string"}}],"inLanguage":"fr-FR"}]}},"_links":{"self":[{"href":"https:\/\/www.athena-cbh.com\/fr\/wp-json\/wp\/v2\/pages\/10897","targetHints":{"allow":["GET"]}}],"collection":[{"href":"https:\/\/www.athena-cbh.com\/fr\/wp-json\/wp\/v2\/pages"}],"about":[{"href":"https:\/\/www.athena-cbh.com\/fr\/wp-json\/wp\/v2\/types\/page"}],"author":[{"embeddable":true,"href":"https:\/\/www.athena-cbh.com\/fr\/wp-json\/wp\/v2\/users\/12"}],"replies":[{"embeddable":true,"href":"https:\/\/www.athena-cbh.com\/fr\/wp-json\/wp\/v2\/comments?post=10897"}],"version-history":[{"count":3,"href":"https:\/\/www.athena-cbh.com\/fr\/wp-json\/wp\/v2\/pages\/10897\/revisions"}],"predecessor-version":[{"id":20758,"href":"https:\/\/www.athena-cbh.com\/fr\/wp-json\/wp\/v2\/pages\/10897\/revisions\/20758"}],"up":[{"embeddable":true,"href":"https:\/\/www.athena-cbh.com\/fr\/wp-json\/wp\/v2\/pages\/10931"}],"wp:featuredmedia":[{"embeddable":true,"href":"https:\/\/www.athena-cbh.com\/fr\/wp-json\/wp\/v2\/media\/12848"}],"wp:attachment":[{"href":"https:\/\/www.athena-cbh.com\/fr\/wp-json\/wp\/v2\/media?parent=10897"}],"curies":[{"name":"wp","href":"https:\/\/api.w.org\/{rel}","templated":true}]}}