{"id":10890,"date":"2022-03-22T12:01:37","date_gmt":"2022-03-22T09:01:37","guid":{"rendered":"https:\/\/www.athena-cbh.com\/awards\/"},"modified":"2026-04-02T11:04:42","modified_gmt":"2026-04-02T08:04:42","slug":"awards","status":"publish","type":"page","link":"https:\/\/www.athena-cbh.com\/fr\/awards\/","title":{"rendered":"Prix"},"content":{"rendered":"<p>Chaque secteur d&rsquo;activit\u00e9 a ses crit\u00e8res, les crit\u00e8res qui permettent de mesurer le succ\u00e8s. L&rsquo;industrie h\u00f4teli\u00e8re utilise un syst\u00e8me de r\u00e9compense bas\u00e9 sur les points accumul\u00e9s par les h\u00f4tels en fonction des questionnaires que les voyagistes demandent \u00e0 leurs clients de remplir \u00e0 la fin de leurs vacances. <\/p>\n<p>L&rsquo;Athena Beach Hotel est fier de son impressionnant palmar\u00e8s depuis son ouverture.<\/p>\n","protected":false},"excerpt":{"rendered":"<p>Chaque secteur d&rsquo;activit\u00e9 a ses crit\u00e8res, les crit\u00e8res qui permettent de mesurer le succ\u00e8s. L&rsquo;industrie h\u00f4teli\u00e8re utilise un syst\u00e8me de r\u00e9compense bas\u00e9 sur les points accumul\u00e9s par les h\u00f4tels en fonction des questionnaires que les voyagistes demandent \u00e0 leurs clients de remplir \u00e0 la fin de leurs vacances. L&rsquo;Athena Beach Hotel est fier de son<\/p>\n","protected":false},"author":1,"featured_media":10669,"parent":0,"menu_order":0,"comment_status":"closed","ping_status":"closed","template":"page-templates\/accordion.php","meta":{"_acf_changed":false,"footnotes":""},"class_list":["post-10890","page","type-page","status-publish","has-post-thumbnail","hentry"],"acf":[],"yoast_head":"<!-- This site is optimized with the Yoast SEO plugin v27.4 - https:\/\/yoast.com\/product\/yoast-seo-wordpress\/ -->\n<title>Liste des prix d\u00e9cern\u00e9s par l&#039;Athena Beach Hotel Paphos || Athena Beach<\/title>\n<meta name=\"description\" content=\"Vous trouverez ici une liste de tous les prix, r\u00e9compenses, distinctions et certifications de l&#039;Athena Beach Hotel Paphos de 2010 \u00e0 aujourd&#039;hui.\" \/>\n<meta name=\"robots\" content=\"index, follow, max-snippet:-1, max-image-preview:large, max-video-preview:-1\" \/>\n<link rel=\"canonical\" href=\"https:\/\/www.athena-cbh.com\/fr\/awards\/\" \/>\n<meta property=\"og:locale\" content=\"fr_FR\" \/>\n<meta property=\"og:type\" content=\"article\" \/>\n<meta property=\"og:title\" content=\"Liste des prix d\u00e9cern\u00e9s par l&#039;Athena Beach Hotel Paphos || Athena Beach\" \/>\n<meta property=\"og:description\" content=\"Vous trouverez ici une liste de tous les prix, r\u00e9compenses, distinctions et certifications de l&#039;Athena Beach Hotel Paphos de 2010 \u00e0 aujourd&#039;hui.\" \/>\n<meta property=\"og:url\" content=\"https:\/\/www.athena-cbh.com\/fr\/awards\/\" \/>\n<meta property=\"og:site_name\" content=\"Athena Beach Hotel\" \/>\n<meta property=\"article:modified_time\" content=\"2026-04-02T08:04:42+00:00\" \/>\n<meta property=\"og:image\" content=\"https:\/\/www.athena-cbh.com\/app\/uploads\/sites\/20\/2022\/02\/31-ATHENA-BEACH-HOTEL-HELIOS-BEACH-BAR.jpg\" \/>\n\t<meta property=\"og:image:width\" content=\"2000\" \/>\n\t<meta property=\"og:image:height\" content=\"1333\" \/>\n\t<meta property=\"og:image:type\" content=\"image\/jpeg\" \/>\n<meta name=\"twitter:card\" content=\"summary_large_image\" \/>\n<meta name=\"twitter:label1\" content=\"Dur\u00e9e de lecture estim\u00e9e\" \/>\n\t<meta name=\"twitter:data1\" content=\"1 minute\" \/>\n<script type=\"application\/ld+json\" class=\"yoast-schema-graph\">{\"@context\":\"https:\\\/\\\/schema.org\",\"@graph\":[{\"@type\":\"WebPage\",\"@id\":\"https:\\\/\\\/www.athena-cbh.com\\\/fr\\\/awards\\\/\",\"url\":\"https:\\\/\\\/www.athena-cbh.com\\\/fr\\\/awards\\\/\",\"name\":\"Liste des prix d\u00e9cern\u00e9s par l'Athena Beach Hotel Paphos || Athena Beach\",\"isPartOf\":{\"@id\":\"https:\\\/\\\/www.athena-cbh.com\\\/fr\\\/#website\"},\"primaryImageOfPage\":{\"@id\":\"https:\\\/\\\/www.athena-cbh.com\\\/fr\\\/awards\\\/#primaryimage\"},\"image\":{\"@id\":\"https:\\\/\\\/www.athena-cbh.com\\\/fr\\\/awards\\\/#primaryimage\"},\"thumbnailUrl\":\"https:\\\/\\\/www.athena-cbh.com\\\/app\\\/uploads\\\/sites\\\/20\\\/2022\\\/02\\\/31-ATHENA-BEACH-HOTEL-HELIOS-BEACH-BAR.jpg\",\"datePublished\":\"2022-03-22T09:01:37+00:00\",\"dateModified\":\"2026-04-02T08:04:42+00:00\",\"description\":\"Vous trouverez ici une liste de tous les prix, r\u00e9compenses, distinctions et certifications de l'Athena Beach Hotel Paphos de 2010 \u00e0 aujourd'hui.\",\"breadcrumb\":{\"@id\":\"https:\\\/\\\/www.athena-cbh.com\\\/fr\\\/awards\\\/#breadcrumb\"},\"inLanguage\":\"fr-FR\",\"potentialAction\":[{\"@type\":\"ReadAction\",\"target\":[\"https:\\\/\\\/www.athena-cbh.com\\\/fr\\\/awards\\\/\"]}]},{\"@type\":\"ImageObject\",\"inLanguage\":\"fr-FR\",\"@id\":\"https:\\\/\\\/www.athena-cbh.com\\\/fr\\\/awards\\\/#primaryimage\",\"url\":\"https:\\\/\\\/www.athena-cbh.com\\\/app\\\/uploads\\\/sites\\\/20\\\/2022\\\/02\\\/31-ATHENA-BEACH-HOTEL-HELIOS-BEACH-BAR.jpg\",\"contentUrl\":\"https:\\\/\\\/www.athena-cbh.com\\\/app\\\/uploads\\\/sites\\\/20\\\/2022\\\/02\\\/31-ATHENA-BEACH-HOTEL-HELIOS-BEACH-BAR.jpg\",\"width\":2000,\"height\":1333,\"caption\":\"Helios Beach Bar\"},{\"@type\":\"BreadcrumbList\",\"@id\":\"https:\\\/\\\/www.athena-cbh.com\\\/fr\\\/awards\\\/#breadcrumb\",\"itemListElement\":[{\"@type\":\"ListItem\",\"position\":1,\"name\":\"Home\",\"item\":\"https:\\\/\\\/www.athena-cbh.com\\\/fr\\\/\"},{\"@type\":\"ListItem\",\"position\":2,\"name\":\"Prix\"}]},{\"@type\":\"WebSite\",\"@id\":\"https:\\\/\\\/www.athena-cbh.com\\\/fr\\\/#website\",\"url\":\"https:\\\/\\\/www.athena-cbh.com\\\/fr\\\/\",\"name\":\"Athena Beach Hotel\",\"description\":\"Constantinou Bros Athena Beach Hotel, 4 star hotel in Paphos Cyprus\",\"potentialAction\":[{\"@type\":\"SearchAction\",\"target\":{\"@type\":\"EntryPoint\",\"urlTemplate\":\"https:\\\/\\\/www.athena-cbh.com\\\/fr\\\/?s={search_term_string}\"},\"query-input\":{\"@type\":\"PropertyValueSpecification\",\"valueRequired\":true,\"valueName\":\"search_term_string\"}}],\"inLanguage\":\"fr-FR\"}]}<\/script>\n<!-- \/ Yoast SEO plugin. -->","yoast_head_json":{"title":"Liste des prix d\u00e9cern\u00e9s par l'Athena Beach Hotel Paphos || Athena Beach","description":"Vous trouverez ici une liste de tous les prix, r\u00e9compenses, distinctions et certifications de l'Athena Beach Hotel Paphos de 2010 \u00e0 aujourd'hui.","robots":{"index":"index","follow":"follow","max-snippet":"max-snippet:-1","max-image-preview":"max-image-preview:large","max-video-preview":"max-video-preview:-1"},"canonical":"https:\/\/www.athena-cbh.com\/fr\/awards\/","og_locale":"fr_FR","og_type":"article","og_title":"Liste des prix d\u00e9cern\u00e9s par l'Athena Beach Hotel Paphos || Athena Beach","og_description":"Vous trouverez ici une liste de tous les prix, r\u00e9compenses, distinctions et certifications de l'Athena Beach Hotel Paphos de 2010 \u00e0 aujourd'hui.","og_url":"https:\/\/www.athena-cbh.com\/fr\/awards\/","og_site_name":"Athena Beach Hotel","article_modified_time":"2026-04-02T08:04:42+00:00","og_image":[{"width":2000,"height":1333,"url":"https:\/\/www.athena-cbh.com\/app\/uploads\/sites\/20\/2022\/02\/31-ATHENA-BEACH-HOTEL-HELIOS-BEACH-BAR.jpg","type":"image\/jpeg"}],"twitter_card":"summary_large_image","twitter_misc":{"Dur\u00e9e de lecture estim\u00e9e":"1 minute"},"schema":{"@context":"https:\/\/schema.org","@graph":[{"@type":"WebPage","@id":"https:\/\/www.athena-cbh.com\/fr\/awards\/","url":"https:\/\/www.athena-cbh.com\/fr\/awards\/","name":"Liste des prix d\u00e9cern\u00e9s par l'Athena Beach Hotel Paphos || Athena Beach","isPartOf":{"@id":"https:\/\/www.athena-cbh.com\/fr\/#website"},"primaryImageOfPage":{"@id":"https:\/\/www.athena-cbh.com\/fr\/awards\/#primaryimage"},"image":{"@id":"https:\/\/www.athena-cbh.com\/fr\/awards\/#primaryimage"},"thumbnailUrl":"https:\/\/www.athena-cbh.com\/app\/uploads\/sites\/20\/2022\/02\/31-ATHENA-BEACH-HOTEL-HELIOS-BEACH-BAR.jpg","datePublished":"2022-03-22T09:01:37+00:00","dateModified":"2026-04-02T08:04:42+00:00","description":"Vous trouverez ici une liste de tous les prix, r\u00e9compenses, distinctions et certifications de l'Athena Beach Hotel Paphos de 2010 \u00e0 aujourd'hui.","breadcrumb":{"@id":"https:\/\/www.athena-cbh.com\/fr\/awards\/#breadcrumb"},"inLanguage":"fr-FR","potentialAction":[{"@type":"ReadAction","target":["https:\/\/www.athena-cbh.com\/fr\/awards\/"]}]},{"@type":"ImageObject","inLanguage":"fr-FR","@id":"https:\/\/www.athena-cbh.com\/fr\/awards\/#primaryimage","url":"https:\/\/www.athena-cbh.com\/app\/uploads\/sites\/20\/2022\/02\/31-ATHENA-BEACH-HOTEL-HELIOS-BEACH-BAR.jpg","contentUrl":"https:\/\/www.athena-cbh.com\/app\/uploads\/sites\/20\/2022\/02\/31-ATHENA-BEACH-HOTEL-HELIOS-BEACH-BAR.jpg","width":2000,"height":1333,"caption":"Helios Beach Bar"},{"@type":"BreadcrumbList","@id":"https:\/\/www.athena-cbh.com\/fr\/awards\/#breadcrumb","itemListElement":[{"@type":"ListItem","position":1,"name":"Home","item":"https:\/\/www.athena-cbh.com\/fr\/"},{"@type":"ListItem","position":2,"name":"Prix"}]},{"@type":"WebSite","@id":"https:\/\/www.athena-cbh.com\/fr\/#website","url":"https:\/\/www.athena-cbh.com\/fr\/","name":"Athena Beach Hotel","description":"Constantinou Bros Athena Beach Hotel, 4 star hotel in Paphos Cyprus","potentialAction":[{"@type":"SearchAction","target":{"@type":"EntryPoint","urlTemplate":"https:\/\/www.athena-cbh.com\/fr\/?s={search_term_string}"},"query-input":{"@type":"PropertyValueSpecification","valueRequired":true,"valueName":"search_term_string"}}],"inLanguage":"fr-FR"}]}},"_links":{"self":[{"href":"https:\/\/www.athena-cbh.com\/fr\/wp-json\/wp\/v2\/pages\/10890","targetHints":{"allow":["GET"]}}],"collection":[{"href":"https:\/\/www.athena-cbh.com\/fr\/wp-json\/wp\/v2\/pages"}],"about":[{"href":"https:\/\/www.athena-cbh.com\/fr\/wp-json\/wp\/v2\/types\/page"}],"author":[{"embeddable":true,"href":"https:\/\/www.athena-cbh.com\/fr\/wp-json\/wp\/v2\/users\/1"}],"replies":[{"embeddable":true,"href":"https:\/\/www.athena-cbh.com\/fr\/wp-json\/wp\/v2\/comments?post=10890"}],"version-history":[{"count":20,"href":"https:\/\/www.athena-cbh.com\/fr\/wp-json\/wp\/v2\/pages\/10890\/revisions"}],"predecessor-version":[{"id":23008,"href":"https:\/\/www.athena-cbh.com\/fr\/wp-json\/wp\/v2\/pages\/10890\/revisions\/23008"}],"wp:featuredmedia":[{"embeddable":true,"href":"https:\/\/www.athena-cbh.com\/fr\/wp-json\/wp\/v2\/media\/10669"}],"wp:attachment":[{"href":"https:\/\/www.athena-cbh.com\/fr\/wp-json\/wp\/v2\/media?parent=10890"}],"curies":[{"name":"wp","href":"https:\/\/api.w.org\/{rel}","templated":true}]}}