{"id":10885,"date":"2022-03-22T11:59:49","date_gmt":"2022-03-22T08:59:49","guid":{"rendered":"https:\/\/www.athena-cbh.com\/elite-class\/"},"modified":"2026-04-03T15:46:20","modified_gmt":"2026-04-03T12:46:20","slug":"elite-class","status":"publish","type":"page","link":"https:\/\/www.athena-cbh.com\/fr\/elite-class\/","title":{"rendered":"Privil\u00e8ges de la classe Elite"},"content":{"rendered":"<h2 style=\"text-align: center;\"><img loading=\"lazy\" decoding=\"async\" class=\"alignnone wp-image-9423\" src=\"https:\/\/www.athena-cbh.com\/app\/uploads\/sites\/20\/2022\/03\/Constantinou-Bros-Hotels-Elite-Class-600x259.jpg\" alt=\"\" width=\"304\" height=\"131\" srcset=\"https:\/\/www.athena-cbh.com\/app\/uploads\/sites\/20\/2022\/03\/Constantinou-Bros-Hotels-Elite-Class-600x259.jpg 600w, https:\/\/www.athena-cbh.com\/app\/uploads\/sites\/20\/2022\/03\/Constantinou-Bros-Hotels-Elite-Class-768x331.jpg 768w, https:\/\/www.athena-cbh.com\/app\/uploads\/sites\/20\/2022\/03\/Constantinou-Bros-Hotels-Elite-Class.jpg 1015w\" sizes=\"auto, (max-width: 304px) 100vw, 304px\" \/><\/h2>\n<p>&nbsp;<\/p>\n<h1 class=\"home-pages-title title-size text-center pt-5 font-regular\">Un monde d&rsquo;avantages dans notre h\u00f4tel tout compris de Paphos<\/h1>\n<p>&nbsp;<\/p>\n<h2>Un monde de privil\u00e8ges<\/h2>\n<p>D\u00e9couvrez une classe de service in\u00e9gal\u00e9e, une exp\u00e9rience 5 \u00e9toiles qui vous est offerte lorsque vous r\u00e9servez un h\u00e9bergement dans les cat\u00e9gories Superior, Superior Deluxe et Suite. Avec un enregistrement exclusif, des options de restauration d\u00e9di\u00e9es et de nombreuses autres commodit\u00e9s, la classe Elite offre un s\u00e9jour incomparable qui d\u00e9passera vos attentes.<\/p>\n<h3><\/h3>\n<h3>Avantages suppl\u00e9mentaires<\/h3>\n<p>Les clients qui r\u00e9servent une chambre sup\u00e9rieure, une chambre de luxe sup\u00e9rieure ou une suite b\u00e9n\u00e9ficient des avantages exclusifs suivants :<\/p>\n<ul>\n<li>Chambres les mieux situ\u00e9es<\/li>\n<li>Enregistrement VIP exclusif avec boisson de bienvenue et serviettes froides.<\/li>\n<li>D\u00e9part tardif gratuit jusqu&rsquo;\u00e0 18h00 (sous r\u00e9serve de disponibilit\u00e9)<\/li>\n<li>Salle de petit-d\u00e9jeuner exclusive jusqu&rsquo;\u00e0 11h00.<\/li>\n<li>Fruits et vin \u00e0 l&rsquo;arriv\u00e9e<\/li>\n<li>Sauna et bain de vapeur gratuits (sur certains types de chambres) (sous r\u00e9serve de disponibilit\u00e9)<\/li>\n<li>Service de pr\u00e9paration \u00e0 la nuit (sur certains types de chambres)<\/li>\n<li>Cabane priv\u00e9e avec chaises longues (sur certains types de chambres)<\/li>\n<li>Acc\u00e8s exclusif au St. Andrew&rsquo;s Rooftop Bar (r\u00e9serv\u00e9 aux adultes de plus de 16 ans) (\u00e9t\u00e9)<\/li>\n<li>Menu fixe au restaurant \u00e0 la carte pour votre repas du soir &#8211; si votre base d&rsquo;h\u00e9bergement comprend le d\u00eener (sous r\u00e9serve de disponibilit\u00e9).<\/li>\n<li>La formule Premium surclass\u00e9e (Ultra all inclusive) comprend un choix illimit\u00e9 de repas au restaurant \u00e0 la carte (r\u00e9servation obligatoire et sous r\u00e9serve de disponibilit\u00e9) et un mini-bar approvisionn\u00e9 \u00e0 l&rsquo;arriv\u00e9e avec un r\u00e9approvisionnement quotidien en caf\u00e9\/th\u00e9\/espresso et en boissons non alcoolis\u00e9es.<br \/>\nUne bouteille d&rsquo;eau est fournie chaque apr\u00e8s-midi dans la chambre et une bouteille de champagne est offerte un jour avant le d\u00e9part.<\/li>\n<li>10% de r\u00e9duction sur certains terrains de golf (\u00e0 condition que la r\u00e9servation ait \u00e9t\u00e9 faite par notre interm\u00e9diaire)<\/li>\n<li>L&rsquo;utilisation gratuite des installations de Green Bowls (sous r\u00e9serve de disponibilit\u00e9 et de r\u00e9servations pr\u00e9alables) est disponible pour les clients individuels qui ne font pas partie d&rsquo;un groupe organis\u00e9 avec un programme pr\u00e9\u00e9tabli.<\/li>\n<\/ul>\n","protected":false},"excerpt":{"rendered":"<p>&nbsp; Un monde d&rsquo;avantages dans notre h\u00f4tel tout compris de Paphos &nbsp; Un monde de privil\u00e8ges D\u00e9couvrez une classe de service in\u00e9gal\u00e9e, une exp\u00e9rience 5 \u00e9toiles qui vous est offerte lorsque vous r\u00e9servez un h\u00e9bergement dans les cat\u00e9gories Superior, Superior Deluxe et Suite. Avec un enregistrement exclusif, des options de restauration d\u00e9di\u00e9es et de nombreuses<\/p>\n","protected":false},"author":1,"featured_media":9580,"parent":0,"menu_order":0,"comment_status":"closed","ping_status":"closed","template":"","meta":{"_acf_changed":false,"footnotes":""},"class_list":["post-10885","page","type-page","status-publish","has-post-thumbnail","hentry"],"acf":[],"yoast_head":"<!-- This site is optimized with the Yoast SEO plugin v27.5 - https:\/\/yoast.com\/product\/yoast-seo-wordpress\/ -->\n<title>Faites partie de l&#039;\u00e9lite dans notre h\u00f4tel tout compris de Paphos || Athena Beach Hotel<\/title>\n<meta name=\"description\" content=\"Passez en classe Elite \u00e0 l&#039;Athena Beach by Constantinou Bros Hotels et profitez d&#039;un traitement VIP et d&#039;une pl\u00e9thore d&#039;avantages dans notre h\u00f4tel tout compris de Paphos.\" \/>\n<meta name=\"robots\" content=\"index, follow, max-snippet:-1, max-image-preview:large, max-video-preview:-1\" \/>\n<link rel=\"canonical\" href=\"https:\/\/www.athena-cbh.com\/fr\/elite-class\/\" \/>\n<meta property=\"og:locale\" content=\"fr_FR\" \/>\n<meta property=\"og:type\" content=\"article\" \/>\n<meta property=\"og:title\" content=\"Faites partie de l&#039;\u00e9lite dans notre h\u00f4tel tout compris de Paphos || Athena Beach Hotel\" \/>\n<meta property=\"og:description\" content=\"Passez en classe Elite \u00e0 l&#039;Athena Beach by Constantinou Bros Hotels et profitez d&#039;un traitement VIP et d&#039;une pl\u00e9thore d&#039;avantages dans notre h\u00f4tel tout compris de Paphos.\" \/>\n<meta property=\"og:url\" content=\"https:\/\/www.athena-cbh.com\/fr\/elite-class\/\" \/>\n<meta property=\"og:site_name\" content=\"Athena Beach Hotel\" \/>\n<meta property=\"article:modified_time\" content=\"2026-04-03T12:46:20+00:00\" \/>\n<meta property=\"og:image\" content=\"https:\/\/www.athena-cbh.com\/app\/uploads\/sites\/20\/2020\/01\/16-ATHENA-BEACH-HOTEL-ADONIS-RESTAURANT-scaled.jpg\" \/>\n\t<meta property=\"og:image:width\" content=\"2560\" \/>\n\t<meta property=\"og:image:height\" content=\"1707\" \/>\n\t<meta property=\"og:image:type\" content=\"image\/jpeg\" \/>\n<meta name=\"twitter:card\" content=\"summary_large_image\" \/>\n<meta name=\"twitter:label1\" content=\"Dur\u00e9e de lecture estim\u00e9e\" \/>\n\t<meta name=\"twitter:data1\" content=\"2 minutes\" \/>\n<script type=\"application\/ld+json\" class=\"yoast-schema-graph\">{\"@context\":\"https:\\\/\\\/schema.org\",\"@graph\":[{\"@type\":\"WebPage\",\"@id\":\"https:\\\/\\\/www.athena-cbh.com\\\/fr\\\/elite-class\\\/\",\"url\":\"https:\\\/\\\/www.athena-cbh.com\\\/fr\\\/elite-class\\\/\",\"name\":\"Faites partie de l'\u00e9lite dans notre h\u00f4tel tout compris de Paphos || Athena Beach Hotel\",\"isPartOf\":{\"@id\":\"https:\\\/\\\/www.athena-cbh.com\\\/fr\\\/#website\"},\"primaryImageOfPage\":{\"@id\":\"https:\\\/\\\/www.athena-cbh.com\\\/fr\\\/elite-class\\\/#primaryimage\"},\"image\":{\"@id\":\"https:\\\/\\\/www.athena-cbh.com\\\/fr\\\/elite-class\\\/#primaryimage\"},\"thumbnailUrl\":\"https:\\\/\\\/www.athena-cbh.com\\\/app\\\/uploads\\\/sites\\\/20\\\/2020\\\/01\\\/16-ATHENA-BEACH-HOTEL-ADONIS-RESTAURANT-scaled.jpg\",\"datePublished\":\"2022-03-22T08:59:49+00:00\",\"dateModified\":\"2026-04-03T12:46:20+00:00\",\"description\":\"Passez en classe Elite \u00e0 l'Athena Beach by Constantinou Bros Hotels et profitez d'un traitement VIP et d'une pl\u00e9thore d'avantages dans notre h\u00f4tel tout compris de Paphos.\",\"breadcrumb\":{\"@id\":\"https:\\\/\\\/www.athena-cbh.com\\\/fr\\\/elite-class\\\/#breadcrumb\"},\"inLanguage\":\"fr-FR\",\"potentialAction\":[{\"@type\":\"ReadAction\",\"target\":[\"https:\\\/\\\/www.athena-cbh.com\\\/fr\\\/elite-class\\\/\"]}]},{\"@type\":\"ImageObject\",\"inLanguage\":\"fr-FR\",\"@id\":\"https:\\\/\\\/www.athena-cbh.com\\\/fr\\\/elite-class\\\/#primaryimage\",\"url\":\"https:\\\/\\\/www.athena-cbh.com\\\/app\\\/uploads\\\/sites\\\/20\\\/2020\\\/01\\\/16-ATHENA-BEACH-HOTEL-ADONIS-RESTAURANT-scaled.jpg\",\"contentUrl\":\"https:\\\/\\\/www.athena-cbh.com\\\/app\\\/uploads\\\/sites\\\/20\\\/2020\\\/01\\\/16-ATHENA-BEACH-HOTEL-ADONIS-RESTAURANT-scaled.jpg\",\"width\":2560,\"height\":1707},{\"@type\":\"BreadcrumbList\",\"@id\":\"https:\\\/\\\/www.athena-cbh.com\\\/fr\\\/elite-class\\\/#breadcrumb\",\"itemListElement\":[{\"@type\":\"ListItem\",\"position\":1,\"name\":\"Home\",\"item\":\"https:\\\/\\\/www.athena-cbh.com\\\/fr\\\/\"},{\"@type\":\"ListItem\",\"position\":2,\"name\":\"Privil\u00e8ges de la classe Elite\"}]},{\"@type\":\"WebSite\",\"@id\":\"https:\\\/\\\/www.athena-cbh.com\\\/fr\\\/#website\",\"url\":\"https:\\\/\\\/www.athena-cbh.com\\\/fr\\\/\",\"name\":\"Athena Beach Hotel\",\"description\":\"Constantinou Bros Athena Beach Hotel, 4 star hotel in Paphos Cyprus\",\"potentialAction\":[{\"@type\":\"SearchAction\",\"target\":{\"@type\":\"EntryPoint\",\"urlTemplate\":\"https:\\\/\\\/www.athena-cbh.com\\\/fr\\\/?s={search_term_string}\"},\"query-input\":{\"@type\":\"PropertyValueSpecification\",\"valueRequired\":true,\"valueName\":\"search_term_string\"}}],\"inLanguage\":\"fr-FR\"}]}<\/script>\n<!-- \/ Yoast SEO plugin. -->","yoast_head_json":{"title":"Faites partie de l'\u00e9lite dans notre h\u00f4tel tout compris de Paphos || Athena Beach Hotel","description":"Passez en classe Elite \u00e0 l'Athena Beach by Constantinou Bros Hotels et profitez d'un traitement VIP et d'une pl\u00e9thore d'avantages dans notre h\u00f4tel tout compris de Paphos.","robots":{"index":"index","follow":"follow","max-snippet":"max-snippet:-1","max-image-preview":"max-image-preview:large","max-video-preview":"max-video-preview:-1"},"canonical":"https:\/\/www.athena-cbh.com\/fr\/elite-class\/","og_locale":"fr_FR","og_type":"article","og_title":"Faites partie de l'\u00e9lite dans notre h\u00f4tel tout compris de Paphos || Athena Beach Hotel","og_description":"Passez en classe Elite \u00e0 l'Athena Beach by Constantinou Bros Hotels et profitez d'un traitement VIP et d'une pl\u00e9thore d'avantages dans notre h\u00f4tel tout compris de Paphos.","og_url":"https:\/\/www.athena-cbh.com\/fr\/elite-class\/","og_site_name":"Athena Beach Hotel","article_modified_time":"2026-04-03T12:46:20+00:00","og_image":[{"width":2560,"height":1707,"url":"https:\/\/www.athena-cbh.com\/app\/uploads\/sites\/20\/2020\/01\/16-ATHENA-BEACH-HOTEL-ADONIS-RESTAURANT-scaled.jpg","type":"image\/jpeg"}],"twitter_card":"summary_large_image","twitter_misc":{"Dur\u00e9e de lecture estim\u00e9e":"2 minutes"},"schema":{"@context":"https:\/\/schema.org","@graph":[{"@type":"WebPage","@id":"https:\/\/www.athena-cbh.com\/fr\/elite-class\/","url":"https:\/\/www.athena-cbh.com\/fr\/elite-class\/","name":"Faites partie de l'\u00e9lite dans notre h\u00f4tel tout compris de Paphos || Athena Beach Hotel","isPartOf":{"@id":"https:\/\/www.athena-cbh.com\/fr\/#website"},"primaryImageOfPage":{"@id":"https:\/\/www.athena-cbh.com\/fr\/elite-class\/#primaryimage"},"image":{"@id":"https:\/\/www.athena-cbh.com\/fr\/elite-class\/#primaryimage"},"thumbnailUrl":"https:\/\/www.athena-cbh.com\/app\/uploads\/sites\/20\/2020\/01\/16-ATHENA-BEACH-HOTEL-ADONIS-RESTAURANT-scaled.jpg","datePublished":"2022-03-22T08:59:49+00:00","dateModified":"2026-04-03T12:46:20+00:00","description":"Passez en classe Elite \u00e0 l'Athena Beach by Constantinou Bros Hotels et profitez d'un traitement VIP et d'une pl\u00e9thore d'avantages dans notre h\u00f4tel tout compris de Paphos.","breadcrumb":{"@id":"https:\/\/www.athena-cbh.com\/fr\/elite-class\/#breadcrumb"},"inLanguage":"fr-FR","potentialAction":[{"@type":"ReadAction","target":["https:\/\/www.athena-cbh.com\/fr\/elite-class\/"]}]},{"@type":"ImageObject","inLanguage":"fr-FR","@id":"https:\/\/www.athena-cbh.com\/fr\/elite-class\/#primaryimage","url":"https:\/\/www.athena-cbh.com\/app\/uploads\/sites\/20\/2020\/01\/16-ATHENA-BEACH-HOTEL-ADONIS-RESTAURANT-scaled.jpg","contentUrl":"https:\/\/www.athena-cbh.com\/app\/uploads\/sites\/20\/2020\/01\/16-ATHENA-BEACH-HOTEL-ADONIS-RESTAURANT-scaled.jpg","width":2560,"height":1707},{"@type":"BreadcrumbList","@id":"https:\/\/www.athena-cbh.com\/fr\/elite-class\/#breadcrumb","itemListElement":[{"@type":"ListItem","position":1,"name":"Home","item":"https:\/\/www.athena-cbh.com\/fr\/"},{"@type":"ListItem","position":2,"name":"Privil\u00e8ges de la classe Elite"}]},{"@type":"WebSite","@id":"https:\/\/www.athena-cbh.com\/fr\/#website","url":"https:\/\/www.athena-cbh.com\/fr\/","name":"Athena Beach Hotel","description":"Constantinou Bros Athena Beach Hotel, 4 star hotel in Paphos Cyprus","potentialAction":[{"@type":"SearchAction","target":{"@type":"EntryPoint","urlTemplate":"https:\/\/www.athena-cbh.com\/fr\/?s={search_term_string}"},"query-input":{"@type":"PropertyValueSpecification","valueRequired":true,"valueName":"search_term_string"}}],"inLanguage":"fr-FR"}]}},"_links":{"self":[{"href":"https:\/\/www.athena-cbh.com\/fr\/wp-json\/wp\/v2\/pages\/10885","targetHints":{"allow":["GET"]}}],"collection":[{"href":"https:\/\/www.athena-cbh.com\/fr\/wp-json\/wp\/v2\/pages"}],"about":[{"href":"https:\/\/www.athena-cbh.com\/fr\/wp-json\/wp\/v2\/types\/page"}],"author":[{"embeddable":true,"href":"https:\/\/www.athena-cbh.com\/fr\/wp-json\/wp\/v2\/users\/1"}],"replies":[{"embeddable":true,"href":"https:\/\/www.athena-cbh.com\/fr\/wp-json\/wp\/v2\/comments?post=10885"}],"version-history":[{"count":9,"href":"https:\/\/www.athena-cbh.com\/fr\/wp-json\/wp\/v2\/pages\/10885\/revisions"}],"predecessor-version":[{"id":23030,"href":"https:\/\/www.athena-cbh.com\/fr\/wp-json\/wp\/v2\/pages\/10885\/revisions\/23030"}],"wp:featuredmedia":[{"embeddable":true,"href":"https:\/\/www.athena-cbh.com\/fr\/wp-json\/wp\/v2\/media\/9580"}],"wp:attachment":[{"href":"https:\/\/www.athena-cbh.com\/fr\/wp-json\/wp\/v2\/media?parent=10885"}],"curies":[{"name":"wp","href":"https:\/\/api.w.org\/{rel}","templated":true}]}}