{"id":10691,"date":"2022-03-21T18:15:16","date_gmt":"2022-03-21T15:15:16","guid":{"rendered":"https:\/\/www.athena-cbh.com\/family-holidays\/oasis-splash\/"},"modified":"2024-09-16T18:54:56","modified_gmt":"2024-09-16T15:54:56","slug":"oasis-splash","status":"publish","type":"page","link":"https:\/\/www.athena-cbh.com\/fr\/family-holidays\/oasis-splash\/","title":{"rendered":"\u00c9claboussure d&rsquo;oasis"},"content":{"rendered":"<h1 class=\"home-pages-title title-size text-center pt-5 font-regular\">Notre h\u00f4tel de Paphos avec toboggans aquatiques : Oasis Splash !<\/h1>\n<p>Les installations pour enfants comprennent deux pataugeoires, un tout nouvel <strong>Oasis Splash<\/strong> qui comprend, en plus du toboggan aquatique existant de 25 m, un toboggan aquatique suppl\u00e9mentaire \u00ab\u00a0Easy-ride\u00a0\u00bb de 42 m avec des piscines d&rsquo;atterrissage s\u00e9par\u00e9es, ainsi qu&rsquo;une aire de jeux color\u00e9e avec des jouets et des jeux d&rsquo;eau, offrant \u00e0 nos jeunes clients un plaisir aquatique excitant et des jets d&rsquo;eau tout au long de la journ\u00e9e. Les enfants sont bien soign\u00e9s ici et avec un Oasis Splash Park pour faire sourire toute la journ\u00e9e et une aire de jeux d&rsquo;activit\u00e9s, il y a beaucoup de souvenirs heureux \u00e0 faire.<\/p>\n","protected":false},"excerpt":{"rendered":"<p>Notre h\u00f4tel de Paphos avec toboggans aquatiques : Oasis Splash ! Les installations pour enfants comprennent deux pataugeoires, un tout nouvel Oasis Splash qui comprend, en plus du toboggan aquatique existant de 25 m, un toboggan aquatique suppl\u00e9mentaire \u00ab\u00a0Easy-ride\u00a0\u00bb de 42 m avec des piscines d&rsquo;atterrissage s\u00e9par\u00e9es, ainsi qu&rsquo;une aire de jeux color\u00e9e avec des<\/p>\n","protected":false},"author":100,"featured_media":10557,"parent":10683,"menu_order":0,"comment_status":"closed","ping_status":"closed","template":"","meta":{"_acf_changed":false,"footnotes":""},"class_list":["post-10691","page","type-page","status-publish","has-post-thumbnail","hentry"],"acf":[],"yoast_head":"<!-- This site is optimized with the Yoast SEO plugin v27.5 - https:\/\/yoast.com\/product\/yoast-seo-wordpress\/ -->\n<title>H\u00f4tel de Paphos en bord de mer avec toboggans aquatiques || Athena Beach Hotel<\/title>\n<meta name=\"description\" content=\"L&#039;Athena Beach Hotel by Constantinou Bros est un h\u00f4tel de Paphos situ\u00e9 en bord de mer. Il dispose de toboggans aquatiques dans l&#039;espace Oasis Splash, que les enfants adoreront !\" \/>\n<meta name=\"robots\" content=\"index, follow, max-snippet:-1, max-image-preview:large, max-video-preview:-1\" \/>\n<link rel=\"canonical\" href=\"https:\/\/www.athena-cbh.com\/fr\/family-holidays\/oasis-splash\/\" \/>\n<meta property=\"og:locale\" content=\"fr_FR\" \/>\n<meta property=\"og:type\" content=\"article\" \/>\n<meta property=\"og:title\" content=\"H\u00f4tel de Paphos en bord de mer avec toboggans aquatiques || Athena Beach Hotel\" \/>\n<meta property=\"og:description\" content=\"L&#039;Athena Beach Hotel by Constantinou Bros est un h\u00f4tel de Paphos situ\u00e9 en bord de mer. Il dispose de toboggans aquatiques dans l&#039;espace Oasis Splash, que les enfants adoreront !\" \/>\n<meta property=\"og:url\" content=\"https:\/\/www.athena-cbh.com\/fr\/family-holidays\/oasis-splash\/\" \/>\n<meta property=\"og:site_name\" content=\"Athena Beach Hotel\" \/>\n<meta property=\"article:modified_time\" content=\"2024-09-16T15:54:56+00:00\" \/>\n<meta property=\"og:image\" content=\"https:\/\/www.athena-cbh.com\/app\/uploads\/sites\/20\/2021\/07\/66-ATHENA-BEACH-HOTEL-OASIS-SPLASH-3.jpg\" \/>\n\t<meta property=\"og:image:width\" content=\"1920\" \/>\n\t<meta property=\"og:image:height\" content=\"1277\" \/>\n\t<meta property=\"og:image:type\" content=\"image\/jpeg\" \/>\n<meta name=\"twitter:card\" content=\"summary_large_image\" \/>\n<meta name=\"twitter:label1\" content=\"Dur\u00e9e de lecture estim\u00e9e\" \/>\n\t<meta name=\"twitter:data1\" content=\"1 minute\" \/>\n<script type=\"application\/ld+json\" class=\"yoast-schema-graph\">{\"@context\":\"https:\\\/\\\/schema.org\",\"@graph\":[{\"@type\":\"WebPage\",\"@id\":\"https:\\\/\\\/www.athena-cbh.com\\\/fr\\\/family-holidays\\\/oasis-splash\\\/\",\"url\":\"https:\\\/\\\/www.athena-cbh.com\\\/fr\\\/family-holidays\\\/oasis-splash\\\/\",\"name\":\"H\u00f4tel de Paphos en bord de mer avec toboggans aquatiques || Athena Beach Hotel\",\"isPartOf\":{\"@id\":\"https:\\\/\\\/www.athena-cbh.com\\\/fr\\\/#website\"},\"primaryImageOfPage\":{\"@id\":\"https:\\\/\\\/www.athena-cbh.com\\\/fr\\\/family-holidays\\\/oasis-splash\\\/#primaryimage\"},\"image\":{\"@id\":\"https:\\\/\\\/www.athena-cbh.com\\\/fr\\\/family-holidays\\\/oasis-splash\\\/#primaryimage\"},\"thumbnailUrl\":\"https:\\\/\\\/www.athena-cbh.com\\\/app\\\/uploads\\\/sites\\\/20\\\/2021\\\/07\\\/66-ATHENA-BEACH-HOTEL-OASIS-SPLASH-3.jpg\",\"datePublished\":\"2022-03-21T15:15:16+00:00\",\"dateModified\":\"2024-09-16T15:54:56+00:00\",\"description\":\"L'Athena Beach Hotel by Constantinou Bros est un h\u00f4tel de Paphos situ\u00e9 en bord de mer. Il dispose de toboggans aquatiques dans l'espace Oasis Splash, que les enfants adoreront !\",\"breadcrumb\":{\"@id\":\"https:\\\/\\\/www.athena-cbh.com\\\/fr\\\/family-holidays\\\/oasis-splash\\\/#breadcrumb\"},\"inLanguage\":\"fr-FR\",\"potentialAction\":[{\"@type\":\"ReadAction\",\"target\":[\"https:\\\/\\\/www.athena-cbh.com\\\/fr\\\/family-holidays\\\/oasis-splash\\\/\"]}]},{\"@type\":\"ImageObject\",\"inLanguage\":\"fr-FR\",\"@id\":\"https:\\\/\\\/www.athena-cbh.com\\\/fr\\\/family-holidays\\\/oasis-splash\\\/#primaryimage\",\"url\":\"https:\\\/\\\/www.athena-cbh.com\\\/app\\\/uploads\\\/sites\\\/20\\\/2021\\\/07\\\/66-ATHENA-BEACH-HOTEL-OASIS-SPLASH-3.jpg\",\"contentUrl\":\"https:\\\/\\\/www.athena-cbh.com\\\/app\\\/uploads\\\/sites\\\/20\\\/2021\\\/07\\\/66-ATHENA-BEACH-HOTEL-OASIS-SPLASH-3.jpg\",\"width\":1920,\"height\":1277,\"caption\":\"Activit\u00e9s aquatiques amusantes\"},{\"@type\":\"BreadcrumbList\",\"@id\":\"https:\\\/\\\/www.athena-cbh.com\\\/fr\\\/family-holidays\\\/oasis-splash\\\/#breadcrumb\",\"itemListElement\":[{\"@type\":\"ListItem\",\"position\":1,\"name\":\"Home\",\"item\":\"https:\\\/\\\/www.athena-cbh.com\\\/fr\\\/\"},{\"@type\":\"ListItem\",\"position\":2,\"name\":\"Vacances en famille\",\"item\":\"https:\\\/\\\/www.athena-cbh.com\\\/fr\\\/family-holidays\\\/\"},{\"@type\":\"ListItem\",\"position\":3,\"name\":\"\u00c9claboussure d&rsquo;oasis\"}]},{\"@type\":\"WebSite\",\"@id\":\"https:\\\/\\\/www.athena-cbh.com\\\/fr\\\/#website\",\"url\":\"https:\\\/\\\/www.athena-cbh.com\\\/fr\\\/\",\"name\":\"Athena Beach Hotel\",\"description\":\"Constantinou Bros Athena Beach Hotel, 4 star hotel in Paphos Cyprus\",\"potentialAction\":[{\"@type\":\"SearchAction\",\"target\":{\"@type\":\"EntryPoint\",\"urlTemplate\":\"https:\\\/\\\/www.athena-cbh.com\\\/fr\\\/?s={search_term_string}\"},\"query-input\":{\"@type\":\"PropertyValueSpecification\",\"valueRequired\":true,\"valueName\":\"search_term_string\"}}],\"inLanguage\":\"fr-FR\"}]}<\/script>\n<!-- \/ Yoast SEO plugin. -->","yoast_head_json":{"title":"H\u00f4tel de Paphos en bord de mer avec toboggans aquatiques || Athena Beach Hotel","description":"L'Athena Beach Hotel by Constantinou Bros est un h\u00f4tel de Paphos situ\u00e9 en bord de mer. Il dispose de toboggans aquatiques dans l'espace Oasis Splash, que les enfants adoreront !","robots":{"index":"index","follow":"follow","max-snippet":"max-snippet:-1","max-image-preview":"max-image-preview:large","max-video-preview":"max-video-preview:-1"},"canonical":"https:\/\/www.athena-cbh.com\/fr\/family-holidays\/oasis-splash\/","og_locale":"fr_FR","og_type":"article","og_title":"H\u00f4tel de Paphos en bord de mer avec toboggans aquatiques || Athena Beach Hotel","og_description":"L'Athena Beach Hotel by Constantinou Bros est un h\u00f4tel de Paphos situ\u00e9 en bord de mer. Il dispose de toboggans aquatiques dans l'espace Oasis Splash, que les enfants adoreront !","og_url":"https:\/\/www.athena-cbh.com\/fr\/family-holidays\/oasis-splash\/","og_site_name":"Athena Beach Hotel","article_modified_time":"2024-09-16T15:54:56+00:00","og_image":[{"width":1920,"height":1277,"url":"https:\/\/www.athena-cbh.com\/app\/uploads\/sites\/20\/2021\/07\/66-ATHENA-BEACH-HOTEL-OASIS-SPLASH-3.jpg","type":"image\/jpeg"}],"twitter_card":"summary_large_image","twitter_misc":{"Dur\u00e9e de lecture estim\u00e9e":"1 minute"},"schema":{"@context":"https:\/\/schema.org","@graph":[{"@type":"WebPage","@id":"https:\/\/www.athena-cbh.com\/fr\/family-holidays\/oasis-splash\/","url":"https:\/\/www.athena-cbh.com\/fr\/family-holidays\/oasis-splash\/","name":"H\u00f4tel de Paphos en bord de mer avec toboggans aquatiques || Athena Beach Hotel","isPartOf":{"@id":"https:\/\/www.athena-cbh.com\/fr\/#website"},"primaryImageOfPage":{"@id":"https:\/\/www.athena-cbh.com\/fr\/family-holidays\/oasis-splash\/#primaryimage"},"image":{"@id":"https:\/\/www.athena-cbh.com\/fr\/family-holidays\/oasis-splash\/#primaryimage"},"thumbnailUrl":"https:\/\/www.athena-cbh.com\/app\/uploads\/sites\/20\/2021\/07\/66-ATHENA-BEACH-HOTEL-OASIS-SPLASH-3.jpg","datePublished":"2022-03-21T15:15:16+00:00","dateModified":"2024-09-16T15:54:56+00:00","description":"L'Athena Beach Hotel by Constantinou Bros est un h\u00f4tel de Paphos situ\u00e9 en bord de mer. Il dispose de toboggans aquatiques dans l'espace Oasis Splash, que les enfants adoreront !","breadcrumb":{"@id":"https:\/\/www.athena-cbh.com\/fr\/family-holidays\/oasis-splash\/#breadcrumb"},"inLanguage":"fr-FR","potentialAction":[{"@type":"ReadAction","target":["https:\/\/www.athena-cbh.com\/fr\/family-holidays\/oasis-splash\/"]}]},{"@type":"ImageObject","inLanguage":"fr-FR","@id":"https:\/\/www.athena-cbh.com\/fr\/family-holidays\/oasis-splash\/#primaryimage","url":"https:\/\/www.athena-cbh.com\/app\/uploads\/sites\/20\/2021\/07\/66-ATHENA-BEACH-HOTEL-OASIS-SPLASH-3.jpg","contentUrl":"https:\/\/www.athena-cbh.com\/app\/uploads\/sites\/20\/2021\/07\/66-ATHENA-BEACH-HOTEL-OASIS-SPLASH-3.jpg","width":1920,"height":1277,"caption":"Activit\u00e9s aquatiques amusantes"},{"@type":"BreadcrumbList","@id":"https:\/\/www.athena-cbh.com\/fr\/family-holidays\/oasis-splash\/#breadcrumb","itemListElement":[{"@type":"ListItem","position":1,"name":"Home","item":"https:\/\/www.athena-cbh.com\/fr\/"},{"@type":"ListItem","position":2,"name":"Vacances en famille","item":"https:\/\/www.athena-cbh.com\/fr\/family-holidays\/"},{"@type":"ListItem","position":3,"name":"\u00c9claboussure d&rsquo;oasis"}]},{"@type":"WebSite","@id":"https:\/\/www.athena-cbh.com\/fr\/#website","url":"https:\/\/www.athena-cbh.com\/fr\/","name":"Athena Beach Hotel","description":"Constantinou Bros Athena Beach Hotel, 4 star hotel in Paphos Cyprus","potentialAction":[{"@type":"SearchAction","target":{"@type":"EntryPoint","urlTemplate":"https:\/\/www.athena-cbh.com\/fr\/?s={search_term_string}"},"query-input":{"@type":"PropertyValueSpecification","valueRequired":true,"valueName":"search_term_string"}}],"inLanguage":"fr-FR"}]}},"_links":{"self":[{"href":"https:\/\/www.athena-cbh.com\/fr\/wp-json\/wp\/v2\/pages\/10691","targetHints":{"allow":["GET"]}}],"collection":[{"href":"https:\/\/www.athena-cbh.com\/fr\/wp-json\/wp\/v2\/pages"}],"about":[{"href":"https:\/\/www.athena-cbh.com\/fr\/wp-json\/wp\/v2\/types\/page"}],"author":[{"embeddable":true,"href":"https:\/\/www.athena-cbh.com\/fr\/wp-json\/wp\/v2\/users\/100"}],"replies":[{"embeddable":true,"href":"https:\/\/www.athena-cbh.com\/fr\/wp-json\/wp\/v2\/comments?post=10691"}],"version-history":[{"count":3,"href":"https:\/\/www.athena-cbh.com\/fr\/wp-json\/wp\/v2\/pages\/10691\/revisions"}],"predecessor-version":[{"id":20710,"href":"https:\/\/www.athena-cbh.com\/fr\/wp-json\/wp\/v2\/pages\/10691\/revisions\/20710"}],"up":[{"embeddable":true,"href":"https:\/\/www.athena-cbh.com\/fr\/wp-json\/wp\/v2\/pages\/10683"}],"wp:featuredmedia":[{"embeddable":true,"href":"https:\/\/www.athena-cbh.com\/fr\/wp-json\/wp\/v2\/media\/10557"}],"wp:attachment":[{"href":"https:\/\/www.athena-cbh.com\/fr\/wp-json\/wp\/v2\/media?parent=10691"}],"curies":[{"name":"wp","href":"https:\/\/api.w.org\/{rel}","templated":true}]}}