{"id":10689,"date":"2022-03-21T18:14:54","date_gmt":"2022-03-21T15:14:54","guid":{"rendered":"https:\/\/www.athena-cbh.com\/family-holidays\/kids-club\/"},"modified":"2024-09-16T18:54:52","modified_gmt":"2024-09-16T15:54:52","slug":"kids-club","status":"publish","type":"page","link":"https:\/\/www.athena-cbh.com\/fr\/family-holidays\/kids-club\/","title":{"rendered":"Club enfants"},"content":{"rendered":"<h1 class=\"home-pages-title title-size text-center pt-5 font-regular\">Vous cherchez un h\u00f4tel en bord de mer \u00e0 Paphos avec un club pour enfants ?<br \/>\nTrouvez-le ici<\/h1>\n<p>Notre \u00e9quipe d&rsquo;animation interne g\u00e8re un club pour enfants amusant et interactif pour les enfants de 4 \u00e0 12 ans, 6 jours par semaine tout au long de la saison estivale. Les enfants appr\u00e9cieront certainement leur temps au club pour enfants Athena Beach Hotel; une \u00e9quipe d&rsquo;animateurs enthousiastes et de nombreuses activit\u00e9s satisferont m\u00eame les jeunes amateurs de divertissement les plus exigeants. Les parents peuvent profiter de la tranquillit\u00e9 d&rsquo;esprit, sachant que leurs enfants s&rsquo;amuseront au Kids Club, ainsi que de nombreuses activit\u00e9s ludiques et des jeux disponibles plusieurs fois par semaine. &#8211; Stretching pour enfants &#8211; Puzzles &#8211; Arts &amp; Crafts &#8211; Quiz pour enfants &#8211; Jeux de m\u00e9moire &#8211; Jeux de soci\u00e9t\u00e9 &#8211; Peinture sur pierre &#8211; Peinture sur sel &#8211; Bowling &#8211; Regarder des dessins anim\u00e9s<\/p>\n","protected":false},"excerpt":{"rendered":"<p>Vous cherchez un h\u00f4tel en bord de mer \u00e0 Paphos avec un club pour enfants ? Trouvez-le ici Notre \u00e9quipe d&rsquo;animation interne g\u00e8re un club pour enfants amusant et interactif pour les enfants de 4 \u00e0 12 ans, 6 jours par semaine tout au long de la saison estivale. Les enfants appr\u00e9cieront certainement leur temps<\/p>\n","protected":false},"author":100,"featured_media":10551,"parent":10683,"menu_order":0,"comment_status":"closed","ping_status":"closed","template":"","meta":{"_acf_changed":false,"footnotes":""},"class_list":["post-10689","page","type-page","status-publish","has-post-thumbnail","hentry"],"acf":[],"yoast_head":"<!-- This site is optimized with the Yoast SEO plugin v27.5 - https:\/\/yoast.com\/product\/yoast-seo-wordpress\/ -->\n<title>H\u00f4tel de Paphos en bord de mer avec club pour enfants || Athena Beach Hotel<\/title>\n<meta name=\"description\" content=\"L&#039;Athena Beach Hotel by Constantinou Bros est un h\u00f4tel de Paphos situ\u00e9 en bord de mer et dot\u00e9 d&#039;un club pour enfants qui permet aux parents de se d\u00e9tendre pendant que les enfants sont pris en charge.\" \/>\n<meta name=\"robots\" content=\"index, follow, max-snippet:-1, max-image-preview:large, max-video-preview:-1\" \/>\n<link rel=\"canonical\" href=\"https:\/\/www.athena-cbh.com\/fr\/family-holidays\/kids-club\/\" \/>\n<meta property=\"og:locale\" content=\"fr_FR\" \/>\n<meta property=\"og:type\" content=\"article\" \/>\n<meta property=\"og:title\" content=\"H\u00f4tel de Paphos en bord de mer avec club pour enfants || Athena Beach Hotel\" \/>\n<meta property=\"og:description\" content=\"L&#039;Athena Beach Hotel by Constantinou Bros est un h\u00f4tel de Paphos situ\u00e9 en bord de mer et dot\u00e9 d&#039;un club pour enfants qui permet aux parents de se d\u00e9tendre pendant que les enfants sont pris en charge.\" \/>\n<meta property=\"og:url\" content=\"https:\/\/www.athena-cbh.com\/fr\/family-holidays\/kids-club\/\" \/>\n<meta property=\"og:site_name\" content=\"Athena Beach Hotel\" \/>\n<meta property=\"article:modified_time\" content=\"2024-09-16T15:54:52+00:00\" \/>\n<meta property=\"og:image\" content=\"https:\/\/www.athena-cbh.com\/app\/uploads\/sites\/20\/2021\/07\/75-ATHENA-BEACH-HOTEL-KIDS-CLUB-3-scaled.jpg\" \/>\n\t<meta property=\"og:image:width\" content=\"2560\" \/>\n\t<meta property=\"og:image:height\" content=\"1704\" \/>\n\t<meta property=\"og:image:type\" content=\"image\/jpeg\" \/>\n<meta name=\"twitter:card\" content=\"summary_large_image\" \/>\n<meta name=\"twitter:label1\" content=\"Dur\u00e9e de lecture estim\u00e9e\" \/>\n\t<meta name=\"twitter:data1\" content=\"1 minute\" \/>\n<script type=\"application\/ld+json\" class=\"yoast-schema-graph\">{\"@context\":\"https:\\\/\\\/schema.org\",\"@graph\":[{\"@type\":\"WebPage\",\"@id\":\"https:\\\/\\\/www.athena-cbh.com\\\/fr\\\/family-holidays\\\/kids-club\\\/\",\"url\":\"https:\\\/\\\/www.athena-cbh.com\\\/fr\\\/family-holidays\\\/kids-club\\\/\",\"name\":\"H\u00f4tel de Paphos en bord de mer avec club pour enfants || Athena Beach Hotel\",\"isPartOf\":{\"@id\":\"https:\\\/\\\/www.athena-cbh.com\\\/fr\\\/#website\"},\"primaryImageOfPage\":{\"@id\":\"https:\\\/\\\/www.athena-cbh.com\\\/fr\\\/family-holidays\\\/kids-club\\\/#primaryimage\"},\"image\":{\"@id\":\"https:\\\/\\\/www.athena-cbh.com\\\/fr\\\/family-holidays\\\/kids-club\\\/#primaryimage\"},\"thumbnailUrl\":\"https:\\\/\\\/www.athena-cbh.com\\\/app\\\/uploads\\\/sites\\\/20\\\/2021\\\/07\\\/75-ATHENA-BEACH-HOTEL-KIDS-CLUB-3-scaled.jpg\",\"datePublished\":\"2022-03-21T15:14:54+00:00\",\"dateModified\":\"2024-09-16T15:54:52+00:00\",\"description\":\"L'Athena Beach Hotel by Constantinou Bros est un h\u00f4tel de Paphos situ\u00e9 en bord de mer et dot\u00e9 d'un club pour enfants qui permet aux parents de se d\u00e9tendre pendant que les enfants sont pris en charge.\",\"breadcrumb\":{\"@id\":\"https:\\\/\\\/www.athena-cbh.com\\\/fr\\\/family-holidays\\\/kids-club\\\/#breadcrumb\"},\"inLanguage\":\"fr-FR\",\"potentialAction\":[{\"@type\":\"ReadAction\",\"target\":[\"https:\\\/\\\/www.athena-cbh.com\\\/fr\\\/family-holidays\\\/kids-club\\\/\"]}]},{\"@type\":\"ImageObject\",\"inLanguage\":\"fr-FR\",\"@id\":\"https:\\\/\\\/www.athena-cbh.com\\\/fr\\\/family-holidays\\\/kids-club\\\/#primaryimage\",\"url\":\"https:\\\/\\\/www.athena-cbh.com\\\/app\\\/uploads\\\/sites\\\/20\\\/2021\\\/07\\\/75-ATHENA-BEACH-HOTEL-KIDS-CLUB-3-scaled.jpg\",\"contentUrl\":\"https:\\\/\\\/www.athena-cbh.com\\\/app\\\/uploads\\\/sites\\\/20\\\/2021\\\/07\\\/75-ATHENA-BEACH-HOTEL-KIDS-CLUB-3-scaled.jpg\",\"width\":2560,\"height\":1704},{\"@type\":\"BreadcrumbList\",\"@id\":\"https:\\\/\\\/www.athena-cbh.com\\\/fr\\\/family-holidays\\\/kids-club\\\/#breadcrumb\",\"itemListElement\":[{\"@type\":\"ListItem\",\"position\":1,\"name\":\"Home\",\"item\":\"https:\\\/\\\/www.athena-cbh.com\\\/fr\\\/\"},{\"@type\":\"ListItem\",\"position\":2,\"name\":\"Vacances en famille\",\"item\":\"https:\\\/\\\/www.athena-cbh.com\\\/fr\\\/family-holidays\\\/\"},{\"@type\":\"ListItem\",\"position\":3,\"name\":\"Club enfants\"}]},{\"@type\":\"WebSite\",\"@id\":\"https:\\\/\\\/www.athena-cbh.com\\\/fr\\\/#website\",\"url\":\"https:\\\/\\\/www.athena-cbh.com\\\/fr\\\/\",\"name\":\"Athena Beach Hotel\",\"description\":\"Constantinou Bros Athena Beach Hotel, 4 star hotel in Paphos Cyprus\",\"potentialAction\":[{\"@type\":\"SearchAction\",\"target\":{\"@type\":\"EntryPoint\",\"urlTemplate\":\"https:\\\/\\\/www.athena-cbh.com\\\/fr\\\/?s={search_term_string}\"},\"query-input\":{\"@type\":\"PropertyValueSpecification\",\"valueRequired\":true,\"valueName\":\"search_term_string\"}}],\"inLanguage\":\"fr-FR\"}]}<\/script>\n<!-- \/ Yoast SEO plugin. -->","yoast_head_json":{"title":"H\u00f4tel de Paphos en bord de mer avec club pour enfants || Athena Beach Hotel","description":"L'Athena Beach Hotel by Constantinou Bros est un h\u00f4tel de Paphos situ\u00e9 en bord de mer et dot\u00e9 d'un club pour enfants qui permet aux parents de se d\u00e9tendre pendant que les enfants sont pris en charge.","robots":{"index":"index","follow":"follow","max-snippet":"max-snippet:-1","max-image-preview":"max-image-preview:large","max-video-preview":"max-video-preview:-1"},"canonical":"https:\/\/www.athena-cbh.com\/fr\/family-holidays\/kids-club\/","og_locale":"fr_FR","og_type":"article","og_title":"H\u00f4tel de Paphos en bord de mer avec club pour enfants || Athena Beach Hotel","og_description":"L'Athena Beach Hotel by Constantinou Bros est un h\u00f4tel de Paphos situ\u00e9 en bord de mer et dot\u00e9 d'un club pour enfants qui permet aux parents de se d\u00e9tendre pendant que les enfants sont pris en charge.","og_url":"https:\/\/www.athena-cbh.com\/fr\/family-holidays\/kids-club\/","og_site_name":"Athena Beach Hotel","article_modified_time":"2024-09-16T15:54:52+00:00","og_image":[{"width":2560,"height":1704,"url":"https:\/\/www.athena-cbh.com\/app\/uploads\/sites\/20\/2021\/07\/75-ATHENA-BEACH-HOTEL-KIDS-CLUB-3-scaled.jpg","type":"image\/jpeg"}],"twitter_card":"summary_large_image","twitter_misc":{"Dur\u00e9e de lecture estim\u00e9e":"1 minute"},"schema":{"@context":"https:\/\/schema.org","@graph":[{"@type":"WebPage","@id":"https:\/\/www.athena-cbh.com\/fr\/family-holidays\/kids-club\/","url":"https:\/\/www.athena-cbh.com\/fr\/family-holidays\/kids-club\/","name":"H\u00f4tel de Paphos en bord de mer avec club pour enfants || Athena Beach Hotel","isPartOf":{"@id":"https:\/\/www.athena-cbh.com\/fr\/#website"},"primaryImageOfPage":{"@id":"https:\/\/www.athena-cbh.com\/fr\/family-holidays\/kids-club\/#primaryimage"},"image":{"@id":"https:\/\/www.athena-cbh.com\/fr\/family-holidays\/kids-club\/#primaryimage"},"thumbnailUrl":"https:\/\/www.athena-cbh.com\/app\/uploads\/sites\/20\/2021\/07\/75-ATHENA-BEACH-HOTEL-KIDS-CLUB-3-scaled.jpg","datePublished":"2022-03-21T15:14:54+00:00","dateModified":"2024-09-16T15:54:52+00:00","description":"L'Athena Beach Hotel by Constantinou Bros est un h\u00f4tel de Paphos situ\u00e9 en bord de mer et dot\u00e9 d'un club pour enfants qui permet aux parents de se d\u00e9tendre pendant que les enfants sont pris en charge.","breadcrumb":{"@id":"https:\/\/www.athena-cbh.com\/fr\/family-holidays\/kids-club\/#breadcrumb"},"inLanguage":"fr-FR","potentialAction":[{"@type":"ReadAction","target":["https:\/\/www.athena-cbh.com\/fr\/family-holidays\/kids-club\/"]}]},{"@type":"ImageObject","inLanguage":"fr-FR","@id":"https:\/\/www.athena-cbh.com\/fr\/family-holidays\/kids-club\/#primaryimage","url":"https:\/\/www.athena-cbh.com\/app\/uploads\/sites\/20\/2021\/07\/75-ATHENA-BEACH-HOTEL-KIDS-CLUB-3-scaled.jpg","contentUrl":"https:\/\/www.athena-cbh.com\/app\/uploads\/sites\/20\/2021\/07\/75-ATHENA-BEACH-HOTEL-KIDS-CLUB-3-scaled.jpg","width":2560,"height":1704},{"@type":"BreadcrumbList","@id":"https:\/\/www.athena-cbh.com\/fr\/family-holidays\/kids-club\/#breadcrumb","itemListElement":[{"@type":"ListItem","position":1,"name":"Home","item":"https:\/\/www.athena-cbh.com\/fr\/"},{"@type":"ListItem","position":2,"name":"Vacances en famille","item":"https:\/\/www.athena-cbh.com\/fr\/family-holidays\/"},{"@type":"ListItem","position":3,"name":"Club enfants"}]},{"@type":"WebSite","@id":"https:\/\/www.athena-cbh.com\/fr\/#website","url":"https:\/\/www.athena-cbh.com\/fr\/","name":"Athena Beach Hotel","description":"Constantinou Bros Athena Beach Hotel, 4 star hotel in Paphos Cyprus","potentialAction":[{"@type":"SearchAction","target":{"@type":"EntryPoint","urlTemplate":"https:\/\/www.athena-cbh.com\/fr\/?s={search_term_string}"},"query-input":{"@type":"PropertyValueSpecification","valueRequired":true,"valueName":"search_term_string"}}],"inLanguage":"fr-FR"}]}},"_links":{"self":[{"href":"https:\/\/www.athena-cbh.com\/fr\/wp-json\/wp\/v2\/pages\/10689","targetHints":{"allow":["GET"]}}],"collection":[{"href":"https:\/\/www.athena-cbh.com\/fr\/wp-json\/wp\/v2\/pages"}],"about":[{"href":"https:\/\/www.athena-cbh.com\/fr\/wp-json\/wp\/v2\/types\/page"}],"author":[{"embeddable":true,"href":"https:\/\/www.athena-cbh.com\/fr\/wp-json\/wp\/v2\/users\/100"}],"replies":[{"embeddable":true,"href":"https:\/\/www.athena-cbh.com\/fr\/wp-json\/wp\/v2\/comments?post=10689"}],"version-history":[{"count":3,"href":"https:\/\/www.athena-cbh.com\/fr\/wp-json\/wp\/v2\/pages\/10689\/revisions"}],"predecessor-version":[{"id":20720,"href":"https:\/\/www.athena-cbh.com\/fr\/wp-json\/wp\/v2\/pages\/10689\/revisions\/20720"}],"up":[{"embeddable":true,"href":"https:\/\/www.athena-cbh.com\/fr\/wp-json\/wp\/v2\/pages\/10683"}],"wp:featuredmedia":[{"embeddable":true,"href":"https:\/\/www.athena-cbh.com\/fr\/wp-json\/wp\/v2\/media\/10551"}],"wp:attachment":[{"href":"https:\/\/www.athena-cbh.com\/fr\/wp-json\/wp\/v2\/media?parent=10689"}],"curies":[{"name":"wp","href":"https:\/\/api.w.org\/{rel}","templated":true}]}}