{"id":10687,"date":"2022-03-21T18:13:51","date_gmt":"2022-03-21T15:13:51","guid":{"rendered":"https:\/\/www.athena-cbh.com\/family-holidays\/family-interconnecting-rooms\/"},"modified":"2025-02-17T12:51:16","modified_gmt":"2025-02-17T09:51:16","slug":"family-interconnecting-rooms","status":"publish","type":"page","link":"https:\/\/www.athena-cbh.com\/fr\/family-holidays\/family-interconnecting-rooms\/","title":{"rendered":"Chambres Familiales Communicantes"},"content":{"rendered":"<h1 class=\"home-pages-title title-size text-center pt-5 font-regular\">Meilleur h\u00f4tel familial de Paphos en bord de mer avec chambres communicantes<\/h1>\n<p>Athena Beach Hotel propose une vari\u00e9t\u00e9 d&rsquo;h\u00e9bergements confortables et spacieux pour faciliter les voyages des parents avec des enfants. Les options vont d&rsquo;une chambre classique pour une famille de 3 personnes avec un lit suppl\u00e9mentaire, une chambre duplex pouvant accueillir jusqu&rsquo;\u00e0 6 personnes, des chambres familiales communicantes d&rsquo;une capacit\u00e9 maximale de 6 personnes et une suite familiale d&rsquo;une chambre pouvant accueillir 4 personnes. Si vous voyagez avec un b\u00e9b\u00e9 de moins de deux ans, nous ajouterons automatiquement un lit b\u00e9b\u00e9 dans votre chambre.<\/p>\n","protected":false},"excerpt":{"rendered":"<p>Meilleur h\u00f4tel familial de Paphos en bord de mer avec chambres communicantes Athena Beach Hotel propose une vari\u00e9t\u00e9 d&rsquo;h\u00e9bergements confortables et spacieux pour faciliter les voyages des parents avec des enfants. Les options vont d&rsquo;une chambre classique pour une famille de 3 personnes avec un lit suppl\u00e9mentaire, une chambre duplex pouvant accueillir jusqu&rsquo;\u00e0 6 personnes,<\/p>\n","protected":false},"author":100,"featured_media":10631,"parent":10683,"menu_order":0,"comment_status":"closed","ping_status":"closed","template":"","meta":{"_acf_changed":false,"footnotes":""},"class_list":["post-10687","page","type-page","status-publish","has-post-thumbnail","hentry"],"acf":[],"yoast_head":"<!-- This site is optimized with the Yoast SEO plugin v27.5 - https:\/\/yoast.com\/product\/yoast-seo-wordpress\/ -->\n<title>H\u00f4tel familial de Paphos avec chambres communicantes || Athena Beach<\/title>\n<meta name=\"description\" content=\"L&#039;Athena Beach by Constantinou Bros Hotels est un h\u00f4tel familial bien situ\u00e9 en bord de mer \u00e0 Paphos. Il propose des chambres communicantes et de nombreuses options de s\u00e9jour pour les familles.\" \/>\n<meta name=\"robots\" content=\"index, follow, max-snippet:-1, max-image-preview:large, max-video-preview:-1\" \/>\n<link rel=\"canonical\" href=\"https:\/\/www.athena-cbh.com\/fr\/family-holidays\/family-interconnecting-rooms\/\" \/>\n<meta property=\"og:locale\" content=\"fr_FR\" \/>\n<meta property=\"og:type\" content=\"article\" \/>\n<meta property=\"og:title\" content=\"H\u00f4tel familial de Paphos avec chambres communicantes || Athena Beach\" \/>\n<meta property=\"og:description\" content=\"L&#039;Athena Beach by Constantinou Bros Hotels est un h\u00f4tel familial bien situ\u00e9 en bord de mer \u00e0 Paphos. Il propose des chambres communicantes et de nombreuses options de s\u00e9jour pour les familles.\" \/>\n<meta property=\"og:url\" content=\"https:\/\/www.athena-cbh.com\/fr\/family-holidays\/family-interconnecting-rooms\/\" \/>\n<meta property=\"og:site_name\" content=\"Athena Beach Hotel\" \/>\n<meta property=\"article:modified_time\" content=\"2025-02-17T09:51:16+00:00\" \/>\n<meta property=\"og:image\" content=\"https:\/\/www.athena-cbh.com\/app\/uploads\/sites\/20\/2022\/01\/46-ATHENA-BEACH-HOTEL-FAMILY-SUPERIOR-INTERCONNECTING-AND-TRIPLE-INTERCONECTING-SWIM-UP-ROOM-scaled.jpg\" \/>\n\t<meta property=\"og:image:width\" content=\"2560\" \/>\n\t<meta property=\"og:image:height\" content=\"1707\" \/>\n\t<meta property=\"og:image:type\" content=\"image\/jpeg\" \/>\n<meta name=\"twitter:card\" content=\"summary_large_image\" \/>\n<meta name=\"twitter:label1\" content=\"Dur\u00e9e de lecture estim\u00e9e\" \/>\n\t<meta name=\"twitter:data1\" content=\"1 minute\" \/>\n<script type=\"application\/ld+json\" class=\"yoast-schema-graph\">{\"@context\":\"https:\\\/\\\/schema.org\",\"@graph\":[{\"@type\":\"WebPage\",\"@id\":\"https:\\\/\\\/www.athena-cbh.com\\\/fr\\\/family-holidays\\\/family-interconnecting-rooms\\\/\",\"url\":\"https:\\\/\\\/www.athena-cbh.com\\\/fr\\\/family-holidays\\\/family-interconnecting-rooms\\\/\",\"name\":\"H\u00f4tel familial de Paphos avec chambres communicantes || Athena Beach\",\"isPartOf\":{\"@id\":\"https:\\\/\\\/www.athena-cbh.com\\\/fr\\\/#website\"},\"primaryImageOfPage\":{\"@id\":\"https:\\\/\\\/www.athena-cbh.com\\\/fr\\\/family-holidays\\\/family-interconnecting-rooms\\\/#primaryimage\"},\"image\":{\"@id\":\"https:\\\/\\\/www.athena-cbh.com\\\/fr\\\/family-holidays\\\/family-interconnecting-rooms\\\/#primaryimage\"},\"thumbnailUrl\":\"https:\\\/\\\/www.athena-cbh.com\\\/app\\\/uploads\\\/sites\\\/20\\\/2022\\\/01\\\/46-ATHENA-BEACH-HOTEL-FAMILY-SUPERIOR-INTERCONNECTING-AND-TRIPLE-INTERCONECTING-SWIM-UP-ROOM-scaled.jpg\",\"datePublished\":\"2022-03-21T15:13:51+00:00\",\"dateModified\":\"2025-02-17T09:51:16+00:00\",\"description\":\"L'Athena Beach by Constantinou Bros Hotels est un h\u00f4tel familial bien situ\u00e9 en bord de mer \u00e0 Paphos. Il propose des chambres communicantes et de nombreuses options de s\u00e9jour pour les familles.\",\"breadcrumb\":{\"@id\":\"https:\\\/\\\/www.athena-cbh.com\\\/fr\\\/family-holidays\\\/family-interconnecting-rooms\\\/#breadcrumb\"},\"inLanguage\":\"fr-FR\",\"potentialAction\":[{\"@type\":\"ReadAction\",\"target\":[\"https:\\\/\\\/www.athena-cbh.com\\\/fr\\\/family-holidays\\\/family-interconnecting-rooms\\\/\"]}]},{\"@type\":\"ImageObject\",\"inLanguage\":\"fr-FR\",\"@id\":\"https:\\\/\\\/www.athena-cbh.com\\\/fr\\\/family-holidays\\\/family-interconnecting-rooms\\\/#primaryimage\",\"url\":\"https:\\\/\\\/www.athena-cbh.com\\\/app\\\/uploads\\\/sites\\\/20\\\/2022\\\/01\\\/46-ATHENA-BEACH-HOTEL-FAMILY-SUPERIOR-INTERCONNECTING-AND-TRIPLE-INTERCONECTING-SWIM-UP-ROOM-scaled.jpg\",\"contentUrl\":\"https:\\\/\\\/www.athena-cbh.com\\\/app\\\/uploads\\\/sites\\\/20\\\/2022\\\/01\\\/46-ATHENA-BEACH-HOTEL-FAMILY-SUPERIOR-INTERCONNECTING-AND-TRIPLE-INTERCONECTING-SWIM-UP-ROOM-scaled.jpg\",\"width\":2560,\"height\":1707},{\"@type\":\"BreadcrumbList\",\"@id\":\"https:\\\/\\\/www.athena-cbh.com\\\/fr\\\/family-holidays\\\/family-interconnecting-rooms\\\/#breadcrumb\",\"itemListElement\":[{\"@type\":\"ListItem\",\"position\":1,\"name\":\"Home\",\"item\":\"https:\\\/\\\/www.athena-cbh.com\\\/fr\\\/\"},{\"@type\":\"ListItem\",\"position\":2,\"name\":\"Vacances en famille\",\"item\":\"https:\\\/\\\/www.athena-cbh.com\\\/fr\\\/family-holidays\\\/\"},{\"@type\":\"ListItem\",\"position\":3,\"name\":\"Chambres Familiales Communicantes\"}]},{\"@type\":\"WebSite\",\"@id\":\"https:\\\/\\\/www.athena-cbh.com\\\/fr\\\/#website\",\"url\":\"https:\\\/\\\/www.athena-cbh.com\\\/fr\\\/\",\"name\":\"Athena Beach Hotel\",\"description\":\"Constantinou Bros Athena Beach Hotel, 4 star hotel in Paphos Cyprus\",\"potentialAction\":[{\"@type\":\"SearchAction\",\"target\":{\"@type\":\"EntryPoint\",\"urlTemplate\":\"https:\\\/\\\/www.athena-cbh.com\\\/fr\\\/?s={search_term_string}\"},\"query-input\":{\"@type\":\"PropertyValueSpecification\",\"valueRequired\":true,\"valueName\":\"search_term_string\"}}],\"inLanguage\":\"fr-FR\"}]}<\/script>\n<!-- \/ Yoast SEO plugin. -->","yoast_head_json":{"title":"H\u00f4tel familial de Paphos avec chambres communicantes || Athena Beach","description":"L'Athena Beach by Constantinou Bros Hotels est un h\u00f4tel familial bien situ\u00e9 en bord de mer \u00e0 Paphos. Il propose des chambres communicantes et de nombreuses options de s\u00e9jour pour les familles.","robots":{"index":"index","follow":"follow","max-snippet":"max-snippet:-1","max-image-preview":"max-image-preview:large","max-video-preview":"max-video-preview:-1"},"canonical":"https:\/\/www.athena-cbh.com\/fr\/family-holidays\/family-interconnecting-rooms\/","og_locale":"fr_FR","og_type":"article","og_title":"H\u00f4tel familial de Paphos avec chambres communicantes || Athena Beach","og_description":"L'Athena Beach by Constantinou Bros Hotels est un h\u00f4tel familial bien situ\u00e9 en bord de mer \u00e0 Paphos. Il propose des chambres communicantes et de nombreuses options de s\u00e9jour pour les familles.","og_url":"https:\/\/www.athena-cbh.com\/fr\/family-holidays\/family-interconnecting-rooms\/","og_site_name":"Athena Beach Hotel","article_modified_time":"2025-02-17T09:51:16+00:00","og_image":[{"width":2560,"height":1707,"url":"https:\/\/www.athena-cbh.com\/app\/uploads\/sites\/20\/2022\/01\/46-ATHENA-BEACH-HOTEL-FAMILY-SUPERIOR-INTERCONNECTING-AND-TRIPLE-INTERCONECTING-SWIM-UP-ROOM-scaled.jpg","type":"image\/jpeg"}],"twitter_card":"summary_large_image","twitter_misc":{"Dur\u00e9e de lecture estim\u00e9e":"1 minute"},"schema":{"@context":"https:\/\/schema.org","@graph":[{"@type":"WebPage","@id":"https:\/\/www.athena-cbh.com\/fr\/family-holidays\/family-interconnecting-rooms\/","url":"https:\/\/www.athena-cbh.com\/fr\/family-holidays\/family-interconnecting-rooms\/","name":"H\u00f4tel familial de Paphos avec chambres communicantes || Athena Beach","isPartOf":{"@id":"https:\/\/www.athena-cbh.com\/fr\/#website"},"primaryImageOfPage":{"@id":"https:\/\/www.athena-cbh.com\/fr\/family-holidays\/family-interconnecting-rooms\/#primaryimage"},"image":{"@id":"https:\/\/www.athena-cbh.com\/fr\/family-holidays\/family-interconnecting-rooms\/#primaryimage"},"thumbnailUrl":"https:\/\/www.athena-cbh.com\/app\/uploads\/sites\/20\/2022\/01\/46-ATHENA-BEACH-HOTEL-FAMILY-SUPERIOR-INTERCONNECTING-AND-TRIPLE-INTERCONECTING-SWIM-UP-ROOM-scaled.jpg","datePublished":"2022-03-21T15:13:51+00:00","dateModified":"2025-02-17T09:51:16+00:00","description":"L'Athena Beach by Constantinou Bros Hotels est un h\u00f4tel familial bien situ\u00e9 en bord de mer \u00e0 Paphos. Il propose des chambres communicantes et de nombreuses options de s\u00e9jour pour les familles.","breadcrumb":{"@id":"https:\/\/www.athena-cbh.com\/fr\/family-holidays\/family-interconnecting-rooms\/#breadcrumb"},"inLanguage":"fr-FR","potentialAction":[{"@type":"ReadAction","target":["https:\/\/www.athena-cbh.com\/fr\/family-holidays\/family-interconnecting-rooms\/"]}]},{"@type":"ImageObject","inLanguage":"fr-FR","@id":"https:\/\/www.athena-cbh.com\/fr\/family-holidays\/family-interconnecting-rooms\/#primaryimage","url":"https:\/\/www.athena-cbh.com\/app\/uploads\/sites\/20\/2022\/01\/46-ATHENA-BEACH-HOTEL-FAMILY-SUPERIOR-INTERCONNECTING-AND-TRIPLE-INTERCONECTING-SWIM-UP-ROOM-scaled.jpg","contentUrl":"https:\/\/www.athena-cbh.com\/app\/uploads\/sites\/20\/2022\/01\/46-ATHENA-BEACH-HOTEL-FAMILY-SUPERIOR-INTERCONNECTING-AND-TRIPLE-INTERCONECTING-SWIM-UP-ROOM-scaled.jpg","width":2560,"height":1707},{"@type":"BreadcrumbList","@id":"https:\/\/www.athena-cbh.com\/fr\/family-holidays\/family-interconnecting-rooms\/#breadcrumb","itemListElement":[{"@type":"ListItem","position":1,"name":"Home","item":"https:\/\/www.athena-cbh.com\/fr\/"},{"@type":"ListItem","position":2,"name":"Vacances en famille","item":"https:\/\/www.athena-cbh.com\/fr\/family-holidays\/"},{"@type":"ListItem","position":3,"name":"Chambres Familiales Communicantes"}]},{"@type":"WebSite","@id":"https:\/\/www.athena-cbh.com\/fr\/#website","url":"https:\/\/www.athena-cbh.com\/fr\/","name":"Athena Beach Hotel","description":"Constantinou Bros Athena Beach Hotel, 4 star hotel in Paphos Cyprus","potentialAction":[{"@type":"SearchAction","target":{"@type":"EntryPoint","urlTemplate":"https:\/\/www.athena-cbh.com\/fr\/?s={search_term_string}"},"query-input":{"@type":"PropertyValueSpecification","valueRequired":true,"valueName":"search_term_string"}}],"inLanguage":"fr-FR"}]}},"_links":{"self":[{"href":"https:\/\/www.athena-cbh.com\/fr\/wp-json\/wp\/v2\/pages\/10687","targetHints":{"allow":["GET"]}}],"collection":[{"href":"https:\/\/www.athena-cbh.com\/fr\/wp-json\/wp\/v2\/pages"}],"about":[{"href":"https:\/\/www.athena-cbh.com\/fr\/wp-json\/wp\/v2\/types\/page"}],"author":[{"embeddable":true,"href":"https:\/\/www.athena-cbh.com\/fr\/wp-json\/wp\/v2\/users\/100"}],"replies":[{"embeddable":true,"href":"https:\/\/www.athena-cbh.com\/fr\/wp-json\/wp\/v2\/comments?post=10687"}],"version-history":[{"count":4,"href":"https:\/\/www.athena-cbh.com\/fr\/wp-json\/wp\/v2\/pages\/10687\/revisions"}],"predecessor-version":[{"id":21850,"href":"https:\/\/www.athena-cbh.com\/fr\/wp-json\/wp\/v2\/pages\/10687\/revisions\/21850"}],"up":[{"embeddable":true,"href":"https:\/\/www.athena-cbh.com\/fr\/wp-json\/wp\/v2\/pages\/10683"}],"wp:featuredmedia":[{"embeddable":true,"href":"https:\/\/www.athena-cbh.com\/fr\/wp-json\/wp\/v2\/media\/10631"}],"wp:attachment":[{"href":"https:\/\/www.athena-cbh.com\/fr\/wp-json\/wp\/v2\/media?parent=10687"}],"curies":[{"name":"wp","href":"https:\/\/api.w.org\/{rel}","templated":true}]}}