{"id":10683,"date":"2022-03-21T18:13:06","date_gmt":"2022-03-21T15:13:06","guid":{"rendered":"https:\/\/www.athena-cbh.com\/family-holidays\/"},"modified":"2024-09-16T18:54:41","modified_gmt":"2024-09-16T15:54:41","slug":"family-holidays","status":"publish","type":"page","link":"https:\/\/www.athena-cbh.com\/fr\/family-holidays\/","title":{"rendered":"Vacances en famille"},"content":{"rendered":"<p>L&rsquo;Athena Beach \u0397otel est un choix tr\u00e8s populaire pour les familles car il offre une large gamme d&rsquo;installations pour divertir nos jeunes invit\u00e9s. L&rsquo;h\u00f4tel dispose \u00e9galement de vastes jardins bien entretenus et de superbes terrains spacieux qui m\u00e8nent directement \u00e0 la plage. Notre personnel amical vous attend pour vous offrir un service de qualit\u00e9, une excellente cuisine et une exp\u00e9rience absolument relaxante et sans stress. L&rsquo;h\u00f4tel Athena Beach est bien connu pour son excellente cuisine avec des menus internationaux vari\u00e9s pour tous les go\u00fbts. Il dispose de cinq restaurants, un bar de plage qui sert \u00e9galement des repas l\u00e9gers et des collations ainsi qu&rsquo;une piscine et un bar \u00e0 cocktails pour une boisson rafra\u00eechissante, un d\u00e9licieux milkshake ou une glace pour rafra\u00eechir nos jeunes h\u00f4tes. Nous pouvons livrer une vari\u00e9t\u00e9 d&rsquo;articles pour b\u00e9b\u00e9s dont vous pourriez avoir besoin et nous sommes heureux de r\u00e9pondre \u00e0 tous les besoins alimentaires particuliers.<\/p>\n","protected":false},"excerpt":{"rendered":"<p>L&rsquo;Athena Beach \u0397otel est un choix tr\u00e8s populaire pour les familles car il offre une large gamme d&rsquo;installations pour divertir nos jeunes invit\u00e9s. L&rsquo;h\u00f4tel dispose \u00e9galement de vastes jardins bien entretenus et de superbes terrains spacieux qui m\u00e8nent directement \u00e0 la plage. Notre personnel amical vous attend pour vous offrir un service de qualit\u00e9, une<\/p>\n","protected":false},"author":100,"featured_media":10551,"parent":0,"menu_order":0,"comment_status":"closed","ping_status":"closed","template":"page-templates\/simple-list.php","meta":{"_acf_changed":false,"footnotes":""},"class_list":["post-10683","page","type-page","status-publish","has-post-thumbnail","hentry"],"acf":[],"yoast_head":"<!-- This site is optimized with the Yoast SEO plugin v27.5 - https:\/\/yoast.com\/product\/yoast-seo-wordpress\/ -->\n<title>Vacances dans le meilleur h\u00f4tel familial de Paphos || Athena Beach Hotel<\/title>\n<meta name=\"description\" content=\"\u00c0 l&#039;Athena Beach Hotel by Constantinou Bros, vous trouverez le meilleur h\u00f4tel familial de Paphos, pour des vacances en bord de mer remplies de moments de plaisir et d&#039;amusement pour tous.\" \/>\n<meta name=\"robots\" content=\"index, follow, max-snippet:-1, max-image-preview:large, max-video-preview:-1\" \/>\n<link rel=\"canonical\" href=\"https:\/\/www.athena-cbh.com\/fr\/family-holidays\/\" \/>\n<meta property=\"og:locale\" content=\"fr_FR\" \/>\n<meta property=\"og:type\" content=\"article\" \/>\n<meta property=\"og:title\" content=\"Vacances dans le meilleur h\u00f4tel familial de Paphos || Athena Beach Hotel\" \/>\n<meta property=\"og:description\" content=\"\u00c0 l&#039;Athena Beach Hotel by Constantinou Bros, vous trouverez le meilleur h\u00f4tel familial de Paphos, pour des vacances en bord de mer remplies de moments de plaisir et d&#039;amusement pour tous.\" \/>\n<meta property=\"og:url\" content=\"https:\/\/www.athena-cbh.com\/fr\/family-holidays\/\" \/>\n<meta property=\"og:site_name\" content=\"Athena Beach Hotel\" \/>\n<meta property=\"article:modified_time\" content=\"2024-09-16T15:54:41+00:00\" \/>\n<meta property=\"og:image\" content=\"https:\/\/www.athena-cbh.com\/app\/uploads\/sites\/20\/2021\/07\/75-ATHENA-BEACH-HOTEL-KIDS-CLUB-3-scaled.jpg\" \/>\n\t<meta property=\"og:image:width\" content=\"2560\" \/>\n\t<meta property=\"og:image:height\" content=\"1704\" \/>\n\t<meta property=\"og:image:type\" content=\"image\/jpeg\" \/>\n<meta name=\"twitter:card\" content=\"summary_large_image\" \/>\n<meta name=\"twitter:label1\" content=\"Dur\u00e9e de lecture estim\u00e9e\" \/>\n\t<meta name=\"twitter:data1\" content=\"1 minute\" \/>\n<script type=\"application\/ld+json\" class=\"yoast-schema-graph\">{\"@context\":\"https:\\\/\\\/schema.org\",\"@graph\":[{\"@type\":\"WebPage\",\"@id\":\"https:\\\/\\\/www.athena-cbh.com\\\/fr\\\/family-holidays\\\/\",\"url\":\"https:\\\/\\\/www.athena-cbh.com\\\/fr\\\/family-holidays\\\/\",\"name\":\"Vacances dans le meilleur h\u00f4tel familial de Paphos || Athena Beach Hotel\",\"isPartOf\":{\"@id\":\"https:\\\/\\\/www.athena-cbh.com\\\/fr\\\/#website\"},\"primaryImageOfPage\":{\"@id\":\"https:\\\/\\\/www.athena-cbh.com\\\/fr\\\/family-holidays\\\/#primaryimage\"},\"image\":{\"@id\":\"https:\\\/\\\/www.athena-cbh.com\\\/fr\\\/family-holidays\\\/#primaryimage\"},\"thumbnailUrl\":\"https:\\\/\\\/www.athena-cbh.com\\\/app\\\/uploads\\\/sites\\\/20\\\/2021\\\/07\\\/75-ATHENA-BEACH-HOTEL-KIDS-CLUB-3-scaled.jpg\",\"datePublished\":\"2022-03-21T15:13:06+00:00\",\"dateModified\":\"2024-09-16T15:54:41+00:00\",\"description\":\"\u00c0 l'Athena Beach Hotel by Constantinou Bros, vous trouverez le meilleur h\u00f4tel familial de Paphos, pour des vacances en bord de mer remplies de moments de plaisir et d'amusement pour tous.\",\"breadcrumb\":{\"@id\":\"https:\\\/\\\/www.athena-cbh.com\\\/fr\\\/family-holidays\\\/#breadcrumb\"},\"inLanguage\":\"fr-FR\",\"potentialAction\":[{\"@type\":\"ReadAction\",\"target\":[\"https:\\\/\\\/www.athena-cbh.com\\\/fr\\\/family-holidays\\\/\"]}]},{\"@type\":\"ImageObject\",\"inLanguage\":\"fr-FR\",\"@id\":\"https:\\\/\\\/www.athena-cbh.com\\\/fr\\\/family-holidays\\\/#primaryimage\",\"url\":\"https:\\\/\\\/www.athena-cbh.com\\\/app\\\/uploads\\\/sites\\\/20\\\/2021\\\/07\\\/75-ATHENA-BEACH-HOTEL-KIDS-CLUB-3-scaled.jpg\",\"contentUrl\":\"https:\\\/\\\/www.athena-cbh.com\\\/app\\\/uploads\\\/sites\\\/20\\\/2021\\\/07\\\/75-ATHENA-BEACH-HOTEL-KIDS-CLUB-3-scaled.jpg\",\"width\":2560,\"height\":1704},{\"@type\":\"BreadcrumbList\",\"@id\":\"https:\\\/\\\/www.athena-cbh.com\\\/fr\\\/family-holidays\\\/#breadcrumb\",\"itemListElement\":[{\"@type\":\"ListItem\",\"position\":1,\"name\":\"Home\",\"item\":\"https:\\\/\\\/www.athena-cbh.com\\\/fr\\\/\"},{\"@type\":\"ListItem\",\"position\":2,\"name\":\"Vacances en famille\"}]},{\"@type\":\"WebSite\",\"@id\":\"https:\\\/\\\/www.athena-cbh.com\\\/fr\\\/#website\",\"url\":\"https:\\\/\\\/www.athena-cbh.com\\\/fr\\\/\",\"name\":\"Athena Beach Hotel\",\"description\":\"Constantinou Bros Athena Beach Hotel, 4 star hotel in Paphos Cyprus\",\"potentialAction\":[{\"@type\":\"SearchAction\",\"target\":{\"@type\":\"EntryPoint\",\"urlTemplate\":\"https:\\\/\\\/www.athena-cbh.com\\\/fr\\\/?s={search_term_string}\"},\"query-input\":{\"@type\":\"PropertyValueSpecification\",\"valueRequired\":true,\"valueName\":\"search_term_string\"}}],\"inLanguage\":\"fr-FR\"}]}<\/script>\n<!-- \/ Yoast SEO plugin. -->","yoast_head_json":{"title":"Vacances dans le meilleur h\u00f4tel familial de Paphos || Athena Beach Hotel","description":"\u00c0 l'Athena Beach Hotel by Constantinou Bros, vous trouverez le meilleur h\u00f4tel familial de Paphos, pour des vacances en bord de mer remplies de moments de plaisir et d'amusement pour tous.","robots":{"index":"index","follow":"follow","max-snippet":"max-snippet:-1","max-image-preview":"max-image-preview:large","max-video-preview":"max-video-preview:-1"},"canonical":"https:\/\/www.athena-cbh.com\/fr\/family-holidays\/","og_locale":"fr_FR","og_type":"article","og_title":"Vacances dans le meilleur h\u00f4tel familial de Paphos || Athena Beach Hotel","og_description":"\u00c0 l'Athena Beach Hotel by Constantinou Bros, vous trouverez le meilleur h\u00f4tel familial de Paphos, pour des vacances en bord de mer remplies de moments de plaisir et d'amusement pour tous.","og_url":"https:\/\/www.athena-cbh.com\/fr\/family-holidays\/","og_site_name":"Athena Beach Hotel","article_modified_time":"2024-09-16T15:54:41+00:00","og_image":[{"width":2560,"height":1704,"url":"https:\/\/www.athena-cbh.com\/app\/uploads\/sites\/20\/2021\/07\/75-ATHENA-BEACH-HOTEL-KIDS-CLUB-3-scaled.jpg","type":"image\/jpeg"}],"twitter_card":"summary_large_image","twitter_misc":{"Dur\u00e9e de lecture estim\u00e9e":"1 minute"},"schema":{"@context":"https:\/\/schema.org","@graph":[{"@type":"WebPage","@id":"https:\/\/www.athena-cbh.com\/fr\/family-holidays\/","url":"https:\/\/www.athena-cbh.com\/fr\/family-holidays\/","name":"Vacances dans le meilleur h\u00f4tel familial de Paphos || Athena Beach Hotel","isPartOf":{"@id":"https:\/\/www.athena-cbh.com\/fr\/#website"},"primaryImageOfPage":{"@id":"https:\/\/www.athena-cbh.com\/fr\/family-holidays\/#primaryimage"},"image":{"@id":"https:\/\/www.athena-cbh.com\/fr\/family-holidays\/#primaryimage"},"thumbnailUrl":"https:\/\/www.athena-cbh.com\/app\/uploads\/sites\/20\/2021\/07\/75-ATHENA-BEACH-HOTEL-KIDS-CLUB-3-scaled.jpg","datePublished":"2022-03-21T15:13:06+00:00","dateModified":"2024-09-16T15:54:41+00:00","description":"\u00c0 l'Athena Beach Hotel by Constantinou Bros, vous trouverez le meilleur h\u00f4tel familial de Paphos, pour des vacances en bord de mer remplies de moments de plaisir et d'amusement pour tous.","breadcrumb":{"@id":"https:\/\/www.athena-cbh.com\/fr\/family-holidays\/#breadcrumb"},"inLanguage":"fr-FR","potentialAction":[{"@type":"ReadAction","target":["https:\/\/www.athena-cbh.com\/fr\/family-holidays\/"]}]},{"@type":"ImageObject","inLanguage":"fr-FR","@id":"https:\/\/www.athena-cbh.com\/fr\/family-holidays\/#primaryimage","url":"https:\/\/www.athena-cbh.com\/app\/uploads\/sites\/20\/2021\/07\/75-ATHENA-BEACH-HOTEL-KIDS-CLUB-3-scaled.jpg","contentUrl":"https:\/\/www.athena-cbh.com\/app\/uploads\/sites\/20\/2021\/07\/75-ATHENA-BEACH-HOTEL-KIDS-CLUB-3-scaled.jpg","width":2560,"height":1704},{"@type":"BreadcrumbList","@id":"https:\/\/www.athena-cbh.com\/fr\/family-holidays\/#breadcrumb","itemListElement":[{"@type":"ListItem","position":1,"name":"Home","item":"https:\/\/www.athena-cbh.com\/fr\/"},{"@type":"ListItem","position":2,"name":"Vacances en famille"}]},{"@type":"WebSite","@id":"https:\/\/www.athena-cbh.com\/fr\/#website","url":"https:\/\/www.athena-cbh.com\/fr\/","name":"Athena Beach Hotel","description":"Constantinou Bros Athena Beach Hotel, 4 star hotel in Paphos Cyprus","potentialAction":[{"@type":"SearchAction","target":{"@type":"EntryPoint","urlTemplate":"https:\/\/www.athena-cbh.com\/fr\/?s={search_term_string}"},"query-input":{"@type":"PropertyValueSpecification","valueRequired":true,"valueName":"search_term_string"}}],"inLanguage":"fr-FR"}]}},"_links":{"self":[{"href":"https:\/\/www.athena-cbh.com\/fr\/wp-json\/wp\/v2\/pages\/10683","targetHints":{"allow":["GET"]}}],"collection":[{"href":"https:\/\/www.athena-cbh.com\/fr\/wp-json\/wp\/v2\/pages"}],"about":[{"href":"https:\/\/www.athena-cbh.com\/fr\/wp-json\/wp\/v2\/types\/page"}],"author":[{"embeddable":true,"href":"https:\/\/www.athena-cbh.com\/fr\/wp-json\/wp\/v2\/users\/100"}],"replies":[{"embeddable":true,"href":"https:\/\/www.athena-cbh.com\/fr\/wp-json\/wp\/v2\/comments?post=10683"}],"version-history":[{"count":3,"href":"https:\/\/www.athena-cbh.com\/fr\/wp-json\/wp\/v2\/pages\/10683\/revisions"}],"predecessor-version":[{"id":18295,"href":"https:\/\/www.athena-cbh.com\/fr\/wp-json\/wp\/v2\/pages\/10683\/revisions\/18295"}],"wp:featuredmedia":[{"embeddable":true,"href":"https:\/\/www.athena-cbh.com\/fr\/wp-json\/wp\/v2\/media\/10551"}],"wp:attachment":[{"href":"https:\/\/www.athena-cbh.com\/fr\/wp-json\/wp\/v2\/media?parent=10683"}],"curies":[{"name":"wp","href":"https:\/\/api.w.org\/{rel}","templated":true}]}}