{"id":10090,"date":"2022-03-21T17:01:38","date_gmt":"2022-03-21T14:01:38","guid":{"rendered":"https:\/\/www.athena-cbh.com\/kids-playground\/"},"modified":"2024-09-16T18:54:45","modified_gmt":"2024-09-16T15:54:45","slug":"kids-playground","status":"publish","type":"page","link":"https:\/\/www.athena-cbh.com\/fr\/family-holidays\/kids-playground\/","title":{"rendered":"Aire de jeux pour enfants"},"content":{"rendered":"<p>Notre aire de jeux pour enfants est l&rsquo;alternative id\u00e9ale pour jouer en plein air.<\/p>\n","protected":false},"excerpt":{"rendered":"<p>Notre aire de jeux pour enfants est l&rsquo;alternative id\u00e9ale pour jouer en plein air.<\/p>\n","protected":false},"author":100,"featured_media":12681,"parent":10683,"menu_order":0,"comment_status":"closed","ping_status":"closed","template":"","meta":{"_acf_changed":false,"footnotes":""},"class_list":["post-10090","page","type-page","status-publish","has-post-thumbnail","hentry"],"acf":[],"yoast_head":"<!-- This site is optimized with the Yoast SEO plugin v27.5 - https:\/\/yoast.com\/product\/yoast-seo-wordpress\/ -->\n<title>H\u00f4tel pour enfants \u00e0 Paphos sur la plage || Athena Beach Hotel<\/title>\n<meta name=\"description\" content=\"L&#039;Athena Beach Hotel by Constantinou Bros est un h\u00f4tel tr\u00e8s accueillant pour les enfants \u00e0 Paphos, situ\u00e9 directement sur la plage et proposant une aire de jeux ext\u00e9rieure, un club pour enfants et des toboggans aquatiques.\" \/>\n<meta name=\"robots\" content=\"index, follow, max-snippet:-1, max-image-preview:large, max-video-preview:-1\" \/>\n<link rel=\"canonical\" href=\"https:\/\/www.athena-cbh.com\/fr\/family-holidays\/kids-playground\/\" \/>\n<meta property=\"og:locale\" content=\"fr_FR\" \/>\n<meta property=\"og:type\" content=\"article\" \/>\n<meta property=\"og:title\" content=\"H\u00f4tel pour enfants \u00e0 Paphos sur la plage || Athena Beach Hotel\" \/>\n<meta property=\"og:description\" content=\"L&#039;Athena Beach Hotel by Constantinou Bros est un h\u00f4tel tr\u00e8s accueillant pour les enfants \u00e0 Paphos, situ\u00e9 directement sur la plage et proposant une aire de jeux ext\u00e9rieure, un club pour enfants et des toboggans aquatiques.\" \/>\n<meta property=\"og:url\" content=\"https:\/\/www.athena-cbh.com\/fr\/family-holidays\/kids-playground\/\" \/>\n<meta property=\"og:site_name\" content=\"Athena Beach Hotel\" \/>\n<meta property=\"article:modified_time\" content=\"2024-09-16T15:54:45+00:00\" \/>\n<meta property=\"og:image\" content=\"https:\/\/www.athena-cbh.com\/app\/uploads\/sites\/20\/2022\/07\/69-ATHENA-BEACH-HOTEL-CHILDRENS-PLAYGROUND-scaled.jpg\" \/>\n\t<meta property=\"og:image:width\" content=\"2560\" \/>\n\t<meta property=\"og:image:height\" content=\"1707\" \/>\n\t<meta property=\"og:image:type\" content=\"image\/jpeg\" \/>\n<meta name=\"twitter:card\" content=\"summary_large_image\" \/>\n<meta name=\"twitter:label1\" content=\"Dur\u00e9e de lecture estim\u00e9e\" \/>\n\t<meta name=\"twitter:data1\" content=\"1 minute\" \/>\n<script type=\"application\/ld+json\" class=\"yoast-schema-graph\">{\"@context\":\"https:\\\/\\\/schema.org\",\"@graph\":[{\"@type\":\"WebPage\",\"@id\":\"https:\\\/\\\/www.athena-cbh.com\\\/fr\\\/family-holidays\\\/kids-playground\\\/\",\"url\":\"https:\\\/\\\/www.athena-cbh.com\\\/fr\\\/family-holidays\\\/kids-playground\\\/\",\"name\":\"H\u00f4tel pour enfants \u00e0 Paphos sur la plage || Athena Beach Hotel\",\"isPartOf\":{\"@id\":\"https:\\\/\\\/www.athena-cbh.com\\\/fr\\\/#website\"},\"primaryImageOfPage\":{\"@id\":\"https:\\\/\\\/www.athena-cbh.com\\\/fr\\\/family-holidays\\\/kids-playground\\\/#primaryimage\"},\"image\":{\"@id\":\"https:\\\/\\\/www.athena-cbh.com\\\/fr\\\/family-holidays\\\/kids-playground\\\/#primaryimage\"},\"thumbnailUrl\":\"https:\\\/\\\/www.athena-cbh.com\\\/app\\\/uploads\\\/sites\\\/20\\\/2022\\\/07\\\/69-ATHENA-BEACH-HOTEL-CHILDRENS-PLAYGROUND-scaled.jpg\",\"datePublished\":\"2022-03-21T14:01:38+00:00\",\"dateModified\":\"2024-09-16T15:54:45+00:00\",\"description\":\"L'Athena Beach Hotel by Constantinou Bros est un h\u00f4tel tr\u00e8s accueillant pour les enfants \u00e0 Paphos, situ\u00e9 directement sur la plage et proposant une aire de jeux ext\u00e9rieure, un club pour enfants et des toboggans aquatiques.\",\"breadcrumb\":{\"@id\":\"https:\\\/\\\/www.athena-cbh.com\\\/fr\\\/family-holidays\\\/kids-playground\\\/#breadcrumb\"},\"inLanguage\":\"fr-FR\",\"potentialAction\":[{\"@type\":\"ReadAction\",\"target\":[\"https:\\\/\\\/www.athena-cbh.com\\\/fr\\\/family-holidays\\\/kids-playground\\\/\"]}]},{\"@type\":\"ImageObject\",\"inLanguage\":\"fr-FR\",\"@id\":\"https:\\\/\\\/www.athena-cbh.com\\\/fr\\\/family-holidays\\\/kids-playground\\\/#primaryimage\",\"url\":\"https:\\\/\\\/www.athena-cbh.com\\\/app\\\/uploads\\\/sites\\\/20\\\/2022\\\/07\\\/69-ATHENA-BEACH-HOTEL-CHILDRENS-PLAYGROUND-scaled.jpg\",\"contentUrl\":\"https:\\\/\\\/www.athena-cbh.com\\\/app\\\/uploads\\\/sites\\\/20\\\/2022\\\/07\\\/69-ATHENA-BEACH-HOTEL-CHILDRENS-PLAYGROUND-scaled.jpg\",\"width\":2560,\"height\":1707},{\"@type\":\"BreadcrumbList\",\"@id\":\"https:\\\/\\\/www.athena-cbh.com\\\/fr\\\/family-holidays\\\/kids-playground\\\/#breadcrumb\",\"itemListElement\":[{\"@type\":\"ListItem\",\"position\":1,\"name\":\"Home\",\"item\":\"https:\\\/\\\/www.athena-cbh.com\\\/fr\\\/\"},{\"@type\":\"ListItem\",\"position\":2,\"name\":\"Vacances en famille\",\"item\":\"https:\\\/\\\/www.athena-cbh.com\\\/fr\\\/family-holidays\\\/\"},{\"@type\":\"ListItem\",\"position\":3,\"name\":\"Aire de jeux pour enfants\"}]},{\"@type\":\"WebSite\",\"@id\":\"https:\\\/\\\/www.athena-cbh.com\\\/fr\\\/#website\",\"url\":\"https:\\\/\\\/www.athena-cbh.com\\\/fr\\\/\",\"name\":\"Athena Beach Hotel\",\"description\":\"Constantinou Bros Athena Beach Hotel, 4 star hotel in Paphos Cyprus\",\"potentialAction\":[{\"@type\":\"SearchAction\",\"target\":{\"@type\":\"EntryPoint\",\"urlTemplate\":\"https:\\\/\\\/www.athena-cbh.com\\\/fr\\\/?s={search_term_string}\"},\"query-input\":{\"@type\":\"PropertyValueSpecification\",\"valueRequired\":true,\"valueName\":\"search_term_string\"}}],\"inLanguage\":\"fr-FR\"}]}<\/script>\n<!-- \/ Yoast SEO plugin. -->","yoast_head_json":{"title":"H\u00f4tel pour enfants \u00e0 Paphos sur la plage || Athena Beach Hotel","description":"L'Athena Beach Hotel by Constantinou Bros est un h\u00f4tel tr\u00e8s accueillant pour les enfants \u00e0 Paphos, situ\u00e9 directement sur la plage et proposant une aire de jeux ext\u00e9rieure, un club pour enfants et des toboggans aquatiques.","robots":{"index":"index","follow":"follow","max-snippet":"max-snippet:-1","max-image-preview":"max-image-preview:large","max-video-preview":"max-video-preview:-1"},"canonical":"https:\/\/www.athena-cbh.com\/fr\/family-holidays\/kids-playground\/","og_locale":"fr_FR","og_type":"article","og_title":"H\u00f4tel pour enfants \u00e0 Paphos sur la plage || Athena Beach Hotel","og_description":"L'Athena Beach Hotel by Constantinou Bros est un h\u00f4tel tr\u00e8s accueillant pour les enfants \u00e0 Paphos, situ\u00e9 directement sur la plage et proposant une aire de jeux ext\u00e9rieure, un club pour enfants et des toboggans aquatiques.","og_url":"https:\/\/www.athena-cbh.com\/fr\/family-holidays\/kids-playground\/","og_site_name":"Athena Beach Hotel","article_modified_time":"2024-09-16T15:54:45+00:00","og_image":[{"width":2560,"height":1707,"url":"https:\/\/www.athena-cbh.com\/app\/uploads\/sites\/20\/2022\/07\/69-ATHENA-BEACH-HOTEL-CHILDRENS-PLAYGROUND-scaled.jpg","type":"image\/jpeg"}],"twitter_card":"summary_large_image","twitter_misc":{"Dur\u00e9e de lecture estim\u00e9e":"1 minute"},"schema":{"@context":"https:\/\/schema.org","@graph":[{"@type":"WebPage","@id":"https:\/\/www.athena-cbh.com\/fr\/family-holidays\/kids-playground\/","url":"https:\/\/www.athena-cbh.com\/fr\/family-holidays\/kids-playground\/","name":"H\u00f4tel pour enfants \u00e0 Paphos sur la plage || Athena Beach Hotel","isPartOf":{"@id":"https:\/\/www.athena-cbh.com\/fr\/#website"},"primaryImageOfPage":{"@id":"https:\/\/www.athena-cbh.com\/fr\/family-holidays\/kids-playground\/#primaryimage"},"image":{"@id":"https:\/\/www.athena-cbh.com\/fr\/family-holidays\/kids-playground\/#primaryimage"},"thumbnailUrl":"https:\/\/www.athena-cbh.com\/app\/uploads\/sites\/20\/2022\/07\/69-ATHENA-BEACH-HOTEL-CHILDRENS-PLAYGROUND-scaled.jpg","datePublished":"2022-03-21T14:01:38+00:00","dateModified":"2024-09-16T15:54:45+00:00","description":"L'Athena Beach Hotel by Constantinou Bros est un h\u00f4tel tr\u00e8s accueillant pour les enfants \u00e0 Paphos, situ\u00e9 directement sur la plage et proposant une aire de jeux ext\u00e9rieure, un club pour enfants et des toboggans aquatiques.","breadcrumb":{"@id":"https:\/\/www.athena-cbh.com\/fr\/family-holidays\/kids-playground\/#breadcrumb"},"inLanguage":"fr-FR","potentialAction":[{"@type":"ReadAction","target":["https:\/\/www.athena-cbh.com\/fr\/family-holidays\/kids-playground\/"]}]},{"@type":"ImageObject","inLanguage":"fr-FR","@id":"https:\/\/www.athena-cbh.com\/fr\/family-holidays\/kids-playground\/#primaryimage","url":"https:\/\/www.athena-cbh.com\/app\/uploads\/sites\/20\/2022\/07\/69-ATHENA-BEACH-HOTEL-CHILDRENS-PLAYGROUND-scaled.jpg","contentUrl":"https:\/\/www.athena-cbh.com\/app\/uploads\/sites\/20\/2022\/07\/69-ATHENA-BEACH-HOTEL-CHILDRENS-PLAYGROUND-scaled.jpg","width":2560,"height":1707},{"@type":"BreadcrumbList","@id":"https:\/\/www.athena-cbh.com\/fr\/family-holidays\/kids-playground\/#breadcrumb","itemListElement":[{"@type":"ListItem","position":1,"name":"Home","item":"https:\/\/www.athena-cbh.com\/fr\/"},{"@type":"ListItem","position":2,"name":"Vacances en famille","item":"https:\/\/www.athena-cbh.com\/fr\/family-holidays\/"},{"@type":"ListItem","position":3,"name":"Aire de jeux pour enfants"}]},{"@type":"WebSite","@id":"https:\/\/www.athena-cbh.com\/fr\/#website","url":"https:\/\/www.athena-cbh.com\/fr\/","name":"Athena Beach Hotel","description":"Constantinou Bros Athena Beach Hotel, 4 star hotel in Paphos Cyprus","potentialAction":[{"@type":"SearchAction","target":{"@type":"EntryPoint","urlTemplate":"https:\/\/www.athena-cbh.com\/fr\/?s={search_term_string}"},"query-input":{"@type":"PropertyValueSpecification","valueRequired":true,"valueName":"search_term_string"}}],"inLanguage":"fr-FR"}]}},"_links":{"self":[{"href":"https:\/\/www.athena-cbh.com\/fr\/wp-json\/wp\/v2\/pages\/10090","targetHints":{"allow":["GET"]}}],"collection":[{"href":"https:\/\/www.athena-cbh.com\/fr\/wp-json\/wp\/v2\/pages"}],"about":[{"href":"https:\/\/www.athena-cbh.com\/fr\/wp-json\/wp\/v2\/types\/page"}],"author":[{"embeddable":true,"href":"https:\/\/www.athena-cbh.com\/fr\/wp-json\/wp\/v2\/users\/100"}],"replies":[{"embeddable":true,"href":"https:\/\/www.athena-cbh.com\/fr\/wp-json\/wp\/v2\/comments?post=10090"}],"version-history":[{"count":1,"href":"https:\/\/www.athena-cbh.com\/fr\/wp-json\/wp\/v2\/pages\/10090\/revisions"}],"predecessor-version":[{"id":10094,"href":"https:\/\/www.athena-cbh.com\/fr\/wp-json\/wp\/v2\/pages\/10090\/revisions\/10094"}],"up":[{"embeddable":true,"href":"https:\/\/www.athena-cbh.com\/fr\/wp-json\/wp\/v2\/pages\/10683"}],"wp:featuredmedia":[{"embeddable":true,"href":"https:\/\/www.athena-cbh.com\/fr\/wp-json\/wp\/v2\/media\/12681"}],"wp:attachment":[{"href":"https:\/\/www.athena-cbh.com\/fr\/wp-json\/wp\/v2\/media?parent=10090"}],"curies":[{"name":"wp","href":"https:\/\/api.w.org\/{rel}","templated":true}]}}