{"id":10004,"date":"2022-03-21T16:59:20","date_gmt":"2022-03-21T13:59:20","guid":{"rendered":"https:\/\/www.athena-cbh.com\/games-room\/"},"modified":"2024-09-16T18:55:01","modified_gmt":"2024-09-16T15:55:01","slug":"games-room","status":"publish","type":"page","link":"https:\/\/www.athena-cbh.com\/fr\/family-holidays\/games-room\/","title":{"rendered":"Salle de jeux"},"content":{"rendered":"<p>Dans la salle de jeux, les adolescents peuvent s&rsquo;occuper et s&rsquo;amuser avec des jeux interactifs, une table de billard, du hockey sur gazon et bien d&rsquo;autres choses encore (moyennant un suppl\u00e9ment). La salle de jeux est un excellent point de rencontre et un espace id\u00e9al pour les adolescents.<\/p>\n","protected":false},"excerpt":{"rendered":"<p>Dans la salle de jeux, les adolescents peuvent s&rsquo;occuper et s&rsquo;amuser avec des jeux interactifs, une table de billard, du hockey sur gazon et bien d&rsquo;autres choses encore (moyennant un suppl\u00e9ment). La salle de jeux est un excellent point de rencontre et un espace id\u00e9al pour les adolescents.<\/p>\n","protected":false},"author":100,"featured_media":12894,"parent":10683,"menu_order":0,"comment_status":"closed","ping_status":"closed","template":"","meta":{"_acf_changed":false,"footnotes":""},"class_list":["post-10004","page","type-page","status-publish","has-post-thumbnail","hentry"],"acf":[],"yoast_head":"<!-- This site is optimized with the Yoast SEO plugin v27.5 - https:\/\/yoast.com\/product\/yoast-seo-wordpress\/ -->\n<title>Salle de jeux - Athena Beach Hotel<\/title>\n<meta name=\"description\" content=\"La salle de jeux de l&#039;h\u00f4tel Athena Beach de Paphos, cr\u00e9\u00e9e par Constantinou Bros, invite les adolescents \u00e0 se divertir de la mani\u00e8re la plus amusante qui soit.\" \/>\n<meta name=\"robots\" content=\"index, follow, max-snippet:-1, max-image-preview:large, max-video-preview:-1\" \/>\n<link rel=\"canonical\" href=\"https:\/\/www.athena-cbh.com\/fr\/family-holidays\/games-room\/\" \/>\n<meta property=\"og:locale\" content=\"fr_FR\" \/>\n<meta property=\"og:type\" content=\"article\" \/>\n<meta property=\"og:title\" content=\"Salle de jeux - Athena Beach Hotel\" \/>\n<meta property=\"og:description\" content=\"La salle de jeux de l&#039;h\u00f4tel Athena Beach de Paphos, cr\u00e9\u00e9e par Constantinou Bros, invite les adolescents \u00e0 se divertir de la mani\u00e8re la plus amusante qui soit.\" \/>\n<meta property=\"og:url\" content=\"https:\/\/www.athena-cbh.com\/fr\/family-holidays\/games-room\/\" \/>\n<meta property=\"og:site_name\" content=\"Athena Beach Hotel\" \/>\n<meta property=\"article:modified_time\" content=\"2024-09-16T15:55:01+00:00\" \/>\n<meta property=\"og:image\" content=\"https:\/\/www.athena-cbh.com\/app\/uploads\/sites\/20\/2022\/07\/edited.jpg\" \/>\n\t<meta property=\"og:image:width\" content=\"1200\" \/>\n\t<meta property=\"og:image:height\" content=\"1488\" \/>\n\t<meta property=\"og:image:type\" content=\"image\/jpeg\" \/>\n<meta name=\"twitter:card\" content=\"summary_large_image\" \/>\n<meta name=\"twitter:label1\" content=\"Dur\u00e9e de lecture estim\u00e9e\" \/>\n\t<meta name=\"twitter:data1\" content=\"1 minute\" \/>\n<script type=\"application\/ld+json\" class=\"yoast-schema-graph\">{\"@context\":\"https:\\\/\\\/schema.org\",\"@graph\":[{\"@type\":\"WebPage\",\"@id\":\"https:\\\/\\\/www.athena-cbh.com\\\/fr\\\/family-holidays\\\/games-room\\\/\",\"url\":\"https:\\\/\\\/www.athena-cbh.com\\\/fr\\\/family-holidays\\\/games-room\\\/\",\"name\":\"Salle de jeux - Athena Beach Hotel\",\"isPartOf\":{\"@id\":\"https:\\\/\\\/www.athena-cbh.com\\\/fr\\\/#website\"},\"primaryImageOfPage\":{\"@id\":\"https:\\\/\\\/www.athena-cbh.com\\\/fr\\\/family-holidays\\\/games-room\\\/#primaryimage\"},\"image\":{\"@id\":\"https:\\\/\\\/www.athena-cbh.com\\\/fr\\\/family-holidays\\\/games-room\\\/#primaryimage\"},\"thumbnailUrl\":\"https:\\\/\\\/www.athena-cbh.com\\\/app\\\/uploads\\\/sites\\\/20\\\/2022\\\/07\\\/edited.jpg\",\"datePublished\":\"2022-03-21T13:59:20+00:00\",\"dateModified\":\"2024-09-16T15:55:01+00:00\",\"description\":\"La salle de jeux de l'h\u00f4tel Athena Beach de Paphos, cr\u00e9\u00e9e par Constantinou Bros, invite les adolescents \u00e0 se divertir de la mani\u00e8re la plus amusante qui soit.\",\"breadcrumb\":{\"@id\":\"https:\\\/\\\/www.athena-cbh.com\\\/fr\\\/family-holidays\\\/games-room\\\/#breadcrumb\"},\"inLanguage\":\"fr-FR\",\"potentialAction\":[{\"@type\":\"ReadAction\",\"target\":[\"https:\\\/\\\/www.athena-cbh.com\\\/fr\\\/family-holidays\\\/games-room\\\/\"]}]},{\"@type\":\"ImageObject\",\"inLanguage\":\"fr-FR\",\"@id\":\"https:\\\/\\\/www.athena-cbh.com\\\/fr\\\/family-holidays\\\/games-room\\\/#primaryimage\",\"url\":\"https:\\\/\\\/www.athena-cbh.com\\\/app\\\/uploads\\\/sites\\\/20\\\/2022\\\/07\\\/edited.jpg\",\"contentUrl\":\"https:\\\/\\\/www.athena-cbh.com\\\/app\\\/uploads\\\/sites\\\/20\\\/2022\\\/07\\\/edited.jpg\",\"width\":1200,\"height\":1488},{\"@type\":\"BreadcrumbList\",\"@id\":\"https:\\\/\\\/www.athena-cbh.com\\\/fr\\\/family-holidays\\\/games-room\\\/#breadcrumb\",\"itemListElement\":[{\"@type\":\"ListItem\",\"position\":1,\"name\":\"Home\",\"item\":\"https:\\\/\\\/www.athena-cbh.com\\\/fr\\\/\"},{\"@type\":\"ListItem\",\"position\":2,\"name\":\"Vacances en famille\",\"item\":\"https:\\\/\\\/www.athena-cbh.com\\\/fr\\\/family-holidays\\\/\"},{\"@type\":\"ListItem\",\"position\":3,\"name\":\"Salle de jeux\"}]},{\"@type\":\"WebSite\",\"@id\":\"https:\\\/\\\/www.athena-cbh.com\\\/fr\\\/#website\",\"url\":\"https:\\\/\\\/www.athena-cbh.com\\\/fr\\\/\",\"name\":\"Athena Beach Hotel\",\"description\":\"Constantinou Bros Athena Beach Hotel, 4 star hotel in Paphos Cyprus\",\"potentialAction\":[{\"@type\":\"SearchAction\",\"target\":{\"@type\":\"EntryPoint\",\"urlTemplate\":\"https:\\\/\\\/www.athena-cbh.com\\\/fr\\\/?s={search_term_string}\"},\"query-input\":{\"@type\":\"PropertyValueSpecification\",\"valueRequired\":true,\"valueName\":\"search_term_string\"}}],\"inLanguage\":\"fr-FR\"}]}<\/script>\n<!-- \/ Yoast SEO plugin. -->","yoast_head_json":{"title":"Salle de jeux - Athena Beach Hotel","description":"La salle de jeux de l'h\u00f4tel Athena Beach de Paphos, cr\u00e9\u00e9e par Constantinou Bros, invite les adolescents \u00e0 se divertir de la mani\u00e8re la plus amusante qui soit.","robots":{"index":"index","follow":"follow","max-snippet":"max-snippet:-1","max-image-preview":"max-image-preview:large","max-video-preview":"max-video-preview:-1"},"canonical":"https:\/\/www.athena-cbh.com\/fr\/family-holidays\/games-room\/","og_locale":"fr_FR","og_type":"article","og_title":"Salle de jeux - Athena Beach Hotel","og_description":"La salle de jeux de l'h\u00f4tel Athena Beach de Paphos, cr\u00e9\u00e9e par Constantinou Bros, invite les adolescents \u00e0 se divertir de la mani\u00e8re la plus amusante qui soit.","og_url":"https:\/\/www.athena-cbh.com\/fr\/family-holidays\/games-room\/","og_site_name":"Athena Beach Hotel","article_modified_time":"2024-09-16T15:55:01+00:00","og_image":[{"width":1200,"height":1488,"url":"https:\/\/www.athena-cbh.com\/app\/uploads\/sites\/20\/2022\/07\/edited.jpg","type":"image\/jpeg"}],"twitter_card":"summary_large_image","twitter_misc":{"Dur\u00e9e de lecture estim\u00e9e":"1 minute"},"schema":{"@context":"https:\/\/schema.org","@graph":[{"@type":"WebPage","@id":"https:\/\/www.athena-cbh.com\/fr\/family-holidays\/games-room\/","url":"https:\/\/www.athena-cbh.com\/fr\/family-holidays\/games-room\/","name":"Salle de jeux - Athena Beach Hotel","isPartOf":{"@id":"https:\/\/www.athena-cbh.com\/fr\/#website"},"primaryImageOfPage":{"@id":"https:\/\/www.athena-cbh.com\/fr\/family-holidays\/games-room\/#primaryimage"},"image":{"@id":"https:\/\/www.athena-cbh.com\/fr\/family-holidays\/games-room\/#primaryimage"},"thumbnailUrl":"https:\/\/www.athena-cbh.com\/app\/uploads\/sites\/20\/2022\/07\/edited.jpg","datePublished":"2022-03-21T13:59:20+00:00","dateModified":"2024-09-16T15:55:01+00:00","description":"La salle de jeux de l'h\u00f4tel Athena Beach de Paphos, cr\u00e9\u00e9e par Constantinou Bros, invite les adolescents \u00e0 se divertir de la mani\u00e8re la plus amusante qui soit.","breadcrumb":{"@id":"https:\/\/www.athena-cbh.com\/fr\/family-holidays\/games-room\/#breadcrumb"},"inLanguage":"fr-FR","potentialAction":[{"@type":"ReadAction","target":["https:\/\/www.athena-cbh.com\/fr\/family-holidays\/games-room\/"]}]},{"@type":"ImageObject","inLanguage":"fr-FR","@id":"https:\/\/www.athena-cbh.com\/fr\/family-holidays\/games-room\/#primaryimage","url":"https:\/\/www.athena-cbh.com\/app\/uploads\/sites\/20\/2022\/07\/edited.jpg","contentUrl":"https:\/\/www.athena-cbh.com\/app\/uploads\/sites\/20\/2022\/07\/edited.jpg","width":1200,"height":1488},{"@type":"BreadcrumbList","@id":"https:\/\/www.athena-cbh.com\/fr\/family-holidays\/games-room\/#breadcrumb","itemListElement":[{"@type":"ListItem","position":1,"name":"Home","item":"https:\/\/www.athena-cbh.com\/fr\/"},{"@type":"ListItem","position":2,"name":"Vacances en famille","item":"https:\/\/www.athena-cbh.com\/fr\/family-holidays\/"},{"@type":"ListItem","position":3,"name":"Salle de jeux"}]},{"@type":"WebSite","@id":"https:\/\/www.athena-cbh.com\/fr\/#website","url":"https:\/\/www.athena-cbh.com\/fr\/","name":"Athena Beach Hotel","description":"Constantinou Bros Athena Beach Hotel, 4 star hotel in Paphos Cyprus","potentialAction":[{"@type":"SearchAction","target":{"@type":"EntryPoint","urlTemplate":"https:\/\/www.athena-cbh.com\/fr\/?s={search_term_string}"},"query-input":{"@type":"PropertyValueSpecification","valueRequired":true,"valueName":"search_term_string"}}],"inLanguage":"fr-FR"}]}},"_links":{"self":[{"href":"https:\/\/www.athena-cbh.com\/fr\/wp-json\/wp\/v2\/pages\/10004","targetHints":{"allow":["GET"]}}],"collection":[{"href":"https:\/\/www.athena-cbh.com\/fr\/wp-json\/wp\/v2\/pages"}],"about":[{"href":"https:\/\/www.athena-cbh.com\/fr\/wp-json\/wp\/v2\/types\/page"}],"author":[{"embeddable":true,"href":"https:\/\/www.athena-cbh.com\/fr\/wp-json\/wp\/v2\/users\/100"}],"replies":[{"embeddable":true,"href":"https:\/\/www.athena-cbh.com\/fr\/wp-json\/wp\/v2\/comments?post=10004"}],"version-history":[{"count":6,"href":"https:\/\/www.athena-cbh.com\/fr\/wp-json\/wp\/v2\/pages\/10004\/revisions"}],"predecessor-version":[{"id":20815,"href":"https:\/\/www.athena-cbh.com\/fr\/wp-json\/wp\/v2\/pages\/10004\/revisions\/20815"}],"up":[{"embeddable":true,"href":"https:\/\/www.athena-cbh.com\/fr\/wp-json\/wp\/v2\/pages\/10683"}],"wp:featuredmedia":[{"embeddable":true,"href":"https:\/\/www.athena-cbh.com\/fr\/wp-json\/wp\/v2\/media\/12894"}],"wp:attachment":[{"href":"https:\/\/www.athena-cbh.com\/fr\/wp-json\/wp\/v2\/media?parent=10004"}],"curies":[{"name":"wp","href":"https:\/\/api.w.org\/{rel}","templated":true}]}}