{"id":9228,"date":"2022-01-12T13:05:30","date_gmt":"2022-01-12T10:05:30","guid":{"rendered":"https:\/\/www.athena-cbh.com\/family-holidays\/games-room\/"},"modified":"2024-09-16T18:59:01","modified_gmt":"2024-09-16T15:59:01","slug":"spielzimmer","status":"publish","type":"page","link":"https:\/\/www.athena-cbh.com\/de\/familienurlaub\/spielzimmer\/","title":{"rendered":"Spielzimmer"},"content":{"rendered":"<p>Im Spielezimmer k\u00f6nnen sich Jugendliche mit interaktiven Spielen, einem Billardtisch, Airhockey und mehr (gegen Geb\u00fchr) besch\u00e4ftigen und am\u00fcsieren.<br \/>\nDer Games Room ist ein gro\u00dfartiger Treffpunkt und ein perfekter Ort f\u00fcr Teenager zum Abh\u00e4ngen.<\/p>\n","protected":false},"excerpt":{"rendered":"<p>Im Spielezimmer k\u00f6nnen sich Jugendliche mit interaktiven Spielen, einem Billardtisch, Airhockey und mehr (gegen Geb\u00fchr) besch\u00e4ftigen und am\u00fcsieren. Der Games Room ist ein gro\u00dfartiger Treffpunkt und ein perfekter Ort f\u00fcr Teenager zum Abh\u00e4ngen.<\/p>\n","protected":false},"author":100,"featured_media":12895,"parent":5757,"menu_order":0,"comment_status":"closed","ping_status":"closed","template":"","meta":{"_acf_changed":false,"footnotes":""},"class_list":["post-9228","page","type-page","status-publish","has-post-thumbnail","hentry"],"acf":[],"yoast_head":"<!-- This site is optimized with the Yoast SEO plugin v27.4 - https:\/\/yoast.com\/product\/yoast-seo-wordpress\/ -->\n<title>Spielzimmer - Athena Beach Hotel<\/title>\n<meta name=\"description\" content=\"Der Game Room im Athena Beach Hotel in Paphos von Constantinou Bros l\u00e4dt Teenager zu unterhaltsamen Momenten ein.\" \/>\n<meta name=\"robots\" content=\"index, follow, max-snippet:-1, max-image-preview:large, max-video-preview:-1\" \/>\n<link rel=\"canonical\" href=\"https:\/\/www.athena-cbh.com\/de\/familienurlaub\/spielzimmer\/\" \/>\n<meta property=\"og:locale\" content=\"de_DE\" \/>\n<meta property=\"og:type\" content=\"article\" \/>\n<meta property=\"og:title\" content=\"Spielzimmer - Athena Beach Hotel\" \/>\n<meta property=\"og:description\" content=\"Der Game Room im Athena Beach Hotel in Paphos von Constantinou Bros l\u00e4dt Teenager zu unterhaltsamen Momenten ein.\" \/>\n<meta property=\"og:url\" content=\"https:\/\/www.athena-cbh.com\/de\/familienurlaub\/spielzimmer\/\" \/>\n<meta property=\"og:site_name\" content=\"Athena Beach Hotel\" \/>\n<meta property=\"article:modified_time\" content=\"2024-09-16T15:59:01+00:00\" \/>\n<meta property=\"og:image\" content=\"https:\/\/www.athena-cbh.com\/app\/uploads\/sites\/20\/2022\/07\/edited.jpg\" \/>\n\t<meta property=\"og:image:width\" content=\"1200\" \/>\n\t<meta property=\"og:image:height\" content=\"1488\" \/>\n\t<meta property=\"og:image:type\" content=\"image\/jpeg\" \/>\n<meta name=\"twitter:card\" content=\"summary_large_image\" \/>\n<meta name=\"twitter:label1\" content=\"Gesch\u00e4tzte Lesezeit\" \/>\n\t<meta name=\"twitter:data1\" content=\"1\u00a0Minute\" \/>\n<script type=\"application\/ld+json\" class=\"yoast-schema-graph\">{\"@context\":\"https:\\\/\\\/schema.org\",\"@graph\":[{\"@type\":\"WebPage\",\"@id\":\"https:\\\/\\\/www.athena-cbh.com\\\/de\\\/familienurlaub\\\/spielzimmer\\\/\",\"url\":\"https:\\\/\\\/www.athena-cbh.com\\\/de\\\/familienurlaub\\\/spielzimmer\\\/\",\"name\":\"Spielzimmer - Athena Beach Hotel\",\"isPartOf\":{\"@id\":\"https:\\\/\\\/www.athena-cbh.com\\\/de\\\/#website\"},\"primaryImageOfPage\":{\"@id\":\"https:\\\/\\\/www.athena-cbh.com\\\/de\\\/familienurlaub\\\/spielzimmer\\\/#primaryimage\"},\"image\":{\"@id\":\"https:\\\/\\\/www.athena-cbh.com\\\/de\\\/familienurlaub\\\/spielzimmer\\\/#primaryimage\"},\"thumbnailUrl\":\"https:\\\/\\\/www.athena-cbh.com\\\/app\\\/uploads\\\/sites\\\/20\\\/2022\\\/07\\\/edited.jpg\",\"datePublished\":\"2022-01-12T10:05:30+00:00\",\"dateModified\":\"2024-09-16T15:59:01+00:00\",\"description\":\"Der Game Room im Athena Beach Hotel in Paphos von Constantinou Bros l\u00e4dt Teenager zu unterhaltsamen Momenten ein.\",\"breadcrumb\":{\"@id\":\"https:\\\/\\\/www.athena-cbh.com\\\/de\\\/familienurlaub\\\/spielzimmer\\\/#breadcrumb\"},\"inLanguage\":\"de\",\"potentialAction\":[{\"@type\":\"ReadAction\",\"target\":[\"https:\\\/\\\/www.athena-cbh.com\\\/de\\\/familienurlaub\\\/spielzimmer\\\/\"]}]},{\"@type\":\"ImageObject\",\"inLanguage\":\"de\",\"@id\":\"https:\\\/\\\/www.athena-cbh.com\\\/de\\\/familienurlaub\\\/spielzimmer\\\/#primaryimage\",\"url\":\"https:\\\/\\\/www.athena-cbh.com\\\/app\\\/uploads\\\/sites\\\/20\\\/2022\\\/07\\\/edited.jpg\",\"contentUrl\":\"https:\\\/\\\/www.athena-cbh.com\\\/app\\\/uploads\\\/sites\\\/20\\\/2022\\\/07\\\/edited.jpg\",\"width\":1200,\"height\":1488},{\"@type\":\"BreadcrumbList\",\"@id\":\"https:\\\/\\\/www.athena-cbh.com\\\/de\\\/familienurlaub\\\/spielzimmer\\\/#breadcrumb\",\"itemListElement\":[{\"@type\":\"ListItem\",\"position\":1,\"name\":\"Home\",\"item\":\"https:\\\/\\\/www.athena-cbh.com\\\/de\\\/\"},{\"@type\":\"ListItem\",\"position\":2,\"name\":\"Familienurlaub\",\"item\":\"https:\\\/\\\/www.athena-cbh.com\\\/de\\\/familienurlaub\\\/\"},{\"@type\":\"ListItem\",\"position\":3,\"name\":\"Spielzimmer\"}]},{\"@type\":\"WebSite\",\"@id\":\"https:\\\/\\\/www.athena-cbh.com\\\/de\\\/#website\",\"url\":\"https:\\\/\\\/www.athena-cbh.com\\\/de\\\/\",\"name\":\"Athena Beach Hotel\",\"description\":\"Constantinou Bros Athena Beach Hotel, 4 star hotel in Paphos Cyprus\",\"potentialAction\":[{\"@type\":\"SearchAction\",\"target\":{\"@type\":\"EntryPoint\",\"urlTemplate\":\"https:\\\/\\\/www.athena-cbh.com\\\/de\\\/?s={search_term_string}\"},\"query-input\":{\"@type\":\"PropertyValueSpecification\",\"valueRequired\":true,\"valueName\":\"search_term_string\"}}],\"inLanguage\":\"de\"}]}<\/script>\n<!-- \/ Yoast SEO plugin. -->","yoast_head_json":{"title":"Spielzimmer - Athena Beach Hotel","description":"Der Game Room im Athena Beach Hotel in Paphos von Constantinou Bros l\u00e4dt Teenager zu unterhaltsamen Momenten ein.","robots":{"index":"index","follow":"follow","max-snippet":"max-snippet:-1","max-image-preview":"max-image-preview:large","max-video-preview":"max-video-preview:-1"},"canonical":"https:\/\/www.athena-cbh.com\/de\/familienurlaub\/spielzimmer\/","og_locale":"de_DE","og_type":"article","og_title":"Spielzimmer - Athena Beach Hotel","og_description":"Der Game Room im Athena Beach Hotel in Paphos von Constantinou Bros l\u00e4dt Teenager zu unterhaltsamen Momenten ein.","og_url":"https:\/\/www.athena-cbh.com\/de\/familienurlaub\/spielzimmer\/","og_site_name":"Athena Beach Hotel","article_modified_time":"2024-09-16T15:59:01+00:00","og_image":[{"width":1200,"height":1488,"url":"https:\/\/www.athena-cbh.com\/app\/uploads\/sites\/20\/2022\/07\/edited.jpg","type":"image\/jpeg"}],"twitter_card":"summary_large_image","twitter_misc":{"Gesch\u00e4tzte Lesezeit":"1\u00a0Minute"},"schema":{"@context":"https:\/\/schema.org","@graph":[{"@type":"WebPage","@id":"https:\/\/www.athena-cbh.com\/de\/familienurlaub\/spielzimmer\/","url":"https:\/\/www.athena-cbh.com\/de\/familienurlaub\/spielzimmer\/","name":"Spielzimmer - Athena Beach Hotel","isPartOf":{"@id":"https:\/\/www.athena-cbh.com\/de\/#website"},"primaryImageOfPage":{"@id":"https:\/\/www.athena-cbh.com\/de\/familienurlaub\/spielzimmer\/#primaryimage"},"image":{"@id":"https:\/\/www.athena-cbh.com\/de\/familienurlaub\/spielzimmer\/#primaryimage"},"thumbnailUrl":"https:\/\/www.athena-cbh.com\/app\/uploads\/sites\/20\/2022\/07\/edited.jpg","datePublished":"2022-01-12T10:05:30+00:00","dateModified":"2024-09-16T15:59:01+00:00","description":"Der Game Room im Athena Beach Hotel in Paphos von Constantinou Bros l\u00e4dt Teenager zu unterhaltsamen Momenten ein.","breadcrumb":{"@id":"https:\/\/www.athena-cbh.com\/de\/familienurlaub\/spielzimmer\/#breadcrumb"},"inLanguage":"de","potentialAction":[{"@type":"ReadAction","target":["https:\/\/www.athena-cbh.com\/de\/familienurlaub\/spielzimmer\/"]}]},{"@type":"ImageObject","inLanguage":"de","@id":"https:\/\/www.athena-cbh.com\/de\/familienurlaub\/spielzimmer\/#primaryimage","url":"https:\/\/www.athena-cbh.com\/app\/uploads\/sites\/20\/2022\/07\/edited.jpg","contentUrl":"https:\/\/www.athena-cbh.com\/app\/uploads\/sites\/20\/2022\/07\/edited.jpg","width":1200,"height":1488},{"@type":"BreadcrumbList","@id":"https:\/\/www.athena-cbh.com\/de\/familienurlaub\/spielzimmer\/#breadcrumb","itemListElement":[{"@type":"ListItem","position":1,"name":"Home","item":"https:\/\/www.athena-cbh.com\/de\/"},{"@type":"ListItem","position":2,"name":"Familienurlaub","item":"https:\/\/www.athena-cbh.com\/de\/familienurlaub\/"},{"@type":"ListItem","position":3,"name":"Spielzimmer"}]},{"@type":"WebSite","@id":"https:\/\/www.athena-cbh.com\/de\/#website","url":"https:\/\/www.athena-cbh.com\/de\/","name":"Athena Beach Hotel","description":"Constantinou Bros Athena Beach Hotel, 4 star hotel in Paphos Cyprus","potentialAction":[{"@type":"SearchAction","target":{"@type":"EntryPoint","urlTemplate":"https:\/\/www.athena-cbh.com\/de\/?s={search_term_string}"},"query-input":{"@type":"PropertyValueSpecification","valueRequired":true,"valueName":"search_term_string"}}],"inLanguage":"de"}]}},"_links":{"self":[{"href":"https:\/\/www.athena-cbh.com\/de\/wp-json\/wp\/v2\/pages\/9228","targetHints":{"allow":["GET"]}}],"collection":[{"href":"https:\/\/www.athena-cbh.com\/de\/wp-json\/wp\/v2\/pages"}],"about":[{"href":"https:\/\/www.athena-cbh.com\/de\/wp-json\/wp\/v2\/types\/page"}],"author":[{"embeddable":true,"href":"https:\/\/www.athena-cbh.com\/de\/wp-json\/wp\/v2\/users\/100"}],"replies":[{"embeddable":true,"href":"https:\/\/www.athena-cbh.com\/de\/wp-json\/wp\/v2\/comments?post=9228"}],"version-history":[{"count":7,"href":"https:\/\/www.athena-cbh.com\/de\/wp-json\/wp\/v2\/pages\/9228\/revisions"}],"predecessor-version":[{"id":20715,"href":"https:\/\/www.athena-cbh.com\/de\/wp-json\/wp\/v2\/pages\/9228\/revisions\/20715"}],"up":[{"embeddable":true,"href":"https:\/\/www.athena-cbh.com\/de\/wp-json\/wp\/v2\/pages\/5757"}],"wp:featuredmedia":[{"embeddable":true,"href":"https:\/\/www.athena-cbh.com\/de\/wp-json\/wp\/v2\/media\/12895"}],"wp:attachment":[{"href":"https:\/\/www.athena-cbh.com\/de\/wp-json\/wp\/v2\/media?parent=9228"}],"curies":[{"name":"wp","href":"https:\/\/api.w.org\/{rel}","templated":true}]}}