{"id":9217,"date":"2022-01-12T13:33:42","date_gmt":"2022-01-12T10:33:42","guid":{"rendered":"https:\/\/www.athena-cbh.com\/family-holidays\/oasis-splash\/"},"modified":"2024-09-16T18:58:53","modified_gmt":"2024-09-16T15:58:53","slug":"oase-splash","status":"publish","type":"page","link":"https:\/\/www.athena-cbh.com\/de\/familienurlaub\/oase-splash\/","title":{"rendered":"Oase Splash"},"content":{"rendered":"<h1 class=\"home-pages-title title-size text-center pt-5 font-regular\">Unser Paphos Hotel mit Wasserrutschen: Oasis Splash!<\/h1>\n<p>Zu den Einrichtungen f\u00fcr Kinder geh\u00f6ren zwei Planschbecken, ein v\u00f6llig neues <strong>Oasis Splash<\/strong>, das neben der bestehenden 25 m langen Wasserrutsche eine zus\u00e4tzliche &#8218;Easy-ride&#8216;-Wasserrutsche mit 42 m L\u00e4nge und separaten Landebecken umfasst, sowie ein nahe gelegenes, farbenfrohes Splash-Spielfeld mit Spr\u00fchspielzeug und Wasserspielen, das unseren kleinen G\u00e4sten den ganzen Tag lang aufregenden Wasserspa\u00df und Spr\u00fch-Action bietet.<br \/>\nF\u00fcr Kinder ist hier bestens gesorgt. Mit dem Oasis Splash Park, der den ganzen Tag \u00fcber f\u00fcr ein L\u00e4cheln sorgt, und dem Aktivit\u00e4tsspielplatz k\u00f6nnen Sie viele sch\u00f6ne Erinnerungen schaffen.<\/p>\n","protected":false},"excerpt":{"rendered":"<p>Unser Paphos Hotel mit Wasserrutschen: Oasis Splash! Zu den Einrichtungen f\u00fcr Kinder geh\u00f6ren zwei Planschbecken, ein v\u00f6llig neues Oasis Splash, das neben der bestehenden 25 m langen Wasserrutsche eine zus\u00e4tzliche &#8218;Easy-ride&#8216;-Wasserrutsche mit 42 m L\u00e4nge und separaten Landebecken umfasst, sowie ein nahe gelegenes, farbenfrohes Splash-Spielfeld mit Spr\u00fchspielzeug und Wasserspielen, das unseren kleinen G\u00e4sten den ganzen<\/p>\n","protected":false},"author":100,"featured_media":7902,"parent":5757,"menu_order":0,"comment_status":"closed","ping_status":"closed","template":"","meta":{"_acf_changed":false,"footnotes":""},"class_list":["post-9217","page","type-page","status-publish","has-post-thumbnail","hentry"],"acf":[],"yoast_head":"<!-- This site is optimized with the Yoast SEO plugin v27.5 - https:\/\/yoast.com\/product\/yoast-seo-wordpress\/ -->\n<title>Hotel am Strand von Paphos mit Wasserrutschen || Athena Beach Hotel<\/title>\n<meta name=\"description\" content=\"Das Athena Beach Hotel by Constantinou Bros ist ein Hotel direkt am Strand von Paphos mit Wasserrutschen im Oasis Splash Bereich, die Kinder lieben werden!\" \/>\n<meta name=\"robots\" content=\"index, follow, max-snippet:-1, max-image-preview:large, max-video-preview:-1\" \/>\n<link rel=\"canonical\" href=\"https:\/\/www.athena-cbh.com\/de\/familienurlaub\/oase-splash\/\" \/>\n<meta property=\"og:locale\" content=\"de_DE\" \/>\n<meta property=\"og:type\" content=\"article\" \/>\n<meta property=\"og:title\" content=\"Hotel am Strand von Paphos mit Wasserrutschen || Athena Beach Hotel\" \/>\n<meta property=\"og:description\" content=\"Das Athena Beach Hotel by Constantinou Bros ist ein Hotel direkt am Strand von Paphos mit Wasserrutschen im Oasis Splash Bereich, die Kinder lieben werden!\" \/>\n<meta property=\"og:url\" content=\"https:\/\/www.athena-cbh.com\/de\/familienurlaub\/oase-splash\/\" \/>\n<meta property=\"og:site_name\" content=\"Athena Beach Hotel\" \/>\n<meta property=\"article:modified_time\" content=\"2024-09-16T15:58:53+00:00\" \/>\n<meta property=\"og:image\" content=\"https:\/\/www.athena-cbh.com\/app\/uploads\/sites\/20\/2021\/07\/66-ATHENA-BEACH-HOTEL-OASIS-SPLASH-3.jpg\" \/>\n\t<meta property=\"og:image:width\" content=\"1920\" \/>\n\t<meta property=\"og:image:height\" content=\"1277\" \/>\n\t<meta property=\"og:image:type\" content=\"image\/jpeg\" \/>\n<meta name=\"twitter:card\" content=\"summary_large_image\" \/>\n<meta name=\"twitter:label1\" content=\"Gesch\u00e4tzte Lesezeit\" \/>\n\t<meta name=\"twitter:data1\" content=\"1\u00a0Minute\" \/>\n<script type=\"application\/ld+json\" class=\"yoast-schema-graph\">{\"@context\":\"https:\\\/\\\/schema.org\",\"@graph\":[{\"@type\":\"WebPage\",\"@id\":\"https:\\\/\\\/www.athena-cbh.com\\\/de\\\/familienurlaub\\\/oase-splash\\\/\",\"url\":\"https:\\\/\\\/www.athena-cbh.com\\\/de\\\/familienurlaub\\\/oase-splash\\\/\",\"name\":\"Hotel am Strand von Paphos mit Wasserrutschen || Athena Beach Hotel\",\"isPartOf\":{\"@id\":\"https:\\\/\\\/www.athena-cbh.com\\\/de\\\/#website\"},\"primaryImageOfPage\":{\"@id\":\"https:\\\/\\\/www.athena-cbh.com\\\/de\\\/familienurlaub\\\/oase-splash\\\/#primaryimage\"},\"image\":{\"@id\":\"https:\\\/\\\/www.athena-cbh.com\\\/de\\\/familienurlaub\\\/oase-splash\\\/#primaryimage\"},\"thumbnailUrl\":\"https:\\\/\\\/www.athena-cbh.com\\\/app\\\/uploads\\\/sites\\\/20\\\/2021\\\/07\\\/66-ATHENA-BEACH-HOTEL-OASIS-SPLASH-3.jpg\",\"datePublished\":\"2022-01-12T10:33:42+00:00\",\"dateModified\":\"2024-09-16T15:58:53+00:00\",\"description\":\"Das Athena Beach Hotel by Constantinou Bros ist ein Hotel direkt am Strand von Paphos mit Wasserrutschen im Oasis Splash Bereich, die Kinder lieben werden!\",\"breadcrumb\":{\"@id\":\"https:\\\/\\\/www.athena-cbh.com\\\/de\\\/familienurlaub\\\/oase-splash\\\/#breadcrumb\"},\"inLanguage\":\"de\",\"potentialAction\":[{\"@type\":\"ReadAction\",\"target\":[\"https:\\\/\\\/www.athena-cbh.com\\\/de\\\/familienurlaub\\\/oase-splash\\\/\"]}]},{\"@type\":\"ImageObject\",\"inLanguage\":\"de\",\"@id\":\"https:\\\/\\\/www.athena-cbh.com\\\/de\\\/familienurlaub\\\/oase-splash\\\/#primaryimage\",\"url\":\"https:\\\/\\\/www.athena-cbh.com\\\/app\\\/uploads\\\/sites\\\/20\\\/2021\\\/07\\\/66-ATHENA-BEACH-HOTEL-OASIS-SPLASH-3.jpg\",\"contentUrl\":\"https:\\\/\\\/www.athena-cbh.com\\\/app\\\/uploads\\\/sites\\\/20\\\/2021\\\/07\\\/66-ATHENA-BEACH-HOTEL-OASIS-SPLASH-3.jpg\",\"width\":1920,\"height\":1277,\"caption\":\"Wasserspa\u00df-Aktivit\u00e4ten\"},{\"@type\":\"BreadcrumbList\",\"@id\":\"https:\\\/\\\/www.athena-cbh.com\\\/de\\\/familienurlaub\\\/oase-splash\\\/#breadcrumb\",\"itemListElement\":[{\"@type\":\"ListItem\",\"position\":1,\"name\":\"Home\",\"item\":\"https:\\\/\\\/www.athena-cbh.com\\\/de\\\/\"},{\"@type\":\"ListItem\",\"position\":2,\"name\":\"Familienurlaub\",\"item\":\"https:\\\/\\\/www.athena-cbh.com\\\/de\\\/familienurlaub\\\/\"},{\"@type\":\"ListItem\",\"position\":3,\"name\":\"Oase Splash\"}]},{\"@type\":\"WebSite\",\"@id\":\"https:\\\/\\\/www.athena-cbh.com\\\/de\\\/#website\",\"url\":\"https:\\\/\\\/www.athena-cbh.com\\\/de\\\/\",\"name\":\"Athena Beach Hotel\",\"description\":\"Constantinou Bros Athena Beach Hotel, 4 star hotel in Paphos Cyprus\",\"potentialAction\":[{\"@type\":\"SearchAction\",\"target\":{\"@type\":\"EntryPoint\",\"urlTemplate\":\"https:\\\/\\\/www.athena-cbh.com\\\/de\\\/?s={search_term_string}\"},\"query-input\":{\"@type\":\"PropertyValueSpecification\",\"valueRequired\":true,\"valueName\":\"search_term_string\"}}],\"inLanguage\":\"de\"}]}<\/script>\n<!-- \/ Yoast SEO plugin. -->","yoast_head_json":{"title":"Hotel am Strand von Paphos mit Wasserrutschen || Athena Beach Hotel","description":"Das Athena Beach Hotel by Constantinou Bros ist ein Hotel direkt am Strand von Paphos mit Wasserrutschen im Oasis Splash Bereich, die Kinder lieben werden!","robots":{"index":"index","follow":"follow","max-snippet":"max-snippet:-1","max-image-preview":"max-image-preview:large","max-video-preview":"max-video-preview:-1"},"canonical":"https:\/\/www.athena-cbh.com\/de\/familienurlaub\/oase-splash\/","og_locale":"de_DE","og_type":"article","og_title":"Hotel am Strand von Paphos mit Wasserrutschen || Athena Beach Hotel","og_description":"Das Athena Beach Hotel by Constantinou Bros ist ein Hotel direkt am Strand von Paphos mit Wasserrutschen im Oasis Splash Bereich, die Kinder lieben werden!","og_url":"https:\/\/www.athena-cbh.com\/de\/familienurlaub\/oase-splash\/","og_site_name":"Athena Beach Hotel","article_modified_time":"2024-09-16T15:58:53+00:00","og_image":[{"width":1920,"height":1277,"url":"https:\/\/www.athena-cbh.com\/app\/uploads\/sites\/20\/2021\/07\/66-ATHENA-BEACH-HOTEL-OASIS-SPLASH-3.jpg","type":"image\/jpeg"}],"twitter_card":"summary_large_image","twitter_misc":{"Gesch\u00e4tzte Lesezeit":"1\u00a0Minute"},"schema":{"@context":"https:\/\/schema.org","@graph":[{"@type":"WebPage","@id":"https:\/\/www.athena-cbh.com\/de\/familienurlaub\/oase-splash\/","url":"https:\/\/www.athena-cbh.com\/de\/familienurlaub\/oase-splash\/","name":"Hotel am Strand von Paphos mit Wasserrutschen || Athena Beach Hotel","isPartOf":{"@id":"https:\/\/www.athena-cbh.com\/de\/#website"},"primaryImageOfPage":{"@id":"https:\/\/www.athena-cbh.com\/de\/familienurlaub\/oase-splash\/#primaryimage"},"image":{"@id":"https:\/\/www.athena-cbh.com\/de\/familienurlaub\/oase-splash\/#primaryimage"},"thumbnailUrl":"https:\/\/www.athena-cbh.com\/app\/uploads\/sites\/20\/2021\/07\/66-ATHENA-BEACH-HOTEL-OASIS-SPLASH-3.jpg","datePublished":"2022-01-12T10:33:42+00:00","dateModified":"2024-09-16T15:58:53+00:00","description":"Das Athena Beach Hotel by Constantinou Bros ist ein Hotel direkt am Strand von Paphos mit Wasserrutschen im Oasis Splash Bereich, die Kinder lieben werden!","breadcrumb":{"@id":"https:\/\/www.athena-cbh.com\/de\/familienurlaub\/oase-splash\/#breadcrumb"},"inLanguage":"de","potentialAction":[{"@type":"ReadAction","target":["https:\/\/www.athena-cbh.com\/de\/familienurlaub\/oase-splash\/"]}]},{"@type":"ImageObject","inLanguage":"de","@id":"https:\/\/www.athena-cbh.com\/de\/familienurlaub\/oase-splash\/#primaryimage","url":"https:\/\/www.athena-cbh.com\/app\/uploads\/sites\/20\/2021\/07\/66-ATHENA-BEACH-HOTEL-OASIS-SPLASH-3.jpg","contentUrl":"https:\/\/www.athena-cbh.com\/app\/uploads\/sites\/20\/2021\/07\/66-ATHENA-BEACH-HOTEL-OASIS-SPLASH-3.jpg","width":1920,"height":1277,"caption":"Wasserspa\u00df-Aktivit\u00e4ten"},{"@type":"BreadcrumbList","@id":"https:\/\/www.athena-cbh.com\/de\/familienurlaub\/oase-splash\/#breadcrumb","itemListElement":[{"@type":"ListItem","position":1,"name":"Home","item":"https:\/\/www.athena-cbh.com\/de\/"},{"@type":"ListItem","position":2,"name":"Familienurlaub","item":"https:\/\/www.athena-cbh.com\/de\/familienurlaub\/"},{"@type":"ListItem","position":3,"name":"Oase Splash"}]},{"@type":"WebSite","@id":"https:\/\/www.athena-cbh.com\/de\/#website","url":"https:\/\/www.athena-cbh.com\/de\/","name":"Athena Beach Hotel","description":"Constantinou Bros Athena Beach Hotel, 4 star hotel in Paphos Cyprus","potentialAction":[{"@type":"SearchAction","target":{"@type":"EntryPoint","urlTemplate":"https:\/\/www.athena-cbh.com\/de\/?s={search_term_string}"},"query-input":{"@type":"PropertyValueSpecification","valueRequired":true,"valueName":"search_term_string"}}],"inLanguage":"de"}]}},"_links":{"self":[{"href":"https:\/\/www.athena-cbh.com\/de\/wp-json\/wp\/v2\/pages\/9217","targetHints":{"allow":["GET"]}}],"collection":[{"href":"https:\/\/www.athena-cbh.com\/de\/wp-json\/wp\/v2\/pages"}],"about":[{"href":"https:\/\/www.athena-cbh.com\/de\/wp-json\/wp\/v2\/types\/page"}],"author":[{"embeddable":true,"href":"https:\/\/www.athena-cbh.com\/de\/wp-json\/wp\/v2\/users\/100"}],"replies":[{"embeddable":true,"href":"https:\/\/www.athena-cbh.com\/de\/wp-json\/wp\/v2\/comments?post=9217"}],"version-history":[{"count":4,"href":"https:\/\/www.athena-cbh.com\/de\/wp-json\/wp\/v2\/pages\/9217\/revisions"}],"predecessor-version":[{"id":20711,"href":"https:\/\/www.athena-cbh.com\/de\/wp-json\/wp\/v2\/pages\/9217\/revisions\/20711"}],"up":[{"embeddable":true,"href":"https:\/\/www.athena-cbh.com\/de\/wp-json\/wp\/v2\/pages\/5757"}],"wp:featuredmedia":[{"embeddable":true,"href":"https:\/\/www.athena-cbh.com\/de\/wp-json\/wp\/v2\/media\/7902"}],"wp:attachment":[{"href":"https:\/\/www.athena-cbh.com\/de\/wp-json\/wp\/v2\/media?parent=9217"}],"curies":[{"name":"wp","href":"https:\/\/api.w.org\/{rel}","templated":true}]}}