{"id":5757,"date":"2020-12-22T12:08:23","date_gmt":"2020-12-22T09:08:23","guid":{"rendered":"https:\/\/www.athena-cbh.com\/family-holidays\/"},"modified":"2024-09-16T18:58:36","modified_gmt":"2024-09-16T15:58:36","slug":"familienurlaub","status":"publish","type":"page","link":"https:\/\/www.athena-cbh.com\/de\/familienurlaub\/","title":{"rendered":"Familienurlaub"},"content":{"rendered":"<p>Das Athena Beach \u0397otel ist eine sehr beliebte Wahl f\u00fcr Familien, da es eine breite Palette von Einrichtungen bietet, um unsere kleinen G\u00e4ste zu unterhalten.<br \/>\nDas Hotel verf\u00fcgt au\u00dferdem \u00fcber weitl\u00e4ufige, gepflegte G\u00e4rten und ein gro\u00dfartiges, weitl\u00e4ufiges Gel\u00e4nde, das direkt an den Strand f\u00fchrt.<br \/>\nUnser freundliches Personal erwartet Sie, um Ihnen einen hochwertigen Service, hervorragendes Essen und ein absolut entspannendes, stressfreies Erlebnis zu bieten.<br \/>\nDas Athena Beach Hotel ist bekannt f\u00fcr seine ausgezeichnete K\u00fcche mit abwechslungsreichen internationalen Men\u00fcs f\u00fcr jeden Geschmack.<br \/>\nEs verf\u00fcgt \u00fcber f\u00fcnf Restaurants, eine Strandbar, die auch leichte Mahlzeiten und Snacks serviert, sowie eine Pool- und Cocktailbar f\u00fcr einen erfrischenden Drink, einen leckeren Milchshake oder ein Eis zur Abk\u00fchlung unserer kleinen G\u00e4ste.<br \/>\nWir k\u00f6nnen eine Vielzahl von Babyartikeln liefern, die Sie ben\u00f6tigen, und wir k\u00fcmmern uns gerne um besondere Ern\u00e4hrungsbed\u00fcrfnisse.<\/p>\n","protected":false},"excerpt":{"rendered":"<p>Das Athena Beach \u0397otel ist eine sehr beliebte Wahl f\u00fcr Familien, da es eine breite Palette von Einrichtungen bietet, um unsere kleinen G\u00e4ste zu unterhalten. Das Hotel verf\u00fcgt au\u00dferdem \u00fcber weitl\u00e4ufige, gepflegte G\u00e4rten und ein gro\u00dfartiges, weitl\u00e4ufiges Gel\u00e4nde, das direkt an den Strand f\u00fchrt. Unser freundliches Personal erwartet Sie, um Ihnen einen hochwertigen Service, hervorragendes<\/p>\n","protected":false},"author":100,"featured_media":7880,"parent":0,"menu_order":0,"comment_status":"closed","ping_status":"closed","template":"page-templates\/simple-list.php","meta":{"_acf_changed":false,"footnotes":""},"class_list":["post-5757","page","type-page","status-publish","has-post-thumbnail","hentry"],"acf":[],"yoast_head":"<!-- This site is optimized with the Yoast SEO plugin v27.4 - https:\/\/yoast.com\/product\/yoast-seo-wordpress\/ -->\n<title>Urlaub im besten Familienhotel in Paphos || Athena Beach Hotel<\/title>\n<meta name=\"description\" content=\"Im Athena Beach Hotel by Constantinou Bros. finden Sie das beste Familienhotel in Paphos f\u00fcr einen Strandurlaub voller Vergn\u00fcgen und Spa\u00df f\u00fcr alle.\" \/>\n<meta name=\"robots\" content=\"index, follow, max-snippet:-1, max-image-preview:large, max-video-preview:-1\" \/>\n<link rel=\"canonical\" href=\"https:\/\/www.athena-cbh.com\/de\/familienurlaub\/\" \/>\n<meta property=\"og:locale\" content=\"de_DE\" \/>\n<meta property=\"og:type\" content=\"article\" \/>\n<meta property=\"og:title\" content=\"Urlaub im besten Familienhotel in Paphos || Athena Beach Hotel\" \/>\n<meta property=\"og:description\" content=\"Im Athena Beach Hotel by Constantinou Bros. finden Sie das beste Familienhotel in Paphos f\u00fcr einen Strandurlaub voller Vergn\u00fcgen und Spa\u00df f\u00fcr alle.\" \/>\n<meta property=\"og:url\" content=\"https:\/\/www.athena-cbh.com\/de\/familienurlaub\/\" \/>\n<meta property=\"og:site_name\" content=\"Athena Beach Hotel\" \/>\n<meta property=\"article:modified_time\" content=\"2024-09-16T15:58:36+00:00\" \/>\n<meta property=\"og:image\" content=\"https:\/\/www.athena-cbh.com\/app\/uploads\/sites\/20\/2021\/07\/75-ATHENA-BEACH-HOTEL-KIDS-CLUB-3-scaled.jpg\" \/>\n\t<meta property=\"og:image:width\" content=\"2560\" \/>\n\t<meta property=\"og:image:height\" content=\"1704\" \/>\n\t<meta property=\"og:image:type\" content=\"image\/jpeg\" \/>\n<meta name=\"twitter:card\" content=\"summary_large_image\" \/>\n<meta name=\"twitter:label1\" content=\"Gesch\u00e4tzte Lesezeit\" \/>\n\t<meta name=\"twitter:data1\" content=\"1\u00a0Minute\" \/>\n<script type=\"application\/ld+json\" class=\"yoast-schema-graph\">{\"@context\":\"https:\\\/\\\/schema.org\",\"@graph\":[{\"@type\":\"WebPage\",\"@id\":\"https:\\\/\\\/www.athena-cbh.com\\\/de\\\/familienurlaub\\\/\",\"url\":\"https:\\\/\\\/www.athena-cbh.com\\\/de\\\/familienurlaub\\\/\",\"name\":\"Urlaub im besten Familienhotel in Paphos || Athena Beach Hotel\",\"isPartOf\":{\"@id\":\"https:\\\/\\\/www.athena-cbh.com\\\/de\\\/#website\"},\"primaryImageOfPage\":{\"@id\":\"https:\\\/\\\/www.athena-cbh.com\\\/de\\\/familienurlaub\\\/#primaryimage\"},\"image\":{\"@id\":\"https:\\\/\\\/www.athena-cbh.com\\\/de\\\/familienurlaub\\\/#primaryimage\"},\"thumbnailUrl\":\"https:\\\/\\\/www.athena-cbh.com\\\/app\\\/uploads\\\/sites\\\/20\\\/2021\\\/07\\\/75-ATHENA-BEACH-HOTEL-KIDS-CLUB-3-scaled.jpg\",\"datePublished\":\"2020-12-22T09:08:23+00:00\",\"dateModified\":\"2024-09-16T15:58:36+00:00\",\"description\":\"Im Athena Beach Hotel by Constantinou Bros. finden Sie das beste Familienhotel in Paphos f\u00fcr einen Strandurlaub voller Vergn\u00fcgen und Spa\u00df f\u00fcr alle.\",\"breadcrumb\":{\"@id\":\"https:\\\/\\\/www.athena-cbh.com\\\/de\\\/familienurlaub\\\/#breadcrumb\"},\"inLanguage\":\"de\",\"potentialAction\":[{\"@type\":\"ReadAction\",\"target\":[\"https:\\\/\\\/www.athena-cbh.com\\\/de\\\/familienurlaub\\\/\"]}]},{\"@type\":\"ImageObject\",\"inLanguage\":\"de\",\"@id\":\"https:\\\/\\\/www.athena-cbh.com\\\/de\\\/familienurlaub\\\/#primaryimage\",\"url\":\"https:\\\/\\\/www.athena-cbh.com\\\/app\\\/uploads\\\/sites\\\/20\\\/2021\\\/07\\\/75-ATHENA-BEACH-HOTEL-KIDS-CLUB-3-scaled.jpg\",\"contentUrl\":\"https:\\\/\\\/www.athena-cbh.com\\\/app\\\/uploads\\\/sites\\\/20\\\/2021\\\/07\\\/75-ATHENA-BEACH-HOTEL-KIDS-CLUB-3-scaled.jpg\",\"width\":2560,\"height\":1704},{\"@type\":\"BreadcrumbList\",\"@id\":\"https:\\\/\\\/www.athena-cbh.com\\\/de\\\/familienurlaub\\\/#breadcrumb\",\"itemListElement\":[{\"@type\":\"ListItem\",\"position\":1,\"name\":\"Home\",\"item\":\"https:\\\/\\\/www.athena-cbh.com\\\/de\\\/\"},{\"@type\":\"ListItem\",\"position\":2,\"name\":\"Familienurlaub\"}]},{\"@type\":\"WebSite\",\"@id\":\"https:\\\/\\\/www.athena-cbh.com\\\/de\\\/#website\",\"url\":\"https:\\\/\\\/www.athena-cbh.com\\\/de\\\/\",\"name\":\"Athena Beach Hotel\",\"description\":\"Constantinou Bros Athena Beach Hotel, 4 star hotel in Paphos Cyprus\",\"potentialAction\":[{\"@type\":\"SearchAction\",\"target\":{\"@type\":\"EntryPoint\",\"urlTemplate\":\"https:\\\/\\\/www.athena-cbh.com\\\/de\\\/?s={search_term_string}\"},\"query-input\":{\"@type\":\"PropertyValueSpecification\",\"valueRequired\":true,\"valueName\":\"search_term_string\"}}],\"inLanguage\":\"de\"}]}<\/script>\n<!-- \/ Yoast SEO plugin. -->","yoast_head_json":{"title":"Urlaub im besten Familienhotel in Paphos || Athena Beach Hotel","description":"Im Athena Beach Hotel by Constantinou Bros. finden Sie das beste Familienhotel in Paphos f\u00fcr einen Strandurlaub voller Vergn\u00fcgen und Spa\u00df f\u00fcr alle.","robots":{"index":"index","follow":"follow","max-snippet":"max-snippet:-1","max-image-preview":"max-image-preview:large","max-video-preview":"max-video-preview:-1"},"canonical":"https:\/\/www.athena-cbh.com\/de\/familienurlaub\/","og_locale":"de_DE","og_type":"article","og_title":"Urlaub im besten Familienhotel in Paphos || Athena Beach Hotel","og_description":"Im Athena Beach Hotel by Constantinou Bros. finden Sie das beste Familienhotel in Paphos f\u00fcr einen Strandurlaub voller Vergn\u00fcgen und Spa\u00df f\u00fcr alle.","og_url":"https:\/\/www.athena-cbh.com\/de\/familienurlaub\/","og_site_name":"Athena Beach Hotel","article_modified_time":"2024-09-16T15:58:36+00:00","og_image":[{"width":2560,"height":1704,"url":"https:\/\/www.athena-cbh.com\/app\/uploads\/sites\/20\/2021\/07\/75-ATHENA-BEACH-HOTEL-KIDS-CLUB-3-scaled.jpg","type":"image\/jpeg"}],"twitter_card":"summary_large_image","twitter_misc":{"Gesch\u00e4tzte Lesezeit":"1\u00a0Minute"},"schema":{"@context":"https:\/\/schema.org","@graph":[{"@type":"WebPage","@id":"https:\/\/www.athena-cbh.com\/de\/familienurlaub\/","url":"https:\/\/www.athena-cbh.com\/de\/familienurlaub\/","name":"Urlaub im besten Familienhotel in Paphos || Athena Beach Hotel","isPartOf":{"@id":"https:\/\/www.athena-cbh.com\/de\/#website"},"primaryImageOfPage":{"@id":"https:\/\/www.athena-cbh.com\/de\/familienurlaub\/#primaryimage"},"image":{"@id":"https:\/\/www.athena-cbh.com\/de\/familienurlaub\/#primaryimage"},"thumbnailUrl":"https:\/\/www.athena-cbh.com\/app\/uploads\/sites\/20\/2021\/07\/75-ATHENA-BEACH-HOTEL-KIDS-CLUB-3-scaled.jpg","datePublished":"2020-12-22T09:08:23+00:00","dateModified":"2024-09-16T15:58:36+00:00","description":"Im Athena Beach Hotel by Constantinou Bros. finden Sie das beste Familienhotel in Paphos f\u00fcr einen Strandurlaub voller Vergn\u00fcgen und Spa\u00df f\u00fcr alle.","breadcrumb":{"@id":"https:\/\/www.athena-cbh.com\/de\/familienurlaub\/#breadcrumb"},"inLanguage":"de","potentialAction":[{"@type":"ReadAction","target":["https:\/\/www.athena-cbh.com\/de\/familienurlaub\/"]}]},{"@type":"ImageObject","inLanguage":"de","@id":"https:\/\/www.athena-cbh.com\/de\/familienurlaub\/#primaryimage","url":"https:\/\/www.athena-cbh.com\/app\/uploads\/sites\/20\/2021\/07\/75-ATHENA-BEACH-HOTEL-KIDS-CLUB-3-scaled.jpg","contentUrl":"https:\/\/www.athena-cbh.com\/app\/uploads\/sites\/20\/2021\/07\/75-ATHENA-BEACH-HOTEL-KIDS-CLUB-3-scaled.jpg","width":2560,"height":1704},{"@type":"BreadcrumbList","@id":"https:\/\/www.athena-cbh.com\/de\/familienurlaub\/#breadcrumb","itemListElement":[{"@type":"ListItem","position":1,"name":"Home","item":"https:\/\/www.athena-cbh.com\/de\/"},{"@type":"ListItem","position":2,"name":"Familienurlaub"}]},{"@type":"WebSite","@id":"https:\/\/www.athena-cbh.com\/de\/#website","url":"https:\/\/www.athena-cbh.com\/de\/","name":"Athena Beach Hotel","description":"Constantinou Bros Athena Beach Hotel, 4 star hotel in Paphos Cyprus","potentialAction":[{"@type":"SearchAction","target":{"@type":"EntryPoint","urlTemplate":"https:\/\/www.athena-cbh.com\/de\/?s={search_term_string}"},"query-input":{"@type":"PropertyValueSpecification","valueRequired":true,"valueName":"search_term_string"}}],"inLanguage":"de"}]}},"_links":{"self":[{"href":"https:\/\/www.athena-cbh.com\/de\/wp-json\/wp\/v2\/pages\/5757","targetHints":{"allow":["GET"]}}],"collection":[{"href":"https:\/\/www.athena-cbh.com\/de\/wp-json\/wp\/v2\/pages"}],"about":[{"href":"https:\/\/www.athena-cbh.com\/de\/wp-json\/wp\/v2\/types\/page"}],"author":[{"embeddable":true,"href":"https:\/\/www.athena-cbh.com\/de\/wp-json\/wp\/v2\/users\/100"}],"replies":[{"embeddable":true,"href":"https:\/\/www.athena-cbh.com\/de\/wp-json\/wp\/v2\/comments?post=5757"}],"version-history":[{"count":10,"href":"https:\/\/www.athena-cbh.com\/de\/wp-json\/wp\/v2\/pages\/5757\/revisions"}],"predecessor-version":[{"id":18293,"href":"https:\/\/www.athena-cbh.com\/de\/wp-json\/wp\/v2\/pages\/5757\/revisions\/18293"}],"wp:featuredmedia":[{"embeddable":true,"href":"https:\/\/www.athena-cbh.com\/de\/wp-json\/wp\/v2\/media\/7880"}],"wp:attachment":[{"href":"https:\/\/www.athena-cbh.com\/de\/wp-json\/wp\/v2\/media?parent=5757"}],"curies":[{"name":"wp","href":"https:\/\/api.w.org\/{rel}","templated":true}]}}