{"id":22007,"date":"2025-04-10T15:01:30","date_gmt":"2025-04-10T12:01:30","guid":{"rendered":"https:\/\/www.athena-cbh.com\/faq\/"},"modified":"2025-07-14T15:43:21","modified_gmt":"2025-07-14T12:43:21","slug":"faq","status":"publish","type":"page","link":"https:\/\/www.athena-cbh.com\/de\/faq\/","title":{"rendered":"FAQs"},"content":{"rendered":"<p>Hier finden Sie hilfreiche Informationen, die Ihren Aufenthalt angenehmer und Ihre Planung einfacher machen. Wenn Sie weitere Hilfe ben\u00f6tigen, wenden Sie sich bitte an unser Team, wir helfen Ihnen gerne weiter. <\/p>\n","protected":false},"excerpt":{"rendered":"<p>Hier finden Sie hilfreiche Informationen, die Ihren Aufenthalt angenehmer und Ihre Planung einfacher machen. Wenn Sie weitere Hilfe ben\u00f6tigen, wenden Sie sich bitte an unser Team, wir helfen Ihnen gerne weiter.<\/p>\n","protected":false},"author":129,"featured_media":0,"parent":0,"menu_order":0,"comment_status":"closed","ping_status":"closed","template":"page-templates\/faq.php","meta":{"_acf_changed":false,"footnotes":""},"class_list":["post-22007","page","type-page","status-publish","hentry"],"acf":[],"yoast_head":"<!-- This site is optimized with the Yoast SEO plugin v27.5 - https:\/\/yoast.com\/product\/yoast-seo-wordpress\/ -->\n<title>Constantinou Bros Athena Beach Hotel - FAQ&#039;s<\/title>\n<meta name=\"description\" content=\"Hier finden Sie Antworten auf h\u00e4ufig gestellte Fragen zu unseren Dienstleistungen, Abl\u00e4ufen und was Sie erwarten k\u00f6nnen. Erhalten Sie schnell und einfach die Informationen, die Sie ben\u00f6tigen.\" \/>\n<meta name=\"robots\" content=\"index, follow, max-snippet:-1, max-image-preview:large, max-video-preview:-1\" \/>\n<link rel=\"canonical\" href=\"https:\/\/www.athena-cbh.com\/de\/faq\/\" \/>\n<meta property=\"og:locale\" content=\"de_DE\" \/>\n<meta property=\"og:type\" content=\"article\" \/>\n<meta property=\"og:title\" content=\"Constantinou Bros Athena Beach Hotel - FAQ&#039;s\" \/>\n<meta property=\"og:description\" content=\"Hier finden Sie Antworten auf h\u00e4ufig gestellte Fragen zu unseren Dienstleistungen, Abl\u00e4ufen und was Sie erwarten k\u00f6nnen. Erhalten Sie schnell und einfach die Informationen, die Sie ben\u00f6tigen.\" \/>\n<meta property=\"og:url\" content=\"https:\/\/www.athena-cbh.com\/de\/faq\/\" \/>\n<meta property=\"og:site_name\" content=\"Athena Beach Hotel\" \/>\n<meta property=\"article:modified_time\" content=\"2025-07-14T12:43:21+00:00\" \/>\n<meta name=\"twitter:card\" content=\"summary_large_image\" \/>\n<meta name=\"twitter:label1\" content=\"Gesch\u00e4tzte Lesezeit\" \/>\n\t<meta name=\"twitter:data1\" content=\"1\u00a0Minute\" \/>\n<script type=\"application\/ld+json\" class=\"yoast-schema-graph\">{\"@context\":\"https:\\\/\\\/schema.org\",\"@graph\":[{\"@type\":\"WebPage\",\"@id\":\"https:\\\/\\\/www.athena-cbh.com\\\/de\\\/faq\\\/\",\"url\":\"https:\\\/\\\/www.athena-cbh.com\\\/de\\\/faq\\\/\",\"name\":\"Constantinou Bros Athena Beach Hotel - FAQ's\",\"isPartOf\":{\"@id\":\"https:\\\/\\\/www.athena-cbh.com\\\/de\\\/#website\"},\"datePublished\":\"2025-04-10T12:01:30+00:00\",\"dateModified\":\"2025-07-14T12:43:21+00:00\",\"description\":\"Hier finden Sie Antworten auf h\u00e4ufig gestellte Fragen zu unseren Dienstleistungen, Abl\u00e4ufen und was Sie erwarten k\u00f6nnen. Erhalten Sie schnell und einfach die Informationen, die Sie ben\u00f6tigen.\",\"breadcrumb\":{\"@id\":\"https:\\\/\\\/www.athena-cbh.com\\\/de\\\/faq\\\/#breadcrumb\"},\"inLanguage\":\"de\",\"potentialAction\":[{\"@type\":\"ReadAction\",\"target\":[\"https:\\\/\\\/www.athena-cbh.com\\\/de\\\/faq\\\/\"]}]},{\"@type\":\"BreadcrumbList\",\"@id\":\"https:\\\/\\\/www.athena-cbh.com\\\/de\\\/faq\\\/#breadcrumb\",\"itemListElement\":[{\"@type\":\"ListItem\",\"position\":1,\"name\":\"Home\",\"item\":\"https:\\\/\\\/www.athena-cbh.com\\\/de\\\/\"},{\"@type\":\"ListItem\",\"position\":2,\"name\":\"FAQs\"}]},{\"@type\":\"WebSite\",\"@id\":\"https:\\\/\\\/www.athena-cbh.com\\\/de\\\/#website\",\"url\":\"https:\\\/\\\/www.athena-cbh.com\\\/de\\\/\",\"name\":\"Athena Beach Hotel\",\"description\":\"Constantinou Bros Athena Beach Hotel, 4 star hotel in Paphos Cyprus\",\"potentialAction\":[{\"@type\":\"SearchAction\",\"target\":{\"@type\":\"EntryPoint\",\"urlTemplate\":\"https:\\\/\\\/www.athena-cbh.com\\\/de\\\/?s={search_term_string}\"},\"query-input\":{\"@type\":\"PropertyValueSpecification\",\"valueRequired\":true,\"valueName\":\"search_term_string\"}}],\"inLanguage\":\"de\"}]}<\/script>\n<!-- \/ Yoast SEO plugin. -->","yoast_head_json":{"title":"Constantinou Bros Athena Beach Hotel - FAQ's","description":"Hier finden Sie Antworten auf h\u00e4ufig gestellte Fragen zu unseren Dienstleistungen, Abl\u00e4ufen und was Sie erwarten k\u00f6nnen. Erhalten Sie schnell und einfach die Informationen, die Sie ben\u00f6tigen.","robots":{"index":"index","follow":"follow","max-snippet":"max-snippet:-1","max-image-preview":"max-image-preview:large","max-video-preview":"max-video-preview:-1"},"canonical":"https:\/\/www.athena-cbh.com\/de\/faq\/","og_locale":"de_DE","og_type":"article","og_title":"Constantinou Bros Athena Beach Hotel - FAQ's","og_description":"Hier finden Sie Antworten auf h\u00e4ufig gestellte Fragen zu unseren Dienstleistungen, Abl\u00e4ufen und was Sie erwarten k\u00f6nnen. Erhalten Sie schnell und einfach die Informationen, die Sie ben\u00f6tigen.","og_url":"https:\/\/www.athena-cbh.com\/de\/faq\/","og_site_name":"Athena Beach Hotel","article_modified_time":"2025-07-14T12:43:21+00:00","twitter_card":"summary_large_image","twitter_misc":{"Gesch\u00e4tzte Lesezeit":"1\u00a0Minute"},"schema":{"@context":"https:\/\/schema.org","@graph":[{"@type":"WebPage","@id":"https:\/\/www.athena-cbh.com\/de\/faq\/","url":"https:\/\/www.athena-cbh.com\/de\/faq\/","name":"Constantinou Bros Athena Beach Hotel - FAQ's","isPartOf":{"@id":"https:\/\/www.athena-cbh.com\/de\/#website"},"datePublished":"2025-04-10T12:01:30+00:00","dateModified":"2025-07-14T12:43:21+00:00","description":"Hier finden Sie Antworten auf h\u00e4ufig gestellte Fragen zu unseren Dienstleistungen, Abl\u00e4ufen und was Sie erwarten k\u00f6nnen. Erhalten Sie schnell und einfach die Informationen, die Sie ben\u00f6tigen.","breadcrumb":{"@id":"https:\/\/www.athena-cbh.com\/de\/faq\/#breadcrumb"},"inLanguage":"de","potentialAction":[{"@type":"ReadAction","target":["https:\/\/www.athena-cbh.com\/de\/faq\/"]}]},{"@type":"BreadcrumbList","@id":"https:\/\/www.athena-cbh.com\/de\/faq\/#breadcrumb","itemListElement":[{"@type":"ListItem","position":1,"name":"Home","item":"https:\/\/www.athena-cbh.com\/de\/"},{"@type":"ListItem","position":2,"name":"FAQs"}]},{"@type":"WebSite","@id":"https:\/\/www.athena-cbh.com\/de\/#website","url":"https:\/\/www.athena-cbh.com\/de\/","name":"Athena Beach Hotel","description":"Constantinou Bros Athena Beach Hotel, 4 star hotel in Paphos Cyprus","potentialAction":[{"@type":"SearchAction","target":{"@type":"EntryPoint","urlTemplate":"https:\/\/www.athena-cbh.com\/de\/?s={search_term_string}"},"query-input":{"@type":"PropertyValueSpecification","valueRequired":true,"valueName":"search_term_string"}}],"inLanguage":"de"}]}},"_links":{"self":[{"href":"https:\/\/www.athena-cbh.com\/de\/wp-json\/wp\/v2\/pages\/22007","targetHints":{"allow":["GET"]}}],"collection":[{"href":"https:\/\/www.athena-cbh.com\/de\/wp-json\/wp\/v2\/pages"}],"about":[{"href":"https:\/\/www.athena-cbh.com\/de\/wp-json\/wp\/v2\/types\/page"}],"author":[{"embeddable":true,"href":"https:\/\/www.athena-cbh.com\/de\/wp-json\/wp\/v2\/users\/129"}],"replies":[{"embeddable":true,"href":"https:\/\/www.athena-cbh.com\/de\/wp-json\/wp\/v2\/comments?post=22007"}],"version-history":[{"count":6,"href":"https:\/\/www.athena-cbh.com\/de\/wp-json\/wp\/v2\/pages\/22007\/revisions"}],"predecessor-version":[{"id":22287,"href":"https:\/\/www.athena-cbh.com\/de\/wp-json\/wp\/v2\/pages\/22007\/revisions\/22287"}],"wp:attachment":[{"href":"https:\/\/www.athena-cbh.com\/de\/wp-json\/wp\/v2\/media?parent=22007"}],"curies":[{"name":"wp","href":"https:\/\/api.w.org\/{rel}","templated":true}]}}