{"id":1956,"date":"2019-05-16T13:08:41","date_gmt":"2019-05-16T10:08:41","guid":{"rendered":"http:\/\/athena-cbh.cms4.nelios.com\/elixir-spa\/"},"modified":"2024-09-16T18:58:33","modified_gmt":"2024-09-16T15:58:33","slug":"elixier-spa","status":"publish","type":"page","link":"https:\/\/www.athena-cbh.com\/de\/elixier-spa\/","title":{"rendered":"Elixier Spa"},"content":{"rendered":"<h1 class=\"home-pages-title title-size text-center pt-5 font-regular\">Luxuri\u00f6se Behandlungen in unserem Spa-Hotel in Paphos, Zypern<\/h1>\n<p>&nbsp;<\/p>\n<p style=\"text-align: left;\">Unsere Spa-Behandlungen sind un\u00fcbertroffen. Sie bieten Ihnen den Luxus eines privaten Raums und vermitteln ein Gef\u00fchl der Zeitlosigkeit.<br \/>\nG\u00f6nnen Sie sich, Ihre Sinne zu verw\u00f6hnen, Ihren K\u00f6rper zu entlasten und Ihren Geist zu beleben.<\/p>\n<p style=\"text-align: left;\">Das auf eine Gesamtfl\u00e4che von 800 m2 erweiterte Elixir Spa bietet allen seinen Besuchern das ultimative Ambiente und Entspannung.<\/p>\n<p style=\"text-align: left;\">Mit zus\u00e4tzlichen Therapie- und Entspannungsr\u00e4umen, darunter 2 Elixir Couples Suites, 2 Saunen, 2 Dampfb\u00e4dern, einem ger\u00e4umigen und modernen Fitnessraum und dem Innenpool, um nur einige zu nennen, wird sich das neue, verbesserte Elixir Spa als einer der inspirierenden Schwerpunkte des Hotels erweisen.<\/p>\n<h3 style=\"text-align: left;\"><\/h3>\n<h3 style=\"text-align: left;\">Einrichtungen &amp; Annehmlichkeiten<\/h3>\n<ul style=\"text-align: left;\">\n<li>Entspannende und therapeutische Massagen<\/li>\n<li>Behandlungen f\u00fcr Paare<\/li>\n<li>K\u00f6rperbehandlungen<\/li>\n<li>Aromatherapie<\/li>\n<li>Thalassotherapie<\/li>\n<li>Sport-Massagen<\/li>\n<li>Elixir Spa Signatur-Behandlungen<\/li>\n<li>Elixir Paare Suiten (2)<\/li>\n<li>2 Dampfb\u00e4der (eines davon f\u00fcr Nudisten) (kostenlos f\u00fcr die Eliteklasse und Hochzeitspaare nach Verf\u00fcgbarkeit)<\/li>\n<li>2 Saunen (eine davon f\u00fcr FKK-Anh\u00e4nger) (kostenlos f\u00fcr Elite Class &amp; Hochzeitspaare nach Verf\u00fcgbarkeit)<\/li>\n<li>Entspannungsbereich<\/li>\n<li>Pakete f\u00fcr Paare<\/li>\n<li>Hochzeits-Pakete<\/li>\n<li>Flitterwochen Pakete<\/li>\n<li>Spa-Pakete<\/li>\n<li>Wellness Aktivit\u00e4ten<\/li>\n<li>Spa-Behandlungen<\/li>\n<li>Unisex Friseursalon<\/li>\n<li>Fitnesscenter mit Cardio- und Krafttrainingsger\u00e4ten<\/li>\n<\/ul>\n<p style=\"text-align: left;\">\n","protected":false},"excerpt":{"rendered":"<p>Luxuri\u00f6se Behandlungen in unserem Spa-Hotel in Paphos, Zypern &nbsp; Unsere Spa-Behandlungen sind un\u00fcbertroffen. Sie bieten Ihnen den Luxus eines privaten Raums und vermitteln ein Gef\u00fchl der Zeitlosigkeit. G\u00f6nnen Sie sich, Ihre Sinne zu verw\u00f6hnen, Ihren K\u00f6rper zu entlasten und Ihren Geist zu beleben. Das auf eine Gesamtfl\u00e4che von 800 m2 erweiterte Elixir Spa bietet allen<\/p>\n","protected":false},"author":2,"featured_media":12849,"parent":0,"menu_order":0,"comment_status":"closed","ping_status":"closed","template":"","meta":{"_acf_changed":false,"footnotes":""},"class_list":["post-1956","page","type-page","status-publish","has-post-thumbnail","hentry"],"acf":[],"yoast_head":"<!-- This site is optimized with the Yoast SEO plugin v27.4 - https:\/\/yoast.com\/product\/yoast-seo-wordpress\/ -->\n<title>Modernisiertes Wellness-Hotel in Paphos, Zypern || Athena Beach Hotel<\/title>\n<meta name=\"description\" content=\"Das Elixir Spa wurde im Athena Beach Hotel von Constantinou Bros. ausgebaut und bietet Ihnen eine Welt des Wohlbefindens in unserem Spa-Hotel in Paphos, Zypern.\" \/>\n<meta name=\"robots\" content=\"index, follow, max-snippet:-1, max-image-preview:large, max-video-preview:-1\" \/>\n<link rel=\"canonical\" href=\"https:\/\/www.athena-cbh.com\/de\/elixier-spa\/\" \/>\n<meta property=\"og:locale\" content=\"de_DE\" \/>\n<meta property=\"og:type\" content=\"article\" \/>\n<meta property=\"og:title\" content=\"Modernisiertes Wellness-Hotel in Paphos, Zypern || Athena Beach Hotel\" \/>\n<meta property=\"og:description\" content=\"Das Elixir Spa wurde im Athena Beach Hotel von Constantinou Bros. ausgebaut und bietet Ihnen eine Welt des Wohlbefindens in unserem Spa-Hotel in Paphos, Zypern.\" \/>\n<meta property=\"og:url\" content=\"https:\/\/www.athena-cbh.com\/de\/elixier-spa\/\" \/>\n<meta property=\"og:site_name\" content=\"Athena Beach Hotel\" \/>\n<meta property=\"article:modified_time\" content=\"2024-09-16T15:58:33+00:00\" \/>\n<meta property=\"og:image\" content=\"https:\/\/www.athena-cbh.com\/app\/uploads\/sites\/20\/2020\/09\/40-ATHENA-BEACH-HOTEL-ELIXIR-SPA-4.jpg\" \/>\n\t<meta property=\"og:image:width\" content=\"1200\" \/>\n\t<meta property=\"og:image:height\" content=\"798\" \/>\n\t<meta property=\"og:image:type\" content=\"image\/jpeg\" \/>\n<meta name=\"twitter:card\" content=\"summary_large_image\" \/>\n<meta name=\"twitter:label1\" content=\"Gesch\u00e4tzte Lesezeit\" \/>\n\t<meta name=\"twitter:data1\" content=\"1\u00a0Minute\" \/>\n<script type=\"application\/ld+json\" class=\"yoast-schema-graph\">{\"@context\":\"https:\\\/\\\/schema.org\",\"@graph\":[{\"@type\":\"WebPage\",\"@id\":\"https:\\\/\\\/www.athena-cbh.com\\\/de\\\/elixier-spa\\\/\",\"url\":\"https:\\\/\\\/www.athena-cbh.com\\\/de\\\/elixier-spa\\\/\",\"name\":\"Modernisiertes Wellness-Hotel in Paphos, Zypern || Athena Beach Hotel\",\"isPartOf\":{\"@id\":\"https:\\\/\\\/www.athena-cbh.com\\\/de\\\/#website\"},\"primaryImageOfPage\":{\"@id\":\"https:\\\/\\\/www.athena-cbh.com\\\/de\\\/elixier-spa\\\/#primaryimage\"},\"image\":{\"@id\":\"https:\\\/\\\/www.athena-cbh.com\\\/de\\\/elixier-spa\\\/#primaryimage\"},\"thumbnailUrl\":\"https:\\\/\\\/www.athena-cbh.com\\\/app\\\/uploads\\\/sites\\\/20\\\/2022\\\/07\\\/65-ATHENA-BEACH-HOTEL-INDOOR-HEATED-POOL-scaled.jpg\",\"datePublished\":\"2019-05-16T10:08:41+00:00\",\"dateModified\":\"2024-09-16T15:58:33+00:00\",\"description\":\"Das Elixir Spa wurde im Athena Beach Hotel von Constantinou Bros. ausgebaut und bietet Ihnen eine Welt des Wohlbefindens in unserem Spa-Hotel in Paphos, Zypern.\",\"breadcrumb\":{\"@id\":\"https:\\\/\\\/www.athena-cbh.com\\\/de\\\/elixier-spa\\\/#breadcrumb\"},\"inLanguage\":\"de\",\"potentialAction\":[{\"@type\":\"ReadAction\",\"target\":[\"https:\\\/\\\/www.athena-cbh.com\\\/de\\\/elixier-spa\\\/\"]}]},{\"@type\":\"ImageObject\",\"inLanguage\":\"de\",\"@id\":\"https:\\\/\\\/www.athena-cbh.com\\\/de\\\/elixier-spa\\\/#primaryimage\",\"url\":\"https:\\\/\\\/www.athena-cbh.com\\\/app\\\/uploads\\\/sites\\\/20\\\/2022\\\/07\\\/65-ATHENA-BEACH-HOTEL-INDOOR-HEATED-POOL-scaled.jpg\",\"contentUrl\":\"https:\\\/\\\/www.athena-cbh.com\\\/app\\\/uploads\\\/sites\\\/20\\\/2022\\\/07\\\/65-ATHENA-BEACH-HOTEL-INDOOR-HEATED-POOL-scaled.jpg\",\"width\":2560,\"height\":1707},{\"@type\":\"BreadcrumbList\",\"@id\":\"https:\\\/\\\/www.athena-cbh.com\\\/de\\\/elixier-spa\\\/#breadcrumb\",\"itemListElement\":[{\"@type\":\"ListItem\",\"position\":1,\"name\":\"Home\",\"item\":\"https:\\\/\\\/www.athena-cbh.com\\\/de\\\/\"},{\"@type\":\"ListItem\",\"position\":2,\"name\":\"Elixier Spa\"}]},{\"@type\":\"WebSite\",\"@id\":\"https:\\\/\\\/www.athena-cbh.com\\\/de\\\/#website\",\"url\":\"https:\\\/\\\/www.athena-cbh.com\\\/de\\\/\",\"name\":\"Athena Beach Hotel\",\"description\":\"Constantinou Bros Athena Beach Hotel, 4 star hotel in Paphos Cyprus\",\"potentialAction\":[{\"@type\":\"SearchAction\",\"target\":{\"@type\":\"EntryPoint\",\"urlTemplate\":\"https:\\\/\\\/www.athena-cbh.com\\\/de\\\/?s={search_term_string}\"},\"query-input\":{\"@type\":\"PropertyValueSpecification\",\"valueRequired\":true,\"valueName\":\"search_term_string\"}}],\"inLanguage\":\"de\"}]}<\/script>\n<!-- \/ Yoast SEO plugin. -->","yoast_head_json":{"title":"Modernisiertes Wellness-Hotel in Paphos, Zypern || Athena Beach Hotel","description":"Das Elixir Spa wurde im Athena Beach Hotel von Constantinou Bros. ausgebaut und bietet Ihnen eine Welt des Wohlbefindens in unserem Spa-Hotel in Paphos, Zypern.","robots":{"index":"index","follow":"follow","max-snippet":"max-snippet:-1","max-image-preview":"max-image-preview:large","max-video-preview":"max-video-preview:-1"},"canonical":"https:\/\/www.athena-cbh.com\/de\/elixier-spa\/","og_locale":"de_DE","og_type":"article","og_title":"Modernisiertes Wellness-Hotel in Paphos, Zypern || Athena Beach Hotel","og_description":"Das Elixir Spa wurde im Athena Beach Hotel von Constantinou Bros. ausgebaut und bietet Ihnen eine Welt des Wohlbefindens in unserem Spa-Hotel in Paphos, Zypern.","og_url":"https:\/\/www.athena-cbh.com\/de\/elixier-spa\/","og_site_name":"Athena Beach Hotel","article_modified_time":"2024-09-16T15:58:33+00:00","og_image":[{"width":1200,"height":798,"url":"https:\/\/www.athena-cbh.com\/app\/uploads\/sites\/20\/2020\/09\/40-ATHENA-BEACH-HOTEL-ELIXIR-SPA-4.jpg","type":"image\/jpeg"}],"twitter_card":"summary_large_image","twitter_misc":{"Gesch\u00e4tzte Lesezeit":"1\u00a0Minute"},"schema":{"@context":"https:\/\/schema.org","@graph":[{"@type":"WebPage","@id":"https:\/\/www.athena-cbh.com\/de\/elixier-spa\/","url":"https:\/\/www.athena-cbh.com\/de\/elixier-spa\/","name":"Modernisiertes Wellness-Hotel in Paphos, Zypern || Athena Beach Hotel","isPartOf":{"@id":"https:\/\/www.athena-cbh.com\/de\/#website"},"primaryImageOfPage":{"@id":"https:\/\/www.athena-cbh.com\/de\/elixier-spa\/#primaryimage"},"image":{"@id":"https:\/\/www.athena-cbh.com\/de\/elixier-spa\/#primaryimage"},"thumbnailUrl":"https:\/\/www.athena-cbh.com\/app\/uploads\/sites\/20\/2022\/07\/65-ATHENA-BEACH-HOTEL-INDOOR-HEATED-POOL-scaled.jpg","datePublished":"2019-05-16T10:08:41+00:00","dateModified":"2024-09-16T15:58:33+00:00","description":"Das Elixir Spa wurde im Athena Beach Hotel von Constantinou Bros. ausgebaut und bietet Ihnen eine Welt des Wohlbefindens in unserem Spa-Hotel in Paphos, Zypern.","breadcrumb":{"@id":"https:\/\/www.athena-cbh.com\/de\/elixier-spa\/#breadcrumb"},"inLanguage":"de","potentialAction":[{"@type":"ReadAction","target":["https:\/\/www.athena-cbh.com\/de\/elixier-spa\/"]}]},{"@type":"ImageObject","inLanguage":"de","@id":"https:\/\/www.athena-cbh.com\/de\/elixier-spa\/#primaryimage","url":"https:\/\/www.athena-cbh.com\/app\/uploads\/sites\/20\/2022\/07\/65-ATHENA-BEACH-HOTEL-INDOOR-HEATED-POOL-scaled.jpg","contentUrl":"https:\/\/www.athena-cbh.com\/app\/uploads\/sites\/20\/2022\/07\/65-ATHENA-BEACH-HOTEL-INDOOR-HEATED-POOL-scaled.jpg","width":2560,"height":1707},{"@type":"BreadcrumbList","@id":"https:\/\/www.athena-cbh.com\/de\/elixier-spa\/#breadcrumb","itemListElement":[{"@type":"ListItem","position":1,"name":"Home","item":"https:\/\/www.athena-cbh.com\/de\/"},{"@type":"ListItem","position":2,"name":"Elixier Spa"}]},{"@type":"WebSite","@id":"https:\/\/www.athena-cbh.com\/de\/#website","url":"https:\/\/www.athena-cbh.com\/de\/","name":"Athena Beach Hotel","description":"Constantinou Bros Athena Beach Hotel, 4 star hotel in Paphos Cyprus","potentialAction":[{"@type":"SearchAction","target":{"@type":"EntryPoint","urlTemplate":"https:\/\/www.athena-cbh.com\/de\/?s={search_term_string}"},"query-input":{"@type":"PropertyValueSpecification","valueRequired":true,"valueName":"search_term_string"}}],"inLanguage":"de"}]}},"_links":{"self":[{"href":"https:\/\/www.athena-cbh.com\/de\/wp-json\/wp\/v2\/pages\/1956","targetHints":{"allow":["GET"]}}],"collection":[{"href":"https:\/\/www.athena-cbh.com\/de\/wp-json\/wp\/v2\/pages"}],"about":[{"href":"https:\/\/www.athena-cbh.com\/de\/wp-json\/wp\/v2\/types\/page"}],"author":[{"embeddable":true,"href":"https:\/\/www.athena-cbh.com\/de\/wp-json\/wp\/v2\/users\/2"}],"replies":[{"embeddable":true,"href":"https:\/\/www.athena-cbh.com\/de\/wp-json\/wp\/v2\/comments?post=1956"}],"version-history":[{"count":10,"href":"https:\/\/www.athena-cbh.com\/de\/wp-json\/wp\/v2\/pages\/1956\/revisions"}],"predecessor-version":[{"id":20601,"href":"https:\/\/www.athena-cbh.com\/de\/wp-json\/wp\/v2\/pages\/1956\/revisions\/20601"}],"wp:featuredmedia":[{"embeddable":true,"href":"https:\/\/www.athena-cbh.com\/de\/wp-json\/wp\/v2\/media\/12849"}],"wp:attachment":[{"href":"https:\/\/www.athena-cbh.com\/de\/wp-json\/wp\/v2\/media?parent=1956"}],"curies":[{"name":"wp","href":"https:\/\/api.w.org\/{rel}","templated":true}]}}