{"id":1942,"date":"2019-05-16T13:08:42","date_gmt":"2019-05-16T10:08:42","guid":{"rendered":"http:\/\/athena-cbh.cms4.nelios.com\/contact\/"},"modified":"2024-09-16T18:59:54","modified_gmt":"2024-09-16T15:59:54","slug":"kontakt","status":"publish","type":"page","link":"https:\/\/www.athena-cbh.com\/de\/kontakt\/","title":{"rendered":"Kontakt"},"content":{"rendered":"","protected":false},"excerpt":{"rendered":"","protected":false},"author":2,"featured_media":1360,"parent":0,"menu_order":0,"comment_status":"closed","ping_status":"closed","template":"page-templates\/contact.php","meta":{"_acf_changed":false,"footnotes":""},"class_list":["post-1942","page","type-page","status-publish","has-post-thumbnail","hentry"],"acf":[],"yoast_head":"<!-- This site is optimized with the Yoast SEO plugin v27.5 - https:\/\/yoast.com\/product\/yoast-seo-wordpress\/ -->\n<title>Athena Beach Hotel Paphos Kontaktinformationen || Athena Beach<\/title>\n<meta name=\"description\" content=\"Z\u00f6gern Sie nicht, sich mit uns in Verbindung zu setzen, wenn Sie vor Ihrem Aufenthalt etwas kl\u00e4ren m\u00f6chten. Nutzen Sie die Kontaktdaten des Athena Beach Hotel Paphos, die Sie hier finden.\" \/>\n<meta name=\"robots\" content=\"index, follow, max-snippet:-1, max-image-preview:large, max-video-preview:-1\" \/>\n<link rel=\"canonical\" href=\"https:\/\/www.athena-cbh.com\/de\/kontakt\/\" \/>\n<meta property=\"og:locale\" content=\"de_DE\" \/>\n<meta property=\"og:type\" content=\"article\" \/>\n<meta property=\"og:title\" content=\"Athena Beach Hotel Paphos Kontaktinformationen || Athena Beach\" \/>\n<meta property=\"og:description\" content=\"Z\u00f6gern Sie nicht, sich mit uns in Verbindung zu setzen, wenn Sie vor Ihrem Aufenthalt etwas kl\u00e4ren m\u00f6chten. Nutzen Sie die Kontaktdaten des Athena Beach Hotel Paphos, die Sie hier finden.\" \/>\n<meta property=\"og:url\" content=\"https:\/\/www.athena-cbh.com\/de\/kontakt\/\" \/>\n<meta property=\"og:site_name\" content=\"Athena Beach Hotel\" \/>\n<meta property=\"article:modified_time\" content=\"2024-09-16T15:59:54+00:00\" \/>\n<meta property=\"og:image\" content=\"https:\/\/www.athena-cbh.com\/app\/uploads\/sites\/20\/2019\/05\/3-athena-beach-hotel-pool-and-sea-view_resized.jpg\" \/>\n\t<meta property=\"og:image:width\" content=\"1920\" \/>\n\t<meta property=\"og:image:height\" content=\"784\" \/>\n\t<meta property=\"og:image:type\" content=\"image\/jpeg\" \/>\n<meta name=\"twitter:card\" content=\"summary_large_image\" \/>\n<script type=\"application\/ld+json\" class=\"yoast-schema-graph\">{\"@context\":\"https:\\\/\\\/schema.org\",\"@graph\":[{\"@type\":\"WebPage\",\"@id\":\"https:\\\/\\\/www.athena-cbh.com\\\/de\\\/kontakt\\\/\",\"url\":\"https:\\\/\\\/www.athena-cbh.com\\\/de\\\/kontakt\\\/\",\"name\":\"Athena Beach Hotel Paphos Kontaktinformationen || Athena Beach\",\"isPartOf\":{\"@id\":\"https:\\\/\\\/www.athena-cbh.com\\\/de\\\/#website\"},\"primaryImageOfPage\":{\"@id\":\"https:\\\/\\\/www.athena-cbh.com\\\/de\\\/kontakt\\\/#primaryimage\"},\"image\":{\"@id\":\"https:\\\/\\\/www.athena-cbh.com\\\/de\\\/kontakt\\\/#primaryimage\"},\"thumbnailUrl\":\"https:\\\/\\\/www.athena-cbh.com\\\/app\\\/uploads\\\/sites\\\/20\\\/2019\\\/05\\\/3-athena-beach-hotel-pool-and-sea-view_resized.jpg\",\"datePublished\":\"2019-05-16T10:08:42+00:00\",\"dateModified\":\"2024-09-16T15:59:54+00:00\",\"description\":\"Z\u00f6gern Sie nicht, sich mit uns in Verbindung zu setzen, wenn Sie vor Ihrem Aufenthalt etwas kl\u00e4ren m\u00f6chten. Nutzen Sie die Kontaktdaten des Athena Beach Hotel Paphos, die Sie hier finden.\",\"breadcrumb\":{\"@id\":\"https:\\\/\\\/www.athena-cbh.com\\\/de\\\/kontakt\\\/#breadcrumb\"},\"inLanguage\":\"de\",\"potentialAction\":[{\"@type\":\"ReadAction\",\"target\":[\"https:\\\/\\\/www.athena-cbh.com\\\/de\\\/kontakt\\\/\"]}]},{\"@type\":\"ImageObject\",\"inLanguage\":\"de\",\"@id\":\"https:\\\/\\\/www.athena-cbh.com\\\/de\\\/kontakt\\\/#primaryimage\",\"url\":\"https:\\\/\\\/www.athena-cbh.com\\\/app\\\/uploads\\\/sites\\\/20\\\/2019\\\/05\\\/3-athena-beach-hotel-pool-and-sea-view_resized.jpg\",\"contentUrl\":\"https:\\\/\\\/www.athena-cbh.com\\\/app\\\/uploads\\\/sites\\\/20\\\/2019\\\/05\\\/3-athena-beach-hotel-pool-and-sea-view_resized.jpg\",\"width\":1920,\"height\":784},{\"@type\":\"BreadcrumbList\",\"@id\":\"https:\\\/\\\/www.athena-cbh.com\\\/de\\\/kontakt\\\/#breadcrumb\",\"itemListElement\":[{\"@type\":\"ListItem\",\"position\":1,\"name\":\"Home\",\"item\":\"https:\\\/\\\/www.athena-cbh.com\\\/de\\\/\"},{\"@type\":\"ListItem\",\"position\":2,\"name\":\"Kontakt\"}]},{\"@type\":\"WebSite\",\"@id\":\"https:\\\/\\\/www.athena-cbh.com\\\/de\\\/#website\",\"url\":\"https:\\\/\\\/www.athena-cbh.com\\\/de\\\/\",\"name\":\"Athena Beach Hotel\",\"description\":\"Constantinou Bros Athena Beach Hotel, 4 star hotel in Paphos Cyprus\",\"potentialAction\":[{\"@type\":\"SearchAction\",\"target\":{\"@type\":\"EntryPoint\",\"urlTemplate\":\"https:\\\/\\\/www.athena-cbh.com\\\/de\\\/?s={search_term_string}\"},\"query-input\":{\"@type\":\"PropertyValueSpecification\",\"valueRequired\":true,\"valueName\":\"search_term_string\"}}],\"inLanguage\":\"de\"}]}<\/script>\n<!-- \/ Yoast SEO plugin. -->","yoast_head_json":{"title":"Athena Beach Hotel Paphos Kontaktinformationen || Athena Beach","description":"Z\u00f6gern Sie nicht, sich mit uns in Verbindung zu setzen, wenn Sie vor Ihrem Aufenthalt etwas kl\u00e4ren m\u00f6chten. Nutzen Sie die Kontaktdaten des Athena Beach Hotel Paphos, die Sie hier finden.","robots":{"index":"index","follow":"follow","max-snippet":"max-snippet:-1","max-image-preview":"max-image-preview:large","max-video-preview":"max-video-preview:-1"},"canonical":"https:\/\/www.athena-cbh.com\/de\/kontakt\/","og_locale":"de_DE","og_type":"article","og_title":"Athena Beach Hotel Paphos Kontaktinformationen || Athena Beach","og_description":"Z\u00f6gern Sie nicht, sich mit uns in Verbindung zu setzen, wenn Sie vor Ihrem Aufenthalt etwas kl\u00e4ren m\u00f6chten. Nutzen Sie die Kontaktdaten des Athena Beach Hotel Paphos, die Sie hier finden.","og_url":"https:\/\/www.athena-cbh.com\/de\/kontakt\/","og_site_name":"Athena Beach Hotel","article_modified_time":"2024-09-16T15:59:54+00:00","og_image":[{"width":1920,"height":784,"url":"https:\/\/www.athena-cbh.com\/app\/uploads\/sites\/20\/2019\/05\/3-athena-beach-hotel-pool-and-sea-view_resized.jpg","type":"image\/jpeg"}],"twitter_card":"summary_large_image","schema":{"@context":"https:\/\/schema.org","@graph":[{"@type":"WebPage","@id":"https:\/\/www.athena-cbh.com\/de\/kontakt\/","url":"https:\/\/www.athena-cbh.com\/de\/kontakt\/","name":"Athena Beach Hotel Paphos Kontaktinformationen || Athena Beach","isPartOf":{"@id":"https:\/\/www.athena-cbh.com\/de\/#website"},"primaryImageOfPage":{"@id":"https:\/\/www.athena-cbh.com\/de\/kontakt\/#primaryimage"},"image":{"@id":"https:\/\/www.athena-cbh.com\/de\/kontakt\/#primaryimage"},"thumbnailUrl":"https:\/\/www.athena-cbh.com\/app\/uploads\/sites\/20\/2019\/05\/3-athena-beach-hotel-pool-and-sea-view_resized.jpg","datePublished":"2019-05-16T10:08:42+00:00","dateModified":"2024-09-16T15:59:54+00:00","description":"Z\u00f6gern Sie nicht, sich mit uns in Verbindung zu setzen, wenn Sie vor Ihrem Aufenthalt etwas kl\u00e4ren m\u00f6chten. Nutzen Sie die Kontaktdaten des Athena Beach Hotel Paphos, die Sie hier finden.","breadcrumb":{"@id":"https:\/\/www.athena-cbh.com\/de\/kontakt\/#breadcrumb"},"inLanguage":"de","potentialAction":[{"@type":"ReadAction","target":["https:\/\/www.athena-cbh.com\/de\/kontakt\/"]}]},{"@type":"ImageObject","inLanguage":"de","@id":"https:\/\/www.athena-cbh.com\/de\/kontakt\/#primaryimage","url":"https:\/\/www.athena-cbh.com\/app\/uploads\/sites\/20\/2019\/05\/3-athena-beach-hotel-pool-and-sea-view_resized.jpg","contentUrl":"https:\/\/www.athena-cbh.com\/app\/uploads\/sites\/20\/2019\/05\/3-athena-beach-hotel-pool-and-sea-view_resized.jpg","width":1920,"height":784},{"@type":"BreadcrumbList","@id":"https:\/\/www.athena-cbh.com\/de\/kontakt\/#breadcrumb","itemListElement":[{"@type":"ListItem","position":1,"name":"Home","item":"https:\/\/www.athena-cbh.com\/de\/"},{"@type":"ListItem","position":2,"name":"Kontakt"}]},{"@type":"WebSite","@id":"https:\/\/www.athena-cbh.com\/de\/#website","url":"https:\/\/www.athena-cbh.com\/de\/","name":"Athena Beach Hotel","description":"Constantinou Bros Athena Beach Hotel, 4 star hotel in Paphos Cyprus","potentialAction":[{"@type":"SearchAction","target":{"@type":"EntryPoint","urlTemplate":"https:\/\/www.athena-cbh.com\/de\/?s={search_term_string}"},"query-input":{"@type":"PropertyValueSpecification","valueRequired":true,"valueName":"search_term_string"}}],"inLanguage":"de"}]}},"_links":{"self":[{"href":"https:\/\/www.athena-cbh.com\/de\/wp-json\/wp\/v2\/pages\/1942","targetHints":{"allow":["GET"]}}],"collection":[{"href":"https:\/\/www.athena-cbh.com\/de\/wp-json\/wp\/v2\/pages"}],"about":[{"href":"https:\/\/www.athena-cbh.com\/de\/wp-json\/wp\/v2\/types\/page"}],"author":[{"embeddable":true,"href":"https:\/\/www.athena-cbh.com\/de\/wp-json\/wp\/v2\/users\/2"}],"replies":[{"embeddable":true,"href":"https:\/\/www.athena-cbh.com\/de\/wp-json\/wp\/v2\/comments?post=1942"}],"version-history":[{"count":5,"href":"https:\/\/www.athena-cbh.com\/de\/wp-json\/wp\/v2\/pages\/1942\/revisions"}],"predecessor-version":[{"id":8362,"href":"https:\/\/www.athena-cbh.com\/de\/wp-json\/wp\/v2\/pages\/1942\/revisions\/8362"}],"wp:featuredmedia":[{"embeddable":true,"href":"https:\/\/www.athena-cbh.com\/de\/wp-json\/wp\/v2\/media\/1360"}],"wp:attachment":[{"href":"https:\/\/www.athena-cbh.com\/de\/wp-json\/wp\/v2\/media?parent=1942"}],"curies":[{"name":"wp","href":"https:\/\/api.w.org\/{rel}","templated":true}]}}