{"id":1936,"date":"2019-11-01T14:07:23","date_gmt":"2019-11-01T11:07:23","guid":{"rendered":"http:\/\/athena-cbh.cms4.nelios.com\/awards\/"},"modified":"2026-04-23T11:46:49","modified_gmt":"2026-04-23T08:46:49","slug":"awards","status":"publish","type":"page","link":"https:\/\/www.athena-cbh.com\/de\/awards\/","title":{"rendered":"Auszeichnungen"},"content":{"rendered":"<p>Jede Branche hat ihre Kriterien, ihre Ma\u00dfst\u00e4be, an denen der Erfolg gemessen wird. Das Hotelgewerbe verwendet ein Pr\u00e4miensystem, das auf Punkten basiert, die von den Hotels anhand von Frageb\u00f6gen gesammelt werden, die die Reiseveranstalter von ihren Kunden am Ende des Urlaubs ausf\u00fcllen. <\/p>\n<p>Das Athena Beach Hotel kann seit seiner Er\u00f6ffnung auf eine beeindruckende Anzahl von Auszeichnungen verweisen.<\/p>\n","protected":false},"excerpt":{"rendered":"<p>Jede Branche hat ihre Kriterien, ihre Ma\u00dfst\u00e4be, an denen der Erfolg gemessen wird. Das Hotelgewerbe verwendet ein Pr\u00e4miensystem, das auf Punkten basiert, die von den Hotels anhand von Frageb\u00f6gen gesammelt werden, die die Reiseveranstalter von ihren Kunden am Ende des Urlaubs ausf\u00fcllen. Das Athena Beach Hotel kann seit seiner Er\u00f6ffnung auf eine beeindruckende Anzahl von<\/p>\n","protected":false},"author":1,"featured_media":9371,"parent":0,"menu_order":0,"comment_status":"closed","ping_status":"closed","template":"page-templates\/accordion.php","meta":{"_acf_changed":false,"footnotes":""},"class_list":["post-1936","page","type-page","status-publish","has-post-thumbnail","hentry"],"acf":[],"yoast_head":"<!-- This site is optimized with the Yoast SEO plugin v27.4 - https:\/\/yoast.com\/product\/yoast-seo-wordpress\/ -->\n<title>Liste der Athena Beach Hotel Paphos Auszeichnungen || Athena Beach<\/title>\n<meta name=\"description\" content=\"Hier finden Sie eine Liste aller Preise, Auszeichnungen, Anerkennungen und Zertifizierungen des Athena Beach Hotel Paphos von 2010 bis heute.\" \/>\n<meta name=\"robots\" content=\"index, follow, max-snippet:-1, max-image-preview:large, max-video-preview:-1\" \/>\n<link rel=\"canonical\" href=\"https:\/\/www.athena-cbh.com\/de\/awards\/\" \/>\n<meta property=\"og:locale\" content=\"de_DE\" \/>\n<meta property=\"og:type\" content=\"article\" \/>\n<meta property=\"og:title\" content=\"Liste der Athena Beach Hotel Paphos Auszeichnungen || Athena Beach\" \/>\n<meta property=\"og:description\" content=\"Hier finden Sie eine Liste aller Preise, Auszeichnungen, Anerkennungen und Zertifizierungen des Athena Beach Hotel Paphos von 2010 bis heute.\" \/>\n<meta property=\"og:url\" content=\"https:\/\/www.athena-cbh.com\/de\/awards\/\" \/>\n<meta property=\"og:site_name\" content=\"Athena Beach Hotel\" \/>\n<meta property=\"article:modified_time\" content=\"2026-04-23T08:46:49+00:00\" \/>\n<meta property=\"og:image\" content=\"https:\/\/www.athena-cbh.com\/app\/uploads\/sites\/20\/2022\/02\/31-ATHENA-BEACH-HOTEL-HELIOS-BEACH-BAR.jpg\" \/>\n\t<meta property=\"og:image:width\" content=\"2000\" \/>\n\t<meta property=\"og:image:height\" content=\"1333\" \/>\n\t<meta property=\"og:image:type\" content=\"image\/jpeg\" \/>\n<meta name=\"twitter:card\" content=\"summary_large_image\" \/>\n<meta name=\"twitter:label1\" content=\"Gesch\u00e4tzte Lesezeit\" \/>\n\t<meta name=\"twitter:data1\" content=\"1\u00a0Minute\" \/>\n<script type=\"application\/ld+json\" class=\"yoast-schema-graph\">{\"@context\":\"https:\\\/\\\/schema.org\",\"@graph\":[{\"@type\":\"WebPage\",\"@id\":\"https:\\\/\\\/www.athena-cbh.com\\\/de\\\/awards\\\/\",\"url\":\"https:\\\/\\\/www.athena-cbh.com\\\/de\\\/awards\\\/\",\"name\":\"Liste der Athena Beach Hotel Paphos Auszeichnungen || Athena Beach\",\"isPartOf\":{\"@id\":\"https:\\\/\\\/www.athena-cbh.com\\\/de\\\/#website\"},\"primaryImageOfPage\":{\"@id\":\"https:\\\/\\\/www.athena-cbh.com\\\/de\\\/awards\\\/#primaryimage\"},\"image\":{\"@id\":\"https:\\\/\\\/www.athena-cbh.com\\\/de\\\/awards\\\/#primaryimage\"},\"thumbnailUrl\":\"https:\\\/\\\/www.athena-cbh.com\\\/app\\\/uploads\\\/sites\\\/20\\\/2022\\\/02\\\/31-ATHENA-BEACH-HOTEL-HELIOS-BEACH-BAR.jpg\",\"datePublished\":\"2019-11-01T11:07:23+00:00\",\"dateModified\":\"2026-04-23T08:46:49+00:00\",\"description\":\"Hier finden Sie eine Liste aller Preise, Auszeichnungen, Anerkennungen und Zertifizierungen des Athena Beach Hotel Paphos von 2010 bis heute.\",\"breadcrumb\":{\"@id\":\"https:\\\/\\\/www.athena-cbh.com\\\/de\\\/awards\\\/#breadcrumb\"},\"inLanguage\":\"de\",\"potentialAction\":[{\"@type\":\"ReadAction\",\"target\":[\"https:\\\/\\\/www.athena-cbh.com\\\/de\\\/awards\\\/\"]}]},{\"@type\":\"ImageObject\",\"inLanguage\":\"de\",\"@id\":\"https:\\\/\\\/www.athena-cbh.com\\\/de\\\/awards\\\/#primaryimage\",\"url\":\"https:\\\/\\\/www.athena-cbh.com\\\/app\\\/uploads\\\/sites\\\/20\\\/2022\\\/02\\\/31-ATHENA-BEACH-HOTEL-HELIOS-BEACH-BAR.jpg\",\"contentUrl\":\"https:\\\/\\\/www.athena-cbh.com\\\/app\\\/uploads\\\/sites\\\/20\\\/2022\\\/02\\\/31-ATHENA-BEACH-HOTEL-HELIOS-BEACH-BAR.jpg\",\"width\":2000,\"height\":1333},{\"@type\":\"BreadcrumbList\",\"@id\":\"https:\\\/\\\/www.athena-cbh.com\\\/de\\\/awards\\\/#breadcrumb\",\"itemListElement\":[{\"@type\":\"ListItem\",\"position\":1,\"name\":\"Home\",\"item\":\"https:\\\/\\\/www.athena-cbh.com\\\/de\\\/\"},{\"@type\":\"ListItem\",\"position\":2,\"name\":\"Auszeichnungen\"}]},{\"@type\":\"WebSite\",\"@id\":\"https:\\\/\\\/www.athena-cbh.com\\\/de\\\/#website\",\"url\":\"https:\\\/\\\/www.athena-cbh.com\\\/de\\\/\",\"name\":\"Athena Beach Hotel\",\"description\":\"Constantinou Bros Athena Beach Hotel, 4 star hotel in Paphos Cyprus\",\"potentialAction\":[{\"@type\":\"SearchAction\",\"target\":{\"@type\":\"EntryPoint\",\"urlTemplate\":\"https:\\\/\\\/www.athena-cbh.com\\\/de\\\/?s={search_term_string}\"},\"query-input\":{\"@type\":\"PropertyValueSpecification\",\"valueRequired\":true,\"valueName\":\"search_term_string\"}}],\"inLanguage\":\"de\"}]}<\/script>\n<!-- \/ Yoast SEO plugin. -->","yoast_head_json":{"title":"Liste der Athena Beach Hotel Paphos Auszeichnungen || Athena Beach","description":"Hier finden Sie eine Liste aller Preise, Auszeichnungen, Anerkennungen und Zertifizierungen des Athena Beach Hotel Paphos von 2010 bis heute.","robots":{"index":"index","follow":"follow","max-snippet":"max-snippet:-1","max-image-preview":"max-image-preview:large","max-video-preview":"max-video-preview:-1"},"canonical":"https:\/\/www.athena-cbh.com\/de\/awards\/","og_locale":"de_DE","og_type":"article","og_title":"Liste der Athena Beach Hotel Paphos Auszeichnungen || Athena Beach","og_description":"Hier finden Sie eine Liste aller Preise, Auszeichnungen, Anerkennungen und Zertifizierungen des Athena Beach Hotel Paphos von 2010 bis heute.","og_url":"https:\/\/www.athena-cbh.com\/de\/awards\/","og_site_name":"Athena Beach Hotel","article_modified_time":"2026-04-23T08:46:49+00:00","og_image":[{"width":2000,"height":1333,"url":"https:\/\/www.athena-cbh.com\/app\/uploads\/sites\/20\/2022\/02\/31-ATHENA-BEACH-HOTEL-HELIOS-BEACH-BAR.jpg","type":"image\/jpeg"}],"twitter_card":"summary_large_image","twitter_misc":{"Gesch\u00e4tzte Lesezeit":"1\u00a0Minute"},"schema":{"@context":"https:\/\/schema.org","@graph":[{"@type":"WebPage","@id":"https:\/\/www.athena-cbh.com\/de\/awards\/","url":"https:\/\/www.athena-cbh.com\/de\/awards\/","name":"Liste der Athena Beach Hotel Paphos Auszeichnungen || Athena Beach","isPartOf":{"@id":"https:\/\/www.athena-cbh.com\/de\/#website"},"primaryImageOfPage":{"@id":"https:\/\/www.athena-cbh.com\/de\/awards\/#primaryimage"},"image":{"@id":"https:\/\/www.athena-cbh.com\/de\/awards\/#primaryimage"},"thumbnailUrl":"https:\/\/www.athena-cbh.com\/app\/uploads\/sites\/20\/2022\/02\/31-ATHENA-BEACH-HOTEL-HELIOS-BEACH-BAR.jpg","datePublished":"2019-11-01T11:07:23+00:00","dateModified":"2026-04-23T08:46:49+00:00","description":"Hier finden Sie eine Liste aller Preise, Auszeichnungen, Anerkennungen und Zertifizierungen des Athena Beach Hotel Paphos von 2010 bis heute.","breadcrumb":{"@id":"https:\/\/www.athena-cbh.com\/de\/awards\/#breadcrumb"},"inLanguage":"de","potentialAction":[{"@type":"ReadAction","target":["https:\/\/www.athena-cbh.com\/de\/awards\/"]}]},{"@type":"ImageObject","inLanguage":"de","@id":"https:\/\/www.athena-cbh.com\/de\/awards\/#primaryimage","url":"https:\/\/www.athena-cbh.com\/app\/uploads\/sites\/20\/2022\/02\/31-ATHENA-BEACH-HOTEL-HELIOS-BEACH-BAR.jpg","contentUrl":"https:\/\/www.athena-cbh.com\/app\/uploads\/sites\/20\/2022\/02\/31-ATHENA-BEACH-HOTEL-HELIOS-BEACH-BAR.jpg","width":2000,"height":1333},{"@type":"BreadcrumbList","@id":"https:\/\/www.athena-cbh.com\/de\/awards\/#breadcrumb","itemListElement":[{"@type":"ListItem","position":1,"name":"Home","item":"https:\/\/www.athena-cbh.com\/de\/"},{"@type":"ListItem","position":2,"name":"Auszeichnungen"}]},{"@type":"WebSite","@id":"https:\/\/www.athena-cbh.com\/de\/#website","url":"https:\/\/www.athena-cbh.com\/de\/","name":"Athena Beach Hotel","description":"Constantinou Bros Athena Beach Hotel, 4 star hotel in Paphos Cyprus","potentialAction":[{"@type":"SearchAction","target":{"@type":"EntryPoint","urlTemplate":"https:\/\/www.athena-cbh.com\/de\/?s={search_term_string}"},"query-input":{"@type":"PropertyValueSpecification","valueRequired":true,"valueName":"search_term_string"}}],"inLanguage":"de"}]}},"_links":{"self":[{"href":"https:\/\/www.athena-cbh.com\/de\/wp-json\/wp\/v2\/pages\/1936","targetHints":{"allow":["GET"]}}],"collection":[{"href":"https:\/\/www.athena-cbh.com\/de\/wp-json\/wp\/v2\/pages"}],"about":[{"href":"https:\/\/www.athena-cbh.com\/de\/wp-json\/wp\/v2\/types\/page"}],"author":[{"embeddable":true,"href":"https:\/\/www.athena-cbh.com\/de\/wp-json\/wp\/v2\/users\/1"}],"replies":[{"embeddable":true,"href":"https:\/\/www.athena-cbh.com\/de\/wp-json\/wp\/v2\/comments?post=1936"}],"version-history":[{"count":21,"href":"https:\/\/www.athena-cbh.com\/de\/wp-json\/wp\/v2\/pages\/1936\/revisions"}],"predecessor-version":[{"id":23009,"href":"https:\/\/www.athena-cbh.com\/de\/wp-json\/wp\/v2\/pages\/1936\/revisions\/23009"}],"wp:featuredmedia":[{"embeddable":true,"href":"https:\/\/www.athena-cbh.com\/de\/wp-json\/wp\/v2\/media\/9371"}],"wp:attachment":[{"href":"https:\/\/www.athena-cbh.com\/de\/wp-json\/wp\/v2\/media?parent=1936"}],"curies":[{"name":"wp","href":"https:\/\/api.w.org\/{rel}","templated":true}]}}