{"id":1883,"date":"2019-06-13T11:21:20","date_gmt":"2019-06-13T08:21:20","guid":{"rendered":"http:\/\/athena-cbh.cms4.nelios.com\/weddings\/wedding-venues\/"},"modified":"2025-07-14T15:34:21","modified_gmt":"2025-07-14T12:34:21","slug":"hochzeitsbuhnen","status":"publish","type":"page","link":"https:\/\/www.athena-cbh.com\/de\/hochzeiten\/hochzeitsbuhnen\/","title":{"rendered":"Hochzeitslocations"},"content":{"rendered":"<p>Constantinou Bros Hotels verspricht eine perfekte Hochzeitsszenerie voller magischer Farben und starker Emotionen am Meer. Wir bieten den besten und umfassendsten Hochzeitsservice und kreieren einzigartige, pers\u00f6nliche Veranstaltungen. <\/p>\n<p>Empfangen Sie Ihre G\u00e4ste in den entspannenden G\u00e4rten des Athena Beach Hotels und genie\u00dfen Sie den Empfang, den wir mit Ihrer Auswahl aus unseren k\u00f6stlichen Men\u00fcs vorbereiten werden. Bieten Sie Ihrer Familie und Ihren Freunden ein St\u00fcck leckere Hochzeitstorte an und sto\u00dfen Sie mit einem k\u00fchlen Glas Champagner auf Ihren neuen gemeinsamen Weg an. Erleben Sie einen wunderbaren Start in Ihr neues Leben in einem unserer luxuri\u00f6sen Zimmer oder Suiten, nachdem Sie Ihre Traumhochzeit wahr gemacht haben.  <\/p>\n<p>&nbsp;<\/p>\n<p><strong>Adonis Gazebo Hochzeit (Kapazit\u00e4t 40 pax)<\/strong><\/p>\n<ul>\n<li>Es befindet sich in romantischer Lage direkt am Strand und umfasst:<\/li>\n<li>Gazebo nur f\u00fcr das Hochzeitspaar<\/li>\n<li>2 Kerzenst\u00e4nder<\/li>\n<li>Service-Tisch<\/li>\n<li>St\u00fchle mit wei\u00dfen Sitzbez\u00fcgen und wei\u00dfen Schleifen<\/li>\n<li>Teppich<\/li>\n<li>1 Blumenarrangement f\u00fcr den Tisch<\/li>\n<\/ul>\n<p>Mindestpreis \u20ac290 (bis zu 20 Personen). F\u00fcr mehr als 20 Personen fallen zus\u00e4tzliche Kosten von \u20ac6,00 pro Person an. <\/p>\n<p>Wenn die gesamte Hochzeitsgesellschaft in mindestens 10 Zimmern (bei gr\u00f6\u00dferen Hochzeiten) in der Constantinou Bros. Hotelgruppe wohnt, ist die Hochzeitszeremonie im Adonis Gazebo kostenlos, was eine Ersparnis von 290,00 Euro bedeutet.<\/p>\n<p>&nbsp;<\/p>\n<p><strong>Persefoni Deluxe Gazebo Hochzeit (Kapazit\u00e4t 60 pax)<\/strong><\/p>\n<ul>\n<li>Romantische Lage in den G\u00e4rten direkt am Meer und inklusive:<\/li>\n<li>Deluxe dekorierter Hochzeits-Gazebo (Gazebo f\u00fcr das Hochzeitspaar und alle G\u00e4ste)<\/li>\n<li>2 Kerzenst\u00e4nder<\/li>\n<li>Service-Tisch<\/li>\n<li>Voile Dekorationen<\/li>\n<li>2 Blumenst\u00e4nder, einschlie\u00dflich Blumen, und 1 Tischgesteck<\/li>\n<li>St\u00fchle mit wei\u00dfen Sitzbez\u00fcgen und wei\u00dfen Schleifen<\/li>\n<li>Teppich<\/li>\n<\/ul>\n<p>Mindestpreis \u20ac650 (bis zu 20 Personen. F\u00fcr mehr als 20 Personen fallen zus\u00e4tzliche Kosten in H\u00f6he von 6 \u20ac pro Person an. <\/p>\n","protected":false},"excerpt":{"rendered":"<p>Constantinou Bros Hotels verspricht eine perfekte Hochzeitsszenerie voller magischer Farben und starker Emotionen am Meer. Wir bieten den besten und umfassendsten Hochzeitsservice und kreieren einzigartige, pers\u00f6nliche Veranstaltungen. Empfangen Sie Ihre G\u00e4ste in den entspannenden G\u00e4rten des Athena Beach Hotels und genie\u00dfen Sie den Empfang, den wir mit Ihrer Auswahl aus unseren k\u00f6stlichen Men\u00fcs vorbereiten werden.<\/p>\n","protected":false},"author":9,"featured_media":17342,"parent":1831,"menu_order":0,"comment_status":"closed","ping_status":"closed","template":"","meta":{"_acf_changed":false,"footnotes":""},"class_list":["post-1883","page","type-page","status-publish","has-post-thumbnail","hentry"],"acf":[],"yoast_head":"<!-- This site is optimized with the Yoast SEO plugin v27.4 - https:\/\/yoast.com\/product\/yoast-seo-wordpress\/ -->\n<title>Top Hochzeitslocations auf Zypern in Paphos || Athena Beach Hotel<\/title>\n<meta name=\"description\" content=\"Im Athena Beach Hotel haben wir eine der besten Hochzeitslocations in Paphos. W\u00e4hlen Sie zwischen unseren eleganten Gazebos f\u00fcr die Zeremonie Ihrer Tr\u00e4ume.\" \/>\n<meta name=\"robots\" content=\"index, follow, max-snippet:-1, max-image-preview:large, max-video-preview:-1\" \/>\n<link rel=\"canonical\" href=\"https:\/\/www.athena-cbh.com\/de\/hochzeiten\/hochzeitsbuhnen\/\" \/>\n<meta property=\"og:locale\" content=\"de_DE\" \/>\n<meta property=\"og:type\" content=\"article\" \/>\n<meta property=\"og:title\" content=\"Top Hochzeitslocations auf Zypern in Paphos || Athena Beach Hotel\" \/>\n<meta property=\"og:description\" content=\"Im Athena Beach Hotel haben wir eine der besten Hochzeitslocations in Paphos. W\u00e4hlen Sie zwischen unseren eleganten Gazebos f\u00fcr die Zeremonie Ihrer Tr\u00e4ume.\" \/>\n<meta property=\"og:url\" content=\"https:\/\/www.athena-cbh.com\/de\/hochzeiten\/hochzeitsbuhnen\/\" \/>\n<meta property=\"og:site_name\" content=\"Athena Beach Hotel\" \/>\n<meta property=\"article:modified_time\" content=\"2025-07-14T12:34:21+00:00\" \/>\n<meta property=\"og:image\" content=\"https:\/\/www.athena-cbh.com\/app\/uploads\/sites\/20\/2024\/01\/91-ATHENA-BEACH-HOTL-ADONIS-WEDDING-GAZEBO-scaled.jpg\" \/>\n\t<meta property=\"og:image:width\" content=\"2560\" \/>\n\t<meta property=\"og:image:height\" content=\"1703\" \/>\n\t<meta property=\"og:image:type\" content=\"image\/jpeg\" \/>\n<meta name=\"twitter:card\" content=\"summary_large_image\" \/>\n<meta name=\"twitter:label1\" content=\"Gesch\u00e4tzte Lesezeit\" \/>\n\t<meta name=\"twitter:data1\" content=\"2\u00a0Minuten\" \/>\n<script type=\"application\/ld+json\" class=\"yoast-schema-graph\">{\"@context\":\"https:\\\/\\\/schema.org\",\"@graph\":[{\"@type\":\"WebPage\",\"@id\":\"https:\\\/\\\/www.athena-cbh.com\\\/de\\\/hochzeiten\\\/hochzeitsbuhnen\\\/\",\"url\":\"https:\\\/\\\/www.athena-cbh.com\\\/de\\\/hochzeiten\\\/hochzeitsbuhnen\\\/\",\"name\":\"Top Hochzeitslocations auf Zypern in Paphos || Athena Beach Hotel\",\"isPartOf\":{\"@id\":\"https:\\\/\\\/www.athena-cbh.com\\\/de\\\/#website\"},\"primaryImageOfPage\":{\"@id\":\"https:\\\/\\\/www.athena-cbh.com\\\/de\\\/hochzeiten\\\/hochzeitsbuhnen\\\/#primaryimage\"},\"image\":{\"@id\":\"https:\\\/\\\/www.athena-cbh.com\\\/de\\\/hochzeiten\\\/hochzeitsbuhnen\\\/#primaryimage\"},\"thumbnailUrl\":\"https:\\\/\\\/www.athena-cbh.com\\\/app\\\/uploads\\\/sites\\\/20\\\/2024\\\/01\\\/91-ATHENA-BEACH-HOTL-ADONIS-WEDDING-GAZEBO-scaled.jpg\",\"datePublished\":\"2019-06-13T08:21:20+00:00\",\"dateModified\":\"2025-07-14T12:34:21+00:00\",\"description\":\"Im Athena Beach Hotel haben wir eine der besten Hochzeitslocations in Paphos. W\u00e4hlen Sie zwischen unseren eleganten Gazebos f\u00fcr die Zeremonie Ihrer Tr\u00e4ume.\",\"breadcrumb\":{\"@id\":\"https:\\\/\\\/www.athena-cbh.com\\\/de\\\/hochzeiten\\\/hochzeitsbuhnen\\\/#breadcrumb\"},\"inLanguage\":\"de\",\"potentialAction\":[{\"@type\":\"ReadAction\",\"target\":[\"https:\\\/\\\/www.athena-cbh.com\\\/de\\\/hochzeiten\\\/hochzeitsbuhnen\\\/\"]}]},{\"@type\":\"ImageObject\",\"inLanguage\":\"de\",\"@id\":\"https:\\\/\\\/www.athena-cbh.com\\\/de\\\/hochzeiten\\\/hochzeitsbuhnen\\\/#primaryimage\",\"url\":\"https:\\\/\\\/www.athena-cbh.com\\\/app\\\/uploads\\\/sites\\\/20\\\/2024\\\/01\\\/91-ATHENA-BEACH-HOTL-ADONIS-WEDDING-GAZEBO-scaled.jpg\",\"contentUrl\":\"https:\\\/\\\/www.athena-cbh.com\\\/app\\\/uploads\\\/sites\\\/20\\\/2024\\\/01\\\/91-ATHENA-BEACH-HOTL-ADONIS-WEDDING-GAZEBO-scaled.jpg\",\"width\":2560,\"height\":1703},{\"@type\":\"BreadcrumbList\",\"@id\":\"https:\\\/\\\/www.athena-cbh.com\\\/de\\\/hochzeiten\\\/hochzeitsbuhnen\\\/#breadcrumb\",\"itemListElement\":[{\"@type\":\"ListItem\",\"position\":1,\"name\":\"Home\",\"item\":\"https:\\\/\\\/www.athena-cbh.com\\\/de\\\/\"},{\"@type\":\"ListItem\",\"position\":2,\"name\":\"Hochzeiten\",\"item\":\"https:\\\/\\\/www.athena-cbh.com\\\/de\\\/hochzeiten\\\/\"},{\"@type\":\"ListItem\",\"position\":3,\"name\":\"Hochzeitslocations\"}]},{\"@type\":\"WebSite\",\"@id\":\"https:\\\/\\\/www.athena-cbh.com\\\/de\\\/#website\",\"url\":\"https:\\\/\\\/www.athena-cbh.com\\\/de\\\/\",\"name\":\"Athena Beach Hotel\",\"description\":\"Constantinou Bros Athena Beach Hotel, 4 star hotel in Paphos Cyprus\",\"potentialAction\":[{\"@type\":\"SearchAction\",\"target\":{\"@type\":\"EntryPoint\",\"urlTemplate\":\"https:\\\/\\\/www.athena-cbh.com\\\/de\\\/?s={search_term_string}\"},\"query-input\":{\"@type\":\"PropertyValueSpecification\",\"valueRequired\":true,\"valueName\":\"search_term_string\"}}],\"inLanguage\":\"de\"}]}<\/script>\n<!-- \/ Yoast SEO plugin. -->","yoast_head_json":{"title":"Top Hochzeitslocations auf Zypern in Paphos || Athena Beach Hotel","description":"Im Athena Beach Hotel haben wir eine der besten Hochzeitslocations in Paphos. W\u00e4hlen Sie zwischen unseren eleganten Gazebos f\u00fcr die Zeremonie Ihrer Tr\u00e4ume.","robots":{"index":"index","follow":"follow","max-snippet":"max-snippet:-1","max-image-preview":"max-image-preview:large","max-video-preview":"max-video-preview:-1"},"canonical":"https:\/\/www.athena-cbh.com\/de\/hochzeiten\/hochzeitsbuhnen\/","og_locale":"de_DE","og_type":"article","og_title":"Top Hochzeitslocations auf Zypern in Paphos || Athena Beach Hotel","og_description":"Im Athena Beach Hotel haben wir eine der besten Hochzeitslocations in Paphos. W\u00e4hlen Sie zwischen unseren eleganten Gazebos f\u00fcr die Zeremonie Ihrer Tr\u00e4ume.","og_url":"https:\/\/www.athena-cbh.com\/de\/hochzeiten\/hochzeitsbuhnen\/","og_site_name":"Athena Beach Hotel","article_modified_time":"2025-07-14T12:34:21+00:00","og_image":[{"width":2560,"height":1703,"url":"https:\/\/www.athena-cbh.com\/app\/uploads\/sites\/20\/2024\/01\/91-ATHENA-BEACH-HOTL-ADONIS-WEDDING-GAZEBO-scaled.jpg","type":"image\/jpeg"}],"twitter_card":"summary_large_image","twitter_misc":{"Gesch\u00e4tzte Lesezeit":"2\u00a0Minuten"},"schema":{"@context":"https:\/\/schema.org","@graph":[{"@type":"WebPage","@id":"https:\/\/www.athena-cbh.com\/de\/hochzeiten\/hochzeitsbuhnen\/","url":"https:\/\/www.athena-cbh.com\/de\/hochzeiten\/hochzeitsbuhnen\/","name":"Top Hochzeitslocations auf Zypern in Paphos || Athena Beach Hotel","isPartOf":{"@id":"https:\/\/www.athena-cbh.com\/de\/#website"},"primaryImageOfPage":{"@id":"https:\/\/www.athena-cbh.com\/de\/hochzeiten\/hochzeitsbuhnen\/#primaryimage"},"image":{"@id":"https:\/\/www.athena-cbh.com\/de\/hochzeiten\/hochzeitsbuhnen\/#primaryimage"},"thumbnailUrl":"https:\/\/www.athena-cbh.com\/app\/uploads\/sites\/20\/2024\/01\/91-ATHENA-BEACH-HOTL-ADONIS-WEDDING-GAZEBO-scaled.jpg","datePublished":"2019-06-13T08:21:20+00:00","dateModified":"2025-07-14T12:34:21+00:00","description":"Im Athena Beach Hotel haben wir eine der besten Hochzeitslocations in Paphos. W\u00e4hlen Sie zwischen unseren eleganten Gazebos f\u00fcr die Zeremonie Ihrer Tr\u00e4ume.","breadcrumb":{"@id":"https:\/\/www.athena-cbh.com\/de\/hochzeiten\/hochzeitsbuhnen\/#breadcrumb"},"inLanguage":"de","potentialAction":[{"@type":"ReadAction","target":["https:\/\/www.athena-cbh.com\/de\/hochzeiten\/hochzeitsbuhnen\/"]}]},{"@type":"ImageObject","inLanguage":"de","@id":"https:\/\/www.athena-cbh.com\/de\/hochzeiten\/hochzeitsbuhnen\/#primaryimage","url":"https:\/\/www.athena-cbh.com\/app\/uploads\/sites\/20\/2024\/01\/91-ATHENA-BEACH-HOTL-ADONIS-WEDDING-GAZEBO-scaled.jpg","contentUrl":"https:\/\/www.athena-cbh.com\/app\/uploads\/sites\/20\/2024\/01\/91-ATHENA-BEACH-HOTL-ADONIS-WEDDING-GAZEBO-scaled.jpg","width":2560,"height":1703},{"@type":"BreadcrumbList","@id":"https:\/\/www.athena-cbh.com\/de\/hochzeiten\/hochzeitsbuhnen\/#breadcrumb","itemListElement":[{"@type":"ListItem","position":1,"name":"Home","item":"https:\/\/www.athena-cbh.com\/de\/"},{"@type":"ListItem","position":2,"name":"Hochzeiten","item":"https:\/\/www.athena-cbh.com\/de\/hochzeiten\/"},{"@type":"ListItem","position":3,"name":"Hochzeitslocations"}]},{"@type":"WebSite","@id":"https:\/\/www.athena-cbh.com\/de\/#website","url":"https:\/\/www.athena-cbh.com\/de\/","name":"Athena Beach Hotel","description":"Constantinou Bros Athena Beach Hotel, 4 star hotel in Paphos Cyprus","potentialAction":[{"@type":"SearchAction","target":{"@type":"EntryPoint","urlTemplate":"https:\/\/www.athena-cbh.com\/de\/?s={search_term_string}"},"query-input":{"@type":"PropertyValueSpecification","valueRequired":true,"valueName":"search_term_string"}}],"inLanguage":"de"}]}},"_links":{"self":[{"href":"https:\/\/www.athena-cbh.com\/de\/wp-json\/wp\/v2\/pages\/1883","targetHints":{"allow":["GET"]}}],"collection":[{"href":"https:\/\/www.athena-cbh.com\/de\/wp-json\/wp\/v2\/pages"}],"about":[{"href":"https:\/\/www.athena-cbh.com\/de\/wp-json\/wp\/v2\/types\/page"}],"author":[{"embeddable":true,"href":"https:\/\/www.athena-cbh.com\/de\/wp-json\/wp\/v2\/users\/9"}],"replies":[{"embeddable":true,"href":"https:\/\/www.athena-cbh.com\/de\/wp-json\/wp\/v2\/comments?post=1883"}],"version-history":[{"count":13,"href":"https:\/\/www.athena-cbh.com\/de\/wp-json\/wp\/v2\/pages\/1883\/revisions"}],"predecessor-version":[{"id":22281,"href":"https:\/\/www.athena-cbh.com\/de\/wp-json\/wp\/v2\/pages\/1883\/revisions\/22281"}],"up":[{"embeddable":true,"href":"https:\/\/www.athena-cbh.com\/de\/wp-json\/wp\/v2\/pages\/1831"}],"wp:featuredmedia":[{"embeddable":true,"href":"https:\/\/www.athena-cbh.com\/de\/wp-json\/wp\/v2\/media\/17342"}],"wp:attachment":[{"href":"https:\/\/www.athena-cbh.com\/de\/wp-json\/wp\/v2\/media?parent=1883"}],"curies":[{"name":"wp","href":"https:\/\/api.w.org\/{rel}","templated":true}]}}