{"id":1876,"date":"2019-06-14T11:22:11","date_gmt":"2019-06-14T08:22:11","guid":{"rendered":"http:\/\/athena-cbh.cms4.nelios.com\/weddings\/wedding-reception\/"},"modified":"2025-07-14T15:34:11","modified_gmt":"2025-07-14T12:34:11","slug":"hochzeits-empfang","status":"publish","type":"page","link":"https:\/\/www.athena-cbh.com\/de\/hochzeiten\/hochzeits-empfang\/","title":{"rendered":"Hochzeitsempfang"},"content":{"rendered":"<h1 class=\"home-pages-title title-size text-center pt-5 font-regular\">Idyllische Orte f\u00fcr den Hochzeitsempfang in Paphos am Strand<\/h1>\n<p>&nbsp;<\/p>\n<p><strong>Hochzeitsempf\u00e4nge und -dinner  <\/strong><\/p>\n<p>Von Ihrer ersten Anfrage an helfen wir Ihnen bei der Auswahl des perfekten Rahmens, des Themas f\u00fcr Ihre Hochzeit, der Blumen, der Fotografie, der Sitzordnung, des perfekten Hochzeitsdinners und nat\u00fcrlich der Abendunterhaltung f\u00fcr Sie und Ihre G\u00e4ste.<\/p>\n<p>Warum feiern Sie Ihr Hochzeitsessen nicht im Freien und beobachten den Sonnenuntergang. F\u00fcr kleinere Gesellschaften k\u00f6nnen Sie unser \u00c0-la-carte-Restaurant buchen und die besten Gerichte genie\u00dfen. <\/p>\n<p>Um Ihren Hochzeitstag noch unvergesslicher zu machen, haben unsere Chefk\u00f6che eine gro\u00dfartige Auswahl an Gala-Hochzeitsdinners mit 4 G\u00e4ngen f\u00fcr Sie vorbereitet. Wir haben auch eine Auswahl an Grillabenden f\u00fcr Sie, bei denen unser eigener K\u00fcchenchef vor Ihren Augen grillt, w\u00e4hrend Sie den Sonnenuntergang genie\u00dfen. <\/p>\n<p>Wir haben auch eine ausgezeichnete Auswahl an Gef\u00e4lligkeiten, Tischdekorationen und frischen Blumen, die zu Ihrem Farbschema passen. Und warum beeindrucken Sie Ihre G\u00e4ste nicht mit unseren 4 Fu\u00df langen Liebesbriefen oder dem 8 Fu\u00df langen Herz, das eine wunderbare Fotom\u00f6glichkeit f\u00fcr Sie und alle Ihre G\u00e4ste bietet.<\/p>\n<p>Alle Preise sind auf Anfrage erh\u00e4ltlich.<\/p>\n<p>&nbsp;<\/p>\n<p><strong>Getr\u00e4nke-Empf\u00e4nge<\/strong><\/p>\n<p>Unsere Getr\u00e4nkemanager haben f\u00fcr Sie eine Auswahl an Getr\u00e4nkeempf\u00e4ngen vorbereitet, die Sie Ihren G\u00e4sten nach Ihrer Zeremonie anbieten k\u00f6nnen. Nippen Sie an einem gek\u00fchlten Glas Champagner, w\u00e4hrend Sie sich mit Ihren G\u00e4sten mit Blick auf unsere sch\u00f6ne Gartenlandschaft unterhalten, oder bieten Sie Ihren G\u00e4sten hinter der Bar eine Auswahl an Baldachinen an. <\/p>\n<p>Preise sind auf Anfrage erh\u00e4ltlich.<\/p>\n<p>Kein anderer Tag kann mit Ihrem Hochzeitstag konkurrieren, dem romantischsten und sch\u00f6nsten Tag Ihres Lebens!<\/p>\n<p>Mit der Hilfe von Constantinou Bros Hotels kann Ihre Hochzeit Ihre k\u00fchnsten Tr\u00e4ume \u00fcbertreffen! K\u00f6nnen Sie sich etwas Idyllischeres vorstellen als eine Zeremonie in unseren wundersch\u00f6nen G\u00e4rten mit Blick auf das schimmernde Mittelmeer? Oder den Austausch Ihrer Gel\u00fcbde im traditionellen Rathaus von Pafos? Und wo k\u00f6nnten Sie Ihre Hochzeit besser mit Familie und Freunden feiern als im atemberaubenden Vier-Sterne-Hotel Athena Beach.   <\/p>\n","protected":false},"excerpt":{"rendered":"<p>Idyllische Orte f\u00fcr den Hochzeitsempfang in Paphos am Strand &nbsp; Hochzeitsempf\u00e4nge und -dinner Von Ihrer ersten Anfrage an helfen wir Ihnen bei der Auswahl des perfekten Rahmens, des Themas f\u00fcr Ihre Hochzeit, der Blumen, der Fotografie, der Sitzordnung, des perfekten Hochzeitsdinners und nat\u00fcrlich der Abendunterhaltung f\u00fcr Sie und Ihre G\u00e4ste. Warum feiern Sie Ihr Hochzeitsessen<\/p>\n","protected":false},"author":9,"featured_media":22148,"parent":1831,"menu_order":0,"comment_status":"closed","ping_status":"closed","template":"","meta":{"_acf_changed":false,"footnotes":""},"class_list":["post-1876","page","type-page","status-publish","has-post-thumbnail","hentry"],"acf":[],"yoast_head":"<!-- This site is optimized with the Yoast SEO plugin v27.5 - https:\/\/yoast.com\/product\/yoast-seo-wordpress\/ -->\n<title>Beste Veranstaltungsorte f\u00fcr Hochzeiten in Paphos || Athena Beach Hotel<\/title>\n<meta name=\"description\" content=\"Das Athena Beach Hotel ist einer der besten Veranstaltungsorte f\u00fcr Hochzeitsfeiern in Paphos und bietet Ihnen die M\u00f6glichkeit, den Empfang so zu gestalten, wie Sie ihn sich immer vorgestellt haben.\" \/>\n<meta name=\"robots\" content=\"index, follow, max-snippet:-1, max-image-preview:large, max-video-preview:-1\" \/>\n<link rel=\"canonical\" href=\"https:\/\/www.athena-cbh.com\/de\/hochzeiten\/hochzeits-empfang\/\" \/>\n<meta property=\"og:locale\" content=\"de_DE\" \/>\n<meta property=\"og:type\" content=\"article\" \/>\n<meta property=\"og:title\" content=\"Beste Veranstaltungsorte f\u00fcr Hochzeiten in Paphos || Athena Beach Hotel\" \/>\n<meta property=\"og:description\" content=\"Das Athena Beach Hotel ist einer der besten Veranstaltungsorte f\u00fcr Hochzeitsfeiern in Paphos und bietet Ihnen die M\u00f6glichkeit, den Empfang so zu gestalten, wie Sie ihn sich immer vorgestellt haben.\" \/>\n<meta property=\"og:url\" content=\"https:\/\/www.athena-cbh.com\/de\/hochzeiten\/hochzeits-empfang\/\" \/>\n<meta property=\"og:site_name\" content=\"Athena Beach Hotel\" \/>\n<meta property=\"article:modified_time\" content=\"2025-07-14T12:34:11+00:00\" \/>\n<meta property=\"og:image\" content=\"https:\/\/www.athena-cbh.com\/app\/uploads\/sites\/20\/2025\/05\/1082-1-scaled-e1747987737630.jpg\" \/>\n\t<meta property=\"og:image:width\" content=\"2560\" \/>\n\t<meta property=\"og:image:height\" content=\"1707\" \/>\n\t<meta property=\"og:image:type\" content=\"image\/jpeg\" \/>\n<meta name=\"twitter:card\" content=\"summary_large_image\" \/>\n<meta name=\"twitter:label1\" content=\"Gesch\u00e4tzte Lesezeit\" \/>\n\t<meta name=\"twitter:data1\" content=\"2\u00a0Minuten\" \/>\n<script type=\"application\/ld+json\" class=\"yoast-schema-graph\">{\"@context\":\"https:\\\/\\\/schema.org\",\"@graph\":[{\"@type\":\"WebPage\",\"@id\":\"https:\\\/\\\/www.athena-cbh.com\\\/de\\\/hochzeiten\\\/hochzeits-empfang\\\/\",\"url\":\"https:\\\/\\\/www.athena-cbh.com\\\/de\\\/hochzeiten\\\/hochzeits-empfang\\\/\",\"name\":\"Beste Veranstaltungsorte f\u00fcr Hochzeiten in Paphos || Athena Beach Hotel\",\"isPartOf\":{\"@id\":\"https:\\\/\\\/www.athena-cbh.com\\\/de\\\/#website\"},\"primaryImageOfPage\":{\"@id\":\"https:\\\/\\\/www.athena-cbh.com\\\/de\\\/hochzeiten\\\/hochzeits-empfang\\\/#primaryimage\"},\"image\":{\"@id\":\"https:\\\/\\\/www.athena-cbh.com\\\/de\\\/hochzeiten\\\/hochzeits-empfang\\\/#primaryimage\"},\"thumbnailUrl\":\"https:\\\/\\\/www.athena-cbh.com\\\/app\\\/uploads\\\/sites\\\/20\\\/2025\\\/05\\\/1082-1-scaled-e1747987737630.jpg\",\"datePublished\":\"2019-06-14T08:22:11+00:00\",\"dateModified\":\"2025-07-14T12:34:11+00:00\",\"description\":\"Das Athena Beach Hotel ist einer der besten Veranstaltungsorte f\u00fcr Hochzeitsfeiern in Paphos und bietet Ihnen die M\u00f6glichkeit, den Empfang so zu gestalten, wie Sie ihn sich immer vorgestellt haben.\",\"breadcrumb\":{\"@id\":\"https:\\\/\\\/www.athena-cbh.com\\\/de\\\/hochzeiten\\\/hochzeits-empfang\\\/#breadcrumb\"},\"inLanguage\":\"de\",\"potentialAction\":[{\"@type\":\"ReadAction\",\"target\":[\"https:\\\/\\\/www.athena-cbh.com\\\/de\\\/hochzeiten\\\/hochzeits-empfang\\\/\"]}]},{\"@type\":\"ImageObject\",\"inLanguage\":\"de\",\"@id\":\"https:\\\/\\\/www.athena-cbh.com\\\/de\\\/hochzeiten\\\/hochzeits-empfang\\\/#primaryimage\",\"url\":\"https:\\\/\\\/www.athena-cbh.com\\\/app\\\/uploads\\\/sites\\\/20\\\/2025\\\/05\\\/1082-1-scaled-e1747987737630.jpg\",\"contentUrl\":\"https:\\\/\\\/www.athena-cbh.com\\\/app\\\/uploads\\\/sites\\\/20\\\/2025\\\/05\\\/1082-1-scaled-e1747987737630.jpg\",\"width\":2560,\"height\":1707},{\"@type\":\"BreadcrumbList\",\"@id\":\"https:\\\/\\\/www.athena-cbh.com\\\/de\\\/hochzeiten\\\/hochzeits-empfang\\\/#breadcrumb\",\"itemListElement\":[{\"@type\":\"ListItem\",\"position\":1,\"name\":\"Home\",\"item\":\"https:\\\/\\\/www.athena-cbh.com\\\/de\\\/\"},{\"@type\":\"ListItem\",\"position\":2,\"name\":\"Hochzeiten\",\"item\":\"https:\\\/\\\/www.athena-cbh.com\\\/de\\\/hochzeiten\\\/\"},{\"@type\":\"ListItem\",\"position\":3,\"name\":\"Hochzeitsempfang\"}]},{\"@type\":\"WebSite\",\"@id\":\"https:\\\/\\\/www.athena-cbh.com\\\/de\\\/#website\",\"url\":\"https:\\\/\\\/www.athena-cbh.com\\\/de\\\/\",\"name\":\"Athena Beach Hotel\",\"description\":\"Constantinou Bros Athena Beach Hotel, 4 star hotel in Paphos Cyprus\",\"potentialAction\":[{\"@type\":\"SearchAction\",\"target\":{\"@type\":\"EntryPoint\",\"urlTemplate\":\"https:\\\/\\\/www.athena-cbh.com\\\/de\\\/?s={search_term_string}\"},\"query-input\":{\"@type\":\"PropertyValueSpecification\",\"valueRequired\":true,\"valueName\":\"search_term_string\"}}],\"inLanguage\":\"de\"}]}<\/script>\n<!-- \/ Yoast SEO plugin. -->","yoast_head_json":{"title":"Beste Veranstaltungsorte f\u00fcr Hochzeiten in Paphos || Athena Beach Hotel","description":"Das Athena Beach Hotel ist einer der besten Veranstaltungsorte f\u00fcr Hochzeitsfeiern in Paphos und bietet Ihnen die M\u00f6glichkeit, den Empfang so zu gestalten, wie Sie ihn sich immer vorgestellt haben.","robots":{"index":"index","follow":"follow","max-snippet":"max-snippet:-1","max-image-preview":"max-image-preview:large","max-video-preview":"max-video-preview:-1"},"canonical":"https:\/\/www.athena-cbh.com\/de\/hochzeiten\/hochzeits-empfang\/","og_locale":"de_DE","og_type":"article","og_title":"Beste Veranstaltungsorte f\u00fcr Hochzeiten in Paphos || Athena Beach Hotel","og_description":"Das Athena Beach Hotel ist einer der besten Veranstaltungsorte f\u00fcr Hochzeitsfeiern in Paphos und bietet Ihnen die M\u00f6glichkeit, den Empfang so zu gestalten, wie Sie ihn sich immer vorgestellt haben.","og_url":"https:\/\/www.athena-cbh.com\/de\/hochzeiten\/hochzeits-empfang\/","og_site_name":"Athena Beach Hotel","article_modified_time":"2025-07-14T12:34:11+00:00","og_image":[{"width":2560,"height":1707,"url":"https:\/\/www.athena-cbh.com\/app\/uploads\/sites\/20\/2025\/05\/1082-1-scaled-e1747987737630.jpg","type":"image\/jpeg"}],"twitter_card":"summary_large_image","twitter_misc":{"Gesch\u00e4tzte Lesezeit":"2\u00a0Minuten"},"schema":{"@context":"https:\/\/schema.org","@graph":[{"@type":"WebPage","@id":"https:\/\/www.athena-cbh.com\/de\/hochzeiten\/hochzeits-empfang\/","url":"https:\/\/www.athena-cbh.com\/de\/hochzeiten\/hochzeits-empfang\/","name":"Beste Veranstaltungsorte f\u00fcr Hochzeiten in Paphos || Athena Beach Hotel","isPartOf":{"@id":"https:\/\/www.athena-cbh.com\/de\/#website"},"primaryImageOfPage":{"@id":"https:\/\/www.athena-cbh.com\/de\/hochzeiten\/hochzeits-empfang\/#primaryimage"},"image":{"@id":"https:\/\/www.athena-cbh.com\/de\/hochzeiten\/hochzeits-empfang\/#primaryimage"},"thumbnailUrl":"https:\/\/www.athena-cbh.com\/app\/uploads\/sites\/20\/2025\/05\/1082-1-scaled-e1747987737630.jpg","datePublished":"2019-06-14T08:22:11+00:00","dateModified":"2025-07-14T12:34:11+00:00","description":"Das Athena Beach Hotel ist einer der besten Veranstaltungsorte f\u00fcr Hochzeitsfeiern in Paphos und bietet Ihnen die M\u00f6glichkeit, den Empfang so zu gestalten, wie Sie ihn sich immer vorgestellt haben.","breadcrumb":{"@id":"https:\/\/www.athena-cbh.com\/de\/hochzeiten\/hochzeits-empfang\/#breadcrumb"},"inLanguage":"de","potentialAction":[{"@type":"ReadAction","target":["https:\/\/www.athena-cbh.com\/de\/hochzeiten\/hochzeits-empfang\/"]}]},{"@type":"ImageObject","inLanguage":"de","@id":"https:\/\/www.athena-cbh.com\/de\/hochzeiten\/hochzeits-empfang\/#primaryimage","url":"https:\/\/www.athena-cbh.com\/app\/uploads\/sites\/20\/2025\/05\/1082-1-scaled-e1747987737630.jpg","contentUrl":"https:\/\/www.athena-cbh.com\/app\/uploads\/sites\/20\/2025\/05\/1082-1-scaled-e1747987737630.jpg","width":2560,"height":1707},{"@type":"BreadcrumbList","@id":"https:\/\/www.athena-cbh.com\/de\/hochzeiten\/hochzeits-empfang\/#breadcrumb","itemListElement":[{"@type":"ListItem","position":1,"name":"Home","item":"https:\/\/www.athena-cbh.com\/de\/"},{"@type":"ListItem","position":2,"name":"Hochzeiten","item":"https:\/\/www.athena-cbh.com\/de\/hochzeiten\/"},{"@type":"ListItem","position":3,"name":"Hochzeitsempfang"}]},{"@type":"WebSite","@id":"https:\/\/www.athena-cbh.com\/de\/#website","url":"https:\/\/www.athena-cbh.com\/de\/","name":"Athena Beach Hotel","description":"Constantinou Bros Athena Beach Hotel, 4 star hotel in Paphos Cyprus","potentialAction":[{"@type":"SearchAction","target":{"@type":"EntryPoint","urlTemplate":"https:\/\/www.athena-cbh.com\/de\/?s={search_term_string}"},"query-input":{"@type":"PropertyValueSpecification","valueRequired":true,"valueName":"search_term_string"}}],"inLanguage":"de"}]}},"_links":{"self":[{"href":"https:\/\/www.athena-cbh.com\/de\/wp-json\/wp\/v2\/pages\/1876","targetHints":{"allow":["GET"]}}],"collection":[{"href":"https:\/\/www.athena-cbh.com\/de\/wp-json\/wp\/v2\/pages"}],"about":[{"href":"https:\/\/www.athena-cbh.com\/de\/wp-json\/wp\/v2\/types\/page"}],"author":[{"embeddable":true,"href":"https:\/\/www.athena-cbh.com\/de\/wp-json\/wp\/v2\/users\/9"}],"replies":[{"embeddable":true,"href":"https:\/\/www.athena-cbh.com\/de\/wp-json\/wp\/v2\/comments?post=1876"}],"version-history":[{"count":11,"href":"https:\/\/www.athena-cbh.com\/de\/wp-json\/wp\/v2\/pages\/1876\/revisions"}],"predecessor-version":[{"id":22273,"href":"https:\/\/www.athena-cbh.com\/de\/wp-json\/wp\/v2\/pages\/1876\/revisions\/22273"}],"up":[{"embeddable":true,"href":"https:\/\/www.athena-cbh.com\/de\/wp-json\/wp\/v2\/pages\/1831"}],"wp:featuredmedia":[{"embeddable":true,"href":"https:\/\/www.athena-cbh.com\/de\/wp-json\/wp\/v2\/media\/22148"}],"wp:attachment":[{"href":"https:\/\/www.athena-cbh.com\/de\/wp-json\/wp\/v2\/media?parent=1876"}],"curies":[{"name":"wp","href":"https:\/\/api.w.org\/{rel}","templated":true}]}}