{"id":1860,"date":"2019-06-12T11:21:59","date_gmt":"2019-06-12T08:21:59","guid":{"rendered":"http:\/\/athena-cbh.cms4.nelios.com\/weddings\/wedding-package\/"},"modified":"2025-07-14T15:34:22","modified_gmt":"2025-07-14T12:34:22","slug":"hochzeitspaket","status":"publish","type":"page","link":"https:\/\/www.athena-cbh.com\/de\/hochzeiten\/hochzeitspaket\/","title":{"rendered":"Hochzeitspaket"},"content":{"rendered":"<h1 class=\"home-pages-title title-size text-center pt-5 font-regular\">Genie\u00dfen Sie die Vorteile unserer Hochzeitspakete f\u00fcr den Strand von Paphos<\/h1>\n<p>&nbsp;<\/p>\n<p>Unser Team wird Ihnen bei der Organisation Ihres besonderen Tages helfen. Wenn Sie sich f\u00fcr Letzteres entscheiden, aber keine Lust auf das traditionelle Rathaus haben, k\u00f6nnen Sie zwischen unserem Veranstaltungsort direkt am Strand oder unserem Pavillon in den \u00fcppigen G\u00e4rten unseres Hotels w\u00e4hlen. <\/p>\n<p>Das kostenlose Hochzeitspaket des Constantinou Bros Athena Beach Hotel beinhaltet Folgendes:<\/p>\n<ul>\n<li>Wenn die gesamte Hochzeitsgesellschaft in mindestens 10 Zimmern (bei gr\u00f6\u00dferen Hochzeiten) innerhalb der Constantinou Bros Hotels Group untergebracht ist, wird die Hochzeitszeremonie im Adonis Gazebo kostenlos angeboten, was eine Ersparnis von 290,00 Euro bedeutet. Bei einer Anzahl von 20 Personen (f\u00fcr zus\u00e4tzliche Personen wird ein Aufpreis berechnet). <\/li>\n<li>Kostenloses Zimmer-Upgrade f\u00fcr das Hochzeitspaar (je nach Verf\u00fcgbarkeit in die n\u00e4chsth\u00f6here Zimmerkategorie bis hin zu Superior Meerblick).<\/li>\n<li>Kostenloses Fr\u00fchst\u00fcck im Bett einschlie\u00dflich eines Glases Sekt f\u00fcr die Braut und den Br\u00e4utigam am Morgen nach der Hochzeit.<\/li>\n<li>Ein Candle-Light-Dinner f\u00fcr das Hochzeitspaar (Men\u00fc im a la carte Restaurant).<\/li>\n<li>Wein und Obst bei der Ankunft.<\/li>\n<li>Kostenlose Sauna und Dampfbad.<\/li>\n<li>Inspektionsbesuch vor der Hochzeit; zwei Tage kostenlose Unterkunft im Athena Beach Hotel f\u00fcr das Brautpaar. Die Hochzeit muss bereits im Hotel gebucht sein und die 2 Tage k\u00f6nnen nicht zu Ihrem eigentlichen Hochzeitsaufenthalt hinzugef\u00fcgt werden. Standardzimmer mit Landblick und \u00dcbernachtung mit Fr\u00fchst\u00fcck. <\/li>\n<\/ul>\n<p>&nbsp;<\/p>\n","protected":false},"excerpt":{"rendered":"<p>Genie\u00dfen Sie die Vorteile unserer Hochzeitspakete f\u00fcr den Strand von Paphos &nbsp; Unser Team wird Ihnen bei der Organisation Ihres besonderen Tages helfen. Wenn Sie sich f\u00fcr Letzteres entscheiden, aber keine Lust auf das traditionelle Rathaus haben, k\u00f6nnen Sie zwischen unserem Veranstaltungsort direkt am Strand oder unserem Pavillon in den \u00fcppigen G\u00e4rten unseres Hotels w\u00e4hlen.<\/p>\n","protected":false},"author":9,"featured_media":22078,"parent":1831,"menu_order":0,"comment_status":"closed","ping_status":"closed","template":"","meta":{"_acf_changed":false,"footnotes":""},"class_list":["post-1860","page","type-page","status-publish","has-post-thumbnail","hentry"],"acf":[],"yoast_head":"<!-- This site is optimized with the Yoast SEO plugin v27.5 - https:\/\/yoast.com\/product\/yoast-seo-wordpress\/ -->\n<title>Hochzeitspakete am Strand von Paphos || Athena Beach Hotel<\/title>\n<meta name=\"description\" content=\"Genie\u00dfen Sie die vielen Vorteile unserer Paphos-Hochzeitspakete im Athena Beach Hotel, das eine idyllische Lage direkt am Strand bietet, und sparen Sie, wenn Sie bei uns wohnen.\" \/>\n<meta name=\"robots\" content=\"index, follow, max-snippet:-1, max-image-preview:large, max-video-preview:-1\" \/>\n<link rel=\"canonical\" href=\"https:\/\/www.athena-cbh.com\/de\/hochzeiten\/hochzeitspaket\/\" \/>\n<meta property=\"og:locale\" content=\"de_DE\" \/>\n<meta property=\"og:type\" content=\"article\" \/>\n<meta property=\"og:title\" content=\"Hochzeitspakete am Strand von Paphos || Athena Beach Hotel\" \/>\n<meta property=\"og:description\" content=\"Genie\u00dfen Sie die vielen Vorteile unserer Paphos-Hochzeitspakete im Athena Beach Hotel, das eine idyllische Lage direkt am Strand bietet, und sparen Sie, wenn Sie bei uns wohnen.\" \/>\n<meta property=\"og:url\" content=\"https:\/\/www.athena-cbh.com\/de\/hochzeiten\/hochzeitspaket\/\" \/>\n<meta property=\"og:site_name\" content=\"Athena Beach Hotel\" \/>\n<meta property=\"article:modified_time\" content=\"2025-07-14T12:34:22+00:00\" \/>\n<meta property=\"og:image\" content=\"https:\/\/www.athena-cbh.com\/app\/uploads\/sites\/20\/2025\/05\/398-e1747894948120.png\" \/>\n\t<meta property=\"og:image:width\" content=\"800\" \/>\n\t<meta property=\"og:image:height\" content=\"533\" \/>\n\t<meta property=\"og:image:type\" content=\"image\/png\" \/>\n<meta name=\"twitter:card\" content=\"summary_large_image\" \/>\n<meta name=\"twitter:label1\" content=\"Gesch\u00e4tzte Lesezeit\" \/>\n\t<meta name=\"twitter:data1\" content=\"1\u00a0Minute\" \/>\n<script type=\"application\/ld+json\" class=\"yoast-schema-graph\">{\"@context\":\"https:\\\/\\\/schema.org\",\"@graph\":[{\"@type\":\"WebPage\",\"@id\":\"https:\\\/\\\/www.athena-cbh.com\\\/de\\\/hochzeiten\\\/hochzeitspaket\\\/\",\"url\":\"https:\\\/\\\/www.athena-cbh.com\\\/de\\\/hochzeiten\\\/hochzeitspaket\\\/\",\"name\":\"Hochzeitspakete am Strand von Paphos || Athena Beach Hotel\",\"isPartOf\":{\"@id\":\"https:\\\/\\\/www.athena-cbh.com\\\/de\\\/#website\"},\"primaryImageOfPage\":{\"@id\":\"https:\\\/\\\/www.athena-cbh.com\\\/de\\\/hochzeiten\\\/hochzeitspaket\\\/#primaryimage\"},\"image\":{\"@id\":\"https:\\\/\\\/www.athena-cbh.com\\\/de\\\/hochzeiten\\\/hochzeitspaket\\\/#primaryimage\"},\"thumbnailUrl\":\"https:\\\/\\\/www.athena-cbh.com\\\/app\\\/uploads\\\/sites\\\/20\\\/2025\\\/05\\\/398-e1747894948120.png\",\"datePublished\":\"2019-06-12T08:21:59+00:00\",\"dateModified\":\"2025-07-14T12:34:22+00:00\",\"description\":\"Genie\u00dfen Sie die vielen Vorteile unserer Paphos-Hochzeitspakete im Athena Beach Hotel, das eine idyllische Lage direkt am Strand bietet, und sparen Sie, wenn Sie bei uns wohnen.\",\"breadcrumb\":{\"@id\":\"https:\\\/\\\/www.athena-cbh.com\\\/de\\\/hochzeiten\\\/hochzeitspaket\\\/#breadcrumb\"},\"inLanguage\":\"de\",\"potentialAction\":[{\"@type\":\"ReadAction\",\"target\":[\"https:\\\/\\\/www.athena-cbh.com\\\/de\\\/hochzeiten\\\/hochzeitspaket\\\/\"]}]},{\"@type\":\"ImageObject\",\"inLanguage\":\"de\",\"@id\":\"https:\\\/\\\/www.athena-cbh.com\\\/de\\\/hochzeiten\\\/hochzeitspaket\\\/#primaryimage\",\"url\":\"https:\\\/\\\/www.athena-cbh.com\\\/app\\\/uploads\\\/sites\\\/20\\\/2025\\\/05\\\/398-e1747894948120.png\",\"contentUrl\":\"https:\\\/\\\/www.athena-cbh.com\\\/app\\\/uploads\\\/sites\\\/20\\\/2025\\\/05\\\/398-e1747894948120.png\",\"width\":800,\"height\":533},{\"@type\":\"BreadcrumbList\",\"@id\":\"https:\\\/\\\/www.athena-cbh.com\\\/de\\\/hochzeiten\\\/hochzeitspaket\\\/#breadcrumb\",\"itemListElement\":[{\"@type\":\"ListItem\",\"position\":1,\"name\":\"Home\",\"item\":\"https:\\\/\\\/www.athena-cbh.com\\\/de\\\/\"},{\"@type\":\"ListItem\",\"position\":2,\"name\":\"Hochzeiten\",\"item\":\"https:\\\/\\\/www.athena-cbh.com\\\/de\\\/hochzeiten\\\/\"},{\"@type\":\"ListItem\",\"position\":3,\"name\":\"Hochzeitspaket\"}]},{\"@type\":\"WebSite\",\"@id\":\"https:\\\/\\\/www.athena-cbh.com\\\/de\\\/#website\",\"url\":\"https:\\\/\\\/www.athena-cbh.com\\\/de\\\/\",\"name\":\"Athena Beach Hotel\",\"description\":\"Constantinou Bros Athena Beach Hotel, 4 star hotel in Paphos Cyprus\",\"potentialAction\":[{\"@type\":\"SearchAction\",\"target\":{\"@type\":\"EntryPoint\",\"urlTemplate\":\"https:\\\/\\\/www.athena-cbh.com\\\/de\\\/?s={search_term_string}\"},\"query-input\":{\"@type\":\"PropertyValueSpecification\",\"valueRequired\":true,\"valueName\":\"search_term_string\"}}],\"inLanguage\":\"de\"}]}<\/script>\n<!-- \/ Yoast SEO plugin. -->","yoast_head_json":{"title":"Hochzeitspakete am Strand von Paphos || Athena Beach Hotel","description":"Genie\u00dfen Sie die vielen Vorteile unserer Paphos-Hochzeitspakete im Athena Beach Hotel, das eine idyllische Lage direkt am Strand bietet, und sparen Sie, wenn Sie bei uns wohnen.","robots":{"index":"index","follow":"follow","max-snippet":"max-snippet:-1","max-image-preview":"max-image-preview:large","max-video-preview":"max-video-preview:-1"},"canonical":"https:\/\/www.athena-cbh.com\/de\/hochzeiten\/hochzeitspaket\/","og_locale":"de_DE","og_type":"article","og_title":"Hochzeitspakete am Strand von Paphos || Athena Beach Hotel","og_description":"Genie\u00dfen Sie die vielen Vorteile unserer Paphos-Hochzeitspakete im Athena Beach Hotel, das eine idyllische Lage direkt am Strand bietet, und sparen Sie, wenn Sie bei uns wohnen.","og_url":"https:\/\/www.athena-cbh.com\/de\/hochzeiten\/hochzeitspaket\/","og_site_name":"Athena Beach Hotel","article_modified_time":"2025-07-14T12:34:22+00:00","og_image":[{"width":800,"height":533,"url":"https:\/\/www.athena-cbh.com\/app\/uploads\/sites\/20\/2025\/05\/398-e1747894948120.png","type":"image\/png"}],"twitter_card":"summary_large_image","twitter_misc":{"Gesch\u00e4tzte Lesezeit":"1\u00a0Minute"},"schema":{"@context":"https:\/\/schema.org","@graph":[{"@type":"WebPage","@id":"https:\/\/www.athena-cbh.com\/de\/hochzeiten\/hochzeitspaket\/","url":"https:\/\/www.athena-cbh.com\/de\/hochzeiten\/hochzeitspaket\/","name":"Hochzeitspakete am Strand von Paphos || Athena Beach Hotel","isPartOf":{"@id":"https:\/\/www.athena-cbh.com\/de\/#website"},"primaryImageOfPage":{"@id":"https:\/\/www.athena-cbh.com\/de\/hochzeiten\/hochzeitspaket\/#primaryimage"},"image":{"@id":"https:\/\/www.athena-cbh.com\/de\/hochzeiten\/hochzeitspaket\/#primaryimage"},"thumbnailUrl":"https:\/\/www.athena-cbh.com\/app\/uploads\/sites\/20\/2025\/05\/398-e1747894948120.png","datePublished":"2019-06-12T08:21:59+00:00","dateModified":"2025-07-14T12:34:22+00:00","description":"Genie\u00dfen Sie die vielen Vorteile unserer Paphos-Hochzeitspakete im Athena Beach Hotel, das eine idyllische Lage direkt am Strand bietet, und sparen Sie, wenn Sie bei uns wohnen.","breadcrumb":{"@id":"https:\/\/www.athena-cbh.com\/de\/hochzeiten\/hochzeitspaket\/#breadcrumb"},"inLanguage":"de","potentialAction":[{"@type":"ReadAction","target":["https:\/\/www.athena-cbh.com\/de\/hochzeiten\/hochzeitspaket\/"]}]},{"@type":"ImageObject","inLanguage":"de","@id":"https:\/\/www.athena-cbh.com\/de\/hochzeiten\/hochzeitspaket\/#primaryimage","url":"https:\/\/www.athena-cbh.com\/app\/uploads\/sites\/20\/2025\/05\/398-e1747894948120.png","contentUrl":"https:\/\/www.athena-cbh.com\/app\/uploads\/sites\/20\/2025\/05\/398-e1747894948120.png","width":800,"height":533},{"@type":"BreadcrumbList","@id":"https:\/\/www.athena-cbh.com\/de\/hochzeiten\/hochzeitspaket\/#breadcrumb","itemListElement":[{"@type":"ListItem","position":1,"name":"Home","item":"https:\/\/www.athena-cbh.com\/de\/"},{"@type":"ListItem","position":2,"name":"Hochzeiten","item":"https:\/\/www.athena-cbh.com\/de\/hochzeiten\/"},{"@type":"ListItem","position":3,"name":"Hochzeitspaket"}]},{"@type":"WebSite","@id":"https:\/\/www.athena-cbh.com\/de\/#website","url":"https:\/\/www.athena-cbh.com\/de\/","name":"Athena Beach Hotel","description":"Constantinou Bros Athena Beach Hotel, 4 star hotel in Paphos Cyprus","potentialAction":[{"@type":"SearchAction","target":{"@type":"EntryPoint","urlTemplate":"https:\/\/www.athena-cbh.com\/de\/?s={search_term_string}"},"query-input":{"@type":"PropertyValueSpecification","valueRequired":true,"valueName":"search_term_string"}}],"inLanguage":"de"}]}},"_links":{"self":[{"href":"https:\/\/www.athena-cbh.com\/de\/wp-json\/wp\/v2\/pages\/1860","targetHints":{"allow":["GET"]}}],"collection":[{"href":"https:\/\/www.athena-cbh.com\/de\/wp-json\/wp\/v2\/pages"}],"about":[{"href":"https:\/\/www.athena-cbh.com\/de\/wp-json\/wp\/v2\/types\/page"}],"author":[{"embeddable":true,"href":"https:\/\/www.athena-cbh.com\/de\/wp-json\/wp\/v2\/users\/9"}],"replies":[{"embeddable":true,"href":"https:\/\/www.athena-cbh.com\/de\/wp-json\/wp\/v2\/comments?post=1860"}],"version-history":[{"count":11,"href":"https:\/\/www.athena-cbh.com\/de\/wp-json\/wp\/v2\/pages\/1860\/revisions"}],"predecessor-version":[{"id":22282,"href":"https:\/\/www.athena-cbh.com\/de\/wp-json\/wp\/v2\/pages\/1860\/revisions\/22282"}],"up":[{"embeddable":true,"href":"https:\/\/www.athena-cbh.com\/de\/wp-json\/wp\/v2\/pages\/1831"}],"wp:featuredmedia":[{"embeddable":true,"href":"https:\/\/www.athena-cbh.com\/de\/wp-json\/wp\/v2\/media\/22078"}],"wp:attachment":[{"href":"https:\/\/www.athena-cbh.com\/de\/wp-json\/wp\/v2\/media?parent=1860"}],"curies":[{"name":"wp","href":"https:\/\/api.w.org\/{rel}","templated":true}]}}