{"id":18554,"date":"2024-07-22T17:24:12","date_gmt":"2024-07-22T14:24:12","guid":{"rendered":"https:\/\/www.athena-cbh.com\/paare-urlaub\/erwachsenen-schwimmbad\/"},"modified":"2024-09-16T19:00:20","modified_gmt":"2024-09-16T16:00:20","slug":"erwachsenen-schwimmbad","status":"publish","type":"page","link":"https:\/\/www.athena-cbh.com\/de\/paare-urlaub\/erwachsenen-schwimmbad\/","title":{"rendered":"Schwimmbad f\u00fcr Erwachsene"},"content":{"rendered":"<p>Unser eleganter Pool nur f\u00fcr Erwachsene mit vielen Liegest\u00fchlen und Blick auf die ruhigen G\u00e4rten nur f\u00fcr Erwachsene, abseits der Kinderpools und Einrichtungen.<br \/>\nUnd wenn Sie etwas trinken m\u00f6chten, k\u00f6nnen Sie in den Pool eintauchen und buchst\u00e4blich bis zur sensationellen Poolbar schwimmen, wo Sie den ganzen Tag \u00fcber Ihre Lieblingserfrischungen und Cocktails bestellen k\u00f6nnen.<\/p>\n","protected":false},"excerpt":{"rendered":"<p>Unser eleganter Pool nur f\u00fcr Erwachsene mit vielen Liegest\u00fchlen und Blick auf die ruhigen G\u00e4rten nur f\u00fcr Erwachsene, abseits der Kinderpools und Einrichtungen. Und wenn Sie etwas trinken m\u00f6chten, k\u00f6nnen Sie in den Pool eintauchen und buchst\u00e4blich bis zur sensationellen Poolbar schwimmen, wo Sie den ganzen Tag \u00fcber Ihre Lieblingserfrischungen und Cocktails bestellen k\u00f6nnen.<\/p>\n","protected":false},"author":100,"featured_media":12688,"parent":15230,"menu_order":0,"comment_status":"closed","ping_status":"closed","template":"","meta":{"_acf_changed":false,"footnotes":""},"class_list":["post-18554","page","type-page","status-publish","has-post-thumbnail","hentry"],"acf":[],"yoast_head":"<!-- This site is optimized with the Yoast SEO plugin v27.5 - https:\/\/yoast.com\/product\/yoast-seo-wordpress\/ -->\n<title>Schwimmbad f\u00fcr Erwachsene - Athena Beach Hotel<\/title>\n<meta name=\"description\" content=\"Unser Swimmingpool f\u00fcr Erwachsene ist ein ruhiger Ort, an dem Sie sich in der Sonne entspannen und in aller Ruhe schwimmen k\u00f6nnen. Sie k\u00f6nnen auch einen Drink an der Swim-up-Bar bestellen.\" \/>\n<meta name=\"robots\" content=\"index, follow, max-snippet:-1, max-image-preview:large, max-video-preview:-1\" \/>\n<link rel=\"canonical\" href=\"https:\/\/www.athena-cbh.com\/de\/paare-urlaub\/erwachsenen-schwimmbad\/\" \/>\n<meta property=\"og:locale\" content=\"de_DE\" \/>\n<meta property=\"og:type\" content=\"article\" \/>\n<meta property=\"og:title\" content=\"Schwimmbad f\u00fcr Erwachsene - Athena Beach Hotel\" \/>\n<meta property=\"og:description\" content=\"Unser Swimmingpool f\u00fcr Erwachsene ist ein ruhiger Ort, an dem Sie sich in der Sonne entspannen und in aller Ruhe schwimmen k\u00f6nnen. Sie k\u00f6nnen auch einen Drink an der Swim-up-Bar bestellen.\" \/>\n<meta property=\"og:url\" content=\"https:\/\/www.athena-cbh.com\/de\/paare-urlaub\/erwachsenen-schwimmbad\/\" \/>\n<meta property=\"og:site_name\" content=\"Athena Beach Hotel\" \/>\n<meta property=\"article:modified_time\" content=\"2024-09-16T16:00:20+00:00\" \/>\n<meta property=\"og:image\" content=\"https:\/\/www.athena-cbh.com\/app\/uploads\/sites\/20\/2022\/07\/32-ATHENA-BEACH-HOTEL-ADULT-POOL-BAR-AREA-scaled.jpg\" \/>\n\t<meta property=\"og:image:width\" content=\"2560\" \/>\n\t<meta property=\"og:image:height\" content=\"1706\" \/>\n\t<meta property=\"og:image:type\" content=\"image\/jpeg\" \/>\n<meta name=\"twitter:card\" content=\"summary_large_image\" \/>\n<meta name=\"twitter:label1\" content=\"Gesch\u00e4tzte Lesezeit\" \/>\n\t<meta name=\"twitter:data1\" content=\"1\u00a0Minute\" \/>\n<script type=\"application\/ld+json\" class=\"yoast-schema-graph\">{\"@context\":\"https:\\\/\\\/schema.org\",\"@graph\":[{\"@type\":\"WebPage\",\"@id\":\"https:\\\/\\\/www.athena-cbh.com\\\/de\\\/paare-urlaub\\\/erwachsenen-schwimmbad\\\/\",\"url\":\"https:\\\/\\\/www.athena-cbh.com\\\/de\\\/paare-urlaub\\\/erwachsenen-schwimmbad\\\/\",\"name\":\"Schwimmbad f\u00fcr Erwachsene - Athena Beach Hotel\",\"isPartOf\":{\"@id\":\"https:\\\/\\\/www.athena-cbh.com\\\/de\\\/#website\"},\"primaryImageOfPage\":{\"@id\":\"https:\\\/\\\/www.athena-cbh.com\\\/de\\\/paare-urlaub\\\/erwachsenen-schwimmbad\\\/#primaryimage\"},\"image\":{\"@id\":\"https:\\\/\\\/www.athena-cbh.com\\\/de\\\/paare-urlaub\\\/erwachsenen-schwimmbad\\\/#primaryimage\"},\"thumbnailUrl\":\"https:\\\/\\\/www.athena-cbh.com\\\/app\\\/uploads\\\/sites\\\/20\\\/2022\\\/07\\\/32-ATHENA-BEACH-HOTEL-ADULT-POOL-BAR-AREA-scaled.jpg\",\"datePublished\":\"2024-07-22T14:24:12+00:00\",\"dateModified\":\"2024-09-16T16:00:20+00:00\",\"description\":\"Unser Swimmingpool f\u00fcr Erwachsene ist ein ruhiger Ort, an dem Sie sich in der Sonne entspannen und in aller Ruhe schwimmen k\u00f6nnen. Sie k\u00f6nnen auch einen Drink an der Swim-up-Bar bestellen.\",\"breadcrumb\":{\"@id\":\"https:\\\/\\\/www.athena-cbh.com\\\/de\\\/paare-urlaub\\\/erwachsenen-schwimmbad\\\/#breadcrumb\"},\"inLanguage\":\"de\",\"potentialAction\":[{\"@type\":\"ReadAction\",\"target\":[\"https:\\\/\\\/www.athena-cbh.com\\\/de\\\/paare-urlaub\\\/erwachsenen-schwimmbad\\\/\"]}]},{\"@type\":\"ImageObject\",\"inLanguage\":\"de\",\"@id\":\"https:\\\/\\\/www.athena-cbh.com\\\/de\\\/paare-urlaub\\\/erwachsenen-schwimmbad\\\/#primaryimage\",\"url\":\"https:\\\/\\\/www.athena-cbh.com\\\/app\\\/uploads\\\/sites\\\/20\\\/2022\\\/07\\\/32-ATHENA-BEACH-HOTEL-ADULT-POOL-BAR-AREA-scaled.jpg\",\"contentUrl\":\"https:\\\/\\\/www.athena-cbh.com\\\/app\\\/uploads\\\/sites\\\/20\\\/2022\\\/07\\\/32-ATHENA-BEACH-HOTEL-ADULT-POOL-BAR-AREA-scaled.jpg\",\"width\":2560,\"height\":1706},{\"@type\":\"BreadcrumbList\",\"@id\":\"https:\\\/\\\/www.athena-cbh.com\\\/de\\\/paare-urlaub\\\/erwachsenen-schwimmbad\\\/#breadcrumb\",\"itemListElement\":[{\"@type\":\"ListItem\",\"position\":1,\"name\":\"Home\",\"item\":\"https:\\\/\\\/www.athena-cbh.com\\\/de\\\/\"},{\"@type\":\"ListItem\",\"position\":2,\"name\":\"Paare Urlaub\",\"item\":\"https:\\\/\\\/www.athena-cbh.com\\\/de\\\/paare-urlaub\\\/\"},{\"@type\":\"ListItem\",\"position\":3,\"name\":\"Schwimmbad f\u00fcr Erwachsene\"}]},{\"@type\":\"WebSite\",\"@id\":\"https:\\\/\\\/www.athena-cbh.com\\\/de\\\/#website\",\"url\":\"https:\\\/\\\/www.athena-cbh.com\\\/de\\\/\",\"name\":\"Athena Beach Hotel\",\"description\":\"Constantinou Bros Athena Beach Hotel, 4 star hotel in Paphos Cyprus\",\"potentialAction\":[{\"@type\":\"SearchAction\",\"target\":{\"@type\":\"EntryPoint\",\"urlTemplate\":\"https:\\\/\\\/www.athena-cbh.com\\\/de\\\/?s={search_term_string}\"},\"query-input\":{\"@type\":\"PropertyValueSpecification\",\"valueRequired\":true,\"valueName\":\"search_term_string\"}}],\"inLanguage\":\"de\"}]}<\/script>\n<!-- \/ Yoast SEO plugin. -->","yoast_head_json":{"title":"Schwimmbad f\u00fcr Erwachsene - Athena Beach Hotel","description":"Unser Swimmingpool f\u00fcr Erwachsene ist ein ruhiger Ort, an dem Sie sich in der Sonne entspannen und in aller Ruhe schwimmen k\u00f6nnen. Sie k\u00f6nnen auch einen Drink an der Swim-up-Bar bestellen.","robots":{"index":"index","follow":"follow","max-snippet":"max-snippet:-1","max-image-preview":"max-image-preview:large","max-video-preview":"max-video-preview:-1"},"canonical":"https:\/\/www.athena-cbh.com\/de\/paare-urlaub\/erwachsenen-schwimmbad\/","og_locale":"de_DE","og_type":"article","og_title":"Schwimmbad f\u00fcr Erwachsene - Athena Beach Hotel","og_description":"Unser Swimmingpool f\u00fcr Erwachsene ist ein ruhiger Ort, an dem Sie sich in der Sonne entspannen und in aller Ruhe schwimmen k\u00f6nnen. Sie k\u00f6nnen auch einen Drink an der Swim-up-Bar bestellen.","og_url":"https:\/\/www.athena-cbh.com\/de\/paare-urlaub\/erwachsenen-schwimmbad\/","og_site_name":"Athena Beach Hotel","article_modified_time":"2024-09-16T16:00:20+00:00","og_image":[{"width":2560,"height":1706,"url":"https:\/\/www.athena-cbh.com\/app\/uploads\/sites\/20\/2022\/07\/32-ATHENA-BEACH-HOTEL-ADULT-POOL-BAR-AREA-scaled.jpg","type":"image\/jpeg"}],"twitter_card":"summary_large_image","twitter_misc":{"Gesch\u00e4tzte Lesezeit":"1\u00a0Minute"},"schema":{"@context":"https:\/\/schema.org","@graph":[{"@type":"WebPage","@id":"https:\/\/www.athena-cbh.com\/de\/paare-urlaub\/erwachsenen-schwimmbad\/","url":"https:\/\/www.athena-cbh.com\/de\/paare-urlaub\/erwachsenen-schwimmbad\/","name":"Schwimmbad f\u00fcr Erwachsene - Athena Beach Hotel","isPartOf":{"@id":"https:\/\/www.athena-cbh.com\/de\/#website"},"primaryImageOfPage":{"@id":"https:\/\/www.athena-cbh.com\/de\/paare-urlaub\/erwachsenen-schwimmbad\/#primaryimage"},"image":{"@id":"https:\/\/www.athena-cbh.com\/de\/paare-urlaub\/erwachsenen-schwimmbad\/#primaryimage"},"thumbnailUrl":"https:\/\/www.athena-cbh.com\/app\/uploads\/sites\/20\/2022\/07\/32-ATHENA-BEACH-HOTEL-ADULT-POOL-BAR-AREA-scaled.jpg","datePublished":"2024-07-22T14:24:12+00:00","dateModified":"2024-09-16T16:00:20+00:00","description":"Unser Swimmingpool f\u00fcr Erwachsene ist ein ruhiger Ort, an dem Sie sich in der Sonne entspannen und in aller Ruhe schwimmen k\u00f6nnen. Sie k\u00f6nnen auch einen Drink an der Swim-up-Bar bestellen.","breadcrumb":{"@id":"https:\/\/www.athena-cbh.com\/de\/paare-urlaub\/erwachsenen-schwimmbad\/#breadcrumb"},"inLanguage":"de","potentialAction":[{"@type":"ReadAction","target":["https:\/\/www.athena-cbh.com\/de\/paare-urlaub\/erwachsenen-schwimmbad\/"]}]},{"@type":"ImageObject","inLanguage":"de","@id":"https:\/\/www.athena-cbh.com\/de\/paare-urlaub\/erwachsenen-schwimmbad\/#primaryimage","url":"https:\/\/www.athena-cbh.com\/app\/uploads\/sites\/20\/2022\/07\/32-ATHENA-BEACH-HOTEL-ADULT-POOL-BAR-AREA-scaled.jpg","contentUrl":"https:\/\/www.athena-cbh.com\/app\/uploads\/sites\/20\/2022\/07\/32-ATHENA-BEACH-HOTEL-ADULT-POOL-BAR-AREA-scaled.jpg","width":2560,"height":1706},{"@type":"BreadcrumbList","@id":"https:\/\/www.athena-cbh.com\/de\/paare-urlaub\/erwachsenen-schwimmbad\/#breadcrumb","itemListElement":[{"@type":"ListItem","position":1,"name":"Home","item":"https:\/\/www.athena-cbh.com\/de\/"},{"@type":"ListItem","position":2,"name":"Paare Urlaub","item":"https:\/\/www.athena-cbh.com\/de\/paare-urlaub\/"},{"@type":"ListItem","position":3,"name":"Schwimmbad f\u00fcr Erwachsene"}]},{"@type":"WebSite","@id":"https:\/\/www.athena-cbh.com\/de\/#website","url":"https:\/\/www.athena-cbh.com\/de\/","name":"Athena Beach Hotel","description":"Constantinou Bros Athena Beach Hotel, 4 star hotel in Paphos Cyprus","potentialAction":[{"@type":"SearchAction","target":{"@type":"EntryPoint","urlTemplate":"https:\/\/www.athena-cbh.com\/de\/?s={search_term_string}"},"query-input":{"@type":"PropertyValueSpecification","valueRequired":true,"valueName":"search_term_string"}}],"inLanguage":"de"}]}},"_links":{"self":[{"href":"https:\/\/www.athena-cbh.com\/de\/wp-json\/wp\/v2\/pages\/18554","targetHints":{"allow":["GET"]}}],"collection":[{"href":"https:\/\/www.athena-cbh.com\/de\/wp-json\/wp\/v2\/pages"}],"about":[{"href":"https:\/\/www.athena-cbh.com\/de\/wp-json\/wp\/v2\/types\/page"}],"author":[{"embeddable":true,"href":"https:\/\/www.athena-cbh.com\/de\/wp-json\/wp\/v2\/users\/100"}],"replies":[{"embeddable":true,"href":"https:\/\/www.athena-cbh.com\/de\/wp-json\/wp\/v2\/comments?post=18554"}],"version-history":[{"count":1,"href":"https:\/\/www.athena-cbh.com\/de\/wp-json\/wp\/v2\/pages\/18554\/revisions"}],"predecessor-version":[{"id":20577,"href":"https:\/\/www.athena-cbh.com\/de\/wp-json\/wp\/v2\/pages\/18554\/revisions\/20577"}],"up":[{"embeddable":true,"href":"https:\/\/www.athena-cbh.com\/de\/wp-json\/wp\/v2\/pages\/15230"}],"wp:featuredmedia":[{"embeddable":true,"href":"https:\/\/www.athena-cbh.com\/de\/wp-json\/wp\/v2\/media\/12688"}],"wp:attachment":[{"href":"https:\/\/www.athena-cbh.com\/de\/wp-json\/wp\/v2\/media?parent=18554"}],"curies":[{"name":"wp","href":"https:\/\/api.w.org\/{rel}","templated":true}]}}