{"id":18544,"date":"2024-07-22T17:24:08","date_gmt":"2024-07-22T14:24:08","guid":{"rendered":"https:\/\/www.athena-cbh.com\/paare-urlaub\/erwachsenen-pool-bar-sommer\/"},"modified":"2024-09-16T19:00:16","modified_gmt":"2024-09-16T16:00:16","slug":"erwachsenen-pool-bar-sommer","status":"publish","type":"page","link":"https:\/\/www.athena-cbh.com\/de\/paare-urlaub\/erwachsenen-pool-bar-sommer\/","title":{"rendered":"Pool Bar f\u00fcr Erwachsene"},"content":{"rendered":"<p>Die Adult Pool Bar befindet sich in der exklusiven Zone f\u00fcr Erwachsene, die G\u00e4ste ab 16 Jahren willkommen hei\u00dft (nur im Sommer).<br \/>\nEntspannen Sie sich am Pool und genie\u00dfen Sie die Aussicht, w\u00e4hrend Sie Ihren Durst mit Ihren bevorzugten alkoholischen oder alkoholfreien Getr\u00e4nken, Signature-Cocktails oder erfrischenden S\u00e4ften stillen, die von unseren Barkeepern an der Poolbar zubereitet werden.<\/p>\n","protected":false},"excerpt":{"rendered":"<p>Die Adult Pool Bar befindet sich in der exklusiven Zone f\u00fcr Erwachsene, die G\u00e4ste ab 16 Jahren willkommen hei\u00dft (nur im Sommer). Entspannen Sie sich am Pool und genie\u00dfen Sie die Aussicht, w\u00e4hrend Sie Ihren Durst mit Ihren bevorzugten alkoholischen oder alkoholfreien Getr\u00e4nken, Signature-Cocktails oder erfrischenden S\u00e4ften stillen, die von unseren Barkeepern an der Poolbar<\/p>\n","protected":false},"author":100,"featured_media":12693,"parent":15230,"menu_order":0,"comment_status":"closed","ping_status":"closed","template":"","meta":{"_acf_changed":false,"footnotes":""},"class_list":["post-18544","page","type-page","status-publish","has-post-thumbnail","hentry"],"acf":[],"yoast_head":"<!-- This site is optimized with the Yoast SEO plugin v27.5 - https:\/\/yoast.com\/product\/yoast-seo-wordpress\/ -->\n<title>Pool Bar f\u00fcr Erwachsene - Athena Beach Hotel<\/title>\n<meta name=\"description\" content=\"Unsere 16+ Pool-Bar: Diese Pool-Bar strahlt eine heitere Atmosph\u00e4re aus, in der Sie ein Getr\u00e4nk Ihrer Wahl genie\u00dfen k\u00f6nnen, und ist der perfekte Ort, um den Sonnenuntergang zu beobachten.\" \/>\n<meta name=\"robots\" content=\"index, follow, max-snippet:-1, max-image-preview:large, max-video-preview:-1\" \/>\n<link rel=\"canonical\" href=\"https:\/\/www.athena-cbh.com\/de\/paare-urlaub\/erwachsenen-pool-bar-sommer\/\" \/>\n<meta property=\"og:locale\" content=\"de_DE\" \/>\n<meta property=\"og:type\" content=\"article\" \/>\n<meta property=\"og:title\" content=\"Pool Bar f\u00fcr Erwachsene - Athena Beach Hotel\" \/>\n<meta property=\"og:description\" content=\"Unsere 16+ Pool-Bar: Diese Pool-Bar strahlt eine heitere Atmosph\u00e4re aus, in der Sie ein Getr\u00e4nk Ihrer Wahl genie\u00dfen k\u00f6nnen, und ist der perfekte Ort, um den Sonnenuntergang zu beobachten.\" \/>\n<meta property=\"og:url\" content=\"https:\/\/www.athena-cbh.com\/de\/paare-urlaub\/erwachsenen-pool-bar-sommer\/\" \/>\n<meta property=\"og:site_name\" content=\"Athena Beach Hotel\" \/>\n<meta property=\"article:modified_time\" content=\"2024-09-16T16:00:16+00:00\" \/>\n<meta property=\"og:image\" content=\"https:\/\/www.athena-cbh.com\/app\/uploads\/sites\/20\/2022\/07\/33-ATHENA-BEACH-HOTEL-ADULT-POOL-BAR-AREA-scaled.jpg\" \/>\n\t<meta property=\"og:image:width\" content=\"2560\" \/>\n\t<meta property=\"og:image:height\" content=\"1707\" \/>\n\t<meta property=\"og:image:type\" content=\"image\/jpeg\" \/>\n<meta name=\"twitter:card\" content=\"summary_large_image\" \/>\n<meta name=\"twitter:label1\" content=\"Gesch\u00e4tzte Lesezeit\" \/>\n\t<meta name=\"twitter:data1\" content=\"1\u00a0Minute\" \/>\n<script type=\"application\/ld+json\" class=\"yoast-schema-graph\">{\"@context\":\"https:\\\/\\\/schema.org\",\"@graph\":[{\"@type\":\"WebPage\",\"@id\":\"https:\\\/\\\/www.athena-cbh.com\\\/de\\\/paare-urlaub\\\/erwachsenen-pool-bar-sommer\\\/\",\"url\":\"https:\\\/\\\/www.athena-cbh.com\\\/de\\\/paare-urlaub\\\/erwachsenen-pool-bar-sommer\\\/\",\"name\":\"Pool Bar f\u00fcr Erwachsene - Athena Beach Hotel\",\"isPartOf\":{\"@id\":\"https:\\\/\\\/www.athena-cbh.com\\\/de\\\/#website\"},\"primaryImageOfPage\":{\"@id\":\"https:\\\/\\\/www.athena-cbh.com\\\/de\\\/paare-urlaub\\\/erwachsenen-pool-bar-sommer\\\/#primaryimage\"},\"image\":{\"@id\":\"https:\\\/\\\/www.athena-cbh.com\\\/de\\\/paare-urlaub\\\/erwachsenen-pool-bar-sommer\\\/#primaryimage\"},\"thumbnailUrl\":\"https:\\\/\\\/www.athena-cbh.com\\\/app\\\/uploads\\\/sites\\\/20\\\/2022\\\/07\\\/33-ATHENA-BEACH-HOTEL-ADULT-POOL-BAR-AREA-scaled.jpg\",\"datePublished\":\"2024-07-22T14:24:08+00:00\",\"dateModified\":\"2024-09-16T16:00:16+00:00\",\"description\":\"Unsere 16+ Pool-Bar: Diese Pool-Bar strahlt eine heitere Atmosph\u00e4re aus, in der Sie ein Getr\u00e4nk Ihrer Wahl genie\u00dfen k\u00f6nnen, und ist der perfekte Ort, um den Sonnenuntergang zu beobachten.\",\"breadcrumb\":{\"@id\":\"https:\\\/\\\/www.athena-cbh.com\\\/de\\\/paare-urlaub\\\/erwachsenen-pool-bar-sommer\\\/#breadcrumb\"},\"inLanguage\":\"de\",\"potentialAction\":[{\"@type\":\"ReadAction\",\"target\":[\"https:\\\/\\\/www.athena-cbh.com\\\/de\\\/paare-urlaub\\\/erwachsenen-pool-bar-sommer\\\/\"]}]},{\"@type\":\"ImageObject\",\"inLanguage\":\"de\",\"@id\":\"https:\\\/\\\/www.athena-cbh.com\\\/de\\\/paare-urlaub\\\/erwachsenen-pool-bar-sommer\\\/#primaryimage\",\"url\":\"https:\\\/\\\/www.athena-cbh.com\\\/app\\\/uploads\\\/sites\\\/20\\\/2022\\\/07\\\/33-ATHENA-BEACH-HOTEL-ADULT-POOL-BAR-AREA-scaled.jpg\",\"contentUrl\":\"https:\\\/\\\/www.athena-cbh.com\\\/app\\\/uploads\\\/sites\\\/20\\\/2022\\\/07\\\/33-ATHENA-BEACH-HOTEL-ADULT-POOL-BAR-AREA-scaled.jpg\",\"width\":2560,\"height\":1707},{\"@type\":\"BreadcrumbList\",\"@id\":\"https:\\\/\\\/www.athena-cbh.com\\\/de\\\/paare-urlaub\\\/erwachsenen-pool-bar-sommer\\\/#breadcrumb\",\"itemListElement\":[{\"@type\":\"ListItem\",\"position\":1,\"name\":\"Home\",\"item\":\"https:\\\/\\\/www.athena-cbh.com\\\/de\\\/\"},{\"@type\":\"ListItem\",\"position\":2,\"name\":\"Paare Urlaub\",\"item\":\"https:\\\/\\\/www.athena-cbh.com\\\/de\\\/paare-urlaub\\\/\"},{\"@type\":\"ListItem\",\"position\":3,\"name\":\"Pool Bar f\u00fcr Erwachsene\"}]},{\"@type\":\"WebSite\",\"@id\":\"https:\\\/\\\/www.athena-cbh.com\\\/de\\\/#website\",\"url\":\"https:\\\/\\\/www.athena-cbh.com\\\/de\\\/\",\"name\":\"Athena Beach Hotel\",\"description\":\"Constantinou Bros Athena Beach Hotel, 4 star hotel in Paphos Cyprus\",\"potentialAction\":[{\"@type\":\"SearchAction\",\"target\":{\"@type\":\"EntryPoint\",\"urlTemplate\":\"https:\\\/\\\/www.athena-cbh.com\\\/de\\\/?s={search_term_string}\"},\"query-input\":{\"@type\":\"PropertyValueSpecification\",\"valueRequired\":true,\"valueName\":\"search_term_string\"}}],\"inLanguage\":\"de\"}]}<\/script>\n<!-- \/ Yoast SEO plugin. -->","yoast_head_json":{"title":"Pool Bar f\u00fcr Erwachsene - Athena Beach Hotel","description":"Unsere 16+ Pool-Bar: Diese Pool-Bar strahlt eine heitere Atmosph\u00e4re aus, in der Sie ein Getr\u00e4nk Ihrer Wahl genie\u00dfen k\u00f6nnen, und ist der perfekte Ort, um den Sonnenuntergang zu beobachten.","robots":{"index":"index","follow":"follow","max-snippet":"max-snippet:-1","max-image-preview":"max-image-preview:large","max-video-preview":"max-video-preview:-1"},"canonical":"https:\/\/www.athena-cbh.com\/de\/paare-urlaub\/erwachsenen-pool-bar-sommer\/","og_locale":"de_DE","og_type":"article","og_title":"Pool Bar f\u00fcr Erwachsene - Athena Beach Hotel","og_description":"Unsere 16+ Pool-Bar: Diese Pool-Bar strahlt eine heitere Atmosph\u00e4re aus, in der Sie ein Getr\u00e4nk Ihrer Wahl genie\u00dfen k\u00f6nnen, und ist der perfekte Ort, um den Sonnenuntergang zu beobachten.","og_url":"https:\/\/www.athena-cbh.com\/de\/paare-urlaub\/erwachsenen-pool-bar-sommer\/","og_site_name":"Athena Beach Hotel","article_modified_time":"2024-09-16T16:00:16+00:00","og_image":[{"width":2560,"height":1707,"url":"https:\/\/www.athena-cbh.com\/app\/uploads\/sites\/20\/2022\/07\/33-ATHENA-BEACH-HOTEL-ADULT-POOL-BAR-AREA-scaled.jpg","type":"image\/jpeg"}],"twitter_card":"summary_large_image","twitter_misc":{"Gesch\u00e4tzte Lesezeit":"1\u00a0Minute"},"schema":{"@context":"https:\/\/schema.org","@graph":[{"@type":"WebPage","@id":"https:\/\/www.athena-cbh.com\/de\/paare-urlaub\/erwachsenen-pool-bar-sommer\/","url":"https:\/\/www.athena-cbh.com\/de\/paare-urlaub\/erwachsenen-pool-bar-sommer\/","name":"Pool Bar f\u00fcr Erwachsene - Athena Beach Hotel","isPartOf":{"@id":"https:\/\/www.athena-cbh.com\/de\/#website"},"primaryImageOfPage":{"@id":"https:\/\/www.athena-cbh.com\/de\/paare-urlaub\/erwachsenen-pool-bar-sommer\/#primaryimage"},"image":{"@id":"https:\/\/www.athena-cbh.com\/de\/paare-urlaub\/erwachsenen-pool-bar-sommer\/#primaryimage"},"thumbnailUrl":"https:\/\/www.athena-cbh.com\/app\/uploads\/sites\/20\/2022\/07\/33-ATHENA-BEACH-HOTEL-ADULT-POOL-BAR-AREA-scaled.jpg","datePublished":"2024-07-22T14:24:08+00:00","dateModified":"2024-09-16T16:00:16+00:00","description":"Unsere 16+ Pool-Bar: Diese Pool-Bar strahlt eine heitere Atmosph\u00e4re aus, in der Sie ein Getr\u00e4nk Ihrer Wahl genie\u00dfen k\u00f6nnen, und ist der perfekte Ort, um den Sonnenuntergang zu beobachten.","breadcrumb":{"@id":"https:\/\/www.athena-cbh.com\/de\/paare-urlaub\/erwachsenen-pool-bar-sommer\/#breadcrumb"},"inLanguage":"de","potentialAction":[{"@type":"ReadAction","target":["https:\/\/www.athena-cbh.com\/de\/paare-urlaub\/erwachsenen-pool-bar-sommer\/"]}]},{"@type":"ImageObject","inLanguage":"de","@id":"https:\/\/www.athena-cbh.com\/de\/paare-urlaub\/erwachsenen-pool-bar-sommer\/#primaryimage","url":"https:\/\/www.athena-cbh.com\/app\/uploads\/sites\/20\/2022\/07\/33-ATHENA-BEACH-HOTEL-ADULT-POOL-BAR-AREA-scaled.jpg","contentUrl":"https:\/\/www.athena-cbh.com\/app\/uploads\/sites\/20\/2022\/07\/33-ATHENA-BEACH-HOTEL-ADULT-POOL-BAR-AREA-scaled.jpg","width":2560,"height":1707},{"@type":"BreadcrumbList","@id":"https:\/\/www.athena-cbh.com\/de\/paare-urlaub\/erwachsenen-pool-bar-sommer\/#breadcrumb","itemListElement":[{"@type":"ListItem","position":1,"name":"Home","item":"https:\/\/www.athena-cbh.com\/de\/"},{"@type":"ListItem","position":2,"name":"Paare Urlaub","item":"https:\/\/www.athena-cbh.com\/de\/paare-urlaub\/"},{"@type":"ListItem","position":3,"name":"Pool Bar f\u00fcr Erwachsene"}]},{"@type":"WebSite","@id":"https:\/\/www.athena-cbh.com\/de\/#website","url":"https:\/\/www.athena-cbh.com\/de\/","name":"Athena Beach Hotel","description":"Constantinou Bros Athena Beach Hotel, 4 star hotel in Paphos Cyprus","potentialAction":[{"@type":"SearchAction","target":{"@type":"EntryPoint","urlTemplate":"https:\/\/www.athena-cbh.com\/de\/?s={search_term_string}"},"query-input":{"@type":"PropertyValueSpecification","valueRequired":true,"valueName":"search_term_string"}}],"inLanguage":"de"}]}},"_links":{"self":[{"href":"https:\/\/www.athena-cbh.com\/de\/wp-json\/wp\/v2\/pages\/18544","targetHints":{"allow":["GET"]}}],"collection":[{"href":"https:\/\/www.athena-cbh.com\/de\/wp-json\/wp\/v2\/pages"}],"about":[{"href":"https:\/\/www.athena-cbh.com\/de\/wp-json\/wp\/v2\/types\/page"}],"author":[{"embeddable":true,"href":"https:\/\/www.athena-cbh.com\/de\/wp-json\/wp\/v2\/users\/100"}],"replies":[{"embeddable":true,"href":"https:\/\/www.athena-cbh.com\/de\/wp-json\/wp\/v2\/comments?post=18544"}],"version-history":[{"count":1,"href":"https:\/\/www.athena-cbh.com\/de\/wp-json\/wp\/v2\/pages\/18544\/revisions"}],"predecessor-version":[{"id":20549,"href":"https:\/\/www.athena-cbh.com\/de\/wp-json\/wp\/v2\/pages\/18544\/revisions\/20549"}],"up":[{"embeddable":true,"href":"https:\/\/www.athena-cbh.com\/de\/wp-json\/wp\/v2\/pages\/15230"}],"wp:featuredmedia":[{"embeddable":true,"href":"https:\/\/www.athena-cbh.com\/de\/wp-json\/wp\/v2\/media\/12693"}],"wp:attachment":[{"href":"https:\/\/www.athena-cbh.com\/de\/wp-json\/wp\/v2\/media?parent=18544"}],"curies":[{"name":"wp","href":"https:\/\/api.w.org\/{rel}","templated":true}]}}