{"id":1854,"date":"2019-07-17T16:48:48","date_gmt":"2019-07-17T13:48:48","guid":{"rendered":"http:\/\/athena-cbh.cms4.nelios.com\/weddings\/wedding-extras\/"},"modified":"2025-07-14T15:34:04","modified_gmt":"2025-07-14T12:34:04","slug":"hochzeits-extras","status":"publish","type":"page","link":"https:\/\/www.athena-cbh.com\/de\/hochzeiten\/hochzeits-extras\/","title":{"rendered":"Hochzeit Extras"},"content":{"rendered":"<p>Wir k\u00f6nnen alle Extras f\u00fcr Ihre Hochzeit organisieren, von den Brautblumen \u00fcber die Hochzeitstorte bis hin zu Frisur und Make-up und nat\u00fcrlich der Fotografie. Mit unserem erfahrenen Team von Lieferanten h\u00f6ren wir uns Ihre Ideen an und schneidern Ihre Hochzeitsextras ganz nach Ihren Vorstellungen. Preise sind auf Anfrage erh\u00e4ltlich.  <\/p>\n<p><strong>Hochzeitsunterhaltung \/ Extras Unterhaltung<\/strong><\/p>\n<p>Warum lassen Sie den Abend nicht in unserem Partyraum mit Ihrem eigenen DJ ausklingen? Wir k\u00f6nnen Ihnen auch andere Unterhaltungsm\u00f6glichkeiten wie eine Live-Band, S\u00e4nger, griechische T\u00e4nzer und sogar Karaoke anbieten. <\/p>\n<p>Wir k\u00f6nnen Ihnen auch einen Harfenspieler, ein Cello oder eine Geige zur Verf\u00fcgung stellen, w\u00e4hrend Sie zum Altar schreiten und Ihr Gel\u00fcbde in der Sonne Zyperns ablegen.<\/p>\n","protected":false},"excerpt":{"rendered":"<p>Wir k\u00f6nnen alle Extras f\u00fcr Ihre Hochzeit organisieren, von den Brautblumen \u00fcber die Hochzeitstorte bis hin zu Frisur und Make-up und nat\u00fcrlich der Fotografie. Mit unserem erfahrenen Team von Lieferanten h\u00f6ren wir uns Ihre Ideen an und schneidern Ihre Hochzeitsextras ganz nach Ihren Vorstellungen. Preise sind auf Anfrage erh\u00e4ltlich. Hochzeitsunterhaltung \/ Extras Unterhaltung Warum lassen<\/p>\n","protected":false},"author":12,"featured_media":17433,"parent":1831,"menu_order":0,"comment_status":"closed","ping_status":"closed","template":"","meta":{"_acf_changed":false,"footnotes":""},"class_list":["post-1854","page","type-page","status-publish","has-post-thumbnail","hentry"],"acf":[],"yoast_head":"<!-- This site is optimized with the Yoast SEO plugin v27.5 - https:\/\/yoast.com\/product\/yoast-seo-wordpress\/ -->\n<title>Hochzeit Extras - Athena Beach Hotel<\/title>\n<meta name=\"description\" content=\"Das Athena Beach Hotel by Constantinou Bros bietet gl\u00fccklichen Paaren alle Extras f\u00fcr die m\u00e4rchenhaftesten Hochzeiten in Paphos, Zypern.\" \/>\n<meta name=\"robots\" content=\"index, follow, max-snippet:-1, max-image-preview:large, max-video-preview:-1\" \/>\n<link rel=\"canonical\" href=\"https:\/\/www.athena-cbh.com\/de\/hochzeiten\/hochzeits-extras\/\" \/>\n<meta property=\"og:locale\" content=\"de_DE\" \/>\n<meta property=\"og:type\" content=\"article\" \/>\n<meta property=\"og:title\" content=\"Hochzeit Extras - Athena Beach Hotel\" \/>\n<meta property=\"og:description\" content=\"Das Athena Beach Hotel by Constantinou Bros bietet gl\u00fccklichen Paaren alle Extras f\u00fcr die m\u00e4rchenhaftesten Hochzeiten in Paphos, Zypern.\" \/>\n<meta property=\"og:url\" content=\"https:\/\/www.athena-cbh.com\/de\/hochzeiten\/hochzeits-extras\/\" \/>\n<meta property=\"og:site_name\" content=\"Athena Beach Hotel\" \/>\n<meta property=\"article:modified_time\" content=\"2025-07-14T12:34:04+00:00\" \/>\n<meta property=\"og:image\" content=\"https:\/\/www.athena-cbh.com\/app\/uploads\/sites\/20\/2024\/01\/792-scaled.jpg\" \/>\n\t<meta property=\"og:image:width\" content=\"2560\" \/>\n\t<meta property=\"og:image:height\" content=\"1706\" \/>\n\t<meta property=\"og:image:type\" content=\"image\/jpeg\" \/>\n<meta name=\"twitter:card\" content=\"summary_large_image\" \/>\n<meta name=\"twitter:label1\" content=\"Gesch\u00e4tzte Lesezeit\" \/>\n\t<meta name=\"twitter:data1\" content=\"1\u00a0Minute\" \/>\n<script type=\"application\/ld+json\" class=\"yoast-schema-graph\">{\"@context\":\"https:\\\/\\\/schema.org\",\"@graph\":[{\"@type\":\"WebPage\",\"@id\":\"https:\\\/\\\/www.athena-cbh.com\\\/de\\\/hochzeiten\\\/hochzeits-extras\\\/\",\"url\":\"https:\\\/\\\/www.athena-cbh.com\\\/de\\\/hochzeiten\\\/hochzeits-extras\\\/\",\"name\":\"Hochzeit Extras - Athena Beach Hotel\",\"isPartOf\":{\"@id\":\"https:\\\/\\\/www.athena-cbh.com\\\/de\\\/#website\"},\"primaryImageOfPage\":{\"@id\":\"https:\\\/\\\/www.athena-cbh.com\\\/de\\\/hochzeiten\\\/hochzeits-extras\\\/#primaryimage\"},\"image\":{\"@id\":\"https:\\\/\\\/www.athena-cbh.com\\\/de\\\/hochzeiten\\\/hochzeits-extras\\\/#primaryimage\"},\"thumbnailUrl\":\"https:\\\/\\\/www.athena-cbh.com\\\/app\\\/uploads\\\/sites\\\/20\\\/2024\\\/01\\\/792-scaled.jpg\",\"datePublished\":\"2019-07-17T13:48:48+00:00\",\"dateModified\":\"2025-07-14T12:34:04+00:00\",\"description\":\"Das Athena Beach Hotel by Constantinou Bros bietet gl\u00fccklichen Paaren alle Extras f\u00fcr die m\u00e4rchenhaftesten Hochzeiten in Paphos, Zypern.\",\"breadcrumb\":{\"@id\":\"https:\\\/\\\/www.athena-cbh.com\\\/de\\\/hochzeiten\\\/hochzeits-extras\\\/#breadcrumb\"},\"inLanguage\":\"de\",\"potentialAction\":[{\"@type\":\"ReadAction\",\"target\":[\"https:\\\/\\\/www.athena-cbh.com\\\/de\\\/hochzeiten\\\/hochzeits-extras\\\/\"]}]},{\"@type\":\"ImageObject\",\"inLanguage\":\"de\",\"@id\":\"https:\\\/\\\/www.athena-cbh.com\\\/de\\\/hochzeiten\\\/hochzeits-extras\\\/#primaryimage\",\"url\":\"https:\\\/\\\/www.athena-cbh.com\\\/app\\\/uploads\\\/sites\\\/20\\\/2024\\\/01\\\/792-scaled.jpg\",\"contentUrl\":\"https:\\\/\\\/www.athena-cbh.com\\\/app\\\/uploads\\\/sites\\\/20\\\/2024\\\/01\\\/792-scaled.jpg\",\"width\":2560,\"height\":1706},{\"@type\":\"BreadcrumbList\",\"@id\":\"https:\\\/\\\/www.athena-cbh.com\\\/de\\\/hochzeiten\\\/hochzeits-extras\\\/#breadcrumb\",\"itemListElement\":[{\"@type\":\"ListItem\",\"position\":1,\"name\":\"Home\",\"item\":\"https:\\\/\\\/www.athena-cbh.com\\\/de\\\/\"},{\"@type\":\"ListItem\",\"position\":2,\"name\":\"Hochzeiten\",\"item\":\"https:\\\/\\\/www.athena-cbh.com\\\/de\\\/hochzeiten\\\/\"},{\"@type\":\"ListItem\",\"position\":3,\"name\":\"Hochzeit Extras\"}]},{\"@type\":\"WebSite\",\"@id\":\"https:\\\/\\\/www.athena-cbh.com\\\/de\\\/#website\",\"url\":\"https:\\\/\\\/www.athena-cbh.com\\\/de\\\/\",\"name\":\"Athena Beach Hotel\",\"description\":\"Constantinou Bros Athena Beach Hotel, 4 star hotel in Paphos Cyprus\",\"potentialAction\":[{\"@type\":\"SearchAction\",\"target\":{\"@type\":\"EntryPoint\",\"urlTemplate\":\"https:\\\/\\\/www.athena-cbh.com\\\/de\\\/?s={search_term_string}\"},\"query-input\":{\"@type\":\"PropertyValueSpecification\",\"valueRequired\":true,\"valueName\":\"search_term_string\"}}],\"inLanguage\":\"de\"}]}<\/script>\n<!-- \/ Yoast SEO plugin. -->","yoast_head_json":{"title":"Hochzeit Extras - Athena Beach Hotel","description":"Das Athena Beach Hotel by Constantinou Bros bietet gl\u00fccklichen Paaren alle Extras f\u00fcr die m\u00e4rchenhaftesten Hochzeiten in Paphos, Zypern.","robots":{"index":"index","follow":"follow","max-snippet":"max-snippet:-1","max-image-preview":"max-image-preview:large","max-video-preview":"max-video-preview:-1"},"canonical":"https:\/\/www.athena-cbh.com\/de\/hochzeiten\/hochzeits-extras\/","og_locale":"de_DE","og_type":"article","og_title":"Hochzeit Extras - Athena Beach Hotel","og_description":"Das Athena Beach Hotel by Constantinou Bros bietet gl\u00fccklichen Paaren alle Extras f\u00fcr die m\u00e4rchenhaftesten Hochzeiten in Paphos, Zypern.","og_url":"https:\/\/www.athena-cbh.com\/de\/hochzeiten\/hochzeits-extras\/","og_site_name":"Athena Beach Hotel","article_modified_time":"2025-07-14T12:34:04+00:00","og_image":[{"width":2560,"height":1706,"url":"https:\/\/www.athena-cbh.com\/app\/uploads\/sites\/20\/2024\/01\/792-scaled.jpg","type":"image\/jpeg"}],"twitter_card":"summary_large_image","twitter_misc":{"Gesch\u00e4tzte Lesezeit":"1\u00a0Minute"},"schema":{"@context":"https:\/\/schema.org","@graph":[{"@type":"WebPage","@id":"https:\/\/www.athena-cbh.com\/de\/hochzeiten\/hochzeits-extras\/","url":"https:\/\/www.athena-cbh.com\/de\/hochzeiten\/hochzeits-extras\/","name":"Hochzeit Extras - Athena Beach Hotel","isPartOf":{"@id":"https:\/\/www.athena-cbh.com\/de\/#website"},"primaryImageOfPage":{"@id":"https:\/\/www.athena-cbh.com\/de\/hochzeiten\/hochzeits-extras\/#primaryimage"},"image":{"@id":"https:\/\/www.athena-cbh.com\/de\/hochzeiten\/hochzeits-extras\/#primaryimage"},"thumbnailUrl":"https:\/\/www.athena-cbh.com\/app\/uploads\/sites\/20\/2024\/01\/792-scaled.jpg","datePublished":"2019-07-17T13:48:48+00:00","dateModified":"2025-07-14T12:34:04+00:00","description":"Das Athena Beach Hotel by Constantinou Bros bietet gl\u00fccklichen Paaren alle Extras f\u00fcr die m\u00e4rchenhaftesten Hochzeiten in Paphos, Zypern.","breadcrumb":{"@id":"https:\/\/www.athena-cbh.com\/de\/hochzeiten\/hochzeits-extras\/#breadcrumb"},"inLanguage":"de","potentialAction":[{"@type":"ReadAction","target":["https:\/\/www.athena-cbh.com\/de\/hochzeiten\/hochzeits-extras\/"]}]},{"@type":"ImageObject","inLanguage":"de","@id":"https:\/\/www.athena-cbh.com\/de\/hochzeiten\/hochzeits-extras\/#primaryimage","url":"https:\/\/www.athena-cbh.com\/app\/uploads\/sites\/20\/2024\/01\/792-scaled.jpg","contentUrl":"https:\/\/www.athena-cbh.com\/app\/uploads\/sites\/20\/2024\/01\/792-scaled.jpg","width":2560,"height":1706},{"@type":"BreadcrumbList","@id":"https:\/\/www.athena-cbh.com\/de\/hochzeiten\/hochzeits-extras\/#breadcrumb","itemListElement":[{"@type":"ListItem","position":1,"name":"Home","item":"https:\/\/www.athena-cbh.com\/de\/"},{"@type":"ListItem","position":2,"name":"Hochzeiten","item":"https:\/\/www.athena-cbh.com\/de\/hochzeiten\/"},{"@type":"ListItem","position":3,"name":"Hochzeit Extras"}]},{"@type":"WebSite","@id":"https:\/\/www.athena-cbh.com\/de\/#website","url":"https:\/\/www.athena-cbh.com\/de\/","name":"Athena Beach Hotel","description":"Constantinou Bros Athena Beach Hotel, 4 star hotel in Paphos Cyprus","potentialAction":[{"@type":"SearchAction","target":{"@type":"EntryPoint","urlTemplate":"https:\/\/www.athena-cbh.com\/de\/?s={search_term_string}"},"query-input":{"@type":"PropertyValueSpecification","valueRequired":true,"valueName":"search_term_string"}}],"inLanguage":"de"}]}},"_links":{"self":[{"href":"https:\/\/www.athena-cbh.com\/de\/wp-json\/wp\/v2\/pages\/1854","targetHints":{"allow":["GET"]}}],"collection":[{"href":"https:\/\/www.athena-cbh.com\/de\/wp-json\/wp\/v2\/pages"}],"about":[{"href":"https:\/\/www.athena-cbh.com\/de\/wp-json\/wp\/v2\/types\/page"}],"author":[{"embeddable":true,"href":"https:\/\/www.athena-cbh.com\/de\/wp-json\/wp\/v2\/users\/12"}],"replies":[{"embeddable":true,"href":"https:\/\/www.athena-cbh.com\/de\/wp-json\/wp\/v2\/comments?post=1854"}],"version-history":[{"count":8,"href":"https:\/\/www.athena-cbh.com\/de\/wp-json\/wp\/v2\/pages\/1854\/revisions"}],"predecessor-version":[{"id":22266,"href":"https:\/\/www.athena-cbh.com\/de\/wp-json\/wp\/v2\/pages\/1854\/revisions\/22266"}],"up":[{"embeddable":true,"href":"https:\/\/www.athena-cbh.com\/de\/wp-json\/wp\/v2\/pages\/1831"}],"wp:featuredmedia":[{"embeddable":true,"href":"https:\/\/www.athena-cbh.com\/de\/wp-json\/wp\/v2\/media\/17433"}],"wp:attachment":[{"href":"https:\/\/www.athena-cbh.com\/de\/wp-json\/wp\/v2\/media?parent=1854"}],"curies":[{"name":"wp","href":"https:\/\/api.w.org\/{rel}","templated":true}]}}