{"id":18532,"date":"2024-07-22T17:24:02","date_gmt":"2024-07-22T14:24:02","guid":{"rendered":"https:\/\/www.athena-cbh.com\/aktivitat-urlaub\/"},"modified":"2024-09-16T18:57:00","modified_gmt":"2024-09-16T15:57:00","slug":"aktivitat-urlaub","status":"publish","type":"page","link":"https:\/\/www.athena-cbh.com\/de\/aktivitat-urlaub\/","title":{"rendered":"Aktivit\u00e4t Urlaub"},"content":{"rendered":"<p>Wenn Sie zu den Reisenden geh\u00f6ren, die in ihrem Urlaub ein wenig Aufregung suchen, wird es Sie freuen zu h\u00f6ren, dass Sie im Athena Beach Hotel den aufregendsten Aktivurlaub auf Zypern erleben k\u00f6nnen.<br \/>\nUnser Hotel am Strand von Paphos verf\u00fcgt \u00fcber spezielle Einrichtungen, die Ihnen die Art von Aktivurlaub auf Zypern erm\u00f6glichen, nach der Sie gesucht haben.<br \/>\nOb Radfahren, Boccia oder Golf &#8211; Sie k\u00f6nnen sicher sein, dass Sie w\u00e4hrend Ihres Aufenthalts im Athena Beach Hotel viel zu tun haben und Ihre Zeit in vollen Z\u00fcgen genie\u00dfen werden.<br \/>\nDar\u00fcber hinaus ist unser Hotel strategisch g\u00fcnstig gelegen und befindet sich direkt am Strand.<br \/>\nDas bedeutet, dass Sie jeden Tag und zu jeder Zeit am Strand spazieren gehen oder laufen k\u00f6nnen. Au\u00dferdem k\u00f6nnen Sie unsere Lage als Ausgangspunkt nutzen, um die Umgebung zu erkunden und an abenteuerlichen Aktivurlauben auf Zypern teilzunehmen, die Teil der Erkundung der gr\u00f6\u00dferen Region von Paphos sind.<\/p>\n","protected":false},"excerpt":{"rendered":"<p>Wenn Sie zu den Reisenden geh\u00f6ren, die in ihrem Urlaub ein wenig Aufregung suchen, wird es Sie freuen zu h\u00f6ren, dass Sie im Athena Beach Hotel den aufregendsten Aktivurlaub auf Zypern erleben k\u00f6nnen. Unser Hotel am Strand von Paphos verf\u00fcgt \u00fcber spezielle Einrichtungen, die Ihnen die Art von Aktivurlaub auf Zypern erm\u00f6glichen, nach der Sie<\/p>\n","protected":false},"author":100,"featured_media":11307,"parent":0,"menu_order":0,"comment_status":"closed","ping_status":"closed","template":"page-templates\/simple-list.php","meta":{"_acf_changed":false,"footnotes":""},"class_list":["post-18532","page","type-page","status-publish","has-post-thumbnail","hentry"],"acf":[],"yoast_head":"<!-- This site is optimized with the Yoast SEO plugin v27.5 - https:\/\/yoast.com\/product\/yoast-seo-wordpress\/ -->\n<title>Paphos Hotel f\u00fcr Aktivurlaub auf Zypern | Athena Beach Hotel<\/title>\n<meta name=\"description\" content=\"Das Athena Beach Hotel by Constantinou Bros ist ein fabelhaftes Hotel am Strand von Paphos, das seinen G\u00e4sten die M\u00f6glichkeit bietet, einen aktiven Urlaub auf Zypern zu verbringen.\" \/>\n<meta name=\"robots\" content=\"index, follow, max-snippet:-1, max-image-preview:large, max-video-preview:-1\" \/>\n<link rel=\"canonical\" href=\"https:\/\/www.athena-cbh.com\/de\/aktivitat-urlaub\/\" \/>\n<meta property=\"og:locale\" content=\"de_DE\" \/>\n<meta property=\"og:type\" content=\"article\" \/>\n<meta property=\"og:title\" content=\"Paphos Hotel f\u00fcr Aktivurlaub auf Zypern | Athena Beach Hotel\" \/>\n<meta property=\"og:description\" content=\"Das Athena Beach Hotel by Constantinou Bros ist ein fabelhaftes Hotel am Strand von Paphos, das seinen G\u00e4sten die M\u00f6glichkeit bietet, einen aktiven Urlaub auf Zypern zu verbringen.\" \/>\n<meta property=\"og:url\" content=\"https:\/\/www.athena-cbh.com\/de\/aktivitat-urlaub\/\" \/>\n<meta property=\"og:site_name\" content=\"Athena Beach Hotel\" \/>\n<meta property=\"article:modified_time\" content=\"2024-09-16T15:57:00+00:00\" \/>\n<meta property=\"og:image\" content=\"https:\/\/www.athena-cbh.com\/app\/uploads\/sites\/20\/2022\/07\/86-ATHENA-BEACH-HOTEL-BIKE-ROOM-scaled.jpg\" \/>\n\t<meta property=\"og:image:width\" content=\"2560\" \/>\n\t<meta property=\"og:image:height\" content=\"1707\" \/>\n\t<meta property=\"og:image:type\" content=\"image\/jpeg\" \/>\n<meta name=\"twitter:card\" content=\"summary_large_image\" \/>\n<meta name=\"twitter:label1\" content=\"Gesch\u00e4tzte Lesezeit\" \/>\n\t<meta name=\"twitter:data1\" content=\"1\u00a0Minute\" \/>\n<script type=\"application\/ld+json\" class=\"yoast-schema-graph\">{\"@context\":\"https:\\\/\\\/schema.org\",\"@graph\":[{\"@type\":\"WebPage\",\"@id\":\"https:\\\/\\\/www.athena-cbh.com\\\/de\\\/aktivitat-urlaub\\\/\",\"url\":\"https:\\\/\\\/www.athena-cbh.com\\\/de\\\/aktivitat-urlaub\\\/\",\"name\":\"Paphos Hotel f\u00fcr Aktivurlaub auf Zypern | Athena Beach Hotel\",\"isPartOf\":{\"@id\":\"https:\\\/\\\/www.athena-cbh.com\\\/de\\\/#website\"},\"primaryImageOfPage\":{\"@id\":\"https:\\\/\\\/www.athena-cbh.com\\\/de\\\/aktivitat-urlaub\\\/#primaryimage\"},\"image\":{\"@id\":\"https:\\\/\\\/www.athena-cbh.com\\\/de\\\/aktivitat-urlaub\\\/#primaryimage\"},\"thumbnailUrl\":\"https:\\\/\\\/www.athena-cbh.com\\\/app\\\/uploads\\\/sites\\\/20\\\/2022\\\/07\\\/86-ATHENA-BEACH-HOTEL-BIKE-ROOM-scaled.jpg\",\"datePublished\":\"2024-07-22T14:24:02+00:00\",\"dateModified\":\"2024-09-16T15:57:00+00:00\",\"description\":\"Das Athena Beach Hotel by Constantinou Bros ist ein fabelhaftes Hotel am Strand von Paphos, das seinen G\u00e4sten die M\u00f6glichkeit bietet, einen aktiven Urlaub auf Zypern zu verbringen.\",\"breadcrumb\":{\"@id\":\"https:\\\/\\\/www.athena-cbh.com\\\/de\\\/aktivitat-urlaub\\\/#breadcrumb\"},\"inLanguage\":\"de\",\"potentialAction\":[{\"@type\":\"ReadAction\",\"target\":[\"https:\\\/\\\/www.athena-cbh.com\\\/de\\\/aktivitat-urlaub\\\/\"]}]},{\"@type\":\"ImageObject\",\"inLanguage\":\"de\",\"@id\":\"https:\\\/\\\/www.athena-cbh.com\\\/de\\\/aktivitat-urlaub\\\/#primaryimage\",\"url\":\"https:\\\/\\\/www.athena-cbh.com\\\/app\\\/uploads\\\/sites\\\/20\\\/2022\\\/07\\\/86-ATHENA-BEACH-HOTEL-BIKE-ROOM-scaled.jpg\",\"contentUrl\":\"https:\\\/\\\/www.athena-cbh.com\\\/app\\\/uploads\\\/sites\\\/20\\\/2022\\\/07\\\/86-ATHENA-BEACH-HOTEL-BIKE-ROOM-scaled.jpg\",\"width\":2560,\"height\":1707},{\"@type\":\"BreadcrumbList\",\"@id\":\"https:\\\/\\\/www.athena-cbh.com\\\/de\\\/aktivitat-urlaub\\\/#breadcrumb\",\"itemListElement\":[{\"@type\":\"ListItem\",\"position\":1,\"name\":\"Home\",\"item\":\"https:\\\/\\\/www.athena-cbh.com\\\/de\\\/\"},{\"@type\":\"ListItem\",\"position\":2,\"name\":\"Aktivit\u00e4t Urlaub\"}]},{\"@type\":\"WebSite\",\"@id\":\"https:\\\/\\\/www.athena-cbh.com\\\/de\\\/#website\",\"url\":\"https:\\\/\\\/www.athena-cbh.com\\\/de\\\/\",\"name\":\"Athena Beach Hotel\",\"description\":\"Constantinou Bros Athena Beach Hotel, 4 star hotel in Paphos Cyprus\",\"potentialAction\":[{\"@type\":\"SearchAction\",\"target\":{\"@type\":\"EntryPoint\",\"urlTemplate\":\"https:\\\/\\\/www.athena-cbh.com\\\/de\\\/?s={search_term_string}\"},\"query-input\":{\"@type\":\"PropertyValueSpecification\",\"valueRequired\":true,\"valueName\":\"search_term_string\"}}],\"inLanguage\":\"de\"}]}<\/script>\n<!-- \/ Yoast SEO plugin. -->","yoast_head_json":{"title":"Paphos Hotel f\u00fcr Aktivurlaub auf Zypern | Athena Beach Hotel","description":"Das Athena Beach Hotel by Constantinou Bros ist ein fabelhaftes Hotel am Strand von Paphos, das seinen G\u00e4sten die M\u00f6glichkeit bietet, einen aktiven Urlaub auf Zypern zu verbringen.","robots":{"index":"index","follow":"follow","max-snippet":"max-snippet:-1","max-image-preview":"max-image-preview:large","max-video-preview":"max-video-preview:-1"},"canonical":"https:\/\/www.athena-cbh.com\/de\/aktivitat-urlaub\/","og_locale":"de_DE","og_type":"article","og_title":"Paphos Hotel f\u00fcr Aktivurlaub auf Zypern | Athena Beach Hotel","og_description":"Das Athena Beach Hotel by Constantinou Bros ist ein fabelhaftes Hotel am Strand von Paphos, das seinen G\u00e4sten die M\u00f6glichkeit bietet, einen aktiven Urlaub auf Zypern zu verbringen.","og_url":"https:\/\/www.athena-cbh.com\/de\/aktivitat-urlaub\/","og_site_name":"Athena Beach Hotel","article_modified_time":"2024-09-16T15:57:00+00:00","og_image":[{"width":2560,"height":1707,"url":"https:\/\/www.athena-cbh.com\/app\/uploads\/sites\/20\/2022\/07\/86-ATHENA-BEACH-HOTEL-BIKE-ROOM-scaled.jpg","type":"image\/jpeg"}],"twitter_card":"summary_large_image","twitter_misc":{"Gesch\u00e4tzte Lesezeit":"1\u00a0Minute"},"schema":{"@context":"https:\/\/schema.org","@graph":[{"@type":"WebPage","@id":"https:\/\/www.athena-cbh.com\/de\/aktivitat-urlaub\/","url":"https:\/\/www.athena-cbh.com\/de\/aktivitat-urlaub\/","name":"Paphos Hotel f\u00fcr Aktivurlaub auf Zypern | Athena Beach Hotel","isPartOf":{"@id":"https:\/\/www.athena-cbh.com\/de\/#website"},"primaryImageOfPage":{"@id":"https:\/\/www.athena-cbh.com\/de\/aktivitat-urlaub\/#primaryimage"},"image":{"@id":"https:\/\/www.athena-cbh.com\/de\/aktivitat-urlaub\/#primaryimage"},"thumbnailUrl":"https:\/\/www.athena-cbh.com\/app\/uploads\/sites\/20\/2022\/07\/86-ATHENA-BEACH-HOTEL-BIKE-ROOM-scaled.jpg","datePublished":"2024-07-22T14:24:02+00:00","dateModified":"2024-09-16T15:57:00+00:00","description":"Das Athena Beach Hotel by Constantinou Bros ist ein fabelhaftes Hotel am Strand von Paphos, das seinen G\u00e4sten die M\u00f6glichkeit bietet, einen aktiven Urlaub auf Zypern zu verbringen.","breadcrumb":{"@id":"https:\/\/www.athena-cbh.com\/de\/aktivitat-urlaub\/#breadcrumb"},"inLanguage":"de","potentialAction":[{"@type":"ReadAction","target":["https:\/\/www.athena-cbh.com\/de\/aktivitat-urlaub\/"]}]},{"@type":"ImageObject","inLanguage":"de","@id":"https:\/\/www.athena-cbh.com\/de\/aktivitat-urlaub\/#primaryimage","url":"https:\/\/www.athena-cbh.com\/app\/uploads\/sites\/20\/2022\/07\/86-ATHENA-BEACH-HOTEL-BIKE-ROOM-scaled.jpg","contentUrl":"https:\/\/www.athena-cbh.com\/app\/uploads\/sites\/20\/2022\/07\/86-ATHENA-BEACH-HOTEL-BIKE-ROOM-scaled.jpg","width":2560,"height":1707},{"@type":"BreadcrumbList","@id":"https:\/\/www.athena-cbh.com\/de\/aktivitat-urlaub\/#breadcrumb","itemListElement":[{"@type":"ListItem","position":1,"name":"Home","item":"https:\/\/www.athena-cbh.com\/de\/"},{"@type":"ListItem","position":2,"name":"Aktivit\u00e4t Urlaub"}]},{"@type":"WebSite","@id":"https:\/\/www.athena-cbh.com\/de\/#website","url":"https:\/\/www.athena-cbh.com\/de\/","name":"Athena Beach Hotel","description":"Constantinou Bros Athena Beach Hotel, 4 star hotel in Paphos Cyprus","potentialAction":[{"@type":"SearchAction","target":{"@type":"EntryPoint","urlTemplate":"https:\/\/www.athena-cbh.com\/de\/?s={search_term_string}"},"query-input":{"@type":"PropertyValueSpecification","valueRequired":true,"valueName":"search_term_string"}}],"inLanguage":"de"}]}},"_links":{"self":[{"href":"https:\/\/www.athena-cbh.com\/de\/wp-json\/wp\/v2\/pages\/18532","targetHints":{"allow":["GET"]}}],"collection":[{"href":"https:\/\/www.athena-cbh.com\/de\/wp-json\/wp\/v2\/pages"}],"about":[{"href":"https:\/\/www.athena-cbh.com\/de\/wp-json\/wp\/v2\/types\/page"}],"author":[{"embeddable":true,"href":"https:\/\/www.athena-cbh.com\/de\/wp-json\/wp\/v2\/users\/100"}],"replies":[{"embeddable":true,"href":"https:\/\/www.athena-cbh.com\/de\/wp-json\/wp\/v2\/comments?post=18532"}],"version-history":[{"count":1,"href":"https:\/\/www.athena-cbh.com\/de\/wp-json\/wp\/v2\/pages\/18532\/revisions"}],"predecessor-version":[{"id":20537,"href":"https:\/\/www.athena-cbh.com\/de\/wp-json\/wp\/v2\/pages\/18532\/revisions\/20537"}],"wp:featuredmedia":[{"embeddable":true,"href":"https:\/\/www.athena-cbh.com\/de\/wp-json\/wp\/v2\/media\/11307"}],"wp:attachment":[{"href":"https:\/\/www.athena-cbh.com\/de\/wp-json\/wp\/v2\/media?parent=18532"}],"curies":[{"name":"wp","href":"https:\/\/api.w.org\/{rel}","templated":true}]}}