{"id":18500,"date":"2024-07-22T17:23:57","date_gmt":"2024-07-22T14:23:57","guid":{"rendered":"https:\/\/www.athena-cbh.com\/fahrrad-urlaub\/"},"modified":"2024-09-16T18:57:08","modified_gmt":"2024-09-16T15:57:08","slug":"fahrrad-urlaub","status":"publish","type":"page","link":"https:\/\/www.athena-cbh.com\/de\/aktivitat-urlaub\/fahrrad-urlaub\/","title":{"rendered":"Radfahren Urlaub"},"content":{"rendered":"<p>Zypern bietet ein Rezept f\u00fcr perfekte Wetterbedingungen, die die Insel das ganze Jahr \u00fcber zu einem idealen Ort zum Radfahren machen.<br \/>\nEin Radurlaub ist die perfekte M\u00f6glichkeit, eine interessante und lohnende Freizeitbesch\u00e4ftigung auszu\u00fcben.<br \/>\nSowohl Profis als auch Amateure aus der ganzen Welt kommen hierher, um das ganze Jahr \u00fcber das hervorragende Wetter, die atemberaubende Landschaft und die kurzen und \u00fcberschaubaren Entfernungen zu nutzen.<br \/>\nSie k\u00f6nnen sich Ihre eigene Route zusammenstellen und dabei sowohl Land- oder Bergwege als auch Radwege entlang einiger der belebteren Stra\u00dfen in den St\u00e4dten nutzen.<br \/>\nEs ist unglaublich, vor allem in Paphos, wie Sie morgens in den Bergen und W\u00e4ldern und nachmittags wieder unten am kobaltblauen Meer sein k\u00f6nnen.<br \/>\nWarum mieten Sie sich nicht ein Fahrrad, das im Hotel gegen eine geringe Geb\u00fchr erh\u00e4ltlich ist, und begeben sich auf individuelle Fahrradtouren.<br \/>\nF\u00fcr weitere Informationen wenden Sie sich bitte an unsere Guest Relations-Abteilung.<br \/>\nAu\u00dferdem k\u00f6nnen die G\u00e4ste des Athena Beach Hotels einen sicheren, organisierten und ger\u00e4umigen Fahrradabstellraum nutzen, der kostenlos und exklusiv f\u00fcr die G\u00e4ste von Constantinou Bros Hotels zur Verf\u00fcgung steht. <strong>Einrichtungen verf\u00fcgbar<\/strong><\/p>\n<ul>\n<li>Spezieller Fahrradraum verf\u00fcgbar<\/li>\n<li>Athena Beach Hotel Fahrradabstellraum &#8211; Platz f\u00fcr bis zu 140 Fahrr\u00e4der<\/li>\n<li>Elektronisches Eingangsschloss, das \u00fcber einen pers\u00f6nlichen Code zug\u00e4nglich ist, der beim Einchecken mitgeteilt wird<\/li>\n<li>Zugang zu sicheren, individuellen Schuh- und Helmschlie\u00dff\u00e4chern mit dem pers\u00f6nlichen Schl\u00fcssel des Benutzers<\/li>\n<li>Sichere Lagerung mit CCTV<\/li>\n<li>Vor-Ort-Reparatur- und Wartungseinrichtungen und Luftpumpe<\/li>\n<li>Reinigungsm\u00f6glichkeiten f\u00fcr Fahrr\u00e4der<\/li>\n<li>In beiden Einrichtungen k\u00f6nnen Fahrr\u00e4der auf vertikalen und bodenmontierten St\u00e4ndern abgestellt werden.<\/li>\n<\/ul>\n<p>&nbsp;<\/p>\n","protected":false},"excerpt":{"rendered":"<p>Zypern bietet ein Rezept f\u00fcr perfekte Wetterbedingungen, die die Insel das ganze Jahr \u00fcber zu einem idealen Ort zum Radfahren machen. Ein Radurlaub ist die perfekte M\u00f6glichkeit, eine interessante und lohnende Freizeitbesch\u00e4ftigung auszu\u00fcben. Sowohl Profis als auch Amateure aus der ganzen Welt kommen hierher, um das ganze Jahr \u00fcber das hervorragende Wetter, die atemberaubende Landschaft<\/p>\n","protected":false},"author":100,"featured_media":11307,"parent":18532,"menu_order":0,"comment_status":"closed","ping_status":"closed","template":"","meta":{"_acf_changed":false,"footnotes":""},"class_list":["post-18500","page","type-page","status-publish","has-post-thumbnail","hentry"],"acf":[],"yoast_head":"<!-- This site is optimized with the Yoast SEO plugin v27.5 - https:\/\/yoast.com\/product\/yoast-seo-wordpress\/ -->\n<title>Radfahren Urlaub - Athena Beach Hotel<\/title>\n<meta name=\"description\" content=\"Das Athena Beach Hotel in Paphos bietet Radfahrern die M\u00f6glichkeit, ihre Lieblingsbesch\u00e4ftigung im Urlaub zu kombinieren.\" \/>\n<meta name=\"robots\" content=\"index, follow, max-snippet:-1, max-image-preview:large, max-video-preview:-1\" \/>\n<link rel=\"canonical\" href=\"https:\/\/www.athena-cbh.com\/de\/aktivitat-urlaub\/fahrrad-urlaub\/\" \/>\n<meta property=\"og:locale\" content=\"de_DE\" \/>\n<meta property=\"og:type\" content=\"article\" \/>\n<meta property=\"og:title\" content=\"Radfahren Urlaub - Athena Beach Hotel\" \/>\n<meta property=\"og:description\" content=\"Das Athena Beach Hotel in Paphos bietet Radfahrern die M\u00f6glichkeit, ihre Lieblingsbesch\u00e4ftigung im Urlaub zu kombinieren.\" \/>\n<meta property=\"og:url\" content=\"https:\/\/www.athena-cbh.com\/de\/aktivitat-urlaub\/fahrrad-urlaub\/\" \/>\n<meta property=\"og:site_name\" content=\"Athena Beach Hotel\" \/>\n<meta property=\"article:modified_time\" content=\"2024-09-16T15:57:08+00:00\" \/>\n<meta property=\"og:image\" content=\"https:\/\/www.athena-cbh.com\/app\/uploads\/sites\/20\/2022\/07\/86-ATHENA-BEACH-HOTEL-BIKE-ROOM-scaled.jpg\" \/>\n\t<meta property=\"og:image:width\" content=\"2560\" \/>\n\t<meta property=\"og:image:height\" content=\"1707\" \/>\n\t<meta property=\"og:image:type\" content=\"image\/jpeg\" \/>\n<meta name=\"twitter:card\" content=\"summary_large_image\" \/>\n<meta name=\"twitter:label1\" content=\"Gesch\u00e4tzte Lesezeit\" \/>\n\t<meta name=\"twitter:data1\" content=\"2\u00a0Minuten\" \/>\n<script type=\"application\/ld+json\" class=\"yoast-schema-graph\">{\"@context\":\"https:\\\/\\\/schema.org\",\"@graph\":[{\"@type\":\"WebPage\",\"@id\":\"https:\\\/\\\/www.athena-cbh.com\\\/de\\\/aktivitat-urlaub\\\/fahrrad-urlaub\\\/\",\"url\":\"https:\\\/\\\/www.athena-cbh.com\\\/de\\\/aktivitat-urlaub\\\/fahrrad-urlaub\\\/\",\"name\":\"Radfahren Urlaub - Athena Beach Hotel\",\"isPartOf\":{\"@id\":\"https:\\\/\\\/www.athena-cbh.com\\\/de\\\/#website\"},\"primaryImageOfPage\":{\"@id\":\"https:\\\/\\\/www.athena-cbh.com\\\/de\\\/aktivitat-urlaub\\\/fahrrad-urlaub\\\/#primaryimage\"},\"image\":{\"@id\":\"https:\\\/\\\/www.athena-cbh.com\\\/de\\\/aktivitat-urlaub\\\/fahrrad-urlaub\\\/#primaryimage\"},\"thumbnailUrl\":\"https:\\\/\\\/www.athena-cbh.com\\\/app\\\/uploads\\\/sites\\\/20\\\/2022\\\/07\\\/86-ATHENA-BEACH-HOTEL-BIKE-ROOM-scaled.jpg\",\"datePublished\":\"2024-07-22T14:23:57+00:00\",\"dateModified\":\"2024-09-16T15:57:08+00:00\",\"description\":\"Das Athena Beach Hotel in Paphos bietet Radfahrern die M\u00f6glichkeit, ihre Lieblingsbesch\u00e4ftigung im Urlaub zu kombinieren.\",\"breadcrumb\":{\"@id\":\"https:\\\/\\\/www.athena-cbh.com\\\/de\\\/aktivitat-urlaub\\\/fahrrad-urlaub\\\/#breadcrumb\"},\"inLanguage\":\"de\",\"potentialAction\":[{\"@type\":\"ReadAction\",\"target\":[\"https:\\\/\\\/www.athena-cbh.com\\\/de\\\/aktivitat-urlaub\\\/fahrrad-urlaub\\\/\"]}]},{\"@type\":\"ImageObject\",\"inLanguage\":\"de\",\"@id\":\"https:\\\/\\\/www.athena-cbh.com\\\/de\\\/aktivitat-urlaub\\\/fahrrad-urlaub\\\/#primaryimage\",\"url\":\"https:\\\/\\\/www.athena-cbh.com\\\/app\\\/uploads\\\/sites\\\/20\\\/2022\\\/07\\\/86-ATHENA-BEACH-HOTEL-BIKE-ROOM-scaled.jpg\",\"contentUrl\":\"https:\\\/\\\/www.athena-cbh.com\\\/app\\\/uploads\\\/sites\\\/20\\\/2022\\\/07\\\/86-ATHENA-BEACH-HOTEL-BIKE-ROOM-scaled.jpg\",\"width\":2560,\"height\":1707},{\"@type\":\"BreadcrumbList\",\"@id\":\"https:\\\/\\\/www.athena-cbh.com\\\/de\\\/aktivitat-urlaub\\\/fahrrad-urlaub\\\/#breadcrumb\",\"itemListElement\":[{\"@type\":\"ListItem\",\"position\":1,\"name\":\"Home\",\"item\":\"https:\\\/\\\/www.athena-cbh.com\\\/de\\\/\"},{\"@type\":\"ListItem\",\"position\":2,\"name\":\"Aktivit\u00e4t Urlaub\",\"item\":\"https:\\\/\\\/www.athena-cbh.com\\\/de\\\/aktivitat-urlaub\\\/\"},{\"@type\":\"ListItem\",\"position\":3,\"name\":\"Radfahren Urlaub\"}]},{\"@type\":\"WebSite\",\"@id\":\"https:\\\/\\\/www.athena-cbh.com\\\/de\\\/#website\",\"url\":\"https:\\\/\\\/www.athena-cbh.com\\\/de\\\/\",\"name\":\"Athena Beach Hotel\",\"description\":\"Constantinou Bros Athena Beach Hotel, 4 star hotel in Paphos Cyprus\",\"potentialAction\":[{\"@type\":\"SearchAction\",\"target\":{\"@type\":\"EntryPoint\",\"urlTemplate\":\"https:\\\/\\\/www.athena-cbh.com\\\/de\\\/?s={search_term_string}\"},\"query-input\":{\"@type\":\"PropertyValueSpecification\",\"valueRequired\":true,\"valueName\":\"search_term_string\"}}],\"inLanguage\":\"de\"}]}<\/script>\n<!-- \/ Yoast SEO plugin. -->","yoast_head_json":{"title":"Radfahren Urlaub - Athena Beach Hotel","description":"Das Athena Beach Hotel in Paphos bietet Radfahrern die M\u00f6glichkeit, ihre Lieblingsbesch\u00e4ftigung im Urlaub zu kombinieren.","robots":{"index":"index","follow":"follow","max-snippet":"max-snippet:-1","max-image-preview":"max-image-preview:large","max-video-preview":"max-video-preview:-1"},"canonical":"https:\/\/www.athena-cbh.com\/de\/aktivitat-urlaub\/fahrrad-urlaub\/","og_locale":"de_DE","og_type":"article","og_title":"Radfahren Urlaub - Athena Beach Hotel","og_description":"Das Athena Beach Hotel in Paphos bietet Radfahrern die M\u00f6glichkeit, ihre Lieblingsbesch\u00e4ftigung im Urlaub zu kombinieren.","og_url":"https:\/\/www.athena-cbh.com\/de\/aktivitat-urlaub\/fahrrad-urlaub\/","og_site_name":"Athena Beach Hotel","article_modified_time":"2024-09-16T15:57:08+00:00","og_image":[{"width":2560,"height":1707,"url":"https:\/\/www.athena-cbh.com\/app\/uploads\/sites\/20\/2022\/07\/86-ATHENA-BEACH-HOTEL-BIKE-ROOM-scaled.jpg","type":"image\/jpeg"}],"twitter_card":"summary_large_image","twitter_misc":{"Gesch\u00e4tzte Lesezeit":"2\u00a0Minuten"},"schema":{"@context":"https:\/\/schema.org","@graph":[{"@type":"WebPage","@id":"https:\/\/www.athena-cbh.com\/de\/aktivitat-urlaub\/fahrrad-urlaub\/","url":"https:\/\/www.athena-cbh.com\/de\/aktivitat-urlaub\/fahrrad-urlaub\/","name":"Radfahren Urlaub - Athena Beach Hotel","isPartOf":{"@id":"https:\/\/www.athena-cbh.com\/de\/#website"},"primaryImageOfPage":{"@id":"https:\/\/www.athena-cbh.com\/de\/aktivitat-urlaub\/fahrrad-urlaub\/#primaryimage"},"image":{"@id":"https:\/\/www.athena-cbh.com\/de\/aktivitat-urlaub\/fahrrad-urlaub\/#primaryimage"},"thumbnailUrl":"https:\/\/www.athena-cbh.com\/app\/uploads\/sites\/20\/2022\/07\/86-ATHENA-BEACH-HOTEL-BIKE-ROOM-scaled.jpg","datePublished":"2024-07-22T14:23:57+00:00","dateModified":"2024-09-16T15:57:08+00:00","description":"Das Athena Beach Hotel in Paphos bietet Radfahrern die M\u00f6glichkeit, ihre Lieblingsbesch\u00e4ftigung im Urlaub zu kombinieren.","breadcrumb":{"@id":"https:\/\/www.athena-cbh.com\/de\/aktivitat-urlaub\/fahrrad-urlaub\/#breadcrumb"},"inLanguage":"de","potentialAction":[{"@type":"ReadAction","target":["https:\/\/www.athena-cbh.com\/de\/aktivitat-urlaub\/fahrrad-urlaub\/"]}]},{"@type":"ImageObject","inLanguage":"de","@id":"https:\/\/www.athena-cbh.com\/de\/aktivitat-urlaub\/fahrrad-urlaub\/#primaryimage","url":"https:\/\/www.athena-cbh.com\/app\/uploads\/sites\/20\/2022\/07\/86-ATHENA-BEACH-HOTEL-BIKE-ROOM-scaled.jpg","contentUrl":"https:\/\/www.athena-cbh.com\/app\/uploads\/sites\/20\/2022\/07\/86-ATHENA-BEACH-HOTEL-BIKE-ROOM-scaled.jpg","width":2560,"height":1707},{"@type":"BreadcrumbList","@id":"https:\/\/www.athena-cbh.com\/de\/aktivitat-urlaub\/fahrrad-urlaub\/#breadcrumb","itemListElement":[{"@type":"ListItem","position":1,"name":"Home","item":"https:\/\/www.athena-cbh.com\/de\/"},{"@type":"ListItem","position":2,"name":"Aktivit\u00e4t Urlaub","item":"https:\/\/www.athena-cbh.com\/de\/aktivitat-urlaub\/"},{"@type":"ListItem","position":3,"name":"Radfahren Urlaub"}]},{"@type":"WebSite","@id":"https:\/\/www.athena-cbh.com\/de\/#website","url":"https:\/\/www.athena-cbh.com\/de\/","name":"Athena Beach Hotel","description":"Constantinou Bros Athena Beach Hotel, 4 star hotel in Paphos Cyprus","potentialAction":[{"@type":"SearchAction","target":{"@type":"EntryPoint","urlTemplate":"https:\/\/www.athena-cbh.com\/de\/?s={search_term_string}"},"query-input":{"@type":"PropertyValueSpecification","valueRequired":true,"valueName":"search_term_string"}}],"inLanguage":"de"}]}},"_links":{"self":[{"href":"https:\/\/www.athena-cbh.com\/de\/wp-json\/wp\/v2\/pages\/18500","targetHints":{"allow":["GET"]}}],"collection":[{"href":"https:\/\/www.athena-cbh.com\/de\/wp-json\/wp\/v2\/pages"}],"about":[{"href":"https:\/\/www.athena-cbh.com\/de\/wp-json\/wp\/v2\/types\/page"}],"author":[{"embeddable":true,"href":"https:\/\/www.athena-cbh.com\/de\/wp-json\/wp\/v2\/users\/100"}],"replies":[{"embeddable":true,"href":"https:\/\/www.athena-cbh.com\/de\/wp-json\/wp\/v2\/comments?post=18500"}],"version-history":[{"count":1,"href":"https:\/\/www.athena-cbh.com\/de\/wp-json\/wp\/v2\/pages\/18500\/revisions"}],"predecessor-version":[{"id":18533,"href":"https:\/\/www.athena-cbh.com\/de\/wp-json\/wp\/v2\/pages\/18500\/revisions\/18533"}],"up":[{"embeddable":true,"href":"https:\/\/www.athena-cbh.com\/de\/wp-json\/wp\/v2\/pages\/18532"}],"wp:featuredmedia":[{"embeddable":true,"href":"https:\/\/www.athena-cbh.com\/de\/wp-json\/wp\/v2\/media\/11307"}],"wp:attachment":[{"href":"https:\/\/www.athena-cbh.com\/de\/wp-json\/wp\/v2\/media?parent=18500"}],"curies":[{"name":"wp","href":"https:\/\/api.w.org\/{rel}","templated":true}]}}