{"id":1831,"date":"2019-06-12T11:20:30","date_gmt":"2019-06-12T08:20:30","guid":{"rendered":"http:\/\/athena-cbh.cms4.nelios.com\/weddings\/"},"modified":"2025-07-14T15:33:03","modified_gmt":"2025-07-14T12:33:03","slug":"hochzeiten","status":"publish","type":"page","link":"https:\/\/www.athena-cbh.com\/de\/hochzeiten\/","title":{"rendered":"Hochzeiten"},"content":{"rendered":"<p>Geben Sie Ihr Eheversprechen auf der sonnenverw\u00f6hnten Insel Zypern, dem Geburtsort von Aphrodite, der G\u00f6ttin der Sch\u00f6nheit und der Liebe.<\/p>\n<p>Verst\u00e4ndlicherweise haben Sie von Ihrem gro\u00dfen Tag getr\u00e4umt und m\u00f6chten, dass alles perfekt ist. Zypern kann der perfekte Ort f\u00fcr Ihre Hochzeit sein: einfache Heiratsgesetze, bequeme Flugverbindungen zu allen gro\u00dfen europ\u00e4ischen St\u00e4dten, wunderbares mediterranes Klima, freundliche l\u00e4chelnde Menschen. Und wenn Sie die Entscheidung getroffen und die Fl\u00fcge gebucht haben, lassen Sie einfach das Hochzeitsteam von Constantinou Bros Hotels die ganze harte Arbeit f\u00fcr Sie erledigen.  <\/p>\n<p>Unser Team wird Ihnen bei der Organisation Ihres besonderen Tages helfen. Wenn Sie sich f\u00fcr Letzteres entscheiden, aber keine Lust auf das traditionelle Rathaus haben, k\u00f6nnen Sie zwischen unserem Veranstaltungsort direkt am Strand oder unserem Pavillon in den \u00fcppigen G\u00e4rten unseres Hotels w\u00e4hlen. <\/p>\n<p>Wir k\u00f6nnen fast alles f\u00fcr Sie erledigen: den notwendigen Papierkram organisieren, Blumen, Torte, Fotografie, Transport, Haar- und Sch\u00f6nheitsbehandlungen und nat\u00fcrlich die Hochzeitsfeier&#8230; was immer Sie wollen, wir k\u00fcmmern uns darum!<\/p>\n<p>Hei\u00dfen Sie Ihre G\u00e4ste in den entspannenden G\u00e4rten des Constantinou Bros Hotels willkommen und genie\u00dfen Sie den Empfang, den wir mit Ihrer Auswahl aus unseren k\u00f6stlichen Men\u00fcs vorbereiten werden. Nach Ihrem wunderbaren Empfangsdinner k\u00f6nnen Sie die Party in unserem \u00fcberdachten Partyraum fortsetzen, wo Sie mit unserem erfahrenen DJ die Nacht durchtanzen k\u00f6nnen. Beginnen Sie Ihr neues Leben in einem unserer luxuri\u00f6sen Zimmer oder Suiten und lassen Sie Ihre Traumhochzeit wahr werden.  <\/p>\n<p>Wenn Sie hingegen Ihr Ehegel\u00fcbde f\u00fcr die ewige Liebe bereits abgelegt haben, kommen Sie f\u00fcr unvergessliche Flitterwochen nach Zypern. Unsere komfortablen Zimmer und Suiten, die ausgezeichneten Freizeiteinrichtungen, die gute K\u00fcche und der aufmerksame Service werden dazu beitragen, dass Sie Ihre gl\u00fccklichsten Tage noch mehr genie\u00dfen k\u00f6nnen! <\/p>\n<div class=\"detailSections\">\n<div class=\"sidebarSection contentSection\">\n<p class=\"layerContent\">\n<\/div>\n<\/div>\n","protected":false},"excerpt":{"rendered":"<p>Geben Sie Ihr Eheversprechen auf der sonnenverw\u00f6hnten Insel Zypern, dem Geburtsort von Aphrodite, der G\u00f6ttin der Sch\u00f6nheit und der Liebe. Verst\u00e4ndlicherweise haben Sie von Ihrem gro\u00dfen Tag getr\u00e4umt und m\u00f6chten, dass alles perfekt ist. Zypern kann der perfekte Ort f\u00fcr Ihre Hochzeit sein: einfache Heiratsgesetze, bequeme Flugverbindungen zu allen gro\u00dfen europ\u00e4ischen St\u00e4dten, wunderbares mediterranes Klima,<\/p>\n","protected":false},"author":9,"featured_media":17342,"parent":0,"menu_order":0,"comment_status":"closed","ping_status":"closed","template":"page-templates\/simple-list.php","meta":{"_acf_changed":false,"footnotes":""},"class_list":["post-1831","page","type-page","status-publish","has-post-thumbnail","hentry"],"acf":[],"yoast_head":"<!-- This site is optimized with the Yoast SEO plugin v27.3 - https:\/\/yoast.com\/product\/yoast-seo-wordpress\/ -->\n<title>Luxuri\u00f6ses Paphos Hochzeitshotel am Strand || Athena Beach Hotel<\/title>\n<meta name=\"description\" content=\"Im Athena Beach Hotel by Constantinou Bros, einem Hochzeitshotel direkt am Strand von Paphos, bieten wir Ihnen unsere Dienstleistungen und unsere Lage am Meer f\u00fcr Ihren besonderen Tag an.\" \/>\n<meta name=\"robots\" content=\"index, follow, max-snippet:-1, max-image-preview:large, max-video-preview:-1\" \/>\n<link rel=\"canonical\" href=\"https:\/\/www.athena-cbh.com\/de\/hochzeiten\/\" \/>\n<meta property=\"og:locale\" content=\"de_DE\" \/>\n<meta property=\"og:type\" content=\"article\" \/>\n<meta property=\"og:title\" content=\"Luxuri\u00f6ses Paphos Hochzeitshotel am Strand || Athena Beach Hotel\" \/>\n<meta property=\"og:description\" content=\"Im Athena Beach Hotel by Constantinou Bros, einem Hochzeitshotel direkt am Strand von Paphos, bieten wir Ihnen unsere Dienstleistungen und unsere Lage am Meer f\u00fcr Ihren besonderen Tag an.\" \/>\n<meta property=\"og:url\" content=\"https:\/\/www.athena-cbh.com\/de\/hochzeiten\/\" \/>\n<meta property=\"og:site_name\" content=\"Athena Beach Hotel\" \/>\n<meta property=\"article:modified_time\" content=\"2025-07-14T12:33:03+00:00\" \/>\n<meta property=\"og:image\" content=\"https:\/\/www.athena-cbh.com\/app\/uploads\/sites\/20\/2024\/01\/91-ATHENA-BEACH-HOTL-ADONIS-WEDDING-GAZEBO-scaled.jpg\" \/>\n\t<meta property=\"og:image:width\" content=\"2560\" \/>\n\t<meta property=\"og:image:height\" content=\"1703\" \/>\n\t<meta property=\"og:image:type\" content=\"image\/jpeg\" \/>\n<meta name=\"twitter:card\" content=\"summary_large_image\" \/>\n<meta name=\"twitter:label1\" content=\"Gesch\u00e4tzte Lesezeit\" \/>\n\t<meta name=\"twitter:data1\" content=\"2\u00a0Minuten\" \/>\n<script type=\"application\/ld+json\" class=\"yoast-schema-graph\">{\"@context\":\"https:\\\/\\\/schema.org\",\"@graph\":[{\"@type\":\"WebPage\",\"@id\":\"https:\\\/\\\/www.athena-cbh.com\\\/de\\\/hochzeiten\\\/\",\"url\":\"https:\\\/\\\/www.athena-cbh.com\\\/de\\\/hochzeiten\\\/\",\"name\":\"Luxuri\u00f6ses Paphos Hochzeitshotel am Strand || Athena Beach Hotel\",\"isPartOf\":{\"@id\":\"https:\\\/\\\/www.athena-cbh.com\\\/de\\\/#website\"},\"primaryImageOfPage\":{\"@id\":\"https:\\\/\\\/www.athena-cbh.com\\\/de\\\/hochzeiten\\\/#primaryimage\"},\"image\":{\"@id\":\"https:\\\/\\\/www.athena-cbh.com\\\/de\\\/hochzeiten\\\/#primaryimage\"},\"thumbnailUrl\":\"https:\\\/\\\/www.athena-cbh.com\\\/app\\\/uploads\\\/sites\\\/20\\\/2024\\\/01\\\/91-ATHENA-BEACH-HOTL-ADONIS-WEDDING-GAZEBO-scaled.jpg\",\"datePublished\":\"2019-06-12T08:20:30+00:00\",\"dateModified\":\"2025-07-14T12:33:03+00:00\",\"description\":\"Im Athena Beach Hotel by Constantinou Bros, einem Hochzeitshotel direkt am Strand von Paphos, bieten wir Ihnen unsere Dienstleistungen und unsere Lage am Meer f\u00fcr Ihren besonderen Tag an.\",\"breadcrumb\":{\"@id\":\"https:\\\/\\\/www.athena-cbh.com\\\/de\\\/hochzeiten\\\/#breadcrumb\"},\"inLanguage\":\"de\",\"potentialAction\":[{\"@type\":\"ReadAction\",\"target\":[\"https:\\\/\\\/www.athena-cbh.com\\\/de\\\/hochzeiten\\\/\"]}]},{\"@type\":\"ImageObject\",\"inLanguage\":\"de\",\"@id\":\"https:\\\/\\\/www.athena-cbh.com\\\/de\\\/hochzeiten\\\/#primaryimage\",\"url\":\"https:\\\/\\\/www.athena-cbh.com\\\/app\\\/uploads\\\/sites\\\/20\\\/2024\\\/01\\\/91-ATHENA-BEACH-HOTL-ADONIS-WEDDING-GAZEBO-scaled.jpg\",\"contentUrl\":\"https:\\\/\\\/www.athena-cbh.com\\\/app\\\/uploads\\\/sites\\\/20\\\/2024\\\/01\\\/91-ATHENA-BEACH-HOTL-ADONIS-WEDDING-GAZEBO-scaled.jpg\",\"width\":2560,\"height\":1703},{\"@type\":\"BreadcrumbList\",\"@id\":\"https:\\\/\\\/www.athena-cbh.com\\\/de\\\/hochzeiten\\\/#breadcrumb\",\"itemListElement\":[{\"@type\":\"ListItem\",\"position\":1,\"name\":\"Home\",\"item\":\"https:\\\/\\\/www.athena-cbh.com\\\/de\\\/\"},{\"@type\":\"ListItem\",\"position\":2,\"name\":\"Hochzeiten\"}]},{\"@type\":\"WebSite\",\"@id\":\"https:\\\/\\\/www.athena-cbh.com\\\/de\\\/#website\",\"url\":\"https:\\\/\\\/www.athena-cbh.com\\\/de\\\/\",\"name\":\"Athena Beach Hotel\",\"description\":\"Constantinou Bros Athena Beach Hotel, 4 star hotel in Paphos Cyprus\",\"potentialAction\":[{\"@type\":\"SearchAction\",\"target\":{\"@type\":\"EntryPoint\",\"urlTemplate\":\"https:\\\/\\\/www.athena-cbh.com\\\/de\\\/?s={search_term_string}\"},\"query-input\":{\"@type\":\"PropertyValueSpecification\",\"valueRequired\":true,\"valueName\":\"search_term_string\"}}],\"inLanguage\":\"de\"}]}<\/script>\n<!-- \/ Yoast SEO plugin. -->","yoast_head_json":{"title":"Luxuri\u00f6ses Paphos Hochzeitshotel am Strand || Athena Beach Hotel","description":"Im Athena Beach Hotel by Constantinou Bros, einem Hochzeitshotel direkt am Strand von Paphos, bieten wir Ihnen unsere Dienstleistungen und unsere Lage am Meer f\u00fcr Ihren besonderen Tag an.","robots":{"index":"index","follow":"follow","max-snippet":"max-snippet:-1","max-image-preview":"max-image-preview:large","max-video-preview":"max-video-preview:-1"},"canonical":"https:\/\/www.athena-cbh.com\/de\/hochzeiten\/","og_locale":"de_DE","og_type":"article","og_title":"Luxuri\u00f6ses Paphos Hochzeitshotel am Strand || Athena Beach Hotel","og_description":"Im Athena Beach Hotel by Constantinou Bros, einem Hochzeitshotel direkt am Strand von Paphos, bieten wir Ihnen unsere Dienstleistungen und unsere Lage am Meer f\u00fcr Ihren besonderen Tag an.","og_url":"https:\/\/www.athena-cbh.com\/de\/hochzeiten\/","og_site_name":"Athena Beach Hotel","article_modified_time":"2025-07-14T12:33:03+00:00","og_image":[{"width":2560,"height":1703,"url":"https:\/\/www.athena-cbh.com\/app\/uploads\/sites\/20\/2024\/01\/91-ATHENA-BEACH-HOTL-ADONIS-WEDDING-GAZEBO-scaled.jpg","type":"image\/jpeg"}],"twitter_card":"summary_large_image","twitter_misc":{"Gesch\u00e4tzte Lesezeit":"2\u00a0Minuten"},"schema":{"@context":"https:\/\/schema.org","@graph":[{"@type":"WebPage","@id":"https:\/\/www.athena-cbh.com\/de\/hochzeiten\/","url":"https:\/\/www.athena-cbh.com\/de\/hochzeiten\/","name":"Luxuri\u00f6ses Paphos Hochzeitshotel am Strand || Athena Beach Hotel","isPartOf":{"@id":"https:\/\/www.athena-cbh.com\/de\/#website"},"primaryImageOfPage":{"@id":"https:\/\/www.athena-cbh.com\/de\/hochzeiten\/#primaryimage"},"image":{"@id":"https:\/\/www.athena-cbh.com\/de\/hochzeiten\/#primaryimage"},"thumbnailUrl":"https:\/\/www.athena-cbh.com\/app\/uploads\/sites\/20\/2024\/01\/91-ATHENA-BEACH-HOTL-ADONIS-WEDDING-GAZEBO-scaled.jpg","datePublished":"2019-06-12T08:20:30+00:00","dateModified":"2025-07-14T12:33:03+00:00","description":"Im Athena Beach Hotel by Constantinou Bros, einem Hochzeitshotel direkt am Strand von Paphos, bieten wir Ihnen unsere Dienstleistungen und unsere Lage am Meer f\u00fcr Ihren besonderen Tag an.","breadcrumb":{"@id":"https:\/\/www.athena-cbh.com\/de\/hochzeiten\/#breadcrumb"},"inLanguage":"de","potentialAction":[{"@type":"ReadAction","target":["https:\/\/www.athena-cbh.com\/de\/hochzeiten\/"]}]},{"@type":"ImageObject","inLanguage":"de","@id":"https:\/\/www.athena-cbh.com\/de\/hochzeiten\/#primaryimage","url":"https:\/\/www.athena-cbh.com\/app\/uploads\/sites\/20\/2024\/01\/91-ATHENA-BEACH-HOTL-ADONIS-WEDDING-GAZEBO-scaled.jpg","contentUrl":"https:\/\/www.athena-cbh.com\/app\/uploads\/sites\/20\/2024\/01\/91-ATHENA-BEACH-HOTL-ADONIS-WEDDING-GAZEBO-scaled.jpg","width":2560,"height":1703},{"@type":"BreadcrumbList","@id":"https:\/\/www.athena-cbh.com\/de\/hochzeiten\/#breadcrumb","itemListElement":[{"@type":"ListItem","position":1,"name":"Home","item":"https:\/\/www.athena-cbh.com\/de\/"},{"@type":"ListItem","position":2,"name":"Hochzeiten"}]},{"@type":"WebSite","@id":"https:\/\/www.athena-cbh.com\/de\/#website","url":"https:\/\/www.athena-cbh.com\/de\/","name":"Athena Beach Hotel","description":"Constantinou Bros Athena Beach Hotel, 4 star hotel in Paphos Cyprus","potentialAction":[{"@type":"SearchAction","target":{"@type":"EntryPoint","urlTemplate":"https:\/\/www.athena-cbh.com\/de\/?s={search_term_string}"},"query-input":{"@type":"PropertyValueSpecification","valueRequired":true,"valueName":"search_term_string"}}],"inLanguage":"de"}]}},"_links":{"self":[{"href":"https:\/\/www.athena-cbh.com\/de\/wp-json\/wp\/v2\/pages\/1831","targetHints":{"allow":["GET"]}}],"collection":[{"href":"https:\/\/www.athena-cbh.com\/de\/wp-json\/wp\/v2\/pages"}],"about":[{"href":"https:\/\/www.athena-cbh.com\/de\/wp-json\/wp\/v2\/types\/page"}],"author":[{"embeddable":true,"href":"https:\/\/www.athena-cbh.com\/de\/wp-json\/wp\/v2\/users\/9"}],"replies":[{"embeddable":true,"href":"https:\/\/www.athena-cbh.com\/de\/wp-json\/wp\/v2\/comments?post=1831"}],"version-history":[{"count":10,"href":"https:\/\/www.athena-cbh.com\/de\/wp-json\/wp\/v2\/pages\/1831\/revisions"}],"predecessor-version":[{"id":22261,"href":"https:\/\/www.athena-cbh.com\/de\/wp-json\/wp\/v2\/pages\/1831\/revisions\/22261"}],"wp:featuredmedia":[{"embeddable":true,"href":"https:\/\/www.athena-cbh.com\/de\/wp-json\/wp\/v2\/media\/17342"}],"wp:attachment":[{"href":"https:\/\/www.athena-cbh.com\/de\/wp-json\/wp\/v2\/media?parent=1831"}],"curies":[{"name":"wp","href":"https:\/\/api.w.org\/{rel}","templated":true}]}}