{"id":17820,"date":"2022-07-04T12:58:34","date_gmt":"2022-07-04T09:58:34","guid":{"rendered":"https:\/\/www.athena-cbh.com\/bowls-holidays\/"},"modified":"2026-03-27T12:47:10","modified_gmt":"2026-03-27T09:47:10","slug":"schalen-urlaub","status":"publish","type":"page","link":"https:\/\/www.athena-cbh.com\/de\/aktivitat-urlaub\/schalen-urlaub\/","title":{"rendered":"Sch\u00fcsseln Ferien"},"content":{"rendered":"<p>Die Constantinou Bros Hotels sind eine der beliebtesten Entscheidungen f\u00fcr einen Bowling-Urlaub unter der endlosen Sonne. Sie genie\u00dfen einen hervorragenden Ruf f\u00fcr ihre tadellosen Gr\u00fcns und waren Gastgeber f\u00fcr prestigetr\u00e4chtige internationale Bowling-Veranstaltungen &#8211; wie das Premier League Bowls Tournament, die Atlantic Championships und den World Champion of Champions &#8211; und sind stolz darauf, G\u00e4ste und Gruppen aus der ganzen Welt zu empfangen. Bowlingfans, ob Einzelpersonen oder Gruppen, k\u00f6nnen das Beste aus den spannenden Bowlingprogrammen machen, die von den Constantinou Bros Hotels Resident Bowls Coordinators angeboten werden. Dazu geh\u00f6ren Drives, Knock Outs, Fun Bowls und Bowlingkurse. Genie\u00dfen Sie einen herrlichen Urlaub und gleichzeitig Ihr Lieblingsspiel und \u00fcberlassen Sie alle Arrangements uns.  <\/p>\n<p>Wenn Sie gerne Bowling spielen, sind Zypern und die Constantinou Bros Hotels in Paphos das ideale Ziel f\u00fcr Ihren n\u00e4chsten Urlaub.<\/p>\n<p>Zypern, und insbesondere Paphos, bietet ein Klima mit besonders milden, warmen Wintern und strahlend hei\u00dfen Sommern, freundliche Menschen, eine vielf\u00e4ltige K\u00fcche, gro\u00dfartige historische Sehensw\u00fcrdigkeiten und arch\u00e4ologische St\u00e4tten sowie Bowling Greens auf h\u00f6chstem internationalem Niveau.<\/p>\n<p>Die Constantinou Bros Hotels liegen alle direkt am Strand und verf\u00fcgen \u00fcber eine Vielzahl von Einrichtungen und Annehmlichkeiten. Vor kurzem haben wir unsere Bowling-Anlagen erweitert, die damit die gr\u00f6\u00dften und beeindruckendsten in Europa au\u00dferhalb Gro\u00dfbritanniens sind. Es gibt 18 Full-Size-Bahnen und zus\u00e4tzlich 12 Indoor-Kurzmattenbahnen zwischen dem Athena Beach Hotel. <\/p>\n<p>Genie\u00dfen Sie einen herrlichen Urlaub und gleichzeitig Ihr Lieblingsspiel. \u00dcberlassen Sie uns alle Vorbereitungen und Ihnen das Vergn\u00fcgen!<\/p>\n<p>&nbsp;<\/p>\n<h5><strong>KOMMENDE EREIGNISSE<\/strong><\/h5>\n<p>&nbsp;<\/p>\n<p><strong>ATLANTISCHE SENIOREN VIERER 2027<\/strong><\/p>\n<hr data-start=\"88\" data-end=\"91\">\n<p data-start=\"93\" data-end=\"246\">Bowls Cyprus freut sich, in Zusammenarbeit mit <a href=\"http:\/\/www.cbh-cyprus.com\">Constantinou Bros Hotels<\/a> bekannt geben zu k\u00f6nnen, dass sie <a href=\"https:\/\/atlantic-senior-fours.com\/\">2027 erneut Gastgeber der Atlantic Senior Fours<\/a> sein werden.<\/p>\n<p data-start=\"248\" data-end=\"513\">Nach dem anhaltenden Erfolg der Veranstaltung im Jahr 2025, bei der Bowler aus der ganzen Welt nach Zypern kamen, um an diesem prestigetr\u00e4chtigen Bowlingturnier teilzunehmen, laufen bereits die Vorbereitungen f\u00fcr ein weiteres herausragendes Turnier.<\/p>\n<p data-start=\"515\" data-end=\"889\">Der Atlantic Senior Fours hat sich fest als wichtiges internationales Ereignis im Boccia-Kalender etabliert und zieht eine wachsende Zahl von Nationen, Teilnehmern und Unterst\u00fctzern an. Aufbauend auf dem Schwung fr\u00fcherer Ausgaben wird erwartet, dass die Veranstaltung 2027 eine noch gr\u00f6\u00dfere weltweite Beteiligung verzeichnen und ihren Ruf f\u00fcr hochwertige Wettk\u00e4mpfe und Gastfreundschaft weiter verbessern wird. <\/p>\n<p data-start=\"891\" data-end=\"1061\">Bowls Cyprus und Constantinou Bros Hotels freuen sich darauf, sowohl zur\u00fcckkehrende als auch neue Nationen im Jahr 2027 auf Zypern zu einem weiteren denkw\u00fcrdigen Turnier begr\u00fc\u00dfen zu d\u00fcrfen.<\/p>\n<p>&nbsp;<\/p>\n<h5><strong>VERGANGENE VERANSTALTUNGEN  <\/strong><\/h5>\n<hr data-start=\"88\" data-end=\"91\">\n<p><strong>ATLANTIC SENIOR FOURS 2025<\/strong><\/p>\n<p data-start=\"55\" data-end=\"228\">Bowls Cyprus hat in Zusammenarbeit mit Constantinou Bros Hotels von Samstag, den 29. November bis Samstag, den 13. Dezember 2025 erfolgreich das Atlantic Senior Fours Turnier ausgerichtet.<\/p>\n<p data-start=\"230\" data-end=\"705\">Nach dem \u00e4u\u00dferst erfolgreichen Atlantic Senior Fours 2023 erfreute sich die Veranstaltung 2025 eines gr\u00f6\u00dferen internationalen Interesses. An der Ausgabe 2023 nahmen 12 Nationen aus der ganzen Welt teil &#8211; die Tschechische Republik, Zypern, England, Guernsey, Jersey, die Norfolk-Inseln, Schottland, S\u00fcdafrika, die Schweiz, die USA, Wales und Simbabwe &#8211; mit mehr als 130 Teilnehmern und Unterst\u00fctzern, und die Veranstaltung 2025 baut auf dieser starken Grundlage auf. <\/p>\n<p data-start=\"707\" data-end=\"871\">Das Turnier hat seinen Ruf als f\u00fchrender internationaler Bowling-Wettbewerb weiter gefestigt und zieht eine wachsende Zahl von teilnehmenden Nationen und Wettbewerbern an.<\/p>\n<hr>\n<p><strong>ATLANTISCHE SENIOREN VIERER 2023<\/strong><\/p>\n<p>Bowls Cyprus freut sich, in Zusammenarbeit mit Constantinou Bros Hotels bekannt geben zu k\u00f6nnen, dass die mit Spannung erwartete internationale Veranstaltung, n\u00e4mlich der Atlantic Senior Fours, im Dezember 2023 im Constantinou Bros Athena Beach Hotel stattfinden wird.<\/p>\n<p>Der Wettbewerb l\u00e4uft vom 1. bis 12. Dezember 2023. F\u00fcr weitere Informationen, klicken Sie bitte auf den folgenden Link: <a href=\"https:\/\/www.atlantic-senior-fours.com\/\" target=\"_blank\" rel=\"noopener\">Atlantic Senior Vierer<\/a> <\/p>\n<p>** Das Constantinou Bros Athena Beach Hotel freut sich, den Zuschauern der Atlantic Senior bei Aufenthalten zwischen dem 1-12\/12\/2023 ein Pauschalangebot zu machen. Profitieren Sie von den unten aufgef\u00fchrten Vorteilen, wenn Sie den <strong>Buchungscode<\/strong> eingeben <strong>:<\/strong> <strong>138ATLSPE<\/strong> w\u00e4hrend Ihres Buchungsvorgangs eingeben. <\/p>\n<p>Die Preise beinhalten:<\/p>\n<p>a) Eintrittsgeb\u00fchr w\u00e4hrend des Wettbewerbszeitraums 01-12\/12\/2023.<\/p>\n<p>b) Offizieller Empfang mit Begr\u00fc\u00dfungsgetr\u00e4nk.<\/p>\n","protected":false},"excerpt":{"rendered":"<p>Die Constantinou Bros Hotels sind eine der beliebtesten Entscheidungen f\u00fcr einen Bowling-Urlaub unter der endlosen Sonne. Sie genie\u00dfen einen hervorragenden Ruf f\u00fcr ihre tadellosen Gr\u00fcns und waren Gastgeber f\u00fcr prestigetr\u00e4chtige internationale Bowling-Veranstaltungen &#8211; wie das Premier League Bowls Tournament, die Atlantic Championships und den World Champion of Champions &#8211; und sind stolz darauf, G\u00e4ste und<\/p>\n","protected":false},"author":100,"featured_media":11303,"parent":18532,"menu_order":0,"comment_status":"closed","ping_status":"closed","template":"","meta":{"_acf_changed":false,"footnotes":""},"class_list":["post-17820","page","type-page","status-publish","has-post-thumbnail","hentry"],"acf":[],"yoast_head":"<!-- This site is optimized with the Yoast SEO plugin v27.5 - https:\/\/yoast.com\/product\/yoast-seo-wordpress\/ -->\n<title>Sch\u00fcsseln Ferien in Paphos, Zypern || Athena Beach Hotel%<\/title>\n<meta name=\"description\" content=\"Das Athena Beach Hotel in Paphos bietet Ihnen die M\u00f6glichkeit, Ihre Lieblingsbesch\u00e4ftigung im Urlaub zu kombinieren: Bowlen.\" \/>\n<meta name=\"robots\" content=\"index, follow, max-snippet:-1, max-image-preview:large, max-video-preview:-1\" \/>\n<link rel=\"canonical\" href=\"https:\/\/www.athena-cbh.com\/de\/aktivitat-urlaub\/schalen-urlaub\/\" \/>\n<meta property=\"og:locale\" content=\"de_DE\" \/>\n<meta property=\"og:type\" content=\"article\" \/>\n<meta property=\"og:title\" content=\"Sch\u00fcsseln Ferien in Paphos, Zypern || Athena Beach Hotel%\" \/>\n<meta property=\"og:description\" content=\"Das Athena Beach Hotel in Paphos bietet Ihnen die M\u00f6glichkeit, Ihre Lieblingsbesch\u00e4ftigung im Urlaub zu kombinieren: Bowlen.\" \/>\n<meta property=\"og:url\" content=\"https:\/\/www.athena-cbh.com\/de\/aktivitat-urlaub\/schalen-urlaub\/\" \/>\n<meta property=\"og:site_name\" content=\"Athena Beach Hotel\" \/>\n<meta property=\"article:modified_time\" content=\"2026-03-27T09:47:10+00:00\" \/>\n<meta property=\"og:image\" content=\"https:\/\/www.athena-cbh.com\/app\/uploads\/sites\/20\/2022\/07\/83-ATHENA-BEACH-HOTEL-BOWLING-GREENS-scaled.jpg\" \/>\n\t<meta property=\"og:image:width\" content=\"2560\" \/>\n\t<meta property=\"og:image:height\" content=\"1700\" \/>\n\t<meta property=\"og:image:type\" content=\"image\/jpeg\" \/>\n<meta name=\"twitter:card\" content=\"summary_large_image\" \/>\n<meta name=\"twitter:label1\" content=\"Gesch\u00e4tzte Lesezeit\" \/>\n\t<meta name=\"twitter:data1\" content=\"3\u00a0Minuten\" \/>\n<script type=\"application\/ld+json\" class=\"yoast-schema-graph\">{\"@context\":\"https:\\\/\\\/schema.org\",\"@graph\":[{\"@type\":\"WebPage\",\"@id\":\"https:\\\/\\\/www.athena-cbh.com\\\/de\\\/aktivitat-urlaub\\\/schalen-urlaub\\\/\",\"url\":\"https:\\\/\\\/www.athena-cbh.com\\\/de\\\/aktivitat-urlaub\\\/schalen-urlaub\\\/\",\"name\":\"Sch\u00fcsseln Ferien in Paphos, Zypern || Athena Beach Hotel%\",\"isPartOf\":{\"@id\":\"https:\\\/\\\/www.athena-cbh.com\\\/de\\\/#website\"},\"primaryImageOfPage\":{\"@id\":\"https:\\\/\\\/www.athena-cbh.com\\\/de\\\/aktivitat-urlaub\\\/schalen-urlaub\\\/#primaryimage\"},\"image\":{\"@id\":\"https:\\\/\\\/www.athena-cbh.com\\\/de\\\/aktivitat-urlaub\\\/schalen-urlaub\\\/#primaryimage\"},\"thumbnailUrl\":\"https:\\\/\\\/www.athena-cbh.com\\\/app\\\/uploads\\\/sites\\\/20\\\/2022\\\/07\\\/83-ATHENA-BEACH-HOTEL-BOWLING-GREENS-scaled.jpg\",\"datePublished\":\"2022-07-04T09:58:34+00:00\",\"dateModified\":\"2026-03-27T09:47:10+00:00\",\"description\":\"Das Athena Beach Hotel in Paphos bietet Ihnen die M\u00f6glichkeit, Ihre Lieblingsbesch\u00e4ftigung im Urlaub zu kombinieren: Bowlen.\",\"breadcrumb\":{\"@id\":\"https:\\\/\\\/www.athena-cbh.com\\\/de\\\/aktivitat-urlaub\\\/schalen-urlaub\\\/#breadcrumb\"},\"inLanguage\":\"de\",\"potentialAction\":[{\"@type\":\"ReadAction\",\"target\":[\"https:\\\/\\\/www.athena-cbh.com\\\/de\\\/aktivitat-urlaub\\\/schalen-urlaub\\\/\"]}]},{\"@type\":\"ImageObject\",\"inLanguage\":\"de\",\"@id\":\"https:\\\/\\\/www.athena-cbh.com\\\/de\\\/aktivitat-urlaub\\\/schalen-urlaub\\\/#primaryimage\",\"url\":\"https:\\\/\\\/www.athena-cbh.com\\\/app\\\/uploads\\\/sites\\\/20\\\/2022\\\/07\\\/83-ATHENA-BEACH-HOTEL-BOWLING-GREENS-scaled.jpg\",\"contentUrl\":\"https:\\\/\\\/www.athena-cbh.com\\\/app\\\/uploads\\\/sites\\\/20\\\/2022\\\/07\\\/83-ATHENA-BEACH-HOTEL-BOWLING-GREENS-scaled.jpg\",\"width\":2560,\"height\":1700},{\"@type\":\"BreadcrumbList\",\"@id\":\"https:\\\/\\\/www.athena-cbh.com\\\/de\\\/aktivitat-urlaub\\\/schalen-urlaub\\\/#breadcrumb\",\"itemListElement\":[{\"@type\":\"ListItem\",\"position\":1,\"name\":\"Home\",\"item\":\"https:\\\/\\\/www.athena-cbh.com\\\/de\\\/\"},{\"@type\":\"ListItem\",\"position\":2,\"name\":\"Aktivit\u00e4t Urlaub\",\"item\":\"https:\\\/\\\/www.athena-cbh.com\\\/de\\\/aktivitat-urlaub\\\/\"},{\"@type\":\"ListItem\",\"position\":3,\"name\":\"Sch\u00fcsseln Ferien\"}]},{\"@type\":\"WebSite\",\"@id\":\"https:\\\/\\\/www.athena-cbh.com\\\/de\\\/#website\",\"url\":\"https:\\\/\\\/www.athena-cbh.com\\\/de\\\/\",\"name\":\"Athena Beach Hotel\",\"description\":\"Constantinou Bros Athena Beach Hotel, 4 star hotel in Paphos Cyprus\",\"potentialAction\":[{\"@type\":\"SearchAction\",\"target\":{\"@type\":\"EntryPoint\",\"urlTemplate\":\"https:\\\/\\\/www.athena-cbh.com\\\/de\\\/?s={search_term_string}\"},\"query-input\":{\"@type\":\"PropertyValueSpecification\",\"valueRequired\":true,\"valueName\":\"search_term_string\"}}],\"inLanguage\":\"de\"}]}<\/script>\n<!-- \/ Yoast SEO plugin. -->","yoast_head_json":{"title":"Sch\u00fcsseln Ferien in Paphos, Zypern || Athena Beach Hotel%","description":"Das Athena Beach Hotel in Paphos bietet Ihnen die M\u00f6glichkeit, Ihre Lieblingsbesch\u00e4ftigung im Urlaub zu kombinieren: Bowlen.","robots":{"index":"index","follow":"follow","max-snippet":"max-snippet:-1","max-image-preview":"max-image-preview:large","max-video-preview":"max-video-preview:-1"},"canonical":"https:\/\/www.athena-cbh.com\/de\/aktivitat-urlaub\/schalen-urlaub\/","og_locale":"de_DE","og_type":"article","og_title":"Sch\u00fcsseln Ferien in Paphos, Zypern || Athena Beach Hotel%","og_description":"Das Athena Beach Hotel in Paphos bietet Ihnen die M\u00f6glichkeit, Ihre Lieblingsbesch\u00e4ftigung im Urlaub zu kombinieren: Bowlen.","og_url":"https:\/\/www.athena-cbh.com\/de\/aktivitat-urlaub\/schalen-urlaub\/","og_site_name":"Athena Beach Hotel","article_modified_time":"2026-03-27T09:47:10+00:00","og_image":[{"width":2560,"height":1700,"url":"https:\/\/www.athena-cbh.com\/app\/uploads\/sites\/20\/2022\/07\/83-ATHENA-BEACH-HOTEL-BOWLING-GREENS-scaled.jpg","type":"image\/jpeg"}],"twitter_card":"summary_large_image","twitter_misc":{"Gesch\u00e4tzte Lesezeit":"3\u00a0Minuten"},"schema":{"@context":"https:\/\/schema.org","@graph":[{"@type":"WebPage","@id":"https:\/\/www.athena-cbh.com\/de\/aktivitat-urlaub\/schalen-urlaub\/","url":"https:\/\/www.athena-cbh.com\/de\/aktivitat-urlaub\/schalen-urlaub\/","name":"Sch\u00fcsseln Ferien in Paphos, Zypern || Athena Beach Hotel%","isPartOf":{"@id":"https:\/\/www.athena-cbh.com\/de\/#website"},"primaryImageOfPage":{"@id":"https:\/\/www.athena-cbh.com\/de\/aktivitat-urlaub\/schalen-urlaub\/#primaryimage"},"image":{"@id":"https:\/\/www.athena-cbh.com\/de\/aktivitat-urlaub\/schalen-urlaub\/#primaryimage"},"thumbnailUrl":"https:\/\/www.athena-cbh.com\/app\/uploads\/sites\/20\/2022\/07\/83-ATHENA-BEACH-HOTEL-BOWLING-GREENS-scaled.jpg","datePublished":"2022-07-04T09:58:34+00:00","dateModified":"2026-03-27T09:47:10+00:00","description":"Das Athena Beach Hotel in Paphos bietet Ihnen die M\u00f6glichkeit, Ihre Lieblingsbesch\u00e4ftigung im Urlaub zu kombinieren: Bowlen.","breadcrumb":{"@id":"https:\/\/www.athena-cbh.com\/de\/aktivitat-urlaub\/schalen-urlaub\/#breadcrumb"},"inLanguage":"de","potentialAction":[{"@type":"ReadAction","target":["https:\/\/www.athena-cbh.com\/de\/aktivitat-urlaub\/schalen-urlaub\/"]}]},{"@type":"ImageObject","inLanguage":"de","@id":"https:\/\/www.athena-cbh.com\/de\/aktivitat-urlaub\/schalen-urlaub\/#primaryimage","url":"https:\/\/www.athena-cbh.com\/app\/uploads\/sites\/20\/2022\/07\/83-ATHENA-BEACH-HOTEL-BOWLING-GREENS-scaled.jpg","contentUrl":"https:\/\/www.athena-cbh.com\/app\/uploads\/sites\/20\/2022\/07\/83-ATHENA-BEACH-HOTEL-BOWLING-GREENS-scaled.jpg","width":2560,"height":1700},{"@type":"BreadcrumbList","@id":"https:\/\/www.athena-cbh.com\/de\/aktivitat-urlaub\/schalen-urlaub\/#breadcrumb","itemListElement":[{"@type":"ListItem","position":1,"name":"Home","item":"https:\/\/www.athena-cbh.com\/de\/"},{"@type":"ListItem","position":2,"name":"Aktivit\u00e4t Urlaub","item":"https:\/\/www.athena-cbh.com\/de\/aktivitat-urlaub\/"},{"@type":"ListItem","position":3,"name":"Sch\u00fcsseln Ferien"}]},{"@type":"WebSite","@id":"https:\/\/www.athena-cbh.com\/de\/#website","url":"https:\/\/www.athena-cbh.com\/de\/","name":"Athena Beach Hotel","description":"Constantinou Bros Athena Beach Hotel, 4 star hotel in Paphos Cyprus","potentialAction":[{"@type":"SearchAction","target":{"@type":"EntryPoint","urlTemplate":"https:\/\/www.athena-cbh.com\/de\/?s={search_term_string}"},"query-input":{"@type":"PropertyValueSpecification","valueRequired":true,"valueName":"search_term_string"}}],"inLanguage":"de"}]}},"_links":{"self":[{"href":"https:\/\/www.athena-cbh.com\/de\/wp-json\/wp\/v2\/pages\/17820","targetHints":{"allow":["GET"]}}],"collection":[{"href":"https:\/\/www.athena-cbh.com\/de\/wp-json\/wp\/v2\/pages"}],"about":[{"href":"https:\/\/www.athena-cbh.com\/de\/wp-json\/wp\/v2\/types\/page"}],"author":[{"embeddable":true,"href":"https:\/\/www.athena-cbh.com\/de\/wp-json\/wp\/v2\/users\/100"}],"replies":[{"embeddable":true,"href":"https:\/\/www.athena-cbh.com\/de\/wp-json\/wp\/v2\/comments?post=17820"}],"version-history":[{"count":5,"href":"https:\/\/www.athena-cbh.com\/de\/wp-json\/wp\/v2\/pages\/17820\/revisions"}],"predecessor-version":[{"id":23005,"href":"https:\/\/www.athena-cbh.com\/de\/wp-json\/wp\/v2\/pages\/17820\/revisions\/23005"}],"up":[{"embeddable":true,"href":"https:\/\/www.athena-cbh.com\/de\/wp-json\/wp\/v2\/pages\/18532"}],"wp:featuredmedia":[{"embeddable":true,"href":"https:\/\/www.athena-cbh.com\/de\/wp-json\/wp\/v2\/media\/11303"}],"wp:attachment":[{"href":"https:\/\/www.athena-cbh.com\/de\/wp-json\/wp\/v2\/media?parent=17820"}],"curies":[{"name":"wp","href":"https:\/\/api.w.org\/{rel}","templated":true}]}}