{"id":1758,"date":"2019-05-16T13:08:40","date_gmt":"2019-05-16T10:08:40","guid":{"rendered":"http:\/\/athena-cbh.cms4.nelios.com\/rooms\/"},"modified":"2025-03-10T13:08:09","modified_gmt":"2025-03-10T10:08:09","slug":"zimmer","status":"publish","type":"page","link":"https:\/\/www.athena-cbh.com\/de\/zimmer\/","title":{"rendered":"Zimmer &amp; Suiten"},"content":{"rendered":"<p>Das Athena Beach Hotel bietet <strong>520<\/strong> wundersch\u00f6n eingerichtete Zimmer und Suiten.<br \/>\nAlle Zimmer und Suiten verf\u00fcgen \u00fcber ger\u00e4umige Balkone oder Terrassen mit Blick auf das ruhige Mittelmeer oder unsere bunten G\u00e4rten.<\/p>\n","protected":false},"excerpt":{"rendered":"<p>Das Athena Beach Hotel bietet 520 wundersch\u00f6n eingerichtete Zimmer und Suiten. Alle Zimmer und Suiten verf\u00fcgen \u00fcber ger\u00e4umige Balkone oder Terrassen mit Blick auf das ruhige Mittelmeer oder unsere bunten G\u00e4rten.<\/p>\n","protected":false},"author":2,"featured_media":7848,"parent":0,"menu_order":0,"comment_status":"closed","ping_status":"closed","template":"page-templates\/rooms.php","meta":{"_acf_changed":false,"footnotes":""},"class_list":["post-1758","page","type-page","status-publish","has-post-thumbnail","hentry"],"acf":[],"yoast_head":"<!-- This site is optimized with the Yoast SEO plugin v27.5 - https:\/\/yoast.com\/product\/yoast-seo-wordpress\/ -->\n<title>Zypern Unterkunft am Strand von Paphos || Athena Beach Hotel<\/title>\n<meta name=\"description\" content=\"Im Athena Beach by Constantinou Bros Hotels finden Sie die beste Auswahl an zypriotischen Unterk\u00fcnften in Paphos direkt am Strand f\u00fcr einen sonnenverw\u00f6hnten Urlaub.\" \/>\n<meta name=\"robots\" content=\"index, follow, max-snippet:-1, max-image-preview:large, max-video-preview:-1\" \/>\n<link rel=\"canonical\" href=\"https:\/\/www.athena-cbh.com\/de\/zimmer\/\" \/>\n<meta property=\"og:locale\" content=\"de_DE\" \/>\n<meta property=\"og:type\" content=\"article\" \/>\n<meta property=\"og:title\" content=\"Zypern Unterkunft am Strand von Paphos || Athena Beach Hotel\" \/>\n<meta property=\"og:description\" content=\"Im Athena Beach by Constantinou Bros Hotels finden Sie die beste Auswahl an zypriotischen Unterk\u00fcnften in Paphos direkt am Strand f\u00fcr einen sonnenverw\u00f6hnten Urlaub.\" \/>\n<meta property=\"og:url\" content=\"https:\/\/www.athena-cbh.com\/de\/zimmer\/\" \/>\n<meta property=\"og:site_name\" content=\"Athena Beach Hotel\" \/>\n<meta property=\"article:modified_time\" content=\"2025-03-10T10:08:09+00:00\" \/>\n<meta property=\"og:image\" content=\"https:\/\/www.athena-cbh.com\/app\/uploads\/sites\/20\/2021\/07\/47-ATHENA-BEACH-HOTEL-SUPERIOR-DELUXE-ROOM-WITH-TERRACE-1-scaled.jpg\" \/>\n\t<meta property=\"og:image:width\" content=\"2560\" \/>\n\t<meta property=\"og:image:height\" content=\"1707\" \/>\n\t<meta property=\"og:image:type\" content=\"image\/jpeg\" \/>\n<meta name=\"twitter:card\" content=\"summary_large_image\" \/>\n<meta name=\"twitter:label1\" content=\"Gesch\u00e4tzte Lesezeit\" \/>\n\t<meta name=\"twitter:data1\" content=\"1\u00a0Minute\" \/>\n<script type=\"application\/ld+json\" class=\"yoast-schema-graph\">{\"@context\":\"https:\\\/\\\/schema.org\",\"@graph\":[{\"@type\":\"WebPage\",\"@id\":\"https:\\\/\\\/www.athena-cbh.com\\\/de\\\/zimmer\\\/\",\"url\":\"https:\\\/\\\/www.athena-cbh.com\\\/de\\\/zimmer\\\/\",\"name\":\"Zypern Unterkunft am Strand von Paphos || Athena Beach Hotel\",\"isPartOf\":{\"@id\":\"https:\\\/\\\/www.athena-cbh.com\\\/de\\\/#website\"},\"primaryImageOfPage\":{\"@id\":\"https:\\\/\\\/www.athena-cbh.com\\\/de\\\/zimmer\\\/#primaryimage\"},\"image\":{\"@id\":\"https:\\\/\\\/www.athena-cbh.com\\\/de\\\/zimmer\\\/#primaryimage\"},\"thumbnailUrl\":\"https:\\\/\\\/www.athena-cbh.com\\\/app\\\/uploads\\\/sites\\\/20\\\/2021\\\/07\\\/47-ATHENA-BEACH-HOTEL-SUPERIOR-DELUXE-ROOM-WITH-TERRACE-1-scaled.jpg\",\"datePublished\":\"2019-05-16T10:08:40+00:00\",\"dateModified\":\"2025-03-10T10:08:09+00:00\",\"description\":\"Im Athena Beach by Constantinou Bros Hotels finden Sie die beste Auswahl an zypriotischen Unterk\u00fcnften in Paphos direkt am Strand f\u00fcr einen sonnenverw\u00f6hnten Urlaub.\",\"breadcrumb\":{\"@id\":\"https:\\\/\\\/www.athena-cbh.com\\\/de\\\/zimmer\\\/#breadcrumb\"},\"inLanguage\":\"de\",\"potentialAction\":[{\"@type\":\"ReadAction\",\"target\":[\"https:\\\/\\\/www.athena-cbh.com\\\/de\\\/zimmer\\\/\"]}]},{\"@type\":\"ImageObject\",\"inLanguage\":\"de\",\"@id\":\"https:\\\/\\\/www.athena-cbh.com\\\/de\\\/zimmer\\\/#primaryimage\",\"url\":\"https:\\\/\\\/www.athena-cbh.com\\\/app\\\/uploads\\\/sites\\\/20\\\/2021\\\/07\\\/47-ATHENA-BEACH-HOTEL-SUPERIOR-DELUXE-ROOM-WITH-TERRACE-1-scaled.jpg\",\"contentUrl\":\"https:\\\/\\\/www.athena-cbh.com\\\/app\\\/uploads\\\/sites\\\/20\\\/2021\\\/07\\\/47-ATHENA-BEACH-HOTEL-SUPERIOR-DELUXE-ROOM-WITH-TERRACE-1-scaled.jpg\",\"width\":2560,\"height\":1707},{\"@type\":\"BreadcrumbList\",\"@id\":\"https:\\\/\\\/www.athena-cbh.com\\\/de\\\/zimmer\\\/#breadcrumb\",\"itemListElement\":[{\"@type\":\"ListItem\",\"position\":1,\"name\":\"Home\",\"item\":\"https:\\\/\\\/www.athena-cbh.com\\\/de\\\/\"},{\"@type\":\"ListItem\",\"position\":2,\"name\":\"Zimmer &amp; Suiten\"}]},{\"@type\":\"WebSite\",\"@id\":\"https:\\\/\\\/www.athena-cbh.com\\\/de\\\/#website\",\"url\":\"https:\\\/\\\/www.athena-cbh.com\\\/de\\\/\",\"name\":\"Athena Beach Hotel\",\"description\":\"Constantinou Bros Athena Beach Hotel, 4 star hotel in Paphos Cyprus\",\"potentialAction\":[{\"@type\":\"SearchAction\",\"target\":{\"@type\":\"EntryPoint\",\"urlTemplate\":\"https:\\\/\\\/www.athena-cbh.com\\\/de\\\/?s={search_term_string}\"},\"query-input\":{\"@type\":\"PropertyValueSpecification\",\"valueRequired\":true,\"valueName\":\"search_term_string\"}}],\"inLanguage\":\"de\"}]}<\/script>\n<!-- \/ Yoast SEO plugin. -->","yoast_head_json":{"title":"Zypern Unterkunft am Strand von Paphos || Athena Beach Hotel","description":"Im Athena Beach by Constantinou Bros Hotels finden Sie die beste Auswahl an zypriotischen Unterk\u00fcnften in Paphos direkt am Strand f\u00fcr einen sonnenverw\u00f6hnten Urlaub.","robots":{"index":"index","follow":"follow","max-snippet":"max-snippet:-1","max-image-preview":"max-image-preview:large","max-video-preview":"max-video-preview:-1"},"canonical":"https:\/\/www.athena-cbh.com\/de\/zimmer\/","og_locale":"de_DE","og_type":"article","og_title":"Zypern Unterkunft am Strand von Paphos || Athena Beach Hotel","og_description":"Im Athena Beach by Constantinou Bros Hotels finden Sie die beste Auswahl an zypriotischen Unterk\u00fcnften in Paphos direkt am Strand f\u00fcr einen sonnenverw\u00f6hnten Urlaub.","og_url":"https:\/\/www.athena-cbh.com\/de\/zimmer\/","og_site_name":"Athena Beach Hotel","article_modified_time":"2025-03-10T10:08:09+00:00","og_image":[{"width":2560,"height":1707,"url":"https:\/\/www.athena-cbh.com\/app\/uploads\/sites\/20\/2021\/07\/47-ATHENA-BEACH-HOTEL-SUPERIOR-DELUXE-ROOM-WITH-TERRACE-1-scaled.jpg","type":"image\/jpeg"}],"twitter_card":"summary_large_image","twitter_misc":{"Gesch\u00e4tzte Lesezeit":"1\u00a0Minute"},"schema":{"@context":"https:\/\/schema.org","@graph":[{"@type":"WebPage","@id":"https:\/\/www.athena-cbh.com\/de\/zimmer\/","url":"https:\/\/www.athena-cbh.com\/de\/zimmer\/","name":"Zypern Unterkunft am Strand von Paphos || Athena Beach Hotel","isPartOf":{"@id":"https:\/\/www.athena-cbh.com\/de\/#website"},"primaryImageOfPage":{"@id":"https:\/\/www.athena-cbh.com\/de\/zimmer\/#primaryimage"},"image":{"@id":"https:\/\/www.athena-cbh.com\/de\/zimmer\/#primaryimage"},"thumbnailUrl":"https:\/\/www.athena-cbh.com\/app\/uploads\/sites\/20\/2021\/07\/47-ATHENA-BEACH-HOTEL-SUPERIOR-DELUXE-ROOM-WITH-TERRACE-1-scaled.jpg","datePublished":"2019-05-16T10:08:40+00:00","dateModified":"2025-03-10T10:08:09+00:00","description":"Im Athena Beach by Constantinou Bros Hotels finden Sie die beste Auswahl an zypriotischen Unterk\u00fcnften in Paphos direkt am Strand f\u00fcr einen sonnenverw\u00f6hnten Urlaub.","breadcrumb":{"@id":"https:\/\/www.athena-cbh.com\/de\/zimmer\/#breadcrumb"},"inLanguage":"de","potentialAction":[{"@type":"ReadAction","target":["https:\/\/www.athena-cbh.com\/de\/zimmer\/"]}]},{"@type":"ImageObject","inLanguage":"de","@id":"https:\/\/www.athena-cbh.com\/de\/zimmer\/#primaryimage","url":"https:\/\/www.athena-cbh.com\/app\/uploads\/sites\/20\/2021\/07\/47-ATHENA-BEACH-HOTEL-SUPERIOR-DELUXE-ROOM-WITH-TERRACE-1-scaled.jpg","contentUrl":"https:\/\/www.athena-cbh.com\/app\/uploads\/sites\/20\/2021\/07\/47-ATHENA-BEACH-HOTEL-SUPERIOR-DELUXE-ROOM-WITH-TERRACE-1-scaled.jpg","width":2560,"height":1707},{"@type":"BreadcrumbList","@id":"https:\/\/www.athena-cbh.com\/de\/zimmer\/#breadcrumb","itemListElement":[{"@type":"ListItem","position":1,"name":"Home","item":"https:\/\/www.athena-cbh.com\/de\/"},{"@type":"ListItem","position":2,"name":"Zimmer &amp; Suiten"}]},{"@type":"WebSite","@id":"https:\/\/www.athena-cbh.com\/de\/#website","url":"https:\/\/www.athena-cbh.com\/de\/","name":"Athena Beach Hotel","description":"Constantinou Bros Athena Beach Hotel, 4 star hotel in Paphos Cyprus","potentialAction":[{"@type":"SearchAction","target":{"@type":"EntryPoint","urlTemplate":"https:\/\/www.athena-cbh.com\/de\/?s={search_term_string}"},"query-input":{"@type":"PropertyValueSpecification","valueRequired":true,"valueName":"search_term_string"}}],"inLanguage":"de"}]}},"_links":{"self":[{"href":"https:\/\/www.athena-cbh.com\/de\/wp-json\/wp\/v2\/pages\/1758","targetHints":{"allow":["GET"]}}],"collection":[{"href":"https:\/\/www.athena-cbh.com\/de\/wp-json\/wp\/v2\/pages"}],"about":[{"href":"https:\/\/www.athena-cbh.com\/de\/wp-json\/wp\/v2\/types\/page"}],"author":[{"embeddable":true,"href":"https:\/\/www.athena-cbh.com\/de\/wp-json\/wp\/v2\/users\/2"}],"replies":[{"embeddable":true,"href":"https:\/\/www.athena-cbh.com\/de\/wp-json\/wp\/v2\/comments?post=1758"}],"version-history":[{"count":12,"href":"https:\/\/www.athena-cbh.com\/de\/wp-json\/wp\/v2\/pages\/1758\/revisions"}],"predecessor-version":[{"id":21875,"href":"https:\/\/www.athena-cbh.com\/de\/wp-json\/wp\/v2\/pages\/1758\/revisions\/21875"}],"wp:featuredmedia":[{"embeddable":true,"href":"https:\/\/www.athena-cbh.com\/de\/wp-json\/wp\/v2\/media\/7848"}],"wp:attachment":[{"href":"https:\/\/www.athena-cbh.com\/de\/wp-json\/wp\/v2\/media?parent=1758"}],"curies":[{"name":"wp","href":"https:\/\/api.w.org\/{rel}","templated":true}]}}