{"id":1703,"date":"2019-05-16T13:08:41","date_gmt":"2019-05-16T10:08:41","guid":{"rendered":"http:\/\/athena-cbh.cms4.nelios.com\/the-hotel\/"},"modified":"2026-02-10T16:42:06","modified_gmt":"2026-02-10T13:42:06","slug":"das-hotel","status":"publish","type":"page","link":"https:\/\/www.athena-cbh.com\/de\/das-hotel\/","title":{"rendered":"Das Hotel"},"content":{"rendered":"<p>Das Athena Beach Hotel wurde aufwendig renoviert und gro\u00dfz\u00fcgig mit noch mehr Einrichtungen ausgestattet. Es bietet seinen G\u00e4sten einen ausgezeichneten Standard an Service und Komfort, der dem eines luxuri\u00f6sen 5-Sterne-Hotels entspricht.<\/p>\n<p>Das Hotel liegt direkt am Strand von Kato Paphos, nur einen angenehmen Spaziergang vom malerischen Hafen, den arch\u00e4ologischen St\u00e4tten, den Gesch\u00e4ften und dem Nachtleben entfernt. Eine Bushaltestelle befindet sich direkt vor dem Hotelgel\u00e4nde, auch Taxis sind immer verf\u00fcgbar. Das Parken auf dem Hotelparkplatz ist f\u00fcr G\u00e4ste kostenlos. Das Resort liegt in unmittelbarer N\u00e4he der beiden internationalen Flugh\u00e4fen der Insel, nur 15 km von Paphos und 140 km von Larnaca entfernt. Als zus\u00e4tzlichen Bonus f\u00fcr Golfliebhaber gibt es vier tolle Golfpl\u00e4tze, die mit dem Auto leicht zu erreichen sind.    <\/p>\n<p>Jedes der Zimmer und Suiten verf\u00fcgt \u00fcber einen ger\u00e4umigen Balkon mit Blick auf das ruhige Mittelmeer oder unsere farbenfrohen G\u00e4rten. Zu den Annehmlichkeiten geh\u00f6ren unter anderem Deluxe-Betten, kostenloses WLAN in allen Zimmern und \u00f6ffentlichen Bereichen sowie ein kostenloser Safe, Satellitenfernsehen, Badem\u00e4ntel und Hausschuhe, Tee- und Kaffeezubereitungsm\u00f6glichkeiten, eine Espressomaschine und Mineralwasser (bei Ankunft), um unseren G\u00e4sten einen komfortablen und erholsamen Aufenthalt zu bieten.<\/p>\n<p>Unsere Familienzimmer mit Verbindungst\u00fcr sind eine gro\u00dfartige Option f\u00fcr gr\u00f6\u00dfere Familien oder Freunde, die eine sch\u00f6ne Zeit miteinander verbringen m\u00f6chten. Auch unsere Superior Swim-Up-Zimmer sind eine ausgezeichnete Wahl, um Ihren Urlaub zu etwas ganz Besonderem zu machen. Diese luxuri\u00f6sen Zimmer haben den zus\u00e4tzlichen Vorteil, dass Sie von Ihrer privaten Veranda mit Sonnenliegen direkten Zugang zu einem Gemeinschaftspool (4m x 27m) haben, an dem Sie den ganzen Tag entspannen k\u00f6nnen. <\/p>\n<p>Das Hotel bietet einen exklusiven Bereich f\u00fcr Erwachsene (\u00fcber 16 Jahre) mit einem separaten Pool, einer Liegewiese und einer &#8218;Adult Pool Bar&#8216; zum Schwimmen. Neu im Hotel ist die St. Andrew&#8217;s Rooftop Bar (exklusiv f\u00fcr G\u00e4ste der Elite Class &#8211; nur f\u00fcr Erwachsene \u00fcber 16 Jahre) mit atemberaubendem Meerblick, ein idealer Ort, um sich zu entspannen, die Farben des Sonnenuntergangs zu beobachten und einen Drink zu genie\u00dfen. <\/p>\n<p>Die Freizeiteinrichtungen umfassen 4 S\u00fc\u00dfwasser-Au\u00dfenpools (einer davon f\u00fcr Erwachsene) und 2 Planschbecken, einen Innenpool (beheizt von November bis April) sowie Innen- und Au\u00dfenwhirlpools. Dar\u00fcber hinaus wurde das Oasis Splash als interaktiver und sicherer Spielplatz f\u00fcr Kinder jeden Alters geschaffen. Neben der bereits vorhandenen 25 m langen Wasserrutsche bietet es eine zus\u00e4tzliche, neue 42 m lange Wasserrutsche mit separaten Landebecken und ein angrenzendes, farbenfrohes Planschbecken mit Spr\u00fchspielzeug, das unseren kleinen G\u00e4sten grenzenlosen Spa\u00df garantiert. Ein Tennisplatz mit Flutlicht, eine Bowlingbahn mit 6 Bahnen im Innen- und 24 Bahnen im Au\u00dfenbereich, ein Kinderspielplatz und ein Kinderclub mit organisierten Aktivit\u00e4ten w\u00e4hrend des Sommers erg\u00e4nzen das vielf\u00e4ltige Angebot und machen das Hotel zu einem idealen Ort f\u00fcr Paare und Familien gleicherma\u00dfen.  <\/p>\n<p>Das Hotel bietet Ihnen die M\u00f6glichkeit, in einem der 5 Restaurants zu speisen, die eine Vielzahl von Gerichten anbieten, von mediterranen bis hin zu italienischen Gerichten, von einem wundersch\u00f6n zubereiteten Buffet \u00fcber ein Essen im Freien a la carte bis hin zu Grillabenden in den Sommermonaten. Lassen Sie sich von uns mit k\u00f6stlichen Gerichten und Wein verw\u00f6hnen und genie\u00dfen Sie dabei den Blick auf das Mittelmeer. <\/p>\n<p>Das Elixir Spa des Hotels ist der ideale Ort f\u00fcr einen entspannten Aufenthalt. Es verf\u00fcgt \u00fcber einen beheizten Pool, 2 Saunen, 2 Dampfb\u00e4der, einen voll ausgestatteten Fitnessraum und einen Friseursalon. G\u00f6nnen Sie sich eine verlockende Auswahl an professionellen Massagen, Aromatherapie- und K\u00f6rperbehandlungen, die Sie beruhigen und verj\u00fcngen werden.  <\/p>\n<p>Wir sind stets bestrebt, Ihren Aufenthalt bei uns so angenehm wie m\u00f6glich zu gestalten, indem wir Ihnen helfen, die M\u00fcdigkeit zu vertreiben und K\u00f6rper, Geist und Seele zu verj\u00fcngen, so dass Sie, wenn Sie ausgeruht und entspannt nach Hause zur\u00fcckkehren, zwar die Sonne, das Meer, die mediterrane K\u00fcche und den zypriotischen Wein vermissen werden, aber bereit sind, sich jeder Herausforderung zu stellen!<\/p>\n","protected":false},"excerpt":{"rendered":"<p>Das Athena Beach Hotel wurde aufwendig renoviert und gro\u00dfz\u00fcgig mit noch mehr Einrichtungen ausgestattet. Es bietet seinen G\u00e4sten einen ausgezeichneten Standard an Service und Komfort, der dem eines luxuri\u00f6sen 5-Sterne-Hotels entspricht. Das Hotel liegt direkt am Strand von Kato Paphos, nur einen angenehmen Spaziergang vom malerischen Hafen, den arch\u00e4ologischen St\u00e4tten, den Gesch\u00e4ften und dem Nachtleben<\/p>\n","protected":false},"author":2,"featured_media":7947,"parent":0,"menu_order":0,"comment_status":"closed","ping_status":"closed","template":"page-templates\/simple-list.php","meta":{"_acf_changed":false,"footnotes":""},"class_list":["post-1703","page","type-page","status-publish","has-post-thumbnail","hentry"],"acf":[],"yoast_head":"<!-- This site is optimized with the Yoast SEO plugin v27.5 - https:\/\/yoast.com\/product\/yoast-seo-wordpress\/ -->\n<title>Bestes Strandhotel in Paphos f\u00fcr Familien || Athena Beach Hotel<\/title>\n<meta name=\"description\" content=\"Das Athena Beach by Constantinou Bros Hotels ist ein 4-Sterne-Strandhotel in Paphos, das Familien und Paare in einer fantastischen Umgebung in der N\u00e4he der Stadt empf\u00e4ngt.\" \/>\n<meta name=\"robots\" content=\"index, follow, max-snippet:-1, max-image-preview:large, max-video-preview:-1\" \/>\n<link rel=\"canonical\" href=\"https:\/\/www.athena-cbh.com\/de\/das-hotel\/\" \/>\n<meta property=\"og:locale\" content=\"de_DE\" \/>\n<meta property=\"og:type\" content=\"article\" \/>\n<meta property=\"og:title\" content=\"Bestes Strandhotel in Paphos f\u00fcr Familien || Athena Beach Hotel\" \/>\n<meta property=\"og:description\" content=\"Das Athena Beach by Constantinou Bros Hotels ist ein 4-Sterne-Strandhotel in Paphos, das Familien und Paare in einer fantastischen Umgebung in der N\u00e4he der Stadt empf\u00e4ngt.\" \/>\n<meta property=\"og:url\" content=\"https:\/\/www.athena-cbh.com\/de\/das-hotel\/\" \/>\n<meta property=\"og:site_name\" content=\"Athena Beach Hotel\" \/>\n<meta property=\"article:modified_time\" content=\"2026-02-10T13:42:06+00:00\" \/>\n<meta property=\"og:image\" content=\"https:\/\/www.athena-cbh.com\/app\/uploads\/sites\/20\/2021\/07\/1-ATHENA-BEACH-HOTEL-1.jpg\" \/>\n\t<meta property=\"og:image:width\" content=\"1920\" \/>\n\t<meta property=\"og:image:height\" content=\"1277\" \/>\n\t<meta property=\"og:image:type\" content=\"image\/jpeg\" \/>\n<meta name=\"twitter:card\" content=\"summary_large_image\" \/>\n<meta name=\"twitter:label1\" content=\"Gesch\u00e4tzte Lesezeit\" \/>\n\t<meta name=\"twitter:data1\" content=\"4\u00a0Minuten\" \/>\n<script type=\"application\/ld+json\" class=\"yoast-schema-graph\">{\"@context\":\"https:\\\/\\\/schema.org\",\"@graph\":[{\"@type\":\"WebPage\",\"@id\":\"https:\\\/\\\/www.athena-cbh.com\\\/de\\\/das-hotel\\\/\",\"url\":\"https:\\\/\\\/www.athena-cbh.com\\\/de\\\/das-hotel\\\/\",\"name\":\"Bestes Strandhotel in Paphos f\u00fcr Familien || Athena Beach Hotel\",\"isPartOf\":{\"@id\":\"https:\\\/\\\/www.athena-cbh.com\\\/de\\\/#website\"},\"primaryImageOfPage\":{\"@id\":\"https:\\\/\\\/www.athena-cbh.com\\\/de\\\/das-hotel\\\/#primaryimage\"},\"image\":{\"@id\":\"https:\\\/\\\/www.athena-cbh.com\\\/de\\\/das-hotel\\\/#primaryimage\"},\"thumbnailUrl\":\"https:\\\/\\\/www.athena-cbh.com\\\/app\\\/uploads\\\/sites\\\/20\\\/2021\\\/07\\\/1-ATHENA-BEACH-HOTEL-1.jpg\",\"datePublished\":\"2019-05-16T10:08:41+00:00\",\"dateModified\":\"2026-02-10T13:42:06+00:00\",\"description\":\"Das Athena Beach by Constantinou Bros Hotels ist ein 4-Sterne-Strandhotel in Paphos, das Familien und Paare in einer fantastischen Umgebung in der N\u00e4he der Stadt empf\u00e4ngt.\",\"breadcrumb\":{\"@id\":\"https:\\\/\\\/www.athena-cbh.com\\\/de\\\/das-hotel\\\/#breadcrumb\"},\"inLanguage\":\"de\",\"potentialAction\":[{\"@type\":\"ReadAction\",\"target\":[\"https:\\\/\\\/www.athena-cbh.com\\\/de\\\/das-hotel\\\/\"]}]},{\"@type\":\"ImageObject\",\"inLanguage\":\"de\",\"@id\":\"https:\\\/\\\/www.athena-cbh.com\\\/de\\\/das-hotel\\\/#primaryimage\",\"url\":\"https:\\\/\\\/www.athena-cbh.com\\\/app\\\/uploads\\\/sites\\\/20\\\/2021\\\/07\\\/1-ATHENA-BEACH-HOTEL-1.jpg\",\"contentUrl\":\"https:\\\/\\\/www.athena-cbh.com\\\/app\\\/uploads\\\/sites\\\/20\\\/2021\\\/07\\\/1-ATHENA-BEACH-HOTEL-1.jpg\",\"width\":1920,\"height\":1277},{\"@type\":\"BreadcrumbList\",\"@id\":\"https:\\\/\\\/www.athena-cbh.com\\\/de\\\/das-hotel\\\/#breadcrumb\",\"itemListElement\":[{\"@type\":\"ListItem\",\"position\":1,\"name\":\"Home\",\"item\":\"https:\\\/\\\/www.athena-cbh.com\\\/de\\\/\"},{\"@type\":\"ListItem\",\"position\":2,\"name\":\"Das Hotel\"}]},{\"@type\":\"WebSite\",\"@id\":\"https:\\\/\\\/www.athena-cbh.com\\\/de\\\/#website\",\"url\":\"https:\\\/\\\/www.athena-cbh.com\\\/de\\\/\",\"name\":\"Athena Beach Hotel\",\"description\":\"Constantinou Bros Athena Beach Hotel, 4 star hotel in Paphos Cyprus\",\"potentialAction\":[{\"@type\":\"SearchAction\",\"target\":{\"@type\":\"EntryPoint\",\"urlTemplate\":\"https:\\\/\\\/www.athena-cbh.com\\\/de\\\/?s={search_term_string}\"},\"query-input\":{\"@type\":\"PropertyValueSpecification\",\"valueRequired\":true,\"valueName\":\"search_term_string\"}}],\"inLanguage\":\"de\"}]}<\/script>\n<!-- \/ Yoast SEO plugin. -->","yoast_head_json":{"title":"Bestes Strandhotel in Paphos f\u00fcr Familien || Athena Beach Hotel","description":"Das Athena Beach by Constantinou Bros Hotels ist ein 4-Sterne-Strandhotel in Paphos, das Familien und Paare in einer fantastischen Umgebung in der N\u00e4he der Stadt empf\u00e4ngt.","robots":{"index":"index","follow":"follow","max-snippet":"max-snippet:-1","max-image-preview":"max-image-preview:large","max-video-preview":"max-video-preview:-1"},"canonical":"https:\/\/www.athena-cbh.com\/de\/das-hotel\/","og_locale":"de_DE","og_type":"article","og_title":"Bestes Strandhotel in Paphos f\u00fcr Familien || Athena Beach Hotel","og_description":"Das Athena Beach by Constantinou Bros Hotels ist ein 4-Sterne-Strandhotel in Paphos, das Familien und Paare in einer fantastischen Umgebung in der N\u00e4he der Stadt empf\u00e4ngt.","og_url":"https:\/\/www.athena-cbh.com\/de\/das-hotel\/","og_site_name":"Athena Beach Hotel","article_modified_time":"2026-02-10T13:42:06+00:00","og_image":[{"width":1920,"height":1277,"url":"https:\/\/www.athena-cbh.com\/app\/uploads\/sites\/20\/2021\/07\/1-ATHENA-BEACH-HOTEL-1.jpg","type":"image\/jpeg"}],"twitter_card":"summary_large_image","twitter_misc":{"Gesch\u00e4tzte Lesezeit":"4\u00a0Minuten"},"schema":{"@context":"https:\/\/schema.org","@graph":[{"@type":"WebPage","@id":"https:\/\/www.athena-cbh.com\/de\/das-hotel\/","url":"https:\/\/www.athena-cbh.com\/de\/das-hotel\/","name":"Bestes Strandhotel in Paphos f\u00fcr Familien || Athena Beach Hotel","isPartOf":{"@id":"https:\/\/www.athena-cbh.com\/de\/#website"},"primaryImageOfPage":{"@id":"https:\/\/www.athena-cbh.com\/de\/das-hotel\/#primaryimage"},"image":{"@id":"https:\/\/www.athena-cbh.com\/de\/das-hotel\/#primaryimage"},"thumbnailUrl":"https:\/\/www.athena-cbh.com\/app\/uploads\/sites\/20\/2021\/07\/1-ATHENA-BEACH-HOTEL-1.jpg","datePublished":"2019-05-16T10:08:41+00:00","dateModified":"2026-02-10T13:42:06+00:00","description":"Das Athena Beach by Constantinou Bros Hotels ist ein 4-Sterne-Strandhotel in Paphos, das Familien und Paare in einer fantastischen Umgebung in der N\u00e4he der Stadt empf\u00e4ngt.","breadcrumb":{"@id":"https:\/\/www.athena-cbh.com\/de\/das-hotel\/#breadcrumb"},"inLanguage":"de","potentialAction":[{"@type":"ReadAction","target":["https:\/\/www.athena-cbh.com\/de\/das-hotel\/"]}]},{"@type":"ImageObject","inLanguage":"de","@id":"https:\/\/www.athena-cbh.com\/de\/das-hotel\/#primaryimage","url":"https:\/\/www.athena-cbh.com\/app\/uploads\/sites\/20\/2021\/07\/1-ATHENA-BEACH-HOTEL-1.jpg","contentUrl":"https:\/\/www.athena-cbh.com\/app\/uploads\/sites\/20\/2021\/07\/1-ATHENA-BEACH-HOTEL-1.jpg","width":1920,"height":1277},{"@type":"BreadcrumbList","@id":"https:\/\/www.athena-cbh.com\/de\/das-hotel\/#breadcrumb","itemListElement":[{"@type":"ListItem","position":1,"name":"Home","item":"https:\/\/www.athena-cbh.com\/de\/"},{"@type":"ListItem","position":2,"name":"Das Hotel"}]},{"@type":"WebSite","@id":"https:\/\/www.athena-cbh.com\/de\/#website","url":"https:\/\/www.athena-cbh.com\/de\/","name":"Athena Beach Hotel","description":"Constantinou Bros Athena Beach Hotel, 4 star hotel in Paphos Cyprus","potentialAction":[{"@type":"SearchAction","target":{"@type":"EntryPoint","urlTemplate":"https:\/\/www.athena-cbh.com\/de\/?s={search_term_string}"},"query-input":{"@type":"PropertyValueSpecification","valueRequired":true,"valueName":"search_term_string"}}],"inLanguage":"de"}]}},"_links":{"self":[{"href":"https:\/\/www.athena-cbh.com\/de\/wp-json\/wp\/v2\/pages\/1703","targetHints":{"allow":["GET"]}}],"collection":[{"href":"https:\/\/www.athena-cbh.com\/de\/wp-json\/wp\/v2\/pages"}],"about":[{"href":"https:\/\/www.athena-cbh.com\/de\/wp-json\/wp\/v2\/types\/page"}],"author":[{"embeddable":true,"href":"https:\/\/www.athena-cbh.com\/de\/wp-json\/wp\/v2\/users\/2"}],"replies":[{"embeddable":true,"href":"https:\/\/www.athena-cbh.com\/de\/wp-json\/wp\/v2\/comments?post=1703"}],"version-history":[{"count":9,"href":"https:\/\/www.athena-cbh.com\/de\/wp-json\/wp\/v2\/pages\/1703\/revisions"}],"predecessor-version":[{"id":22814,"href":"https:\/\/www.athena-cbh.com\/de\/wp-json\/wp\/v2\/pages\/1703\/revisions\/22814"}],"wp:featuredmedia":[{"embeddable":true,"href":"https:\/\/www.athena-cbh.com\/de\/wp-json\/wp\/v2\/media\/7947"}],"wp:attachment":[{"href":"https:\/\/www.athena-cbh.com\/de\/wp-json\/wp\/v2\/media?parent=1703"}],"curies":[{"name":"wp","href":"https:\/\/api.w.org\/{rel}","templated":true}]}}