{"id":15230,"date":"2022-07-04T11:56:22","date_gmt":"2022-07-04T08:56:22","guid":{"rendered":"https:\/\/www.athena-cbh.com\/couples-holidays\/"},"modified":"2024-09-20T15:03:35","modified_gmt":"2024-09-20T12:03:35","slug":"paare-urlaub","status":"publish","type":"page","link":"https:\/\/www.athena-cbh.com\/de\/paare-urlaub\/","title":{"rendered":"Paare Urlaub"},"content":{"rendered":"<p>Da wir unseren erwachsenen G\u00e4sten einen Bereich bieten m\u00f6chten, der nur ihnen gewidmet ist, haben wir im Athena Beach Hotel genau das geschaffen.<\/p>\n<p>Auf unserem Hotelgel\u00e4nde finden Sie einen Bereich, der eine Oase der Ruhe ist, ausschlie\u00dflich f\u00fcr Erwachsene.<\/p>\n<p>Eine kinderfreie Zone; der beste Ort, um sich zu entspannen, die herrliche Sonne zu genie\u00dfen und in das k\u00fchle Nass zu springen, ohne den L\u00e4rm herumtollender Kinder.<br \/>\nKlingt wie ein Sommertraum nur f\u00fcr Erwachsene, oder?<\/p>\n<p>Diese exklusive Zone hei\u00dft alle G\u00e4ste ab 16 Jahren willkommen und l\u00e4dt Sie ein, einen separaten Pool mit einer gro\u00dfz\u00fcgigen Liegewiese zu nutzen, in der Sie sich in einen Zustand der<\/p>\n<p>Sommergl\u00fcckseligkeit zur\u00fcckziehen k\u00f6nnen. \u00a0 Die<strong>Einrichtungen unserer exklusiven Zone f\u00fcr Erwachsene auf einen Blick<\/strong>: Separater, ruhiger Bereich nur f\u00fcr Erwachsene (ab 16 Jahren) Separater<\/p>\n<p>Swimmingpool Sonnenliegen Swim-up Poolbar Adults Only Restaurant f\u00fcr Fr\u00fchst\u00fcck und Abendessen<\/p>\n","protected":false},"excerpt":{"rendered":"<p>Da wir unseren erwachsenen G\u00e4sten einen Bereich bieten m\u00f6chten, der nur ihnen gewidmet ist, haben wir im Athena Beach Hotel genau das geschaffen. Auf unserem Hotelgel\u00e4nde finden Sie einen Bereich, der eine Oase der Ruhe ist, ausschlie\u00dflich f\u00fcr Erwachsene. Eine kinderfreie Zone; der beste Ort, um sich zu entspannen, die herrliche Sonne zu genie\u00dfen und<\/p>\n","protected":false},"author":100,"featured_media":11314,"parent":0,"menu_order":0,"comment_status":"closed","ping_status":"closed","template":"page-templates\/simple-list.php","meta":{"_acf_changed":false,"footnotes":""},"class_list":["post-15230","page","type-page","status-publish","has-post-thumbnail","hentry"],"acf":[],"yoast_head":"<!-- This site is optimized with the Yoast SEO plugin v27.4 - https:\/\/yoast.com\/product\/yoast-seo-wordpress\/ -->\n<title>Paphos Urlaub f\u00fcr Paare: Hotel nur f\u00fcr Erwachsene | Athena Beach Hotel<\/title>\n<meta name=\"description\" content=\"Athena Beach by Constantinou Bros Hotels ist ideal f\u00fcr Paare, die einen au\u00dfergew\u00f6hnlichen Strandurlaub in Paphos, Zypern, verbringen m\u00f6chten.\" \/>\n<meta name=\"robots\" content=\"index, follow, max-snippet:-1, max-image-preview:large, max-video-preview:-1\" \/>\n<link rel=\"canonical\" href=\"https:\/\/www.athena-cbh.com\/de\/couples-holidays\/\" \/>\n<meta property=\"og:locale\" content=\"de_DE\" \/>\n<meta property=\"og:type\" content=\"article\" \/>\n<meta property=\"og:title\" content=\"Paphos Urlaub f\u00fcr Paare: Hotel nur f\u00fcr Erwachsene | Athena Beach Hotel\" \/>\n<meta property=\"og:description\" content=\"Athena Beach by Constantinou Bros Hotels ist ideal f\u00fcr Paare, die einen au\u00dfergew\u00f6hnlichen Strandurlaub in Paphos, Zypern, verbringen m\u00f6chten.\" \/>\n<meta property=\"og:url\" content=\"https:\/\/www.athena-cbh.com\/de\/couples-holidays\/\" \/>\n<meta property=\"og:site_name\" content=\"Athena Beach Hotel\" \/>\n<meta property=\"article:modified_time\" content=\"2024-09-20T12:03:35+00:00\" \/>\n<meta property=\"og:image\" content=\"https:\/\/www.athena-cbh.com\/app\/uploads\/sites\/20\/2022\/07\/31-ATHENA-BEACH-HOTEL-HELIOS-BEACH-BAR.jpg\" \/>\n\t<meta property=\"og:image:width\" content=\"2000\" \/>\n\t<meta property=\"og:image:height\" content=\"1333\" \/>\n\t<meta property=\"og:image:type\" content=\"image\/jpeg\" \/>\n<meta name=\"twitter:card\" content=\"summary_large_image\" \/>\n<meta name=\"twitter:label1\" content=\"Gesch\u00e4tzte Lesezeit\" \/>\n\t<meta name=\"twitter:data1\" content=\"1\u00a0Minute\" \/>\n<script type=\"application\/ld+json\" class=\"yoast-schema-graph\">{\"@context\":\"https:\\\/\\\/schema.org\",\"@graph\":[{\"@type\":\"WebPage\",\"@id\":\"https:\\\/\\\/www.athena-cbh.com\\\/de\\\/paare-urlaub\\\/\",\"url\":\"https:\\\/\\\/www.athena-cbh.com\\\/de\\\/couples-holidays\\\/\",\"name\":\"Paphos Urlaub f\u00fcr Paare: Hotel nur f\u00fcr Erwachsene | Athena Beach Hotel\",\"isPartOf\":{\"@id\":\"https:\\\/\\\/www.athena-cbh.com\\\/de\\\/#website\"},\"primaryImageOfPage\":{\"@id\":\"https:\\\/\\\/www.athena-cbh.com\\\/de\\\/couples-holidays\\\/#primaryimage\"},\"image\":{\"@id\":\"https:\\\/\\\/www.athena-cbh.com\\\/de\\\/couples-holidays\\\/#primaryimage\"},\"thumbnailUrl\":\"https:\\\/\\\/www.athena-cbh.com\\\/app\\\/uploads\\\/sites\\\/20\\\/2022\\\/07\\\/31-ATHENA-BEACH-HOTEL-HELIOS-BEACH-BAR.jpg\",\"datePublished\":\"2022-07-04T08:56:22+00:00\",\"dateModified\":\"2024-09-20T12:03:35+00:00\",\"description\":\"Athena Beach by Constantinou Bros Hotels ist ideal f\u00fcr Paare, die einen au\u00dfergew\u00f6hnlichen Strandurlaub in Paphos, Zypern, verbringen m\u00f6chten.\",\"breadcrumb\":{\"@id\":\"https:\\\/\\\/www.athena-cbh.com\\\/de\\\/couples-holidays\\\/#breadcrumb\"},\"inLanguage\":\"de\",\"potentialAction\":[{\"@type\":\"ReadAction\",\"target\":[\"https:\\\/\\\/www.athena-cbh.com\\\/de\\\/couples-holidays\\\/\"]}]},{\"@type\":\"ImageObject\",\"inLanguage\":\"de\",\"@id\":\"https:\\\/\\\/www.athena-cbh.com\\\/de\\\/couples-holidays\\\/#primaryimage\",\"url\":\"https:\\\/\\\/www.athena-cbh.com\\\/app\\\/uploads\\\/sites\\\/20\\\/2022\\\/07\\\/31-ATHENA-BEACH-HOTEL-HELIOS-BEACH-BAR.jpg\",\"contentUrl\":\"https:\\\/\\\/www.athena-cbh.com\\\/app\\\/uploads\\\/sites\\\/20\\\/2022\\\/07\\\/31-ATHENA-BEACH-HOTEL-HELIOS-BEACH-BAR.jpg\",\"width\":2000,\"height\":1333},{\"@type\":\"BreadcrumbList\",\"@id\":\"https:\\\/\\\/www.athena-cbh.com\\\/de\\\/couples-holidays\\\/#breadcrumb\",\"itemListElement\":[{\"@type\":\"ListItem\",\"position\":1,\"name\":\"Home\",\"item\":\"https:\\\/\\\/www.athena-cbh.com\\\/de\\\/\"},{\"@type\":\"ListItem\",\"position\":2,\"name\":\"Paare Urlaub\"}]},{\"@type\":\"WebSite\",\"@id\":\"https:\\\/\\\/www.athena-cbh.com\\\/de\\\/#website\",\"url\":\"https:\\\/\\\/www.athena-cbh.com\\\/de\\\/\",\"name\":\"Athena Beach Hotel\",\"description\":\"Constantinou Bros Athena Beach Hotel, 4 star hotel in Paphos Cyprus\",\"potentialAction\":[{\"@type\":\"SearchAction\",\"target\":{\"@type\":\"EntryPoint\",\"urlTemplate\":\"https:\\\/\\\/www.athena-cbh.com\\\/de\\\/?s={search_term_string}\"},\"query-input\":{\"@type\":\"PropertyValueSpecification\",\"valueRequired\":true,\"valueName\":\"search_term_string\"}}],\"inLanguage\":\"de\"}]}<\/script>\n<!-- \/ Yoast SEO plugin. -->","yoast_head_json":{"title":"Paphos Urlaub f\u00fcr Paare: Hotel nur f\u00fcr Erwachsene | Athena Beach Hotel","description":"Athena Beach by Constantinou Bros Hotels ist ideal f\u00fcr Paare, die einen au\u00dfergew\u00f6hnlichen Strandurlaub in Paphos, Zypern, verbringen m\u00f6chten.","robots":{"index":"index","follow":"follow","max-snippet":"max-snippet:-1","max-image-preview":"max-image-preview:large","max-video-preview":"max-video-preview:-1"},"canonical":"https:\/\/www.athena-cbh.com\/de\/couples-holidays\/","og_locale":"de_DE","og_type":"article","og_title":"Paphos Urlaub f\u00fcr Paare: Hotel nur f\u00fcr Erwachsene | Athena Beach Hotel","og_description":"Athena Beach by Constantinou Bros Hotels ist ideal f\u00fcr Paare, die einen au\u00dfergew\u00f6hnlichen Strandurlaub in Paphos, Zypern, verbringen m\u00f6chten.","og_url":"https:\/\/www.athena-cbh.com\/de\/couples-holidays\/","og_site_name":"Athena Beach Hotel","article_modified_time":"2024-09-20T12:03:35+00:00","og_image":[{"width":2000,"height":1333,"url":"https:\/\/www.athena-cbh.com\/app\/uploads\/sites\/20\/2022\/07\/31-ATHENA-BEACH-HOTEL-HELIOS-BEACH-BAR.jpg","type":"image\/jpeg"}],"twitter_card":"summary_large_image","twitter_misc":{"Gesch\u00e4tzte Lesezeit":"1\u00a0Minute"},"schema":{"@context":"https:\/\/schema.org","@graph":[{"@type":"WebPage","@id":"https:\/\/www.athena-cbh.com\/de\/paare-urlaub\/","url":"https:\/\/www.athena-cbh.com\/de\/couples-holidays\/","name":"Paphos Urlaub f\u00fcr Paare: Hotel nur f\u00fcr Erwachsene | Athena Beach Hotel","isPartOf":{"@id":"https:\/\/www.athena-cbh.com\/de\/#website"},"primaryImageOfPage":{"@id":"https:\/\/www.athena-cbh.com\/de\/couples-holidays\/#primaryimage"},"image":{"@id":"https:\/\/www.athena-cbh.com\/de\/couples-holidays\/#primaryimage"},"thumbnailUrl":"https:\/\/www.athena-cbh.com\/app\/uploads\/sites\/20\/2022\/07\/31-ATHENA-BEACH-HOTEL-HELIOS-BEACH-BAR.jpg","datePublished":"2022-07-04T08:56:22+00:00","dateModified":"2024-09-20T12:03:35+00:00","description":"Athena Beach by Constantinou Bros Hotels ist ideal f\u00fcr Paare, die einen au\u00dfergew\u00f6hnlichen Strandurlaub in Paphos, Zypern, verbringen m\u00f6chten.","breadcrumb":{"@id":"https:\/\/www.athena-cbh.com\/de\/couples-holidays\/#breadcrumb"},"inLanguage":"de","potentialAction":[{"@type":"ReadAction","target":["https:\/\/www.athena-cbh.com\/de\/couples-holidays\/"]}]},{"@type":"ImageObject","inLanguage":"de","@id":"https:\/\/www.athena-cbh.com\/de\/couples-holidays\/#primaryimage","url":"https:\/\/www.athena-cbh.com\/app\/uploads\/sites\/20\/2022\/07\/31-ATHENA-BEACH-HOTEL-HELIOS-BEACH-BAR.jpg","contentUrl":"https:\/\/www.athena-cbh.com\/app\/uploads\/sites\/20\/2022\/07\/31-ATHENA-BEACH-HOTEL-HELIOS-BEACH-BAR.jpg","width":2000,"height":1333},{"@type":"BreadcrumbList","@id":"https:\/\/www.athena-cbh.com\/de\/couples-holidays\/#breadcrumb","itemListElement":[{"@type":"ListItem","position":1,"name":"Home","item":"https:\/\/www.athena-cbh.com\/de\/"},{"@type":"ListItem","position":2,"name":"Paare Urlaub"}]},{"@type":"WebSite","@id":"https:\/\/www.athena-cbh.com\/de\/#website","url":"https:\/\/www.athena-cbh.com\/de\/","name":"Athena Beach Hotel","description":"Constantinou Bros Athena Beach Hotel, 4 star hotel in Paphos Cyprus","potentialAction":[{"@type":"SearchAction","target":{"@type":"EntryPoint","urlTemplate":"https:\/\/www.athena-cbh.com\/de\/?s={search_term_string}"},"query-input":{"@type":"PropertyValueSpecification","valueRequired":true,"valueName":"search_term_string"}}],"inLanguage":"de"}]}},"_links":{"self":[{"href":"https:\/\/www.athena-cbh.com\/de\/wp-json\/wp\/v2\/pages\/15230","targetHints":{"allow":["GET"]}}],"collection":[{"href":"https:\/\/www.athena-cbh.com\/de\/wp-json\/wp\/v2\/pages"}],"about":[{"href":"https:\/\/www.athena-cbh.com\/de\/wp-json\/wp\/v2\/types\/page"}],"author":[{"embeddable":true,"href":"https:\/\/www.athena-cbh.com\/de\/wp-json\/wp\/v2\/users\/100"}],"replies":[{"embeddable":true,"href":"https:\/\/www.athena-cbh.com\/de\/wp-json\/wp\/v2\/comments?post=15230"}],"version-history":[{"count":7,"href":"https:\/\/www.athena-cbh.com\/de\/wp-json\/wp\/v2\/pages\/15230\/revisions"}],"predecessor-version":[{"id":20895,"href":"https:\/\/www.athena-cbh.com\/de\/wp-json\/wp\/v2\/pages\/15230\/revisions\/20895"}],"wp:featuredmedia":[{"embeddable":true,"href":"https:\/\/www.athena-cbh.com\/de\/wp-json\/wp\/v2\/media\/11314"}],"wp:attachment":[{"href":"https:\/\/www.athena-cbh.com\/de\/wp-json\/wp\/v2\/media?parent=15230"}],"curies":[{"name":"wp","href":"https:\/\/api.w.org\/{rel}","templated":true}]}}