{"id":14761,"date":"2022-12-09T14:16:14","date_gmt":"2022-12-09T11:16:14","guid":{"rendered":"https:\/\/www.athena-cbh.com\/festive-days-athena-beach\/new-years-eve-celebrations\/"},"modified":"2025-12-30T11:23:36","modified_gmt":"2025-12-30T08:23:36","slug":"new-years-eve-celebrations","status":"publish","type":"page","link":"https:\/\/www.athena-cbh.com\/de\/festive-days-athena-beach\/new-years-eve-celebrations\/","title":{"rendered":"Silvesterfeierlichkeiten"},"content":{"rendered":"<p><img loading=\"lazy\" decoding=\"async\" class=\"size-medium wp-image-21236 aligncenter\" src=\"https:\/\/www.athena-cbh.com\/app\/uploads\/sites\/20\/2024\/12\/newsletter-banner-600x50.png\" alt=\"\" width=\"600\" height=\"50\" srcset=\"https:\/\/www.athena-cbh.com\/app\/uploads\/sites\/20\/2024\/12\/newsletter-banner-600x50.png 600w, https:\/\/www.athena-cbh.com\/app\/uploads\/sites\/20\/2024\/12\/newsletter-banner-768x64.png 768w, https:\/\/www.athena-cbh.com\/app\/uploads\/sites\/20\/2024\/12\/newsletter-banner.png 1200w\" sizes=\"auto, (max-width: 600px) 100vw, 600px\" \/><\/p>\n<p><strong><span style=\"color: #bba974;\">MITTWOCH, 31. DEZEMBER 2025, SILVESTERNACHT<\/span><\/strong><\/p>\n<ul>\n<li><span style=\"color: #003366;\"><strong>Fr\u00fches Silvester-Dinner-Buffet (Reservierung erforderlich)<\/strong><\/span><\/li>\n<\/ul>\n<p><span style=\"color: #003366;\">Beginnen Sie Ihren Abend mit einem k\u00f6stlichen Abendessen im Leda Restaurant. Nach dem Essen k\u00f6nnen Sie in die lebhafte Atmosph\u00e4re der Nectar Bar oder der Athos Lounge eintauchen, wo Live-Musik, eine fesselnde Tanzshow und ein DJ-Auftritt auf Sie warten, um Ihren Abend zu bereichern. <\/span><\/p>\n<ul>\n<li><span style=\"color: #003366;\"><strong>Silvester-Gala-Buffet (Reservierung im Voraus bei unserem Ma\u00cetre D&#8217;Hotel)  <\/strong><\/span><\/li>\n<\/ul>\n<p><span style=\"color: #003366;\">Verabschieden Sie sich von 2025 und begr\u00fc\u00dfen Sie das neue Jahr mit einem festlichen Gala-Buffet im Atrium Restaurant. Lassen Sie sich mit einer k\u00f6stlichen Auswahl an Gerichten verw\u00f6hnen, die von Live-Musik und einer fesselnden Tanzshow begleitet werden und f\u00fcr einen unvergesslichen Abend sorgen. <\/span><\/p>\n<ul>\n<li><span style=\"color: #003366;\"><strong>Silvester Live Show &amp; Countdown  <\/strong><\/span><\/li>\n<\/ul>\n<p><span style=\"color: #003366;\">Feiern Sie das neue Jahr mit Live-Musik, gefolgt von einem festlichen Luftballonabwurf und dem traditionellen Anschneiden der Vasilopita, in der eine versteckte M\u00fcnze als Gl\u00fccksbringer wartet.  <\/span><\/p>\n<ul>\n<li><span style=\"color: #003366;\"><strong>Silvester  <\/strong><\/span><\/li>\n<\/ul>\n<p><span style=\"color: #003366;\">Genie\u00dfen Sie Live-Musik mit unserem Live-Auftritt des fabelhaften Azniv und dem speziellen Gasts\u00e4nger Alex.  <\/span><\/p>\n<ul>\n<li><span style=\"color: #003366;\"><strong>Silvester Disco Nacht &amp; Unterhaltung  <\/strong><\/span><\/li>\n<\/ul>\n<p><span style=\"color: #003366;\">Tanzen Sie den Countdown der Nacht im St. Raphael Saal mit DJ Becky.  <\/span><\/p>\n<p>&nbsp;<\/p>\n<p><em><span style=\"color: #003366;\">Hier finden Sie unser komplettes Programm f\u00fcr die Feierlichkeiten.  <\/span><\/em><\/p>\n","protected":false},"excerpt":{"rendered":"<p>MITTWOCH, 31. DEZEMBER 2025, SILVESTERNACHT Fr\u00fches Silvester-Dinner-Buffet (Reservierung erforderlich) Beginnen Sie Ihren Abend mit einem k\u00f6stlichen Abendessen im Leda Restaurant. Nach dem Essen k\u00f6nnen Sie in die lebhafte Atmosph\u00e4re der Nectar Bar oder der Athos Lounge eintauchen, wo Live-Musik, eine fesselnde Tanzshow und ein DJ-Auftritt auf Sie warten, um Ihren Abend zu bereichern. Silvester-Gala-Buffet (Reservierung<\/p>\n","protected":false},"author":367,"featured_media":14742,"parent":14690,"menu_order":0,"comment_status":"closed","ping_status":"closed","template":"","meta":{"_acf_changed":false,"footnotes":""},"class_list":["post-14761","page","type-page","status-publish","has-post-thumbnail","hentry"],"acf":[],"yoast_head":"<!-- This site is optimized with the Yoast SEO plugin v27.5 - https:\/\/yoast.com\/product\/yoast-seo-wordpress\/ -->\n<title>Silvesterfeierlichkeiten - Athena Beach Hotel<\/title>\n<meta name=\"robots\" content=\"index, follow, max-snippet:-1, max-image-preview:large, max-video-preview:-1\" \/>\n<link rel=\"canonical\" href=\"https:\/\/www.athena-cbh.com\/de\/festive-days-athena-beach\/new-years-eve-celebrations\/\" \/>\n<meta property=\"og:locale\" content=\"de_DE\" \/>\n<meta property=\"og:type\" content=\"article\" \/>\n<meta property=\"og:title\" content=\"Silvesterfeierlichkeiten - Athena Beach Hotel\" \/>\n<meta property=\"og:description\" content=\"MITTWOCH, 31. DEZEMBER 2025, SILVESTERNACHT Fr\u00fches Silvester-Dinner-Buffet (Reservierung erforderlich) Beginnen Sie Ihren Abend mit einem k\u00f6stlichen Abendessen im Leda Restaurant. Nach dem Essen k\u00f6nnen Sie in die lebhafte Atmosph\u00e4re der Nectar Bar oder der Athos Lounge eintauchen, wo Live-Musik, eine fesselnde Tanzshow und ein DJ-Auftritt auf Sie warten, um Ihren Abend zu bereichern. Silvester-Gala-Buffet (Reservierung\" \/>\n<meta property=\"og:url\" content=\"https:\/\/www.athena-cbh.com\/de\/festive-days-athena-beach\/new-years-eve-celebrations\/\" \/>\n<meta property=\"og:site_name\" content=\"Athena Beach Hotel\" \/>\n<meta property=\"article:modified_time\" content=\"2025-12-30T08:23:36+00:00\" \/>\n<meta property=\"og:image\" content=\"https:\/\/www.athena-cbh.com\/app\/uploads\/sites\/20\/2022\/12\/169-scaled.jpg\" \/>\n\t<meta property=\"og:image:width\" content=\"2560\" \/>\n\t<meta property=\"og:image:height\" content=\"1707\" \/>\n\t<meta property=\"og:image:type\" content=\"image\/jpeg\" \/>\n<meta name=\"twitter:card\" content=\"summary_large_image\" \/>\n<meta name=\"twitter:label1\" content=\"Gesch\u00e4tzte Lesezeit\" \/>\n\t<meta name=\"twitter:data1\" content=\"1\u00a0Minute\" \/>\n<script type=\"application\/ld+json\" class=\"yoast-schema-graph\">{\"@context\":\"https:\\\/\\\/schema.org\",\"@graph\":[{\"@type\":\"WebPage\",\"@id\":\"https:\\\/\\\/www.athena-cbh.com\\\/de\\\/festive-days-athena-beach\\\/new-years-eve-celebrations\\\/\",\"url\":\"https:\\\/\\\/www.athena-cbh.com\\\/de\\\/festive-days-athena-beach\\\/new-years-eve-celebrations\\\/\",\"name\":\"Silvesterfeierlichkeiten - Athena Beach Hotel\",\"isPartOf\":{\"@id\":\"https:\\\/\\\/www.athena-cbh.com\\\/de\\\/#website\"},\"primaryImageOfPage\":{\"@id\":\"https:\\\/\\\/www.athena-cbh.com\\\/de\\\/festive-days-athena-beach\\\/new-years-eve-celebrations\\\/#primaryimage\"},\"image\":{\"@id\":\"https:\\\/\\\/www.athena-cbh.com\\\/de\\\/festive-days-athena-beach\\\/new-years-eve-celebrations\\\/#primaryimage\"},\"thumbnailUrl\":\"https:\\\/\\\/www.athena-cbh.com\\\/app\\\/uploads\\\/sites\\\/20\\\/2022\\\/12\\\/169-scaled.jpg\",\"datePublished\":\"2022-12-09T11:16:14+00:00\",\"dateModified\":\"2025-12-30T08:23:36+00:00\",\"breadcrumb\":{\"@id\":\"https:\\\/\\\/www.athena-cbh.com\\\/de\\\/festive-days-athena-beach\\\/new-years-eve-celebrations\\\/#breadcrumb\"},\"inLanguage\":\"de\",\"potentialAction\":[{\"@type\":\"ReadAction\",\"target\":[\"https:\\\/\\\/www.athena-cbh.com\\\/de\\\/festive-days-athena-beach\\\/new-years-eve-celebrations\\\/\"]}]},{\"@type\":\"ImageObject\",\"inLanguage\":\"de\",\"@id\":\"https:\\\/\\\/www.athena-cbh.com\\\/de\\\/festive-days-athena-beach\\\/new-years-eve-celebrations\\\/#primaryimage\",\"url\":\"https:\\\/\\\/www.athena-cbh.com\\\/app\\\/uploads\\\/sites\\\/20\\\/2022\\\/12\\\/169-scaled.jpg\",\"contentUrl\":\"https:\\\/\\\/www.athena-cbh.com\\\/app\\\/uploads\\\/sites\\\/20\\\/2022\\\/12\\\/169-scaled.jpg\",\"width\":2560,\"height\":1707},{\"@type\":\"BreadcrumbList\",\"@id\":\"https:\\\/\\\/www.athena-cbh.com\\\/de\\\/festive-days-athena-beach\\\/new-years-eve-celebrations\\\/#breadcrumb\",\"itemListElement\":[{\"@type\":\"ListItem\",\"position\":1,\"name\":\"Home\",\"item\":\"https:\\\/\\\/www.athena-cbh.com\\\/de\\\/\"},{\"@type\":\"ListItem\",\"position\":2,\"name\":\"Festliche Tage 2024\",\"item\":\"https:\\\/\\\/www.athena-cbh.com\\\/de\\\/festive-days-athena-beach\\\/\"},{\"@type\":\"ListItem\",\"position\":3,\"name\":\"Silvesterfeierlichkeiten\"}]},{\"@type\":\"WebSite\",\"@id\":\"https:\\\/\\\/www.athena-cbh.com\\\/de\\\/#website\",\"url\":\"https:\\\/\\\/www.athena-cbh.com\\\/de\\\/\",\"name\":\"Athena Beach Hotel\",\"description\":\"Constantinou Bros Athena Beach Hotel, 4 star hotel in Paphos Cyprus\",\"potentialAction\":[{\"@type\":\"SearchAction\",\"target\":{\"@type\":\"EntryPoint\",\"urlTemplate\":\"https:\\\/\\\/www.athena-cbh.com\\\/de\\\/?s={search_term_string}\"},\"query-input\":{\"@type\":\"PropertyValueSpecification\",\"valueRequired\":true,\"valueName\":\"search_term_string\"}}],\"inLanguage\":\"de\"}]}<\/script>\n<!-- \/ Yoast SEO plugin. -->","yoast_head_json":{"title":"Silvesterfeierlichkeiten - Athena Beach Hotel","robots":{"index":"index","follow":"follow","max-snippet":"max-snippet:-1","max-image-preview":"max-image-preview:large","max-video-preview":"max-video-preview:-1"},"canonical":"https:\/\/www.athena-cbh.com\/de\/festive-days-athena-beach\/new-years-eve-celebrations\/","og_locale":"de_DE","og_type":"article","og_title":"Silvesterfeierlichkeiten - Athena Beach Hotel","og_description":"MITTWOCH, 31. DEZEMBER 2025, SILVESTERNACHT Fr\u00fches Silvester-Dinner-Buffet (Reservierung erforderlich) Beginnen Sie Ihren Abend mit einem k\u00f6stlichen Abendessen im Leda Restaurant. Nach dem Essen k\u00f6nnen Sie in die lebhafte Atmosph\u00e4re der Nectar Bar oder der Athos Lounge eintauchen, wo Live-Musik, eine fesselnde Tanzshow und ein DJ-Auftritt auf Sie warten, um Ihren Abend zu bereichern. Silvester-Gala-Buffet (Reservierung","og_url":"https:\/\/www.athena-cbh.com\/de\/festive-days-athena-beach\/new-years-eve-celebrations\/","og_site_name":"Athena Beach Hotel","article_modified_time":"2025-12-30T08:23:36+00:00","og_image":[{"width":2560,"height":1707,"url":"https:\/\/www.athena-cbh.com\/app\/uploads\/sites\/20\/2022\/12\/169-scaled.jpg","type":"image\/jpeg"}],"twitter_card":"summary_large_image","twitter_misc":{"Gesch\u00e4tzte Lesezeit":"1\u00a0Minute"},"schema":{"@context":"https:\/\/schema.org","@graph":[{"@type":"WebPage","@id":"https:\/\/www.athena-cbh.com\/de\/festive-days-athena-beach\/new-years-eve-celebrations\/","url":"https:\/\/www.athena-cbh.com\/de\/festive-days-athena-beach\/new-years-eve-celebrations\/","name":"Silvesterfeierlichkeiten - Athena Beach Hotel","isPartOf":{"@id":"https:\/\/www.athena-cbh.com\/de\/#website"},"primaryImageOfPage":{"@id":"https:\/\/www.athena-cbh.com\/de\/festive-days-athena-beach\/new-years-eve-celebrations\/#primaryimage"},"image":{"@id":"https:\/\/www.athena-cbh.com\/de\/festive-days-athena-beach\/new-years-eve-celebrations\/#primaryimage"},"thumbnailUrl":"https:\/\/www.athena-cbh.com\/app\/uploads\/sites\/20\/2022\/12\/169-scaled.jpg","datePublished":"2022-12-09T11:16:14+00:00","dateModified":"2025-12-30T08:23:36+00:00","breadcrumb":{"@id":"https:\/\/www.athena-cbh.com\/de\/festive-days-athena-beach\/new-years-eve-celebrations\/#breadcrumb"},"inLanguage":"de","potentialAction":[{"@type":"ReadAction","target":["https:\/\/www.athena-cbh.com\/de\/festive-days-athena-beach\/new-years-eve-celebrations\/"]}]},{"@type":"ImageObject","inLanguage":"de","@id":"https:\/\/www.athena-cbh.com\/de\/festive-days-athena-beach\/new-years-eve-celebrations\/#primaryimage","url":"https:\/\/www.athena-cbh.com\/app\/uploads\/sites\/20\/2022\/12\/169-scaled.jpg","contentUrl":"https:\/\/www.athena-cbh.com\/app\/uploads\/sites\/20\/2022\/12\/169-scaled.jpg","width":2560,"height":1707},{"@type":"BreadcrumbList","@id":"https:\/\/www.athena-cbh.com\/de\/festive-days-athena-beach\/new-years-eve-celebrations\/#breadcrumb","itemListElement":[{"@type":"ListItem","position":1,"name":"Home","item":"https:\/\/www.athena-cbh.com\/de\/"},{"@type":"ListItem","position":2,"name":"Festliche Tage 2024","item":"https:\/\/www.athena-cbh.com\/de\/festive-days-athena-beach\/"},{"@type":"ListItem","position":3,"name":"Silvesterfeierlichkeiten"}]},{"@type":"WebSite","@id":"https:\/\/www.athena-cbh.com\/de\/#website","url":"https:\/\/www.athena-cbh.com\/de\/","name":"Athena Beach Hotel","description":"Constantinou Bros Athena Beach Hotel, 4 star hotel in Paphos Cyprus","potentialAction":[{"@type":"SearchAction","target":{"@type":"EntryPoint","urlTemplate":"https:\/\/www.athena-cbh.com\/de\/?s={search_term_string}"},"query-input":{"@type":"PropertyValueSpecification","valueRequired":true,"valueName":"search_term_string"}}],"inLanguage":"de"}]}},"_links":{"self":[{"href":"https:\/\/www.athena-cbh.com\/de\/wp-json\/wp\/v2\/pages\/14761","targetHints":{"allow":["GET"]}}],"collection":[{"href":"https:\/\/www.athena-cbh.com\/de\/wp-json\/wp\/v2\/pages"}],"about":[{"href":"https:\/\/www.athena-cbh.com\/de\/wp-json\/wp\/v2\/types\/page"}],"author":[{"embeddable":true,"href":"https:\/\/www.athena-cbh.com\/de\/wp-json\/wp\/v2\/users\/367"}],"replies":[{"embeddable":true,"href":"https:\/\/www.athena-cbh.com\/de\/wp-json\/wp\/v2\/comments?post=14761"}],"version-history":[{"count":16,"href":"https:\/\/www.athena-cbh.com\/de\/wp-json\/wp\/v2\/pages\/14761\/revisions"}],"predecessor-version":[{"id":22786,"href":"https:\/\/www.athena-cbh.com\/de\/wp-json\/wp\/v2\/pages\/14761\/revisions\/22786"}],"up":[{"embeddable":true,"href":"https:\/\/www.athena-cbh.com\/de\/wp-json\/wp\/v2\/pages\/14690"}],"wp:featuredmedia":[{"embeddable":true,"href":"https:\/\/www.athena-cbh.com\/de\/wp-json\/wp\/v2\/media\/14742"}],"wp:attachment":[{"href":"https:\/\/www.athena-cbh.com\/de\/wp-json\/wp\/v2\/media?parent=14761"}],"curies":[{"name":"wp","href":"https:\/\/api.w.org\/{rel}","templated":true}]}}