{"id":14728,"date":"2022-12-09T14:16:01","date_gmt":"2022-12-09T11:16:01","guid":{"rendered":"https:\/\/www.athena-cbh.com\/festive-days-athena-beach\/festive-activities-for-all\/"},"modified":"2024-12-19T10:50:45","modified_gmt":"2024-12-19T07:50:45","slug":"festive-activities-for-all","status":"publish","type":"page","link":"https:\/\/www.athena-cbh.com\/de\/festive-days-athena-beach\/festive-activities-for-all\/","title":{"rendered":"Festliche Aktivit\u00e4ten f\u00fcr alle"},"content":{"rendered":"<p><img loading=\"lazy\" decoding=\"async\" class=\"size-medium wp-image-21238 aligncenter\" src=\"https:\/\/www.athena-cbh.com\/app\/uploads\/sites\/20\/2024\/12\/newsletter-banner-600x50.png\" alt=\"\" width=\"600\" height=\"50\" srcset=\"https:\/\/www.athena-cbh.com\/app\/uploads\/sites\/20\/2024\/12\/newsletter-banner-600x50.png 600w, https:\/\/www.athena-cbh.com\/app\/uploads\/sites\/20\/2024\/12\/newsletter-banner-768x64.png 768w, https:\/\/www.athena-cbh.com\/app\/uploads\/sites\/20\/2024\/12\/newsletter-banner.png 1200w\" sizes=\"auto, (max-width: 600px) 100vw, 600px\" \/><\/p>\n<p><strong><span style=\"color: #bba974;\">DIENSTAG, 24. DEZEMBER 2024<\/span><\/strong><\/p>\n<p><span style=\"color: #003366;\">Weihnachtslieder. Weihnachtsbaum des \u00f6rtlichen Chors in der Lobby Lounge. Versammeln Sie sich um den Weihnachtsbaum und genie\u00dfen Sie diese wunderbaren, zeitlosen Weihnachtslieder.<\/span><\/p>\n<p><strong><span style=\"color: #bba974;\">MITTWOCH, 25. DEZEMBER 2024, WEIHNACHTSTAG<\/span><\/strong><\/p>\n<p><span style=\"color: #003366;\">Der Weihnachtsmann kommt ins Athena Beach Hotel, auf die Pool-Insel (je nach Wetterlage) oder in die Lobby. Er hat seine Liste gemacht, sie zweimal \u00fcberpr\u00fcft und wartet mit Geschenken auf Sie alle.<\/span><br \/>\n<span style=\"color: #003366;\">Nachmittagstee am ersten Weihnachtstag mit unserem spektakul\u00e4ren Akkordeonspieler in der Lobby Lounge des Hotels. Entspannen Sie sich in der Lobby und genie\u00dfen Sie immergr\u00fcne Melodien, w\u00e4hrend Sie Ihren Nachmittagstee mit k\u00f6stlichen Weihnachtsspezialit\u00e4ten von unserem Konditor serviert bekommen.<\/span><\/p>\n<p><strong><span style=\"color: #bba974;\">DONNERSTAG, 26. DEZEMBER 2024<\/span><\/strong><\/p>\n<p><span style=\"color: #003366;\">Boxing Day Hot Chocolate Event, begleitet von unserem spektakul\u00e4ren Akkordeonisten, Schokoladenbuffet, hei\u00dfe Schokolade, Gl\u00fchwein und Eierlik\u00f6r in der Lobby Lounge des Hotels<\/span><br \/>\n<span style=\"color: #003366;\">ANASTAZIO singt live in der Nectar Bar<\/span><\/p>\n<p><strong><span style=\"color: #bba974;\">FREITAG, 27. DEZEMBER 2024<\/span><\/strong><\/p>\n<p><span style=\"color: #003366;\">Traditionelle griechische Tanzshow mit griechischer Live-Musik in der Athos Lounge<\/span><\/p>\n<p><strong><span style=\"color: #bba974;\">DIENSTAG, 31. DEZEMBER 2024, SILVESTERNACHT<\/span><\/strong><\/p>\n<p><span style=\"color: #003366;\">Familien-Schatzsuche. Treffpunkt im Restaurant Adonis<\/span><br \/>\n<span style=\"color: #003366;\">K\u00e4se, Wein und Kunst. Treffpunkt in der Athos Lounge. Kommen Sie und nehmen Sie an einer Weinprobe teil und zeigen Sie uns Ihr K\u00f6nnen in der Malerei.<\/span><\/p>\n<p>&nbsp;<\/p>\n<p><span style=\"color: #003366;\">Hier finden Sie unser komplettes Festprogramm.<\/span><\/p>\n","protected":false},"excerpt":{"rendered":"<p>DIENSTAG, 24. DEZEMBER 2024 Weihnachtslieder. Weihnachtsbaum des \u00f6rtlichen Chors in der Lobby Lounge. Versammeln Sie sich um den Weihnachtsbaum und genie\u00dfen Sie diese wunderbaren, zeitlosen Weihnachtslieder. MITTWOCH, 25. DEZEMBER 2024, WEIHNACHTSTAG Der Weihnachtsmann kommt ins Athena Beach Hotel, auf die Pool-Insel (je nach Wetterlage) oder in die Lobby. Er hat seine Liste gemacht, sie zweimal<\/p>\n","protected":false},"author":367,"featured_media":22674,"parent":14690,"menu_order":0,"comment_status":"closed","ping_status":"closed","template":"","meta":{"_acf_changed":false,"footnotes":""},"class_list":["post-14728","page","type-page","status-publish","has-post-thumbnail","hentry"],"acf":[],"yoast_head":"<!-- This site is optimized with the Yoast SEO plugin v27.5 - https:\/\/yoast.com\/product\/yoast-seo-wordpress\/ -->\n<title>Festliche Aktivit\u00e4ten f\u00fcr alle - Athena Beach Hotel<\/title>\n<meta name=\"robots\" content=\"index, follow, max-snippet:-1, max-image-preview:large, max-video-preview:-1\" \/>\n<link rel=\"canonical\" href=\"https:\/\/www.athena-cbh.com\/de\/festive-days-athena-beach\/festive-activities-for-all\/\" \/>\n<meta property=\"og:locale\" content=\"de_DE\" \/>\n<meta property=\"og:type\" content=\"article\" \/>\n<meta property=\"og:title\" content=\"Festliche Aktivit\u00e4ten f\u00fcr alle - Athena Beach Hotel\" \/>\n<meta property=\"og:description\" content=\"DIENSTAG, 24. DEZEMBER 2024 Weihnachtslieder. Weihnachtsbaum des \u00f6rtlichen Chors in der Lobby Lounge. Versammeln Sie sich um den Weihnachtsbaum und genie\u00dfen Sie diese wunderbaren, zeitlosen Weihnachtslieder. MITTWOCH, 25. DEZEMBER 2024, WEIHNACHTSTAG Der Weihnachtsmann kommt ins Athena Beach Hotel, auf die Pool-Insel (je nach Wetterlage) oder in die Lobby. Er hat seine Liste gemacht, sie zweimal\" \/>\n<meta property=\"og:url\" content=\"https:\/\/www.athena-cbh.com\/de\/festive-days-athena-beach\/festive-activities-for-all\/\" \/>\n<meta property=\"og:site_name\" content=\"Athena Beach Hotel\" \/>\n<meta property=\"article:modified_time\" content=\"2024-12-19T07:50:45+00:00\" \/>\n<meta property=\"og:image\" content=\"https:\/\/www.athena-cbh.com\/app\/uploads\/sites\/20\/2024\/12\/084-scaled.jpg\" \/>\n\t<meta property=\"og:image:width\" content=\"2560\" \/>\n\t<meta property=\"og:image:height\" content=\"1707\" \/>\n\t<meta property=\"og:image:type\" content=\"image\/jpeg\" \/>\n<meta name=\"twitter:card\" content=\"summary_large_image\" \/>\n<meta name=\"twitter:label1\" content=\"Gesch\u00e4tzte Lesezeit\" \/>\n\t<meta name=\"twitter:data1\" content=\"2\u00a0Minuten\" \/>\n<script type=\"application\/ld+json\" class=\"yoast-schema-graph\">{\"@context\":\"https:\\\/\\\/schema.org\",\"@graph\":[{\"@type\":\"WebPage\",\"@id\":\"https:\\\/\\\/www.athena-cbh.com\\\/de\\\/festive-days-athena-beach\\\/festive-activities-for-all\\\/\",\"url\":\"https:\\\/\\\/www.athena-cbh.com\\\/de\\\/festive-days-athena-beach\\\/festive-activities-for-all\\\/\",\"name\":\"Festliche Aktivit\u00e4ten f\u00fcr alle - Athena Beach Hotel\",\"isPartOf\":{\"@id\":\"https:\\\/\\\/www.athena-cbh.com\\\/de\\\/#website\"},\"primaryImageOfPage\":{\"@id\":\"https:\\\/\\\/www.athena-cbh.com\\\/de\\\/festive-days-athena-beach\\\/festive-activities-for-all\\\/#primaryimage\"},\"image\":{\"@id\":\"https:\\\/\\\/www.athena-cbh.com\\\/de\\\/festive-days-athena-beach\\\/festive-activities-for-all\\\/#primaryimage\"},\"thumbnailUrl\":\"https:\\\/\\\/www.athena-cbh.com\\\/app\\\/uploads\\\/sites\\\/20\\\/2025\\\/10\\\/161-1-scaled.jpg\",\"datePublished\":\"2022-12-09T11:16:01+00:00\",\"dateModified\":\"2024-12-19T07:50:45+00:00\",\"breadcrumb\":{\"@id\":\"https:\\\/\\\/www.athena-cbh.com\\\/de\\\/festive-days-athena-beach\\\/festive-activities-for-all\\\/#breadcrumb\"},\"inLanguage\":\"de\",\"potentialAction\":[{\"@type\":\"ReadAction\",\"target\":[\"https:\\\/\\\/www.athena-cbh.com\\\/de\\\/festive-days-athena-beach\\\/festive-activities-for-all\\\/\"]}]},{\"@type\":\"ImageObject\",\"inLanguage\":\"de\",\"@id\":\"https:\\\/\\\/www.athena-cbh.com\\\/de\\\/festive-days-athena-beach\\\/festive-activities-for-all\\\/#primaryimage\",\"url\":\"https:\\\/\\\/www.athena-cbh.com\\\/app\\\/uploads\\\/sites\\\/20\\\/2025\\\/10\\\/161-1-scaled.jpg\",\"contentUrl\":\"https:\\\/\\\/www.athena-cbh.com\\\/app\\\/uploads\\\/sites\\\/20\\\/2025\\\/10\\\/161-1-scaled.jpg\",\"width\":2560,\"height\":1707},{\"@type\":\"BreadcrumbList\",\"@id\":\"https:\\\/\\\/www.athena-cbh.com\\\/de\\\/festive-days-athena-beach\\\/festive-activities-for-all\\\/#breadcrumb\",\"itemListElement\":[{\"@type\":\"ListItem\",\"position\":1,\"name\":\"Home\",\"item\":\"https:\\\/\\\/www.athena-cbh.com\\\/de\\\/\"},{\"@type\":\"ListItem\",\"position\":2,\"name\":\"Festliche Tage 2024\",\"item\":\"https:\\\/\\\/www.athena-cbh.com\\\/de\\\/festive-days-athena-beach\\\/\"},{\"@type\":\"ListItem\",\"position\":3,\"name\":\"Festliche Aktivit\u00e4ten f\u00fcr alle\"}]},{\"@type\":\"WebSite\",\"@id\":\"https:\\\/\\\/www.athena-cbh.com\\\/de\\\/#website\",\"url\":\"https:\\\/\\\/www.athena-cbh.com\\\/de\\\/\",\"name\":\"Athena Beach Hotel\",\"description\":\"Constantinou Bros Athena Beach Hotel, 4 star hotel in Paphos Cyprus\",\"potentialAction\":[{\"@type\":\"SearchAction\",\"target\":{\"@type\":\"EntryPoint\",\"urlTemplate\":\"https:\\\/\\\/www.athena-cbh.com\\\/de\\\/?s={search_term_string}\"},\"query-input\":{\"@type\":\"PropertyValueSpecification\",\"valueRequired\":true,\"valueName\":\"search_term_string\"}}],\"inLanguage\":\"de\"}]}<\/script>\n<!-- \/ Yoast SEO plugin. -->","yoast_head_json":{"title":"Festliche Aktivit\u00e4ten f\u00fcr alle - Athena Beach Hotel","robots":{"index":"index","follow":"follow","max-snippet":"max-snippet:-1","max-image-preview":"max-image-preview:large","max-video-preview":"max-video-preview:-1"},"canonical":"https:\/\/www.athena-cbh.com\/de\/festive-days-athena-beach\/festive-activities-for-all\/","og_locale":"de_DE","og_type":"article","og_title":"Festliche Aktivit\u00e4ten f\u00fcr alle - Athena Beach Hotel","og_description":"DIENSTAG, 24. DEZEMBER 2024 Weihnachtslieder. Weihnachtsbaum des \u00f6rtlichen Chors in der Lobby Lounge. Versammeln Sie sich um den Weihnachtsbaum und genie\u00dfen Sie diese wunderbaren, zeitlosen Weihnachtslieder. MITTWOCH, 25. DEZEMBER 2024, WEIHNACHTSTAG Der Weihnachtsmann kommt ins Athena Beach Hotel, auf die Pool-Insel (je nach Wetterlage) oder in die Lobby. Er hat seine Liste gemacht, sie zweimal","og_url":"https:\/\/www.athena-cbh.com\/de\/festive-days-athena-beach\/festive-activities-for-all\/","og_site_name":"Athena Beach Hotel","article_modified_time":"2024-12-19T07:50:45+00:00","og_image":[{"width":2560,"height":1707,"url":"https:\/\/www.athena-cbh.com\/app\/uploads\/sites\/20\/2024\/12\/084-scaled.jpg","type":"image\/jpeg"}],"twitter_card":"summary_large_image","twitter_misc":{"Gesch\u00e4tzte Lesezeit":"2\u00a0Minuten"},"schema":{"@context":"https:\/\/schema.org","@graph":[{"@type":"WebPage","@id":"https:\/\/www.athena-cbh.com\/de\/festive-days-athena-beach\/festive-activities-for-all\/","url":"https:\/\/www.athena-cbh.com\/de\/festive-days-athena-beach\/festive-activities-for-all\/","name":"Festliche Aktivit\u00e4ten f\u00fcr alle - Athena Beach Hotel","isPartOf":{"@id":"https:\/\/www.athena-cbh.com\/de\/#website"},"primaryImageOfPage":{"@id":"https:\/\/www.athena-cbh.com\/de\/festive-days-athena-beach\/festive-activities-for-all\/#primaryimage"},"image":{"@id":"https:\/\/www.athena-cbh.com\/de\/festive-days-athena-beach\/festive-activities-for-all\/#primaryimage"},"thumbnailUrl":"https:\/\/www.athena-cbh.com\/app\/uploads\/sites\/20\/2025\/10\/161-1-scaled.jpg","datePublished":"2022-12-09T11:16:01+00:00","dateModified":"2024-12-19T07:50:45+00:00","breadcrumb":{"@id":"https:\/\/www.athena-cbh.com\/de\/festive-days-athena-beach\/festive-activities-for-all\/#breadcrumb"},"inLanguage":"de","potentialAction":[{"@type":"ReadAction","target":["https:\/\/www.athena-cbh.com\/de\/festive-days-athena-beach\/festive-activities-for-all\/"]}]},{"@type":"ImageObject","inLanguage":"de","@id":"https:\/\/www.athena-cbh.com\/de\/festive-days-athena-beach\/festive-activities-for-all\/#primaryimage","url":"https:\/\/www.athena-cbh.com\/app\/uploads\/sites\/20\/2025\/10\/161-1-scaled.jpg","contentUrl":"https:\/\/www.athena-cbh.com\/app\/uploads\/sites\/20\/2025\/10\/161-1-scaled.jpg","width":2560,"height":1707},{"@type":"BreadcrumbList","@id":"https:\/\/www.athena-cbh.com\/de\/festive-days-athena-beach\/festive-activities-for-all\/#breadcrumb","itemListElement":[{"@type":"ListItem","position":1,"name":"Home","item":"https:\/\/www.athena-cbh.com\/de\/"},{"@type":"ListItem","position":2,"name":"Festliche Tage 2024","item":"https:\/\/www.athena-cbh.com\/de\/festive-days-athena-beach\/"},{"@type":"ListItem","position":3,"name":"Festliche Aktivit\u00e4ten f\u00fcr alle"}]},{"@type":"WebSite","@id":"https:\/\/www.athena-cbh.com\/de\/#website","url":"https:\/\/www.athena-cbh.com\/de\/","name":"Athena Beach Hotel","description":"Constantinou Bros Athena Beach Hotel, 4 star hotel in Paphos Cyprus","potentialAction":[{"@type":"SearchAction","target":{"@type":"EntryPoint","urlTemplate":"https:\/\/www.athena-cbh.com\/de\/?s={search_term_string}"},"query-input":{"@type":"PropertyValueSpecification","valueRequired":true,"valueName":"search_term_string"}}],"inLanguage":"de"}]}},"_links":{"self":[{"href":"https:\/\/www.athena-cbh.com\/de\/wp-json\/wp\/v2\/pages\/14728","targetHints":{"allow":["GET"]}}],"collection":[{"href":"https:\/\/www.athena-cbh.com\/de\/wp-json\/wp\/v2\/pages"}],"about":[{"href":"https:\/\/www.athena-cbh.com\/de\/wp-json\/wp\/v2\/types\/page"}],"author":[{"embeddable":true,"href":"https:\/\/www.athena-cbh.com\/de\/wp-json\/wp\/v2\/users\/367"}],"replies":[{"embeddable":true,"href":"https:\/\/www.athena-cbh.com\/de\/wp-json\/wp\/v2\/comments?post=14728"}],"version-history":[{"count":17,"href":"https:\/\/www.athena-cbh.com\/de\/wp-json\/wp\/v2\/pages\/14728\/revisions"}],"predecessor-version":[{"id":21511,"href":"https:\/\/www.athena-cbh.com\/de\/wp-json\/wp\/v2\/pages\/14728\/revisions\/21511"}],"up":[{"embeddable":true,"href":"https:\/\/www.athena-cbh.com\/de\/wp-json\/wp\/v2\/pages\/14690"}],"wp:featuredmedia":[{"embeddable":true,"href":"https:\/\/www.athena-cbh.com\/de\/wp-json\/wp\/v2\/media\/22674"}],"wp:attachment":[{"href":"https:\/\/www.athena-cbh.com\/de\/wp-json\/wp\/v2\/media?parent=14728"}],"curies":[{"name":"wp","href":"https:\/\/api.w.org\/{rel}","templated":true}]}}