{"id":14699,"date":"2022-12-09T14:16:08","date_gmt":"2022-12-09T11:16:08","guid":{"rendered":"https:\/\/www.athena-cbh.com\/festive-days-athena-beach\/christmas-eve-happenings\/"},"modified":"2024-12-23T12:41:02","modified_gmt":"2024-12-23T09:41:02","slug":"christmas-eve-happenings","status":"publish","type":"page","link":"https:\/\/www.athena-cbh.com\/de\/festive-days-athena-beach\/christmas-eve-happenings\/","title":{"rendered":"Geschehnisse an Heiligabend"},"content":{"rendered":"<p><img loading=\"lazy\" decoding=\"async\" class=\"size-medium wp-image-21238 aligncenter\" src=\"https:\/\/www.athena-cbh.com\/app\/uploads\/sites\/20\/2024\/12\/newsletter-banner-600x50.png\" alt=\"\" width=\"600\" height=\"50\" srcset=\"https:\/\/www.athena-cbh.com\/app\/uploads\/sites\/20\/2024\/12\/newsletter-banner-600x50.png 600w, https:\/\/www.athena-cbh.com\/app\/uploads\/sites\/20\/2024\/12\/newsletter-banner-768x64.png 768w, https:\/\/www.athena-cbh.com\/app\/uploads\/sites\/20\/2024\/12\/newsletter-banner.png 1200w\" sizes=\"auto, (max-width: 600px) 100vw, 600px\" \/><\/p>\n<p><strong><span style=\"color: #bba974;\">DIENSTAG, 24. DEZEMBER 2024, WEIHNACHTSABEND<\/span><\/strong><\/p>\n<p><span style=\"color: #003366;\">Weihnachtslieder. Weihnachtsbaum des \u00f6rtlichen Chors in der Lobby Lounge. Versammeln Sie sich um den Weihnachtsbaum und genie\u00dfen Sie diese wunderbaren, zeitlosen Weihnachtslieder.<\/span><br \/>\n<span style=\"color: #003366;\">Heiligabend Gala Buffet &amp; Extravaganza Show im Atrium Restaurant mit einem festlichen und k\u00f6stlichen Festmahl. An diesem Abend werden Sie von Live-Musik und einer Tanzshow begleitet und k\u00f6nnen aus einer Vielzahl von kulinarischen Optionen w\u00e4hlen.<\/span><\/p>\n<p>&nbsp;<\/p>\n<p><em><span style=\"color: #003366;\">Unser komplettes Festprogramm finden Sie unten.<\/span><\/em><\/p>\n","protected":false},"excerpt":{"rendered":"<p>DIENSTAG, 24. DEZEMBER 2024, WEIHNACHTSABEND Weihnachtslieder. Weihnachtsbaum des \u00f6rtlichen Chors in der Lobby Lounge. Versammeln Sie sich um den Weihnachtsbaum und genie\u00dfen Sie diese wunderbaren, zeitlosen Weihnachtslieder. Heiligabend Gala Buffet &amp; Extravaganza Show im Atrium Restaurant mit einem festlichen und k\u00f6stlichen Festmahl. An diesem Abend werden Sie von Live-Musik und einer Tanzshow begleitet und k\u00f6nnen<\/p>\n","protected":false},"author":367,"featured_media":22588,"parent":14690,"menu_order":0,"comment_status":"closed","ping_status":"closed","template":"","meta":{"_acf_changed":false,"footnotes":""},"class_list":["post-14699","page","type-page","status-publish","has-post-thumbnail","hentry"],"acf":[],"yoast_head":"<!-- This site is optimized with the Yoast SEO plugin v27.5 - https:\/\/yoast.com\/product\/yoast-seo-wordpress\/ -->\n<title>Geschehnisse an Heiligabend - Athena Beach Hotel<\/title>\n<meta name=\"robots\" content=\"index, follow, max-snippet:-1, max-image-preview:large, max-video-preview:-1\" \/>\n<link rel=\"canonical\" href=\"https:\/\/www.athena-cbh.com\/de\/festive-days-athena-beach\/christmas-eve-happenings\/\" \/>\n<meta property=\"og:locale\" content=\"de_DE\" \/>\n<meta property=\"og:type\" content=\"article\" \/>\n<meta property=\"og:title\" content=\"Geschehnisse an Heiligabend - Athena Beach Hotel\" \/>\n<meta property=\"og:description\" content=\"DIENSTAG, 24. DEZEMBER 2024, WEIHNACHTSABEND Weihnachtslieder. Weihnachtsbaum des \u00f6rtlichen Chors in der Lobby Lounge. Versammeln Sie sich um den Weihnachtsbaum und genie\u00dfen Sie diese wunderbaren, zeitlosen Weihnachtslieder. Heiligabend Gala Buffet &amp; Extravaganza Show im Atrium Restaurant mit einem festlichen und k\u00f6stlichen Festmahl. An diesem Abend werden Sie von Live-Musik und einer Tanzshow begleitet und k\u00f6nnen\" \/>\n<meta property=\"og:url\" content=\"https:\/\/www.athena-cbh.com\/de\/festive-days-athena-beach\/christmas-eve-happenings\/\" \/>\n<meta property=\"og:site_name\" content=\"Athena Beach Hotel\" \/>\n<meta property=\"article:modified_time\" content=\"2024-12-23T09:41:02+00:00\" \/>\n<meta property=\"og:image\" content=\"https:\/\/www.athena-cbh.com\/app\/uploads\/sites\/20\/2022\/12\/141-scaled.jpg\" \/>\n\t<meta property=\"og:image:width\" content=\"2560\" \/>\n\t<meta property=\"og:image:height\" content=\"1707\" \/>\n\t<meta property=\"og:image:type\" content=\"image\/jpeg\" \/>\n<meta name=\"twitter:card\" content=\"summary_large_image\" \/>\n<meta name=\"twitter:label1\" content=\"Gesch\u00e4tzte Lesezeit\" \/>\n\t<meta name=\"twitter:data1\" content=\"1\u00a0Minute\" \/>\n<script type=\"application\/ld+json\" class=\"yoast-schema-graph\">{\"@context\":\"https:\\\/\\\/schema.org\",\"@graph\":[{\"@type\":\"WebPage\",\"@id\":\"https:\\\/\\\/www.athena-cbh.com\\\/de\\\/festive-days-athena-beach\\\/christmas-eve-happenings\\\/\",\"url\":\"https:\\\/\\\/www.athena-cbh.com\\\/de\\\/festive-days-athena-beach\\\/christmas-eve-happenings\\\/\",\"name\":\"Geschehnisse an Heiligabend - Athena Beach Hotel\",\"isPartOf\":{\"@id\":\"https:\\\/\\\/www.athena-cbh.com\\\/de\\\/#website\"},\"primaryImageOfPage\":{\"@id\":\"https:\\\/\\\/www.athena-cbh.com\\\/de\\\/festive-days-athena-beach\\\/christmas-eve-happenings\\\/#primaryimage\"},\"image\":{\"@id\":\"https:\\\/\\\/www.athena-cbh.com\\\/de\\\/festive-days-athena-beach\\\/christmas-eve-happenings\\\/#primaryimage\"},\"thumbnailUrl\":\"https:\\\/\\\/www.athena-cbh.com\\\/app\\\/uploads\\\/sites\\\/20\\\/2025\\\/10\\\/106-scaled.jpg\",\"datePublished\":\"2022-12-09T11:16:08+00:00\",\"dateModified\":\"2024-12-23T09:41:02+00:00\",\"breadcrumb\":{\"@id\":\"https:\\\/\\\/www.athena-cbh.com\\\/de\\\/festive-days-athena-beach\\\/christmas-eve-happenings\\\/#breadcrumb\"},\"inLanguage\":\"de\",\"potentialAction\":[{\"@type\":\"ReadAction\",\"target\":[\"https:\\\/\\\/www.athena-cbh.com\\\/de\\\/festive-days-athena-beach\\\/christmas-eve-happenings\\\/\"]}]},{\"@type\":\"ImageObject\",\"inLanguage\":\"de\",\"@id\":\"https:\\\/\\\/www.athena-cbh.com\\\/de\\\/festive-days-athena-beach\\\/christmas-eve-happenings\\\/#primaryimage\",\"url\":\"https:\\\/\\\/www.athena-cbh.com\\\/app\\\/uploads\\\/sites\\\/20\\\/2025\\\/10\\\/106-scaled.jpg\",\"contentUrl\":\"https:\\\/\\\/www.athena-cbh.com\\\/app\\\/uploads\\\/sites\\\/20\\\/2025\\\/10\\\/106-scaled.jpg\",\"width\":2560,\"height\":1707},{\"@type\":\"BreadcrumbList\",\"@id\":\"https:\\\/\\\/www.athena-cbh.com\\\/de\\\/festive-days-athena-beach\\\/christmas-eve-happenings\\\/#breadcrumb\",\"itemListElement\":[{\"@type\":\"ListItem\",\"position\":1,\"name\":\"Home\",\"item\":\"https:\\\/\\\/www.athena-cbh.com\\\/de\\\/\"},{\"@type\":\"ListItem\",\"position\":2,\"name\":\"Festliche Tage 2024\",\"item\":\"https:\\\/\\\/www.athena-cbh.com\\\/de\\\/festive-days-athena-beach\\\/\"},{\"@type\":\"ListItem\",\"position\":3,\"name\":\"Geschehnisse an Heiligabend\"}]},{\"@type\":\"WebSite\",\"@id\":\"https:\\\/\\\/www.athena-cbh.com\\\/de\\\/#website\",\"url\":\"https:\\\/\\\/www.athena-cbh.com\\\/de\\\/\",\"name\":\"Athena Beach Hotel\",\"description\":\"Constantinou Bros Athena Beach Hotel, 4 star hotel in Paphos Cyprus\",\"potentialAction\":[{\"@type\":\"SearchAction\",\"target\":{\"@type\":\"EntryPoint\",\"urlTemplate\":\"https:\\\/\\\/www.athena-cbh.com\\\/de\\\/?s={search_term_string}\"},\"query-input\":{\"@type\":\"PropertyValueSpecification\",\"valueRequired\":true,\"valueName\":\"search_term_string\"}}],\"inLanguage\":\"de\"}]}<\/script>\n<!-- \/ Yoast SEO plugin. -->","yoast_head_json":{"title":"Geschehnisse an Heiligabend - Athena Beach Hotel","robots":{"index":"index","follow":"follow","max-snippet":"max-snippet:-1","max-image-preview":"max-image-preview:large","max-video-preview":"max-video-preview:-1"},"canonical":"https:\/\/www.athena-cbh.com\/de\/festive-days-athena-beach\/christmas-eve-happenings\/","og_locale":"de_DE","og_type":"article","og_title":"Geschehnisse an Heiligabend - Athena Beach Hotel","og_description":"DIENSTAG, 24. DEZEMBER 2024, WEIHNACHTSABEND Weihnachtslieder. Weihnachtsbaum des \u00f6rtlichen Chors in der Lobby Lounge. Versammeln Sie sich um den Weihnachtsbaum und genie\u00dfen Sie diese wunderbaren, zeitlosen Weihnachtslieder. Heiligabend Gala Buffet &amp; Extravaganza Show im Atrium Restaurant mit einem festlichen und k\u00f6stlichen Festmahl. An diesem Abend werden Sie von Live-Musik und einer Tanzshow begleitet und k\u00f6nnen","og_url":"https:\/\/www.athena-cbh.com\/de\/festive-days-athena-beach\/christmas-eve-happenings\/","og_site_name":"Athena Beach Hotel","article_modified_time":"2024-12-23T09:41:02+00:00","og_image":[{"width":2560,"height":1707,"url":"https:\/\/www.athena-cbh.com\/app\/uploads\/sites\/20\/2022\/12\/141-scaled.jpg","type":"image\/jpeg"}],"twitter_card":"summary_large_image","twitter_misc":{"Gesch\u00e4tzte Lesezeit":"1\u00a0Minute"},"schema":{"@context":"https:\/\/schema.org","@graph":[{"@type":"WebPage","@id":"https:\/\/www.athena-cbh.com\/de\/festive-days-athena-beach\/christmas-eve-happenings\/","url":"https:\/\/www.athena-cbh.com\/de\/festive-days-athena-beach\/christmas-eve-happenings\/","name":"Geschehnisse an Heiligabend - Athena Beach Hotel","isPartOf":{"@id":"https:\/\/www.athena-cbh.com\/de\/#website"},"primaryImageOfPage":{"@id":"https:\/\/www.athena-cbh.com\/de\/festive-days-athena-beach\/christmas-eve-happenings\/#primaryimage"},"image":{"@id":"https:\/\/www.athena-cbh.com\/de\/festive-days-athena-beach\/christmas-eve-happenings\/#primaryimage"},"thumbnailUrl":"https:\/\/www.athena-cbh.com\/app\/uploads\/sites\/20\/2025\/10\/106-scaled.jpg","datePublished":"2022-12-09T11:16:08+00:00","dateModified":"2024-12-23T09:41:02+00:00","breadcrumb":{"@id":"https:\/\/www.athena-cbh.com\/de\/festive-days-athena-beach\/christmas-eve-happenings\/#breadcrumb"},"inLanguage":"de","potentialAction":[{"@type":"ReadAction","target":["https:\/\/www.athena-cbh.com\/de\/festive-days-athena-beach\/christmas-eve-happenings\/"]}]},{"@type":"ImageObject","inLanguage":"de","@id":"https:\/\/www.athena-cbh.com\/de\/festive-days-athena-beach\/christmas-eve-happenings\/#primaryimage","url":"https:\/\/www.athena-cbh.com\/app\/uploads\/sites\/20\/2025\/10\/106-scaled.jpg","contentUrl":"https:\/\/www.athena-cbh.com\/app\/uploads\/sites\/20\/2025\/10\/106-scaled.jpg","width":2560,"height":1707},{"@type":"BreadcrumbList","@id":"https:\/\/www.athena-cbh.com\/de\/festive-days-athena-beach\/christmas-eve-happenings\/#breadcrumb","itemListElement":[{"@type":"ListItem","position":1,"name":"Home","item":"https:\/\/www.athena-cbh.com\/de\/"},{"@type":"ListItem","position":2,"name":"Festliche Tage 2024","item":"https:\/\/www.athena-cbh.com\/de\/festive-days-athena-beach\/"},{"@type":"ListItem","position":3,"name":"Geschehnisse an Heiligabend"}]},{"@type":"WebSite","@id":"https:\/\/www.athena-cbh.com\/de\/#website","url":"https:\/\/www.athena-cbh.com\/de\/","name":"Athena Beach Hotel","description":"Constantinou Bros Athena Beach Hotel, 4 star hotel in Paphos Cyprus","potentialAction":[{"@type":"SearchAction","target":{"@type":"EntryPoint","urlTemplate":"https:\/\/www.athena-cbh.com\/de\/?s={search_term_string}"},"query-input":{"@type":"PropertyValueSpecification","valueRequired":true,"valueName":"search_term_string"}}],"inLanguage":"de"}]}},"_links":{"self":[{"href":"https:\/\/www.athena-cbh.com\/de\/wp-json\/wp\/v2\/pages\/14699","targetHints":{"allow":["GET"]}}],"collection":[{"href":"https:\/\/www.athena-cbh.com\/de\/wp-json\/wp\/v2\/pages"}],"about":[{"href":"https:\/\/www.athena-cbh.com\/de\/wp-json\/wp\/v2\/types\/page"}],"author":[{"embeddable":true,"href":"https:\/\/www.athena-cbh.com\/de\/wp-json\/wp\/v2\/users\/367"}],"replies":[{"embeddable":true,"href":"https:\/\/www.athena-cbh.com\/de\/wp-json\/wp\/v2\/comments?post=14699"}],"version-history":[{"count":17,"href":"https:\/\/www.athena-cbh.com\/de\/wp-json\/wp\/v2\/pages\/14699\/revisions"}],"predecessor-version":[{"id":21577,"href":"https:\/\/www.athena-cbh.com\/de\/wp-json\/wp\/v2\/pages\/14699\/revisions\/21577"}],"up":[{"embeddable":true,"href":"https:\/\/www.athena-cbh.com\/de\/wp-json\/wp\/v2\/pages\/14690"}],"wp:featuredmedia":[{"embeddable":true,"href":"https:\/\/www.athena-cbh.com\/de\/wp-json\/wp\/v2\/media\/22588"}],"wp:attachment":[{"href":"https:\/\/www.athena-cbh.com\/de\/wp-json\/wp\/v2\/media?parent=14699"}],"curies":[{"name":"wp","href":"https:\/\/api.w.org\/{rel}","templated":true}]}}