{"id":14384,"date":"2022-11-28T15:12:46","date_gmt":"2022-11-28T12:12:46","guid":{"rendered":"https:\/\/www.athena-cbh.com\/meetings-events\/"},"modified":"2024-09-16T19:00:33","modified_gmt":"2024-09-16T16:00:33","slug":"treffen-events","status":"publish","type":"page","link":"https:\/\/www.athena-cbh.com\/de\/treffen-events\/","title":{"rendered":"Tagungen"},"content":{"rendered":"<h1 class=\"home-pages-title title-size text-center pt-5 font-regular\">Vielseitig nutzbare und abwechslungsreiche Konferenzr\u00e4ume in Paphos<\/h1>\n<p>Die Constantinou Bros Hotels verf\u00fcgen \u00fcber ausgezeichnete Einrichtungen, die den h\u00f6chsten Anspr\u00fcchen f\u00fcr Ihre Konferenz, Ihr Meeting oder Ihre besondere Veranstaltung gerecht werden.<br \/>\nUnsere Hotels befinden sich alle in einer wundersch\u00f6nen nat\u00fcrlichen Umgebung, bieten sorgf\u00e4ltig eingerichtete Konferenzs\u00e4le mit engagierten Mitarbeitern, die Ihnen zur Seite stehen, und stellen hochwertige Audio- und Tonanlagen sowie Dienstleistungen bereit, damit Ihre Veranstaltung ein Erfolg wird.<br \/>\nBer\u00fccksichtigen Sie als zus\u00e4tzlichen Bonus das ausgezeichnete Wetter auf Zypern, die vielf\u00e4ltigen Freizeitm\u00f6glichkeiten, die unsere Hotels tags\u00fcber und abends bieten, sowie die gute K\u00fcche und seien Sie versichert, dass Ihre gesch\u00e4ftlichen Treffen zu einem unvergesslichen Urlaub werden k\u00f6nnen.<br \/>\nF\u00fcr weitere Informationen wenden Sie sich bitte an <a href=\"mailto:reservations@cbh-cyprus.com\">reservations@cbh-cyprus.com<\/a> oder besuchen Sie die einzelnen Hotels auf dieser Seite. <em><strong>Entdecken Sie die Tagungs- und Veranstaltungseinrichtungen jedes unserer Hotels&#8230;<\/strong><\/em><\/p>\n<h4><strong>ATHENA BEACH HOTEL<\/strong><\/h4>\n<div class=\"tab-content\">\n<div id=\"athena-beach-hotel\" class=\"tab-pane rl_tabs-pane nn_tabs-pane active blue\" role=\"tabpanel\" aria-labelledby=\"tab-athena-beach-hotel\" aria-hidden=\"false\">Die Veranstaltungss\u00e4le wurden sorgf\u00e4ltig eingerichtet, um die nat\u00fcrliche Sch\u00f6nheit der Umgebung einzufangen und sie mit unserem tadellosen Service zu kombinieren, um die anspruchsvollsten Gruppen und Kongresse zu empfangen.<br \/>\nDie S\u00e4le k\u00f6nnen als Br\u00fcckens\u00e4le und Tanzs\u00e4le genutzt werden.<\/p>\n<p class=\"article_underlined\"><strong>Konferenzeinrichtungen<\/strong><\/p>\n<ul>\n<li>Overhead- und Diaprojektoren mit gro\u00dfer Leinwand<\/li>\n<li>Podium<\/li>\n<li>Mikrofone<\/li>\n<li>Gro\u00dfbildfernseher<\/li>\n<li>Flipcharts<\/li>\n<li>Video- und DVD-Player<\/li>\n<\/ul>\n<p class=\"article_underlined\"><strong> Tagungs- und Veranstaltungsr\u00e4ume<\/strong><\/p>\n<table class=\"meetings\">\n<thead>\n<tr>\n<th>Zimmer<\/th>\n<th><sup>m2<\/sup><\/th>\n<th>Theater-Stil<\/th>\n<th>Klassenzimmer<\/th>\n<th>Cocktail-Empfang<\/th>\n<th>U-f\u00f6rmig<\/th>\n<th>Sitzungssaal<\/th>\n<th>Bankett Gala<\/th>\n<\/tr>\n<\/thead>\n<tbody>\n<tr>\n<td>Athos<\/td>\n<td>352<\/td>\n<td>200<\/td>\n<td>150<\/td>\n<td>300<\/td>\n<td>60<\/td>\n<td>70<\/td>\n<td><\/td>\n<\/tr>\n<tr>\n<td>St. Raphael<\/td>\n<td>124<\/td>\n<td>100<\/td>\n<td>65<\/td>\n<td>120<\/td>\n<td>40<\/td>\n<td>40<\/td>\n<td>60<\/td>\n<\/tr>\n<tr>\n<td>Orpheas<\/td>\n<td>67<\/td>\n<td>30<\/td>\n<td>20<\/td>\n<td>40<\/td>\n<td><\/td>\n<td><\/td>\n<td><\/td>\n<\/tr>\n<tr>\n<td>Asimina<\/td>\n<td>130<\/td>\n<td><\/td>\n<td>20<\/td>\n<td>30<\/td>\n<td>20<\/td>\n<td>20<\/td>\n<td><\/td>\n<\/tr>\n<tr>\n<td>Evelina<\/td>\n<td>132<\/td>\n<td><\/td>\n<td>20<\/td>\n<td>30<\/td>\n<td>20<\/td>\n<td>20<\/td>\n<td><\/td>\n<\/tr>\n<\/tbody>\n<\/table>\n<p>F\u00fcr weitere Informationen \u00fcber Treffen und Veranstaltungen kontaktieren Sie bitte: <a href=\"mailto:reservations@athens-cbh.com\">reservations@athena-cbh.com<\/a><\/p>\n<h4><\/h4>\n<\/div>\n<\/div>\n","protected":false},"excerpt":{"rendered":"<p>Vielseitig nutzbare und abwechslungsreiche Konferenzr\u00e4ume in Paphos Die Constantinou Bros Hotels verf\u00fcgen \u00fcber ausgezeichnete Einrichtungen, die den h\u00f6chsten Anspr\u00fcchen f\u00fcr Ihre Konferenz, Ihr Meeting oder Ihre besondere Veranstaltung gerecht werden. Unsere Hotels befinden sich alle in einer wundersch\u00f6nen nat\u00fcrlichen Umgebung, bieten sorgf\u00e4ltig eingerichtete Konferenzs\u00e4le mit engagierten Mitarbeitern, die Ihnen zur Seite stehen, und stellen hochwertige<\/p>\n","protected":false},"author":100,"featured_media":14371,"parent":0,"menu_order":0,"comment_status":"closed","ping_status":"closed","template":"","meta":{"_acf_changed":false,"footnotes":""},"class_list":["post-14384","page","type-page","status-publish","has-post-thumbnail","hentry"],"acf":[],"yoast_head":"<!-- This site is optimized with the Yoast SEO plugin v27.4 - https:\/\/yoast.com\/product\/yoast-seo-wordpress\/ -->\n<title>Tagungen - Athena Beach Hotel<\/title>\n<meta name=\"description\" content=\"F\u00fcr Tagungen und Veranstaltungen bietet das Athena Beach Hotel verschiedene Veranstaltungsr\u00e4ume mit Blick auf die umliegende Natursch\u00f6nheit in Kombination mit einem tadellosen Service.\" \/>\n<meta name=\"robots\" content=\"index, follow, max-snippet:-1, max-image-preview:large, max-video-preview:-1\" \/>\n<link rel=\"canonical\" href=\"https:\/\/www.athena-cbh.com\/de\/treffen-events\/\" \/>\n<meta property=\"og:locale\" content=\"de_DE\" \/>\n<meta property=\"og:type\" content=\"article\" \/>\n<meta property=\"og:title\" content=\"Tagungen - Athena Beach Hotel\" \/>\n<meta property=\"og:description\" content=\"F\u00fcr Tagungen und Veranstaltungen bietet das Athena Beach Hotel verschiedene Veranstaltungsr\u00e4ume mit Blick auf die umliegende Natursch\u00f6nheit in Kombination mit einem tadellosen Service.\" \/>\n<meta property=\"og:url\" content=\"https:\/\/www.athena-cbh.com\/de\/treffen-events\/\" \/>\n<meta property=\"og:site_name\" content=\"Athena Beach Hotel\" \/>\n<meta property=\"article:modified_time\" content=\"2024-09-16T16:00:33+00:00\" \/>\n<meta property=\"og:image\" content=\"https:\/\/www.athena-cbh.com\/app\/uploads\/sites\/20\/2022\/11\/88-ATHENA-BEACH-HOTEL-ATHOS-CONFERENCE-ROOM-scaled.jpg\" \/>\n\t<meta property=\"og:image:width\" content=\"2560\" \/>\n\t<meta property=\"og:image:height\" content=\"1707\" \/>\n\t<meta property=\"og:image:type\" content=\"image\/jpeg\" \/>\n<meta name=\"twitter:card\" content=\"summary_large_image\" \/>\n<meta name=\"twitter:label1\" content=\"Gesch\u00e4tzte Lesezeit\" \/>\n\t<meta name=\"twitter:data1\" content=\"2\u00a0Minuten\" \/>\n<script type=\"application\/ld+json\" class=\"yoast-schema-graph\">{\"@context\":\"https:\\\/\\\/schema.org\",\"@graph\":[{\"@type\":\"WebPage\",\"@id\":\"https:\\\/\\\/www.athena-cbh.com\\\/de\\\/treffen-events\\\/\",\"url\":\"https:\\\/\\\/www.athena-cbh.com\\\/de\\\/treffen-events\\\/\",\"name\":\"Tagungen - Athena Beach Hotel\",\"isPartOf\":{\"@id\":\"https:\\\/\\\/www.athena-cbh.com\\\/de\\\/#website\"},\"primaryImageOfPage\":{\"@id\":\"https:\\\/\\\/www.athena-cbh.com\\\/de\\\/treffen-events\\\/#primaryimage\"},\"image\":{\"@id\":\"https:\\\/\\\/www.athena-cbh.com\\\/de\\\/treffen-events\\\/#primaryimage\"},\"thumbnailUrl\":\"https:\\\/\\\/www.athena-cbh.com\\\/app\\\/uploads\\\/sites\\\/20\\\/2022\\\/11\\\/88-ATHENA-BEACH-HOTEL-ATHOS-CONFERENCE-ROOM-scaled.jpg\",\"datePublished\":\"2022-11-28T12:12:46+00:00\",\"dateModified\":\"2024-09-16T16:00:33+00:00\",\"description\":\"F\u00fcr Tagungen und Veranstaltungen bietet das Athena Beach Hotel verschiedene Veranstaltungsr\u00e4ume mit Blick auf die umliegende Natursch\u00f6nheit in Kombination mit einem tadellosen Service.\",\"breadcrumb\":{\"@id\":\"https:\\\/\\\/www.athena-cbh.com\\\/de\\\/treffen-events\\\/#breadcrumb\"},\"inLanguage\":\"de\",\"potentialAction\":[{\"@type\":\"ReadAction\",\"target\":[\"https:\\\/\\\/www.athena-cbh.com\\\/de\\\/treffen-events\\\/\"]}]},{\"@type\":\"ImageObject\",\"inLanguage\":\"de\",\"@id\":\"https:\\\/\\\/www.athena-cbh.com\\\/de\\\/treffen-events\\\/#primaryimage\",\"url\":\"https:\\\/\\\/www.athena-cbh.com\\\/app\\\/uploads\\\/sites\\\/20\\\/2022\\\/11\\\/88-ATHENA-BEACH-HOTEL-ATHOS-CONFERENCE-ROOM-scaled.jpg\",\"contentUrl\":\"https:\\\/\\\/www.athena-cbh.com\\\/app\\\/uploads\\\/sites\\\/20\\\/2022\\\/11\\\/88-ATHENA-BEACH-HOTEL-ATHOS-CONFERENCE-ROOM-scaled.jpg\",\"width\":2560,\"height\":1707},{\"@type\":\"BreadcrumbList\",\"@id\":\"https:\\\/\\\/www.athena-cbh.com\\\/de\\\/treffen-events\\\/#breadcrumb\",\"itemListElement\":[{\"@type\":\"ListItem\",\"position\":1,\"name\":\"Home\",\"item\":\"https:\\\/\\\/www.athena-cbh.com\\\/de\\\/\"},{\"@type\":\"ListItem\",\"position\":2,\"name\":\"Tagungen\"}]},{\"@type\":\"WebSite\",\"@id\":\"https:\\\/\\\/www.athena-cbh.com\\\/de\\\/#website\",\"url\":\"https:\\\/\\\/www.athena-cbh.com\\\/de\\\/\",\"name\":\"Athena Beach Hotel\",\"description\":\"Constantinou Bros Athena Beach Hotel, 4 star hotel in Paphos Cyprus\",\"potentialAction\":[{\"@type\":\"SearchAction\",\"target\":{\"@type\":\"EntryPoint\",\"urlTemplate\":\"https:\\\/\\\/www.athena-cbh.com\\\/de\\\/?s={search_term_string}\"},\"query-input\":{\"@type\":\"PropertyValueSpecification\",\"valueRequired\":true,\"valueName\":\"search_term_string\"}}],\"inLanguage\":\"de\"}]}<\/script>\n<!-- \/ Yoast SEO plugin. -->","yoast_head_json":{"title":"Tagungen - Athena Beach Hotel","description":"F\u00fcr Tagungen und Veranstaltungen bietet das Athena Beach Hotel verschiedene Veranstaltungsr\u00e4ume mit Blick auf die umliegende Natursch\u00f6nheit in Kombination mit einem tadellosen Service.","robots":{"index":"index","follow":"follow","max-snippet":"max-snippet:-1","max-image-preview":"max-image-preview:large","max-video-preview":"max-video-preview:-1"},"canonical":"https:\/\/www.athena-cbh.com\/de\/treffen-events\/","og_locale":"de_DE","og_type":"article","og_title":"Tagungen - Athena Beach Hotel","og_description":"F\u00fcr Tagungen und Veranstaltungen bietet das Athena Beach Hotel verschiedene Veranstaltungsr\u00e4ume mit Blick auf die umliegende Natursch\u00f6nheit in Kombination mit einem tadellosen Service.","og_url":"https:\/\/www.athena-cbh.com\/de\/treffen-events\/","og_site_name":"Athena Beach Hotel","article_modified_time":"2024-09-16T16:00:33+00:00","og_image":[{"width":2560,"height":1707,"url":"https:\/\/www.athena-cbh.com\/app\/uploads\/sites\/20\/2022\/11\/88-ATHENA-BEACH-HOTEL-ATHOS-CONFERENCE-ROOM-scaled.jpg","type":"image\/jpeg"}],"twitter_card":"summary_large_image","twitter_misc":{"Gesch\u00e4tzte Lesezeit":"2\u00a0Minuten"},"schema":{"@context":"https:\/\/schema.org","@graph":[{"@type":"WebPage","@id":"https:\/\/www.athena-cbh.com\/de\/treffen-events\/","url":"https:\/\/www.athena-cbh.com\/de\/treffen-events\/","name":"Tagungen - Athena Beach Hotel","isPartOf":{"@id":"https:\/\/www.athena-cbh.com\/de\/#website"},"primaryImageOfPage":{"@id":"https:\/\/www.athena-cbh.com\/de\/treffen-events\/#primaryimage"},"image":{"@id":"https:\/\/www.athena-cbh.com\/de\/treffen-events\/#primaryimage"},"thumbnailUrl":"https:\/\/www.athena-cbh.com\/app\/uploads\/sites\/20\/2022\/11\/88-ATHENA-BEACH-HOTEL-ATHOS-CONFERENCE-ROOM-scaled.jpg","datePublished":"2022-11-28T12:12:46+00:00","dateModified":"2024-09-16T16:00:33+00:00","description":"F\u00fcr Tagungen und Veranstaltungen bietet das Athena Beach Hotel verschiedene Veranstaltungsr\u00e4ume mit Blick auf die umliegende Natursch\u00f6nheit in Kombination mit einem tadellosen Service.","breadcrumb":{"@id":"https:\/\/www.athena-cbh.com\/de\/treffen-events\/#breadcrumb"},"inLanguage":"de","potentialAction":[{"@type":"ReadAction","target":["https:\/\/www.athena-cbh.com\/de\/treffen-events\/"]}]},{"@type":"ImageObject","inLanguage":"de","@id":"https:\/\/www.athena-cbh.com\/de\/treffen-events\/#primaryimage","url":"https:\/\/www.athena-cbh.com\/app\/uploads\/sites\/20\/2022\/11\/88-ATHENA-BEACH-HOTEL-ATHOS-CONFERENCE-ROOM-scaled.jpg","contentUrl":"https:\/\/www.athena-cbh.com\/app\/uploads\/sites\/20\/2022\/11\/88-ATHENA-BEACH-HOTEL-ATHOS-CONFERENCE-ROOM-scaled.jpg","width":2560,"height":1707},{"@type":"BreadcrumbList","@id":"https:\/\/www.athena-cbh.com\/de\/treffen-events\/#breadcrumb","itemListElement":[{"@type":"ListItem","position":1,"name":"Home","item":"https:\/\/www.athena-cbh.com\/de\/"},{"@type":"ListItem","position":2,"name":"Tagungen"}]},{"@type":"WebSite","@id":"https:\/\/www.athena-cbh.com\/de\/#website","url":"https:\/\/www.athena-cbh.com\/de\/","name":"Athena Beach Hotel","description":"Constantinou Bros Athena Beach Hotel, 4 star hotel in Paphos Cyprus","potentialAction":[{"@type":"SearchAction","target":{"@type":"EntryPoint","urlTemplate":"https:\/\/www.athena-cbh.com\/de\/?s={search_term_string}"},"query-input":{"@type":"PropertyValueSpecification","valueRequired":true,"valueName":"search_term_string"}}],"inLanguage":"de"}]}},"_links":{"self":[{"href":"https:\/\/www.athena-cbh.com\/de\/wp-json\/wp\/v2\/pages\/14384","targetHints":{"allow":["GET"]}}],"collection":[{"href":"https:\/\/www.athena-cbh.com\/de\/wp-json\/wp\/v2\/pages"}],"about":[{"href":"https:\/\/www.athena-cbh.com\/de\/wp-json\/wp\/v2\/types\/page"}],"author":[{"embeddable":true,"href":"https:\/\/www.athena-cbh.com\/de\/wp-json\/wp\/v2\/users\/100"}],"replies":[{"embeddable":true,"href":"https:\/\/www.athena-cbh.com\/de\/wp-json\/wp\/v2\/comments?post=14384"}],"version-history":[{"count":7,"href":"https:\/\/www.athena-cbh.com\/de\/wp-json\/wp\/v2\/pages\/14384\/revisions"}],"predecessor-version":[{"id":20702,"href":"https:\/\/www.athena-cbh.com\/de\/wp-json\/wp\/v2\/pages\/14384\/revisions\/20702"}],"wp:featuredmedia":[{"embeddable":true,"href":"https:\/\/www.athena-cbh.com\/de\/wp-json\/wp\/v2\/media\/14371"}],"wp:attachment":[{"href":"https:\/\/www.athena-cbh.com\/de\/wp-json\/wp\/v2\/media?parent=14384"}],"curies":[{"name":"wp","href":"https:\/\/api.w.org\/{rel}","templated":true}]}}