{"id":12674,"date":"2022-07-04T09:46:15","date_gmt":"2022-07-04T06:46:15","guid":{"rendered":"https:\/\/www.athena-cbh.com\/golf-holidays\/"},"modified":"2024-09-16T18:57:05","modified_gmt":"2024-09-16T15:57:05","slug":"golf-holidays","status":"publish","type":"page","link":"https:\/\/www.athena-cbh.com\/de\/aktivitat-urlaub\/golf-holidays\/","title":{"rendered":"Golf-Ferien"},"content":{"rendered":"<p>Jeder der vier Golfpl\u00e4tze ist von allen CONSTANTINOU BROS HOTELS aus leicht zu erreichen. Obwohl der Golfsport auf Zypern noch relativ neu ist, erweist sich das Land bereits als ein f\u00fchrendes Golfreiseziel. Buchen Sie Ihre Golfabschlagzeiten direkt im Hotel und profitieren Sie von unseren exklusiven Preisen f\u00fcr G\u00e4ste der Elite Class sowie von unseren Sonderrabatten f\u00fcr Hotelg\u00e4ste. Bitte kontaktieren Sie unseren G\u00e4steservice f\u00fcr weitere Informationen. <strong>Minthis Hills<\/strong> Ein wundersch\u00f6ner und anspruchsvoller Golfplatz, der sich an einem Kloster aus dem 12. Jahrhundert vorbeischl\u00e4ngelt und atemberaubende Ausblicke auf das Troodos-Gebirge und dar\u00fcber hinaus bietet. Golf in Minthis ist ein einzigartiges und charaktervolles Erlebnis. Der von dem legend\u00e4ren Golfarchitekten Donald Steel 1994 entworfene und von den renommierten Golfplatzdesignern Mackenzie &amp; Ebert renovierte Platz befindet sich ca. 20 km vom Hotel entfernt. <strong>Aphrodite Hills<\/strong> verf\u00fcgt \u00fcber einen herrlichen Meisterschaftsgolfplatz, ein pr\u00e4chtiges Clubhaus und ist von einer atemberaubenden Landschaft umgeben. Der preisgekr\u00f6nte Golfplatz wurde von dem renommierten Architekten Cabell Robinson entworfen. Zu den weiteren Annehmlichkeiten des Aphrodite Hills Golfplatzes geh\u00f6rt ein weitl\u00e4ufiges \u00dcbungsgel\u00e4nde mit zwei gro\u00dfen Putting Greens und einem Kurzspielbereich. <strong>Secret Valley<\/strong> Der Secret Valley Golf Course ist ein sehr prestigetr\u00e4chtiger Golfplatz, der in der ber\u00fchmten Gegend von Petra tou Romiou liegt, dem legend\u00e4ren Geburtsort von Aphrodite, der G\u00f6ttin der Liebe. Wie der Name schon sagt, schl\u00e4ngelt sich der Platz durch die wundersch\u00f6nen T\u00e4ler der umliegenden Berge und ist von Paphos aus leicht zu erreichen. Der Golfplatz ist umgeben von reifer einheimischer zypriotischer Vegetation und wundersch\u00f6nen nat\u00fcrlichen Felsformationen, die eine Oase der Ruhe und Beschaulichkeit mit spektakul\u00e4ren Ausblicken auf das Mittelmeer schaffen und den G\u00e4sten ein wirklich einzigartiges Golferlebnis auf Zypern bieten. <strong>Elea Golf<\/strong> Der El\u00e9a Golf Club liegt im Herzen des prestigetr\u00e4chtigen, preisgekr\u00f6nten El\u00e9a Estate auf Zypern und bietet Weltklasse-Golf in einer atemberaubenden Umgebung. Der El\u00e9a Estate Golf Club befindet sich in der N\u00e4he der Stadt Paphos im S\u00fcdwesten Zyperns und ist von einer beeindruckenden mediterranen Landschaft umgeben. Der Golfplatz wurde so angelegt, dass er Golfer aller Spielst\u00e4rken herausfordert. Das Layout ist anspruchsvoll, aber sehr gut spielbar und in makellosem Zustand.<\/p>\n<table width=\"614\">\n<thead>\n<tr>\n<td><\/td>\n<td width=\"124\"><strong>Golfplatz Aphrodite Hills<\/strong><\/td>\n<td width=\"113\"><strong>Geheimes Tal <\/strong><\/td>\n<td width=\"113\"><strong>Minthis <\/strong><\/td>\n<td width=\"113\"><strong>Elea Golf <\/strong><\/td>\n<\/tr>\n<tr>\n<td><strong>L\u00f6cher:<\/strong><\/td>\n<td width=\"124\">18<\/td>\n<td width=\"113\">18<\/td>\n<td width=\"113\">18<\/td>\n<td width=\"113\">18<\/td>\n<\/tr>\n<\/thead>\n<tbody>\n<tr>\n<td><strong>Par:<\/strong><\/td>\n<td width=\"124\">71<\/td>\n<td width=\"113\">71<\/td>\n<td width=\"113\">72<\/td>\n<td width=\"113\">71<\/td>\n<\/tr>\n<tr>\n<td><strong>L\u00e4nge:<\/strong><\/td>\n<td width=\"124\">6289 m<\/td>\n<td width=\"113\">5989 m<\/td>\n<td width=\"113\">5879 m<\/td>\n<td width=\"113\">6194 m<\/td>\n<\/tr>\n<tr>\n<td><strong>M\u00e4nner Handicap:<\/strong><\/td>\n<td width=\"124\">28<\/td>\n<td width=\"113\">28<\/td>\n<td width=\"113\">36<\/td>\n<td width=\"113\">28<\/td>\n<\/tr>\n<tr>\n<td><strong>Frauen Handicap:<\/strong><\/td>\n<td width=\"124\">36<\/td>\n<td width=\"113\">36<\/td>\n<td width=\"113\">36<\/td>\n<td width=\"113\">36<\/td>\n<\/tr>\n<tr>\n<td><strong>Entfernung von Constantinou Bros Hotels <\/strong><\/td>\n<td width=\"124\">Ungef\u00e4hr. 25 km<\/td>\n<td width=\"113\">Ungef\u00e4hr. 25 km<\/td>\n<td width=\"113\">Ungef\u00e4hr. 18 km<\/td>\n<td width=\"113\">Ungef\u00e4hr. 6 km<\/td>\n<\/tr>\n<\/tbody>\n<\/table>\n<p>&nbsp;<\/p>\n","protected":false},"excerpt":{"rendered":"<p>Jeder der vier Golfpl\u00e4tze ist von allen CONSTANTINOU BROS HOTELS aus leicht zu erreichen. Obwohl der Golfsport auf Zypern noch relativ neu ist, erweist sich das Land bereits als ein f\u00fchrendes Golfreiseziel. Buchen Sie Ihre Golfabschlagzeiten direkt im Hotel und profitieren Sie von unseren exklusiven Preisen f\u00fcr G\u00e4ste der Elite Class sowie von unseren Sonderrabatten<\/p>\n","protected":false},"author":100,"featured_media":11468,"parent":18532,"menu_order":0,"comment_status":"closed","ping_status":"closed","template":"","meta":{"_acf_changed":false,"footnotes":""},"class_list":["post-12674","page","type-page","status-publish","has-post-thumbnail","hentry"],"acf":[],"yoast_head":"<!-- This site is optimized with the Yoast SEO plugin v27.3 - https:\/\/yoast.com\/product\/yoast-seo-wordpress\/ -->\n<title>Golf-Ferien - Athena Beach Hotel<\/title>\n<meta name=\"description\" content=\"Das Athena Beach Hotel in Paphos bietet seinen G\u00e4sten die M\u00f6glichkeit, im Urlaub ihre Lieblingsbesch\u00e4ftigung mit dem Golfsport zu verbinden.\" \/>\n<meta name=\"robots\" content=\"index, follow, max-snippet:-1, max-image-preview:large, max-video-preview:-1\" \/>\n<link rel=\"canonical\" href=\"https:\/\/www.athena-cbh.com\/de\/aktivitat-urlaub\/golf-holidays\/\" \/>\n<meta property=\"og:locale\" content=\"de_DE\" \/>\n<meta property=\"og:type\" content=\"article\" \/>\n<meta property=\"og:title\" content=\"Golf-Ferien - Athena Beach Hotel\" \/>\n<meta property=\"og:description\" content=\"Das Athena Beach Hotel in Paphos bietet seinen G\u00e4sten die M\u00f6glichkeit, im Urlaub ihre Lieblingsbesch\u00e4ftigung mit dem Golfsport zu verbinden.\" \/>\n<meta property=\"og:url\" content=\"https:\/\/www.athena-cbh.com\/de\/aktivitat-urlaub\/golf-holidays\/\" \/>\n<meta property=\"og:site_name\" content=\"Athena Beach Hotel\" \/>\n<meta property=\"article:modified_time\" content=\"2024-09-16T15:57:05+00:00\" \/>\n<meta property=\"og:image\" content=\"https:\/\/www.athena-cbh.com\/app\/uploads\/sites\/20\/2022\/07\/Minthis-new-greens-bunkers-scaled.jpg\" \/>\n\t<meta property=\"og:image:width\" content=\"2560\" \/>\n\t<meta property=\"og:image:height\" content=\"1482\" \/>\n\t<meta property=\"og:image:type\" content=\"image\/jpeg\" \/>\n<meta name=\"twitter:card\" content=\"summary_large_image\" \/>\n<meta name=\"twitter:label1\" content=\"Gesch\u00e4tzte Lesezeit\" \/>\n\t<meta name=\"twitter:data1\" content=\"3\u00a0Minuten\" \/>\n<script type=\"application\/ld+json\" class=\"yoast-schema-graph\">{\"@context\":\"https:\\\/\\\/schema.org\",\"@graph\":[{\"@type\":\"WebPage\",\"@id\":\"https:\\\/\\\/www.athena-cbh.com\\\/de\\\/aktivitat-urlaub\\\/golf-holidays\\\/\",\"url\":\"https:\\\/\\\/www.athena-cbh.com\\\/de\\\/aktivitat-urlaub\\\/golf-holidays\\\/\",\"name\":\"Golf-Ferien - Athena Beach Hotel\",\"isPartOf\":{\"@id\":\"https:\\\/\\\/www.athena-cbh.com\\\/de\\\/#website\"},\"primaryImageOfPage\":{\"@id\":\"https:\\\/\\\/www.athena-cbh.com\\\/de\\\/aktivitat-urlaub\\\/golf-holidays\\\/#primaryimage\"},\"image\":{\"@id\":\"https:\\\/\\\/www.athena-cbh.com\\\/de\\\/aktivitat-urlaub\\\/golf-holidays\\\/#primaryimage\"},\"thumbnailUrl\":\"https:\\\/\\\/www.athena-cbh.com\\\/app\\\/uploads\\\/sites\\\/20\\\/2022\\\/07\\\/Minthis-new-greens-bunkers-scaled.jpg\",\"datePublished\":\"2022-07-04T06:46:15+00:00\",\"dateModified\":\"2024-09-16T15:57:05+00:00\",\"description\":\"Das Athena Beach Hotel in Paphos bietet seinen G\u00e4sten die M\u00f6glichkeit, im Urlaub ihre Lieblingsbesch\u00e4ftigung mit dem Golfsport zu verbinden.\",\"breadcrumb\":{\"@id\":\"https:\\\/\\\/www.athena-cbh.com\\\/de\\\/aktivitat-urlaub\\\/golf-holidays\\\/#breadcrumb\"},\"inLanguage\":\"de\",\"potentialAction\":[{\"@type\":\"ReadAction\",\"target\":[\"https:\\\/\\\/www.athena-cbh.com\\\/de\\\/aktivitat-urlaub\\\/golf-holidays\\\/\"]}]},{\"@type\":\"ImageObject\",\"inLanguage\":\"de\",\"@id\":\"https:\\\/\\\/www.athena-cbh.com\\\/de\\\/aktivitat-urlaub\\\/golf-holidays\\\/#primaryimage\",\"url\":\"https:\\\/\\\/www.athena-cbh.com\\\/app\\\/uploads\\\/sites\\\/20\\\/2022\\\/07\\\/Minthis-new-greens-bunkers-scaled.jpg\",\"contentUrl\":\"https:\\\/\\\/www.athena-cbh.com\\\/app\\\/uploads\\\/sites\\\/20\\\/2022\\\/07\\\/Minthis-new-greens-bunkers-scaled.jpg\",\"width\":2560,\"height\":1482},{\"@type\":\"BreadcrumbList\",\"@id\":\"https:\\\/\\\/www.athena-cbh.com\\\/de\\\/aktivitat-urlaub\\\/golf-holidays\\\/#breadcrumb\",\"itemListElement\":[{\"@type\":\"ListItem\",\"position\":1,\"name\":\"Home\",\"item\":\"https:\\\/\\\/www.athena-cbh.com\\\/de\\\/\"},{\"@type\":\"ListItem\",\"position\":2,\"name\":\"Aktivit\u00e4t Urlaub\",\"item\":\"https:\\\/\\\/www.athena-cbh.com\\\/de\\\/aktivitat-urlaub\\\/\"},{\"@type\":\"ListItem\",\"position\":3,\"name\":\"Golf-Ferien\"}]},{\"@type\":\"WebSite\",\"@id\":\"https:\\\/\\\/www.athena-cbh.com\\\/de\\\/#website\",\"url\":\"https:\\\/\\\/www.athena-cbh.com\\\/de\\\/\",\"name\":\"Athena Beach Hotel\",\"description\":\"Constantinou Bros Athena Beach Hotel, 4 star hotel in Paphos Cyprus\",\"potentialAction\":[{\"@type\":\"SearchAction\",\"target\":{\"@type\":\"EntryPoint\",\"urlTemplate\":\"https:\\\/\\\/www.athena-cbh.com\\\/de\\\/?s={search_term_string}\"},\"query-input\":{\"@type\":\"PropertyValueSpecification\",\"valueRequired\":true,\"valueName\":\"search_term_string\"}}],\"inLanguage\":\"de\"}]}<\/script>\n<!-- \/ Yoast SEO plugin. -->","yoast_head_json":{"title":"Golf-Ferien - Athena Beach Hotel","description":"Das Athena Beach Hotel in Paphos bietet seinen G\u00e4sten die M\u00f6glichkeit, im Urlaub ihre Lieblingsbesch\u00e4ftigung mit dem Golfsport zu verbinden.","robots":{"index":"index","follow":"follow","max-snippet":"max-snippet:-1","max-image-preview":"max-image-preview:large","max-video-preview":"max-video-preview:-1"},"canonical":"https:\/\/www.athena-cbh.com\/de\/aktivitat-urlaub\/golf-holidays\/","og_locale":"de_DE","og_type":"article","og_title":"Golf-Ferien - Athena Beach Hotel","og_description":"Das Athena Beach Hotel in Paphos bietet seinen G\u00e4sten die M\u00f6glichkeit, im Urlaub ihre Lieblingsbesch\u00e4ftigung mit dem Golfsport zu verbinden.","og_url":"https:\/\/www.athena-cbh.com\/de\/aktivitat-urlaub\/golf-holidays\/","og_site_name":"Athena Beach Hotel","article_modified_time":"2024-09-16T15:57:05+00:00","og_image":[{"width":2560,"height":1482,"url":"https:\/\/www.athena-cbh.com\/app\/uploads\/sites\/20\/2022\/07\/Minthis-new-greens-bunkers-scaled.jpg","type":"image\/jpeg"}],"twitter_card":"summary_large_image","twitter_misc":{"Gesch\u00e4tzte Lesezeit":"3\u00a0Minuten"},"schema":{"@context":"https:\/\/schema.org","@graph":[{"@type":"WebPage","@id":"https:\/\/www.athena-cbh.com\/de\/aktivitat-urlaub\/golf-holidays\/","url":"https:\/\/www.athena-cbh.com\/de\/aktivitat-urlaub\/golf-holidays\/","name":"Golf-Ferien - Athena Beach Hotel","isPartOf":{"@id":"https:\/\/www.athena-cbh.com\/de\/#website"},"primaryImageOfPage":{"@id":"https:\/\/www.athena-cbh.com\/de\/aktivitat-urlaub\/golf-holidays\/#primaryimage"},"image":{"@id":"https:\/\/www.athena-cbh.com\/de\/aktivitat-urlaub\/golf-holidays\/#primaryimage"},"thumbnailUrl":"https:\/\/www.athena-cbh.com\/app\/uploads\/sites\/20\/2022\/07\/Minthis-new-greens-bunkers-scaled.jpg","datePublished":"2022-07-04T06:46:15+00:00","dateModified":"2024-09-16T15:57:05+00:00","description":"Das Athena Beach Hotel in Paphos bietet seinen G\u00e4sten die M\u00f6glichkeit, im Urlaub ihre Lieblingsbesch\u00e4ftigung mit dem Golfsport zu verbinden.","breadcrumb":{"@id":"https:\/\/www.athena-cbh.com\/de\/aktivitat-urlaub\/golf-holidays\/#breadcrumb"},"inLanguage":"de","potentialAction":[{"@type":"ReadAction","target":["https:\/\/www.athena-cbh.com\/de\/aktivitat-urlaub\/golf-holidays\/"]}]},{"@type":"ImageObject","inLanguage":"de","@id":"https:\/\/www.athena-cbh.com\/de\/aktivitat-urlaub\/golf-holidays\/#primaryimage","url":"https:\/\/www.athena-cbh.com\/app\/uploads\/sites\/20\/2022\/07\/Minthis-new-greens-bunkers-scaled.jpg","contentUrl":"https:\/\/www.athena-cbh.com\/app\/uploads\/sites\/20\/2022\/07\/Minthis-new-greens-bunkers-scaled.jpg","width":2560,"height":1482},{"@type":"BreadcrumbList","@id":"https:\/\/www.athena-cbh.com\/de\/aktivitat-urlaub\/golf-holidays\/#breadcrumb","itemListElement":[{"@type":"ListItem","position":1,"name":"Home","item":"https:\/\/www.athena-cbh.com\/de\/"},{"@type":"ListItem","position":2,"name":"Aktivit\u00e4t Urlaub","item":"https:\/\/www.athena-cbh.com\/de\/aktivitat-urlaub\/"},{"@type":"ListItem","position":3,"name":"Golf-Ferien"}]},{"@type":"WebSite","@id":"https:\/\/www.athena-cbh.com\/de\/#website","url":"https:\/\/www.athena-cbh.com\/de\/","name":"Athena Beach Hotel","description":"Constantinou Bros Athena Beach Hotel, 4 star hotel in Paphos Cyprus","potentialAction":[{"@type":"SearchAction","target":{"@type":"EntryPoint","urlTemplate":"https:\/\/www.athena-cbh.com\/de\/?s={search_term_string}"},"query-input":{"@type":"PropertyValueSpecification","valueRequired":true,"valueName":"search_term_string"}}],"inLanguage":"de"}]}},"_links":{"self":[{"href":"https:\/\/www.athena-cbh.com\/de\/wp-json\/wp\/v2\/pages\/12674","targetHints":{"allow":["GET"]}}],"collection":[{"href":"https:\/\/www.athena-cbh.com\/de\/wp-json\/wp\/v2\/pages"}],"about":[{"href":"https:\/\/www.athena-cbh.com\/de\/wp-json\/wp\/v2\/types\/page"}],"author":[{"embeddable":true,"href":"https:\/\/www.athena-cbh.com\/de\/wp-json\/wp\/v2\/users\/100"}],"replies":[{"embeddable":true,"href":"https:\/\/www.athena-cbh.com\/de\/wp-json\/wp\/v2\/comments?post=12674"}],"version-history":[{"count":6,"href":"https:\/\/www.athena-cbh.com\/de\/wp-json\/wp\/v2\/pages\/12674\/revisions"}],"predecessor-version":[{"id":20558,"href":"https:\/\/www.athena-cbh.com\/de\/wp-json\/wp\/v2\/pages\/12674\/revisions\/20558"}],"up":[{"embeddable":true,"href":"https:\/\/www.athena-cbh.com\/de\/wp-json\/wp\/v2\/pages\/18532"}],"wp:featuredmedia":[{"embeddable":true,"href":"https:\/\/www.athena-cbh.com\/de\/wp-json\/wp\/v2\/media\/11468"}],"wp:attachment":[{"href":"https:\/\/www.athena-cbh.com\/de\/wp-json\/wp\/v2\/media?parent=12674"}],"curies":[{"name":"wp","href":"https:\/\/api.w.org\/{rel}","templated":true}]}}